{"id":564,"date":"2026-03-18T05:40:59","date_gmt":"2026-03-18T05:40:59","guid":{"rendered":"https:\/\/soydeaqui.ddns.net\/pachuca\/index.php\/producto\/puerta-metalica-galvanizada-4-0-x-7-0-resistente-al-fuego-por-180-min-ul\/"},"modified":"2026-03-18T05:40:59","modified_gmt":"2026-03-18T05:40:59","slug":"puerta-metalica-galvanizada-4-0-x-7-0-resistente-al-fuego-por-180-min-ul","status":"publish","type":"product","link":"https:\/\/soydeaqui.ddns.net\/pachuca\/index.php\/producto\/puerta-metalica-galvanizada-4-0-x-7-0-resistente-al-fuego-por-180-min-ul\/","title":{"rendered":"Puerta met\u00e1lica galvanizada 4&#8242; 0&#8243; x 7&#8242; 0&#8243; \/Resistente al fuego por 180 min \/ UL"},"content":{"rendered":"<div style='width: 100%; max-width: 1200px; margin: 0 auto; font-family: sans-serif; line-height: 1.6; color: inherit; background-color: transparent;'> <!-- Secci\u00f3n de caracter\u00edsticas --> <\/p>\n<div style='display: flex; flex-wrap: wrap; gap: 30px; margin-bottom: 30px;'>\n<div style='flex: 1 1 300px; min-width: 280px;'>\n<h3 style='font-size: 22px; border-bottom: 2px solid currentColor; padding-bottom: 5px; margin-top: 0; color: inherit; opacity: 0.8;'>Caracter\u00edsticas Especiales<\/h3>\n<ul style='padding-left: 20px; font-size: 15px; color: inherit;'>\n<li style='margin-bottom: 5px;'>Enclavados mec\u00e1nicamente para mayor resistencia y rigidez<\/li>\n<li style='margin-bottom: 5px;'>N\u00facleo de panal de abeja que proporciona resistencia natural<\/li>\n<li style='margin-bottom: 5px;'>Canales invertidos&comma; finales soldadas a ambas l\u00e1minas de cara<\/li>\n<\/ul><\/div>\n<\/p><\/div>\n<p> <!-- Secci\u00f3n de especificaciones --> <\/p>\n<div style='display: flex; flex-wrap: wrap; gap: 30px; margin-bottom: 30px;'>\n<div style='flex: 1 1 300px; min-width: 280px;'>\n<h3 style='font-size: 22px; border-bottom: 2px solid currentColor; padding-bottom: 5px; margin-top: 0; color: inherit; opacity: 0.8;'>Descripci\u00f3n de la Puerta<\/h3>\n<ul style='padding-left: 20px; font-size: 15px; color: inherit;'>\n<li style='margin-bottom: 5px;'>Abatible en ambos lados<\/li>\n<li style='margin-bottom: 5px;'><strong>Resistente al fuego por 180 min<\/strong><\/li>\n<li style='margin-bottom: 5px;'>1-3\/4\u201d espesor<\/li>\n<li style='margin-bottom: 5px;'>Interior Honeycomb<\/li>\n<li style='margin-bottom: 5px;'>Uniones por &#8216;Interlocked&#8217;<\/li>\n<li style='margin-bottom: 5px;'>Canales invertidos &#8216;Top\/Bttm&#8217;<\/li>\n<li style='margin-bottom: 5px;'>Refuerzo de bisagra calibre 7<\/li>\n<li style='margin-bottom: 5px;'>Acabado &#8216;Prime&#8217; anti corrosi\u00f3n<\/li>\n<li style='margin-bottom: 5px;'>Preparaciones est\u00e1ndares<\/li>\n<li style='margin-bottom: 5px;'>STC 32 (en calibre 18)<\/li>\n<li style='margin-bottom: 5px;'>Uniones por &#8216;Interlocked&#8217;<\/li>\n<li style='margin-bottom: 5px;'>Certificaci\u00f3n WARNOCK HERSEY<\/li>\n<li style='margin-bottom: 5px;'><strong>Calibre: 18<\/strong><\/li>\n<li style='margin-bottom: 5px;'>1&comma;000&comma;000 ciclos de uso en calibre 18<\/li>\n<li style='margin-bottom: 5px;'><strong>Dimensiones: 4&#8217;0&#8242; x 7&#8217;0&#8242;<\/strong><\/li>\n<li style='margin-bottom: 5px;'><strong>El tama\u00f1o del vano requerido para una puerta de 4&#8217;0&#8242; x 7&#8217;0&#8242; incluyendo jambas y cabezal es de 1330 x 2190 mm<\/strong><\/li>\n<\/ul><\/div>\n<\/p><\/div>\n<p> <!-- Secci\u00f3n de accesorios --> <\/p>\n<div style='display: flex; flex-wrap: wrap; gap: 30px; margin-bottom: 30px;'>\n<div style='flex: 1 1 300px; min-width: 280px;'>\n<h3 style='font-size: 22px; border-bottom: 2px solid currentColor; padding-bottom: 5px; margin-top: 0; color: inherit; opacity: 0.8;'>ACCESORIOS INDISPENSABLES (Jamba de Contra&comma; Jamba de Bisagra&comma; Cabezal y 3 Bisagras)<\/h3>\n<p style='font-size: 15px; color: inherit; margin-bottom: 15px;'>Determinar el tipo de puerta (ver imagen abajo)<\/p>\n<div style='margin-bottom: 20px;'>\n<p style='margin: 5px 0;'><strong>MX9022<\/strong><\/p>\n<ul style='padding-left: 20px; font-size: 15px; color: inherit;'>\n<li style='margin-bottom: 5px;'>Puerta Derecha (jamba de contra&comma; jamba de bisagra&comma; cabezal)<\/li>\n<\/ul><\/div>\n<div style='margin-bottom: 20px;'>\n<p style='margin: 5px 0;'><strong>MX9024<\/strong><\/p>\n<ul style='padding-left: 20px; font-size: 15px; color: inherit;'>\n<li style='margin-bottom: 5px;'>Puerta Izquierda (jamba de contra&comma; jamba de bisagra&comma; cabezal)<\/li>\n<\/ul><\/div>\n<div style='margin-bottom: 20px;'>\n<p style='margin: 5px 0;'><strong>MX9023<\/strong><\/p>\n<ul style='padding-left: 20px; font-size: 15px; color: inherit;'>\n<li style='margin-bottom: 5px;'>Puerta Derecha (jamba lisa&comma; jamba de bisagra&comma; cabezal)<\/li>\n<\/ul><\/div>\n<div style='margin-bottom: 20px;'>\n<p style='margin: 5px 0;'><strong>MX9025<\/strong><\/p>\n<ul style='padding-left: 20px; font-size: 15px; color: inherit;'>\n<li style='margin-bottom: 5px;'>Puerta Izquierda (jamba lisa&comma; jamba de bisagra&comma; cabezal)<\/li>\n<\/ul><\/div>\n<div style='margin-bottom: 20px;'>\n<p style='margin: 5px 0;'><strong>Todos los kits requieren de:<\/strong><\/p>\n<ul style='padding-left: 20px; font-size: 15px; color: inherit;'>\n<li style='margin-bottom: 5px;'>1 paquete de bisagras modelo MX105155 (contiene 3 piezas)<\/li>\n<\/ul><\/div>\n<h3 style='font-size: 22px; border-bottom: 2px solid currentColor; padding-bottom: 5px; margin-top: 20px; margin-bottom: 15px; color: inherit; opacity: 0.8;'>Accesorios adicionales para puerta corta fuego<\/h3>\n<ul style='padding-left: 20px; font-size: 15px; color: inherit;'>\n<li style='margin-bottom: 5px;'><strong>Sello perimetral:<\/strong> modelo 5019<\/li>\n<li style='margin-bottom: 5px;'><strong>Sardinel:<\/strong> 5026&comma; o bien 5021 (opci\u00f3n con tope)<\/li>\n<li style='margin-bottom: 5px;'><strong>Sello bajo puerta:<\/strong> 5017A o bien 5033 (con goma)<\/li>\n<li style='margin-bottom: 5px;'><strong>Goter\u00f3n:<\/strong> 5037 (para uso en puertas con vista al exterior)<\/li>\n<li style='margin-bottom: 5px;'><strong>Cierrapuertas:<\/strong> 84887<\/li>\n<\/ul>\n<p style='font-size: 15px; color: inherit; margin-top: 15px;'>*Opcional puede utilizar barra para puerta de emergencia&comma; cerradura mec\u00e1nica y se\u00f1alizaci\u00f3n.<\/p>\n<p style='font-size: 15px; color: inherit; margin-top: 15px;'><strong>Producto sobre pedido<\/strong><\/p>\n<\/p><\/div>\n<\/p><\/div>\n<p> <!-- Imagen del producto --> <\/p>\n<div style='display: flex; flex-wrap: wrap; gap: 30px; margin-bottom: 30px;'>\n<div style='flex: 1 1 100%;'> <img style='width: 100%; height: auto; border: 1px solid rgba(150&comma;150&comma;150&comma;0.3); border-radius: 8px;' src='http:\/\/ftp3.syscom.mx\/usuarios\/hterrazas\/assabloy\/puerta.jpg' alt='Puerta met\u00e1lica galvanizada ASSA ABLOY MX9007'> <\/div>\n<\/p><\/div>\n<p> <!-- Separador final --> <\/p>\n<hr style='border: 0; border-top: 1px solid rgba(150&comma; 150&comma; 150&comma; 0.3); margin: 30px 0;'> <\/div>\n","protected":false},"excerpt":{"rendered":"<p>Puerta met\u00e1lica galvanizada 4&#8242; 0&#8243; x 7&#8242; 0&#8243; \/Resistente al fuego por 180 min \/ UL<\/p>\n","protected":false},"featured_media":32,"comment_status":"open","ping_status":"closed","template":"","meta":[],"product_brand":[],"product_cat":[216],"product_tag":[218,217,126],"class_list":{"0":"post-564","1":"product","2":"type-product","3":"status-publish","4":"has-post-thumbnail","6":"product_cat-puertas-de-emergencia","7":"product_tag-assa-abloy","8":"product_tag-puertas-de-emergencia","9":"product_tag-sistemas-de-emergencia","11":"first","12":"outofstock","13":"sale","14":"shipping-taxable","15":"purchasable","16":"product-type-simple"},"_links":{"self":[{"href":"https:\/\/soydeaqui.ddns.net\/pachuca\/index.php\/wp-json\/wp\/v2\/product\/564","targetHints":{"allow":["GET"]}}],"collection":[{"href":"https:\/\/soydeaqui.ddns.net\/pachuca\/index.php\/wp-json\/wp\/v2\/product"}],"about":[{"href":"https:\/\/soydeaqui.ddns.net\/pachuca\/index.php\/wp-json\/wp\/v2\/types\/product"}],"replies":[{"embeddable":true,"href":"https:\/\/soydeaqui.ddns.net\/pachuca\/index.php\/wp-json\/wp\/v2\/comments?post=564"}],"wp:featuredmedia":[{"embeddable":true,"href":"https:\/\/soydeaqui.ddns.net\/pachuca\/index.php\/wp-json\/wp\/v2\/media\/32"}],"wp:attachment":[{"href":"https:\/\/soydeaqui.ddns.net\/pachuca\/index.php\/wp-json\/wp\/v2\/media?parent=564"}],"wp:term":[{"taxonomy":"product_brand","embeddable":true,"href":"https:\/\/soydeaqui.ddns.net\/pachuca\/index.php\/wp-json\/wp\/v2\/product_brand?post=564"},{"taxonomy":"product_cat","embeddable":true,"href":"https:\/\/soydeaqui.ddns.net\/pachuca\/index.php\/wp-json\/wp\/v2\/product_cat?post=564"},{"taxonomy":"product_tag","embeddable":true,"href":"https:\/\/soydeaqui.ddns.net\/pachuca\/index.php\/wp-json\/wp\/v2\/product_tag?post=564"}],"curies":[{"name":"wp","href":"https:\/\/api.w.org\/{rel}","templated":true}]}}