{"id":5639,"date":"2026-03-18T06:33:45","date_gmt":"2026-03-18T06:33:45","guid":{"rendered":"https:\/\/soydeaqui.ddns.net\/pachuca\/index.php\/producto\/contacto-magnetico-para-puertas-y-ventanas-metalicas-aluminio-y-madera-de-empotrar-color-blanco-gap-19mm\/"},"modified":"2026-03-18T06:33:45","modified_gmt":"2026-03-18T06:33:45","slug":"contacto-magnetico-para-puertas-y-ventanas-metalicas-aluminio-y-madera-de-empotrar-color-blanco-gap-19mm","status":"publish","type":"product","link":"https:\/\/soydeaqui.ddns.net\/pachuca\/index.php\/producto\/contacto-magnetico-para-puertas-y-ventanas-metalicas-aluminio-y-madera-de-empotrar-color-blanco-gap-19mm\/","title":{"rendered":"Contacto magn\u00e9tico para puertas y ventanas  Met\u00e1licas, aluminio y madera de empotrar color blanco \/ GAP: 19mm"},"content":{"rendered":"<div style='width: 100%; max-width: 1200px; margin: 0 auto; font-family: sans-serif; line-height: 1.6; color: inherit; background-color: transparent;'>\n<div style='display: flex; flex-wrap: wrap; gap: 30px; margin-bottom: 30px;'>\n<div style='flex: 1 1 300px; min-width: 280px;'>\n<h3 style='font-size: 22px; border-bottom: 2px solid currentColor; padding-bottom: 5px; margin-top: 0; color: inherit; opacity: 0.8;'>Descripci\u00f3n<\/h3>\n<p style='margin-top: 0; color: inherit;'>SYSCOM FIRE forma parte de una alianza de los fabricantes m\u00e1s importantes del mundo de equipos de intrusi\u00f3n.<\/p>\n<p style='margin-bottom: 0; color: inherit;'>El sensor magn\u00e9tico para ventanas y puertas consta de un im\u00e1n y un reedswitch (interruptor magn\u00e9tico). Este sensor funciona como un switch normalmente cerrado (mientras hay campo magn\u00e9tico). Cuando la puerta o ventana se abre&comma; el circuito el\u00e9ctrico tambi\u00e9n se abre y es posible detectar la apertura de la misma.<\/p>\n<\/p><\/div>\n<\/p><\/div>\n<div style='display: flex; flex-wrap: wrap; gap: 20px; margin-bottom: 30px;'>\n<div style='flex: 1 1 250px; border: 1px solid rgba(150&comma; 150&comma; 150&comma; 0.4); border-radius: 8px; overflow: hidden; display: flex; flex-direction: column;'>\n<div style='padding: 15px; border-bottom: 1px solid rgba(150&comma; 150&comma; 150&comma; 0.2); font-weight: bold; font-size: 18px; color: inherit;'>Especificaciones<\/div>\n<div style='padding: 15px; color: inherit;'>\n<ul style='padding-left: 20px; margin: 0; font-size: 14px; list-style-type: disc;'>\n<li style='margin-bottom: 5px;'><strong>Tipo de Montaje:<\/strong> Empotrable en puertas<\/li>\n<li style='margin-bottom: 5px;'><strong>Color:<\/strong> Blanco<\/li>\n<li style='margin-bottom: 5px;'><strong>Alimentaci\u00f3n:<\/strong> 12Vcc&comma; 0.5A<\/li>\n<li style='margin-bottom: 5px;'><strong>Garant\u00eda:<\/strong> 1 a\u00f1o<\/li>\n<li style='margin-bottom: 5px;'><strong>GAP:<\/strong> 19 mm<\/li>\n<\/ul><\/div>\n<\/p><\/div>\n<div style='flex: 1 1 250px; border: 1px solid rgba(150&comma; 150&comma; 150&comma; 0.4); border-radius: 8px; overflow: hidden; display: flex; flex-direction: column;'>\n<div style='padding: 15px; border-bottom: 1px solid rgba(150&comma; 150&comma; 150&comma; 0.2); font-weight: bold; font-size: 18px; color: inherit;'>Configuraciones<\/div>\n<div style='padding: 15px; color: inherit;'>\n<ul style='padding-left: 20px; margin: 0; font-size: 14px; list-style-type: disc;'>\n<li style='margin-bottom: 10px;'><a href='https:\/\/soporte.syscom.mx\/es\/articles\/7203452-indicador-de-puerta-abierta' style='color: inherit; text-decoration: none; border-bottom: 1px solid rgba(150&comma; 150&comma; 150&comma; 0.4);'>Indicador de puerta abierta<\/a><\/li>\n<li style='margin-bottom: 10px;'><a href='https:\/\/soporte.syscom.mx\/es\/articles\/1439612-sfire-activacion-de-sirena-con-contacto-magnetico' style='color: inherit; text-decoration: none; border-bottom: 1px solid rgba(150&comma; 150&comma; 150&comma; 0.4);'>Activaci\u00f3n de Sirena con contacto Magn\u00e9tico<\/a><\/li>\n<\/ul><\/div>\n<\/p><\/div>\n<\/p><\/div>\n<hr style='border: 0; border-top: 1px solid rgba(150&comma; 150&comma; 150&comma; 0.3); margin: 30px 0;'> <\/div>\n","protected":false},"excerpt":{"rendered":"<p>Contacto magn\u00e9tico para puertas y ventanas  Met\u00e1licas, aluminio y madera de empotrar color blanco \/ GAP: 19mm<\/p>\n","protected":false},"featured_media":5638,"comment_status":"open","ping_status":"closed","template":"","meta":[],"product_brand":[],"product_cat":[113],"product_tag":[115,114,79],"class_list":{"0":"post-5639","1":"product","2":"type-product","3":"status-publish","4":"has-post-thumbnail","6":"product_cat-contacto-magnetico-cableado","7":"product_tag-contacto-magnetico-cableado","8":"product_tag-contactos-magneticos","9":"product_tag-sfire","11":"first","12":"instock","13":"sale","14":"shipping-taxable","15":"purchasable","16":"product-type-simple"},"_links":{"self":[{"href":"https:\/\/soydeaqui.ddns.net\/pachuca\/index.php\/wp-json\/wp\/v2\/product\/5639","targetHints":{"allow":["GET"]}}],"collection":[{"href":"https:\/\/soydeaqui.ddns.net\/pachuca\/index.php\/wp-json\/wp\/v2\/product"}],"about":[{"href":"https:\/\/soydeaqui.ddns.net\/pachuca\/index.php\/wp-json\/wp\/v2\/types\/product"}],"replies":[{"embeddable":true,"href":"https:\/\/soydeaqui.ddns.net\/pachuca\/index.php\/wp-json\/wp\/v2\/comments?post=5639"}],"wp:featuredmedia":[{"embeddable":true,"href":"https:\/\/soydeaqui.ddns.net\/pachuca\/index.php\/wp-json\/wp\/v2\/media\/5638"}],"wp:attachment":[{"href":"https:\/\/soydeaqui.ddns.net\/pachuca\/index.php\/wp-json\/wp\/v2\/media?parent=5639"}],"wp:term":[{"taxonomy":"product_brand","embeddable":true,"href":"https:\/\/soydeaqui.ddns.net\/pachuca\/index.php\/wp-json\/wp\/v2\/product_brand?post=5639"},{"taxonomy":"product_cat","embeddable":true,"href":"https:\/\/soydeaqui.ddns.net\/pachuca\/index.php\/wp-json\/wp\/v2\/product_cat?post=5639"},{"taxonomy":"product_tag","embeddable":true,"href":"https:\/\/soydeaqui.ddns.net\/pachuca\/index.php\/wp-json\/wp\/v2\/product_tag?post=5639"}],"curies":[{"name":"wp","href":"https:\/\/api.w.org\/{rel}","templated":true}]}}