{"id":56378,"date":"2026-03-19T03:22:50","date_gmt":"2026-03-19T03:22:50","guid":{"rendered":"https:\/\/soydeaqui.ddns.net\/pachuca\/index.php\/producto\/altavoz-tactil-no-amplificado-de-100-w-para-interior-exterior-para-voz-y-tono-de-alta-potencia-para-ubicaciones-peligrosas-2\/"},"modified":"2026-03-19T03:22:54","modified_gmt":"2026-03-19T03:22:54","slug":"altavoz-tactil-no-amplificado-de-100-w-para-interior-exterior-para-voz-y-tono-de-alta-potencia-para-ubicaciones-peligrosas-2","status":"publish","type":"product","link":"https:\/\/soydeaqui.ddns.net\/pachuca\/index.php\/producto\/altavoz-tactil-no-amplificado-de-100-w-para-interior-exterior-para-voz-y-tono-de-alta-potencia-para-ubicaciones-peligrosas-2\/","title":{"rendered":"Altavoz t\u00e1ctil no amplificado de 100 W para interior\/exterior para voz y tono de alta potencia para ubicaciones peligrosas"},"content":{"rendered":"<div style='width: 100%; max-width: 1200px; margin: 0 auto; font-family: sans-serif; line-height: 1.6; color: inherit; background-color: transparent;'>\n<div style='display: flex; flex-wrap: wrap; gap: 30px; margin-bottom: 30px;'>\n<div style='flex: 1 1 300px; min-width: 280px;'>\n<h3 style='font-size: 22px; border-bottom: 2px solid currentColor; padding-bottom: 5px; margin-top: 0; color: inherit; opacity: 0.8;'>Funciones<\/h3>\n<ul style='padding-left: 20px; font-size: 15px; color: inherit;'>\n<li style='margin-bottom: 5px;'>Altavoz de alta potencia para exteriores o interiores para alertas sonoras y visuales.<\/li>\n<li style='margin-bottom: 5px;'>Comb\u00ednalo con un altavoz de control como el RF100 o el I-IP100X para un sistema multidireccional.<\/li>\n<li style='margin-bottom: 5px;'>Altavoz con una potencia de 120 dBA para tonos y 114&comma;5 dBA para voz a 3 metros (10 pies).<\/li>\n<li style='margin-bottom: 5px;'>Transmite voz en directo&comma; texto a voz y archivos de voz o tonos pregrabados conect\u00e1ndolo a un altavoz de control como el RF100 o el I-IP100X.<\/li>\n<li style='margin-bottom: 5px;'>Cada dispositivo se puede configurar individualmente para ajustar el volumen y el nivel de ruido.<\/li>\n<li style='margin-bottom: 5px;'>Las alertas se pueden enviar a dispositivos individuales&comma; grupos o zonas&comma; o a todos los dispositivos.<\/li>\n<li style='margin-bottom: 5px;'>Clasificaci\u00f3n NEMA 4X.<\/li>\n<li style='margin-bottom: 5px;'>Opciones de montaje en pared o poste.<\/li>\n<li style='margin-bottom: 5px;'>Certificaciones UL y cUL.<\/li>\n<li style='margin-bottom: 5px;'>Amplio rango de temperatura de funcionamiento en exteriores.<\/li>\n<\/ul><\/div>\n<\/p><\/div>\n<div style='display: flex; flex-wrap: wrap; gap: 30px; margin-bottom: 30px;'>\n<div style='flex: 1 1 300px; min-width: 280px;'>\n<div style='color: inherit;'>\n<p style='font-size: 15px; color: inherit;'>El altavoz direccional DS100X es un altavoz para exteriores o interiores que puede utilizarse como dispositivo de advertencia y alerta en ubicaciones peligrosas (\u00e1reas clasificadas). Utilice el DS100X como dispositivo independiente o con\u00e9ctelo a otro altavoz Federal Signal (el altavoz de control) para emitir tonos de alta calidad y potencia&comma; mensajes de voz pregrabados y megafon\u00eda en directo. A\u00f1ada una luz Federal Signal al altavoz para incluir indicadores visuales. El DS100X cuenta con un amplificador interno de 100 Watts para emitir advertencias sonoras y mensajes de voz inteligibles desde la memoria almacenada del altavoz de control. El DS100X se alimenta con 120\/240 VCA o 24 VCD. Cuando se alimenta con Corriente Alterna&comma; puede utilizar la placa de interconexi\u00f3n para activar dispositivos de alerta visual alimentados por Corriente Alterna. Cuando se alimenta con Corriente Directa&comma; recibe la alimentaci\u00f3n de una fuente externa.<\/p>\n<\/p><\/div>\n<\/p><\/div>\n<\/p><\/div>\n<div style='display: flex; flex-wrap: wrap; gap: 30px; margin-bottom: 30px;'>\n<div style='flex: 1 1 300px; min-width: 280px;'>\n<div style='color: inherit;'>\n<p style='font-size: 15px; color: inherit;'>El DS100X cuenta con una rosca NPT de 1\/2 pulgada en la parte superior para facilitar la instalaci\u00f3n de dispositivos de montaje en tubo&comma; como luces estrobosc\u00f3picas. En la parte inferior&comma; dispone de tres roscas NPT de 3\/4 de pulgada para acceder a la alimentaci\u00f3n&comma; las salidas de rel\u00e9 y las entradas de activaci\u00f3n. El DS100X incluye un soporte de pared ajustable de acero inoxidable que permite regular el \u00e1ngulo del altavoz. Se ofrecen soportes opcionales para postes de di\u00e1metros peque\u00f1os y grandes.<\/p>\n<\/p><\/div>\n<\/p><\/div>\n<\/p><\/div>\n<hr style='border: 0; border-top: 1px solid rgba(150&comma; 150&comma; 150&comma; 0.3); margin: 30px 0;'> <\/div>\n","protected":false},"excerpt":{"rendered":"<p>Altavoz t\u00e1ctil no amplificado de 100 W para interior\/exterior para voz y tono de alta potencia para ubicaciones peligrosas<\/p>\n","protected":false},"featured_media":56377,"comment_status":"open","ping_status":"closed","template":"","meta":[],"product_brand":[],"product_cat":[1413],"product_tag":[1415,552,1414],"class_list":{"0":"post-56378","1":"product","2":"type-product","3":"status-publish","4":"has-post-thumbnail","6":"product_cat-bocinas-de-alerta-y-notificacion-masiva","7":"product_tag-bocinas-de-alerta-y-notificacion-masiva","8":"product_tag-federal-signal-industrial","9":"product_tag-luces-bocinas-para-la-industria-y-edificios","11":"first","12":"outofstock","13":"sale","14":"shipping-taxable","15":"purchasable","16":"product-type-simple"},"_links":{"self":[{"href":"https:\/\/soydeaqui.ddns.net\/pachuca\/index.php\/wp-json\/wp\/v2\/product\/56378","targetHints":{"allow":["GET"]}}],"collection":[{"href":"https:\/\/soydeaqui.ddns.net\/pachuca\/index.php\/wp-json\/wp\/v2\/product"}],"about":[{"href":"https:\/\/soydeaqui.ddns.net\/pachuca\/index.php\/wp-json\/wp\/v2\/types\/product"}],"replies":[{"embeddable":true,"href":"https:\/\/soydeaqui.ddns.net\/pachuca\/index.php\/wp-json\/wp\/v2\/comments?post=56378"}],"wp:featuredmedia":[{"embeddable":true,"href":"https:\/\/soydeaqui.ddns.net\/pachuca\/index.php\/wp-json\/wp\/v2\/media\/56377"}],"wp:attachment":[{"href":"https:\/\/soydeaqui.ddns.net\/pachuca\/index.php\/wp-json\/wp\/v2\/media?parent=56378"}],"wp:term":[{"taxonomy":"product_brand","embeddable":true,"href":"https:\/\/soydeaqui.ddns.net\/pachuca\/index.php\/wp-json\/wp\/v2\/product_brand?post=56378"},{"taxonomy":"product_cat","embeddable":true,"href":"https:\/\/soydeaqui.ddns.net\/pachuca\/index.php\/wp-json\/wp\/v2\/product_cat?post=56378"},{"taxonomy":"product_tag","embeddable":true,"href":"https:\/\/soydeaqui.ddns.net\/pachuca\/index.php\/wp-json\/wp\/v2\/product_tag?post=56378"}],"curies":[{"name":"wp","href":"https:\/\/api.w.org\/{rel}","templated":true}]}}