{"id":56355,"date":"2026-03-19T03:22:08","date_gmt":"2026-03-19T03:22:08","guid":{"rendered":"https:\/\/soydeaqui.ddns.net\/pachuca\/index.php\/producto\/programador-rapido-de-luces-led\/"},"modified":"2026-03-19T03:22:09","modified_gmt":"2026-03-19T03:22:09","slug":"programador-rapido-de-luces-led","status":"publish","type":"product","link":"https:\/\/soydeaqui.ddns.net\/pachuca\/index.php\/producto\/programador-rapido-de-luces-led\/","title":{"rendered":"Programador R\u00e1pido de luces Led"},"content":{"rendered":"<div style='width: 100%; max-width: 1200px; margin: 0 auto; font-family: sans-serif; line-height: 1.6; color: inherit; background-color: transparent;'> <!-- Descripci\u00f3n principal --> <\/p>\n<div style='margin-bottom: 30px; font-size: 18px; color: inherit;'>\n<p style='margin: 0 0 20px 0; color: inherit; font-size: 18px;'>El <strong style='color: inherit;'>Programador<\/strong> ofrece una simplicidad operativa para configurar el patr\u00f3n de destello&comma; la fase y el color de las cabezas de luz de advertencia. Puede programar m\u00faltiples cabezas de luz al mismo tiempo&comma; ofreciendo una programaci\u00f3n f\u00e1cil de usar y sencilla de gestionar seg\u00fan sea necesario.<\/p>\n<p style='margin: 20px 0 0 0; color: inherit; font-size: 18px;'>En comparaci\u00f3n con el m\u00e9todo tradicional de conexi\u00f3n por cables&comma; tambi\u00e9n puedes activar las funciones de los cables m\u00e1s f\u00e1cilmente presionando un <strong style='color: inherit;'>Bot\u00f3n de Funci\u00f3n de Cable<\/strong> en el Programador. \u00a1Esta herramienta puede ahorrarte tiempo en la instalaci\u00f3n!<\/p>\n<\/p><\/div>\n<p> <!-- Secci\u00f3n de caracter\u00edsticas --> <\/p>\n<div style='display: flex; flex-wrap: wrap; gap: 30px; margin-bottom: 30px;'>\n<div style='flex: 1 1 300px; min-width: 280px;'>\n<h3 style='font-size: 22px; border-bottom: 2px solid currentColor; padding-bottom: 5px; margin-top: 0; color: inherit; opacity: 0.8;'>CARACTER\u00cdSTICAS<\/h3>\n<ul style='padding-left: 20px; font-size: 15px; color: inherit;'>\n<li style='margin-bottom: 15px; color: inherit;'><strong style='color: inherit;'>Ahorre tiempo de instalaci\u00f3n:<\/strong> configure m\u00faltiples cabezas de luz presionando \u00fanicamente un bot\u00f3n.<\/li>\n<li style='margin-bottom: 15px; color: inherit;'><strong style='color: inherit;'>Programaci\u00f3n simple:<\/strong> use una PC para programar los botones de memoria r\u00e1pidamente y exportar configuraciones reutilizadas para ajustes repetitivos.<\/li>\n<li style='margin-bottom: 15px; color: inherit;'><strong style='color: inherit;'>Simplicidad operativa:<\/strong> la programaci\u00f3n con un solo clic elimina el uso tradicional de cables.<\/li>\n<li style='margin-bottom: 15px; color: inherit;'><strong style='color: inherit;'>Demostraci\u00f3n f\u00e1cil:<\/strong> active funciones de cableado mediante los botones Easy-to-Start de manera intuitiva.<\/li>\n<li style='margin-bottom: 15px; color: inherit;'><strong style='color: inherit;'>Panel inteligente port\u00e1til:<\/strong> configure la cabeza de luz con sus ajustes guardados en cualquier lugar que desee.<\/li>\n<\/ul><\/div>\n<\/p><\/div>\n<p> <!-- Secci\u00f3n de especificaciones --> <\/p>\n<div style='display: flex; flex-wrap: wrap; gap: 20px; margin-bottom: 30px;'>\n<div style='flex: 1 1 250px; border: 1px solid rgba(150&comma; 150&comma; 150&comma; 0.4); border-radius: 8px; overflow: hidden; display: flex; flex-direction: column;'>\n<div style='padding: 15px; border-bottom: 1px solid rgba(150&comma; 150&comma; 150&comma; 0.2); font-weight: bold; font-size: 18px; color: inherit;'>ESPECIFICACIONES<\/div>\n<div style='padding: 15px; color: inherit;'>\n<ul style='padding-left: 20px; margin: 0; font-size: 14px; list-style-type: disc; color: inherit;'>\n<li style='margin-bottom: 8px; color: inherit;'><strong style='color: inherit;'>Voltaje de operaci\u00f3n:<\/strong> 12~24 VDC<\/li>\n<li style='margin-bottom: 8px; color: inherit;'><strong style='color: inherit;'>Corriente de entrada:<\/strong> m\u00e1x. 0.05A \/ m\u00edn. 0.02A<\/li>\n<li style='margin-bottom: 8px; color: inherit;'><strong style='color: inherit;'>Voltaje de salida:<\/strong> 10~24 VDC<\/li>\n<li style='margin-bottom: 8px; color: inherit;'><strong style='color: inherit;'>Corriente de salida:<\/strong> m\u00e1x. 0.01A<\/li>\n<li style='margin-bottom: 8px; color: inherit;'><strong style='color: inherit;'>Fusible:<\/strong> 1A @ Entrada<\/li>\n<li style='margin-bottom: 8px; color: inherit;'><strong style='color: inherit;'>Temperatura de almacenamiento:<\/strong> -40\u00b0C ~ 75\u00b0C<\/li>\n<li style='margin-bottom: 8px; color: inherit;'><strong style='color: inherit;'>Temperatura de operaci\u00f3n:<\/strong> -20\u00b0C ~ 50\u00b0C<\/li>\n<li style='margin-bottom: 8px; color: inherit;'><strong style='color: inherit;'>Cable:<\/strong><\/li>\n<ul style='padding-left: 30px; margin-top: 5px; margin-bottom: 0; color: inherit;'>\n<li style='margin-bottom: 5px; color: inherit;'>40 cm (18AWG&comma; cable con pinza tipo cocodrilo)<\/li>\n<li style='margin-bottom: 5px; color: inherit;'>100 cm (28AWG&comma; cable USB A a C)<\/li>\n<\/ul>\n<\/ul><\/div>\n<\/p><\/div>\n<\/p><\/div>\n<p> <!-- Separador --> <\/p>\n<hr style='border: 0; border-top: 1px solid rgba(150&comma; 150&comma; 150&comma; 0.3); margin: 30px 0;'> <\/div>\n","protected":false},"excerpt":{"rendered":"<p>Programador R\u00e1pido de luces Led<\/p>\n","protected":false},"featured_media":56354,"comment_status":"open","ping_status":"closed","template":"","meta":[],"product_brand":[],"product_cat":[1425],"product_tag":[1397,1371,1461],"class_list":{"0":"post-56355","1":"product","2":"type-product","3":"status-publish","4":"has-post-thumbnail","6":"product_cat-accesorios-refacciones-luces-auxiliares-vehiculares","7":"product_tag-accesorios-refacciones-2","8":"product_tag-luces-auxiliares-vehiculares","9":"product_tag-signalpro","11":"first","12":"outofstock","13":"sale","14":"shipping-taxable","15":"purchasable","16":"product-type-simple"},"_links":{"self":[{"href":"https:\/\/soydeaqui.ddns.net\/pachuca\/index.php\/wp-json\/wp\/v2\/product\/56355","targetHints":{"allow":["GET"]}}],"collection":[{"href":"https:\/\/soydeaqui.ddns.net\/pachuca\/index.php\/wp-json\/wp\/v2\/product"}],"about":[{"href":"https:\/\/soydeaqui.ddns.net\/pachuca\/index.php\/wp-json\/wp\/v2\/types\/product"}],"replies":[{"embeddable":true,"href":"https:\/\/soydeaqui.ddns.net\/pachuca\/index.php\/wp-json\/wp\/v2\/comments?post=56355"}],"wp:featuredmedia":[{"embeddable":true,"href":"https:\/\/soydeaqui.ddns.net\/pachuca\/index.php\/wp-json\/wp\/v2\/media\/56354"}],"wp:attachment":[{"href":"https:\/\/soydeaqui.ddns.net\/pachuca\/index.php\/wp-json\/wp\/v2\/media?parent=56355"}],"wp:term":[{"taxonomy":"product_brand","embeddable":true,"href":"https:\/\/soydeaqui.ddns.net\/pachuca\/index.php\/wp-json\/wp\/v2\/product_brand?post=56355"},{"taxonomy":"product_cat","embeddable":true,"href":"https:\/\/soydeaqui.ddns.net\/pachuca\/index.php\/wp-json\/wp\/v2\/product_cat?post=56355"},{"taxonomy":"product_tag","embeddable":true,"href":"https:\/\/soydeaqui.ddns.net\/pachuca\/index.php\/wp-json\/wp\/v2\/product_tag?post=56355"}],"curies":[{"name":"wp","href":"https:\/\/api.w.org\/{rel}","templated":true}]}}