{"id":56315,"date":"2026-03-19T03:20:49","date_gmt":"2026-03-19T03:20:49","guid":{"rendered":"https:\/\/soydeaqui.ddns.net\/pachuca\/index.php\/producto\/bracket-para-barra-de-estribo-ed3760bwrw-o-ed3772bwrw-durango\/"},"modified":"2026-03-19T03:20:50","modified_gmt":"2026-03-19T03:20:50","slug":"bracket-para-barra-de-estribo-ed3760bwrw-o-ed3772bwrw-durango","status":"publish","type":"product","link":"https:\/\/soydeaqui.ddns.net\/pachuca\/index.php\/producto\/bracket-para-barra-de-estribo-ed3760bwrw-o-ed3772bwrw-durango\/","title":{"rendered":"Bracket para barra de estribo ED3760BWRW o ED3772BWRW Durango"},"content":{"rendered":"<div style='width: 100%; max-width: 1200px; margin: 0 auto; font-family: sans-serif; line-height: 1.6; color: inherit; background-color: transparent;'>\n<div style='margin-bottom: 30px;'>\n<h2 style='font-size: 24px; margin-top: 0; margin-bottom: 15px; color: inherit;'>Bracket para barra de estribo ED3760BWRW o ED3772BWRW Durango<\/h2>\n<p style='margin-bottom: 15px; font-size: 15px; color: inherit;'> El <strong style='font-weight: 600; color: inherit;'>ED3760BWRW-R<\/strong> es una <strong style='font-weight: 600; color: inherit;'>barra LED direccional de per\u00edmetro<\/strong> perteneciente a la serie <strong style='font-weight: 600; color: inherit;'>ED3760<\/strong> de ECCO. Est\u00e1 dise\u00f1ada para proporcionar iluminaci\u00f3n de advertencia altamente visible alrededor del veh\u00edculo&comma; ideal para instalaciones en estribos&comma; defensas&comma; parrillas o \u00e1reas perimetrales. <\/p>\n<\/p><\/div>\n<hr style='border: 0; border-top: 1px solid rgba(150&comma; 150&comma; 150&comma; 0.3); margin: 30px 0;'>\n<h3 style='font-size: 22px; border-bottom: 2px solid currentColor; padding-bottom: 5px; margin-top: 0; color: inherit; opacity: 0.8; margin-bottom: 15px;'>Especificaciones principales<\/h3>\n<div style='display: flex; flex-wrap: wrap; gap: 20px; margin-bottom: 30px;'>\n<div style='flex: 1 1 250px; border: 1px solid rgba(150&comma; 150&comma; 150&comma; 0.4); border-radius: 8px; overflow: hidden; display: flex; flex-direction: column;'>\n<div style='padding: 15px; border-bottom: 1px solid rgba(150&comma; 150&comma; 150&comma; 0.2); font-weight: bold; font-size: 18px; color: inherit;'>ED3760BWRW-R<\/div>\n<div style='padding: 15px; color: inherit;'>\n<ul style='padding-left: 20px; margin: 0; font-size: 14px; list-style-type: disc;'>\n<li style='margin-bottom: 5px;'><strong style='font-weight: 600; color: inherit;'>Serie:<\/strong> ED3760<\/li>\n<li style='margin-bottom: 5px;'><strong style='font-weight: 600; color: inherit;'>Modelo:<\/strong> ED3760BWRW-R (salida de cable por el lado derecho)<\/li>\n<li style='margin-bottom: 5px;'><strong style='font-weight: 600; color: inherit;'>Longitud:<\/strong> Aproximadamente 61.3 pulgadas<\/li>\n<li style='margin-bottom: 5px;'><strong style='font-weight: 600; color: inherit;'>Configuraci\u00f3n de color:<\/strong> Dual \u2013 Azul\/Blanco y Rojo\/Blanco<\/li>\n<li style='margin-bottom: 5px;'><strong style='font-weight: 600; color: inherit;'>Voltaje de operaci\u00f3n:<\/strong> 12 VDC<\/li>\n<li style='margin-bottom: 5px;'><strong style='font-weight: 600; color: inherit;'>Corriente:<\/strong> Aproximadamente 1.1 A<\/li>\n<li style='margin-bottom: 5px;'><strong style='font-weight: 600; color: inherit;'>Patrones de destello:<\/strong> 32 patrones&comma; incluyendo modo luz fija y funciones tipo traffic advisor<\/li>\n<li style='margin-bottom: 5px;'><strong style='font-weight: 600; color: inherit;'>Tipo de montaje:<\/strong> Montaje en superficie<\/li>\n<li style='margin-bottom: 5px;'><strong style='font-weight: 600; color: inherit;'>Carcasa:<\/strong> Aluminio con recubrimiento y lente de policarbonato<\/li>\n<li style='margin-bottom: 5px;'><strong style='font-weight: 600; color: inherit;'>Grado de protecci\u00f3n:<\/strong> IP67 (resistente al agua y al polvo)<\/li>\n<li style='margin-bottom: 5px;'><strong style='font-weight: 600; color: inherit;'>Garant\u00eda:<\/strong> 5 a\u00f1os<\/li>\n<li style='margin-bottom: 5px;'><strong style='font-weight: 600; color: inherit;'>Certificaciones:<\/strong> SAE Clase III&comma; CA T13&comma; RoHS<\/li>\n<\/ul><\/div>\n<\/p><\/div>\n<div style='flex: 1 1 250px; border: 1px solid rgba(150&comma; 150&comma; 150&comma; 0.4); border-radius: 8px; overflow: hidden; display: flex; flex-direction: column;'>\n<div style='padding: 15px; border-bottom: 1px solid rgba(150&comma; 150&comma; 150&comma; 0.2); font-weight: bold; font-size: 18px; color: inherit;'>ED3772BWRW-R<\/div>\n<div style='padding: 15px; color: inherit;'>\n<ul style='padding-left: 20px; margin: 0; font-size: 14px; list-style-type: disc;'>\n<li style='margin-bottom: 5px;'><strong style='font-weight: 600; color: inherit;'>Serie:<\/strong> ED3760<\/li>\n<li style='margin-bottom: 5px;'><strong style='font-weight: 600; color: inherit;'>Modelo:<\/strong> ED3772BWRW-R (salida de cable por el lado derecho)<\/li>\n<li style='margin-bottom: 5px;'><strong style='font-weight: 600; color: inherit;'>Longitud:<\/strong> Aproximadamente 73.3 pulgadas (1862 mm)<\/li>\n<li style='margin-bottom: 5px;'><strong style='font-weight: 600; color: inherit;'>Configuraci\u00f3n de color:<\/strong> Dual \u2013 Azul\/Blanco y Rojo\/Blanco<\/li>\n<li style='margin-bottom: 5px;'><strong style='font-weight: 600; color: inherit;'>Voltaje de operaci\u00f3n:<\/strong> 12 VDC<\/li>\n<li style='margin-bottom: 5px;'><strong style='font-weight: 600; color: inherit;'>Corriente:<\/strong> Aproximadamente 1.1 A<\/li>\n<li style='margin-bottom: 5px;'><strong style='font-weight: 600; color: inherit;'>Patrones de destello:<\/strong> 32 patrones&comma; incluyendo modo luz fija y funciones tipo traffic advisor<\/li>\n<li style='margin-bottom: 5px;'><strong style='font-weight: 600; color: inherit;'>Tipo de montaje:<\/strong> Montaje en superficie<\/li>\n<li style='margin-bottom: 5px;'><strong style='font-weight: 600; color: inherit;'>Carcasa:<\/strong> Aluminio con recubrimiento y lente de policarbonato<\/li>\n<li style='margin-bottom: 5px;'><strong style='font-weight: 600; color: inherit;'>Grado de protecci\u00f3n:<\/strong> IP67 (resistente al agua y al polvo)<\/li>\n<li style='margin-bottom: 5px;'><strong style='font-weight: 600; color: inherit;'>Garant\u00eda:<\/strong> 5 a\u00f1os<\/li>\n<li style='margin-bottom: 5px;'><strong style='font-weight: 600; color: inherit;'>Certificaciones:<\/strong> SAE Clase III&comma; CA T13&comma; RoHS<\/li>\n<\/ul><\/div>\n<\/p><\/div>\n<\/p><\/div>\n<\/p><\/div>\n","protected":false},"excerpt":{"rendered":"<p>Bracket para barra de estribo ED3760BWRW o ED3772BWRW Durango<\/p>\n","protected":false},"featured_media":56314,"comment_status":"open","ping_status":"closed","template":"","meta":[],"product_brand":[],"product_cat":[1425],"product_tag":[1397,502,1371],"class_list":{"0":"post-56315","1":"product","2":"type-product","3":"status-publish","4":"has-post-thumbnail","6":"product_cat-accesorios-refacciones-luces-auxiliares-vehiculares","7":"product_tag-accesorios-refacciones-2","8":"product_tag-ecco","9":"product_tag-luces-auxiliares-vehiculares","11":"first","12":"outofstock","13":"sale","14":"shipping-taxable","15":"purchasable","16":"product-type-simple"},"_links":{"self":[{"href":"https:\/\/soydeaqui.ddns.net\/pachuca\/index.php\/wp-json\/wp\/v2\/product\/56315","targetHints":{"allow":["GET"]}}],"collection":[{"href":"https:\/\/soydeaqui.ddns.net\/pachuca\/index.php\/wp-json\/wp\/v2\/product"}],"about":[{"href":"https:\/\/soydeaqui.ddns.net\/pachuca\/index.php\/wp-json\/wp\/v2\/types\/product"}],"replies":[{"embeddable":true,"href":"https:\/\/soydeaqui.ddns.net\/pachuca\/index.php\/wp-json\/wp\/v2\/comments?post=56315"}],"wp:featuredmedia":[{"embeddable":true,"href":"https:\/\/soydeaqui.ddns.net\/pachuca\/index.php\/wp-json\/wp\/v2\/media\/56314"}],"wp:attachment":[{"href":"https:\/\/soydeaqui.ddns.net\/pachuca\/index.php\/wp-json\/wp\/v2\/media?parent=56315"}],"wp:term":[{"taxonomy":"product_brand","embeddable":true,"href":"https:\/\/soydeaqui.ddns.net\/pachuca\/index.php\/wp-json\/wp\/v2\/product_brand?post=56315"},{"taxonomy":"product_cat","embeddable":true,"href":"https:\/\/soydeaqui.ddns.net\/pachuca\/index.php\/wp-json\/wp\/v2\/product_cat?post=56315"},{"taxonomy":"product_tag","embeddable":true,"href":"https:\/\/soydeaqui.ddns.net\/pachuca\/index.php\/wp-json\/wp\/v2\/product_tag?post=56315"}],"curies":[{"name":"wp","href":"https:\/\/api.w.org\/{rel}","templated":true}]}}