{"id":56306,"date":"2026-03-19T03:20:32","date_gmt":"2026-03-19T03:20:32","guid":{"rendered":"https:\/\/soydeaqui.ddns.net\/pachuca\/index.php\/producto\/mini-torreta-de-48-led-10-ambar-claro-lente-transparente-cableado\/"},"modified":"2026-03-19T03:20:37","modified_gmt":"2026-03-19T03:20:37","slug":"mini-torreta-de-48-led-10-ambar-claro-lente-transparente-cableado","status":"publish","type":"product","link":"https:\/\/soydeaqui.ddns.net\/pachuca\/index.php\/producto\/mini-torreta-de-48-led-10-ambar-claro-lente-transparente-cableado\/","title":{"rendered":"Mini torreta de 48 LED 10&#8243; \u00c1mbar\/Claro, Lente Transparente, Cableado"},"content":{"rendered":"<div style='width: 100%; max-width: 1200px; margin: 0 auto; font-family: sans-serif; line-height: 1.6; color: inherit; background-color: transparent;'> <!-- Descripci\u00f3n principal --> <\/p>\n<div style='margin-bottom: 30px;'>\n<p style='font-size: 24px; color: inherit; margin: 0 0 15px 0;'>La <strong style='color: inherit;'>Serie 5540 Reflex de ECCO<\/strong> es un <strong style='color: inherit;'>minibar LED compacto y de alto rendimiento<\/strong>&comma; dise\u00f1ado para instalarse en el techo del veh\u00edculo y ofrecer <strong style='color: inherit;'>advertencia visual de 360 grados<\/strong>. Es ideal para veh\u00edculos de trabajo&comma; servicio y emergencia que requieren alta visibilidad&comma; f\u00e1cil instalaci\u00f3n y operaci\u00f3n confiable en distintas condiciones.<\/p>\n<\/p><\/div>\n<p> <!-- Separador --> <\/p>\n<hr style='border: 0; border-top: 1px solid rgba(150&comma; 150&comma; 150&comma; 0.3); margin: 30px 0;'> <!-- Caracter\u00edsticas principales --> <\/p>\n<div style='margin-bottom: 30px;'>\n<h3 style='font-size: 24px; border-bottom: 2px solid currentColor; padding-bottom: 5px; margin-top: 0; margin-bottom: 15px; color: inherit; opacity: 0.8;'>Caracter\u00edsticas principales<\/h3>\n<div style='display: flex; flex-wrap: wrap; gap: 20px;'>\n<div style='flex: 1 1 280px; min-width: 250px;'>\n<ul style='padding-left: 20px; font-size: 15px; color: inherit;'>\n<li style='margin-bottom: 10px;'><strong style='color: inherit;'>Tipo:<\/strong> Minibar LED para toldo \/ techo<\/li>\n<li style='margin-bottom: 10px;'><strong style='color: inherit;'>Tama\u00f1o:<\/strong> 10 pulgadas<\/li>\n<li style='margin-bottom: 10px;'><strong style='color: inherit;'>Cobertura:<\/strong> Advertencia 360\u00b0<\/li>\n<li style='margin-bottom: 10px;'><strong style='color: inherit;'>Voltaje:<\/strong> 12\u201324 VDC<\/li>\n<li style='margin-bottom: 10px;'><strong style='color: inherit;'>Consumo:<\/strong> Aproximadamente 3.4 A<\/li>\n<\/ul><\/div>\n<div style='flex: 1 1 280px; min-width: 250px;'>\n<ul style='padding-left: 20px; font-size: 15px; color: inherit;'>\n<li style='margin-bottom: 10px;'><strong style='color: inherit;'>Patrones de destello:<\/strong><\/li>\n<ul style='padding-left: 20px; margin-top: 5px; margin-bottom: 10px;'>\n<li style='margin-bottom: 5px;'>35 patrones (un solo color)<\/li>\n<li style='margin-bottom: 5px;'>91 patrones (doble color)<\/li>\n<\/ul>\n<li style='margin-bottom: 10px;'><strong style='color: inherit;'>Cantidad de LEDs:<\/strong><\/li>\n<ul style='padding-left: 20px; margin-top: 5px; margin-bottom: 10px;'>\n<li style='margin-bottom: 5px;'>24 LEDs en versi\u00f3n de un solo color<\/li>\n<li style='margin-bottom: 5px;'>48 LEDs en versi\u00f3n de doble color<\/li>\n<\/ul>\n<li style='margin-bottom: 10px;'><strong style='color: inherit;'>Colores disponibles:<\/strong> \u00c1mbar y combinaciones en versiones duales<\/li>\n<li style='margin-bottom: 10px;'><strong style='color: inherit;'>Montaje:<\/strong> Fijo con tornillos o base magn\u00e9tica<\/li>\n<\/ul><\/div>\n<div style='flex: 1 1 280px; min-width: 250px;'>\n<ul style='padding-left: 20px; font-size: 15px; color: inherit;'>\n<li style='margin-bottom: 10px;'><strong style='color: inherit;'>Material:<\/strong> Base y lente de policarbonato<\/li>\n<li style='margin-bottom: 10px;'><strong style='color: inherit;'>Certificaci\u00f3n:<\/strong> SAE Clase I<\/li>\n<li style='margin-bottom: 10px;'><strong style='color: inherit;'>Uso t\u00edpico:<\/strong> Veh\u00edculos de trabajo&comma; servicio y emergencia<\/li>\n<li style='margin-bottom: 10px;'><strong style='color: inherit;'>Garant\u00eda:<\/strong> 5 a\u00f1os<\/li>\n<\/ul><\/div>\n<\/p><\/div>\n<\/p><\/div>\n<\/p><\/div>\n","protected":false},"excerpt":{"rendered":"<p>Mini torreta de 48 LED 10&#8243; \u00c1mbar\/Claro, Lente Transparente, Cableado<\/p>\n","protected":false},"featured_media":56305,"comment_status":"open","ping_status":"closed","template":"","meta":[],"product_brand":[],"product_cat":[1370],"product_tag":[950,502,1371],"class_list":{"0":"post-56306","1":"product","2":"type-product","3":"status-publish","4":"has-post-thumbnail","6":"product_cat-ambar-luces-auxiliares-vehiculares","7":"product_tag-ambar","8":"product_tag-ecco","9":"product_tag-luces-auxiliares-vehiculares","11":"first","12":"instock","13":"sale","14":"shipping-taxable","15":"purchasable","16":"product-type-simple"},"_links":{"self":[{"href":"https:\/\/soydeaqui.ddns.net\/pachuca\/index.php\/wp-json\/wp\/v2\/product\/56306","targetHints":{"allow":["GET"]}}],"collection":[{"href":"https:\/\/soydeaqui.ddns.net\/pachuca\/index.php\/wp-json\/wp\/v2\/product"}],"about":[{"href":"https:\/\/soydeaqui.ddns.net\/pachuca\/index.php\/wp-json\/wp\/v2\/types\/product"}],"replies":[{"embeddable":true,"href":"https:\/\/soydeaqui.ddns.net\/pachuca\/index.php\/wp-json\/wp\/v2\/comments?post=56306"}],"wp:featuredmedia":[{"embeddable":true,"href":"https:\/\/soydeaqui.ddns.net\/pachuca\/index.php\/wp-json\/wp\/v2\/media\/56305"}],"wp:attachment":[{"href":"https:\/\/soydeaqui.ddns.net\/pachuca\/index.php\/wp-json\/wp\/v2\/media?parent=56306"}],"wp:term":[{"taxonomy":"product_brand","embeddable":true,"href":"https:\/\/soydeaqui.ddns.net\/pachuca\/index.php\/wp-json\/wp\/v2\/product_brand?post=56306"},{"taxonomy":"product_cat","embeddable":true,"href":"https:\/\/soydeaqui.ddns.net\/pachuca\/index.php\/wp-json\/wp\/v2\/product_cat?post=56306"},{"taxonomy":"product_tag","embeddable":true,"href":"https:\/\/soydeaqui.ddns.net\/pachuca\/index.php\/wp-json\/wp\/v2\/product_tag?post=56306"}],"curies":[{"name":"wp","href":"https:\/\/api.w.org\/{rel}","templated":true}]}}