{"id":563,"date":"2026-03-18T05:40:58","date_gmt":"2026-03-18T05:40:58","guid":{"rendered":"https:\/\/soydeaqui.ddns.net\/pachuca\/index.php\/producto\/kit-de-transmisor-receptor-inalambrico-distancia-maxima-de-transmision-2500-metros-linea-de-vista-receptor-con-4-salidas\/"},"modified":"2026-03-18T05:40:59","modified_gmt":"2026-03-18T05:40:59","slug":"kit-de-transmisor-receptor-inalambrico-distancia-maxima-de-transmision-2500-metros-linea-de-vista-receptor-con-4-salidas","status":"publish","type":"product","link":"https:\/\/soydeaqui.ddns.net\/pachuca\/index.php\/producto\/kit-de-transmisor-receptor-inalambrico-distancia-maxima-de-transmision-2500-metros-linea-de-vista-receptor-con-4-salidas\/","title":{"rendered":"KIT de Transmisor &#8211; Receptor inal\u00e1mbrico \/ Distancia m\u00e1xima de transmisi\u00f3n 2500 metros (Linea de vista) \/ Receptor con 4 salidas"},"content":{"rendered":"<div style='width: 100%; max-width: 1200px; margin: 0 auto; font-family: sans-serif; line-height: 1.6; color: inherit; background-color: transparent;'>\n<div style='width: 100%; text-align: center; margin: 30px 0;'>\n<h1 style='font-size: 28px; color: inherit; opacity: 0.8;'>Especificaciones<\/h1>\n<\/p><\/div>\n<div style='display: flex; flex-wrap: wrap; gap: 30px; margin-bottom: 30px;'>\n<div style='flex: 1 1 300px; min-width: 280px;'>\n<div style='border: 1px solid rgba(150&comma; 150&comma; 150&comma; 0.3); border-radius: 8px; overflow: hidden;'>\n<div style='padding: 15px; background-color: rgba(0&comma; 123&comma; 255&comma; 0.1); color: inherit; font-weight: bold;'>Caracter\u00edsticas Principales:<\/div>\n<ul style='padding: 15px; margin: 0; font-size: 14px; list-style-type: disc; color: inherit;'>\n<li style='margin-bottom: 5px;'>Rango a l\u00ednea de vista: <strong>2500 metros *<\/strong><\/li>\n<li style='margin-bottom: 5px;'><strong>Uso en interior<\/strong><\/li>\n<li style='margin-bottom: 5px;'>Frecuencia de trabajo: 433.92Mhz<\/li>\n<li style='margin-bottom: 5px;'>Kit incluye SF-LORA-TRANS (alimentaci\u00f3n a bater\u00edas) y SF-LORA-REC4<\/li>\n<\/ul><\/div>\n<\/p><\/div>\n<div style='flex: 1 1 300px; min-width: 280px;'>\n<div style='border: 1px solid rgba(150&comma; 150&comma; 150&comma; 0.3); border-radius: 8px; overflow: hidden;'>\n<div style='padding: 15px; background-color: rgba(0&comma; 123&comma; 255&comma; 0.1); color: inherit; font-weight: bold;'>Caracter\u00edsticas F\u00edsicas y El\u00e9ctricas:<\/div>\n<ul style='padding: 15px; margin: 0; font-size: 14px; list-style-type: disc; color: inherit;'>\n<li style='margin-bottom: 5px;'>Dimensiones: 115mm (Largo) x 100mm (Alto) x 40mm (Ancho)<\/li>\n<li style='margin-bottom: 5px;'>Antena: 190 mm<\/li>\n<li style='margin-bottom: 5px;'>Fuente recomendable: <a href='https:\/\/www.syscom.mx\/producto\/P12DC3A-EPCOM-POWERLINE-144801.html' style='color: #007bff; text-decoration: none;'>P12DC3A (para SFLORAREC4)<\/a><\/li>\n<li style='margin-bottom: 5px;'>Gabinete recomendable para exterior: <a href='https:\/\/www.syscom.mx\/producto\/TXG-01-49-TXPRO-81021.html' style='color: #007bff; text-decoration: none;'>TXG-01-49<\/a><\/li>\n<\/ul><\/div>\n<\/p><\/div>\n<div style='flex: 1 1 300px; min-width: 280px;'>\n<div style='border: 1px solid rgba(150&comma; 150&comma; 150&comma; 0.3); border-radius: 8px; overflow: hidden;'>\n<div style='padding: 15px; background-color: rgba(0&comma; 123&comma; 255&comma; 0.1); color: inherit; font-weight: bold;'>Caracter\u00edsticas Destacadas:<\/div>\n<ul style='padding: 15px; margin: 0; font-size: 14px; list-style-type: disc; color: inherit;'>\n<li style='margin-bottom: 5px;'>Rango de temperatura a trabajar: -20 \u00b0C \/ +80 \u00b0C<\/li>\n<li style='margin-bottom: 5px;'>Integraci\u00f3n con cualquier panel de alarma mediante contacto seco<\/li>\n<li style='margin-bottom: 5px;'>Incluye SFLORAREC4 que cuenta con 4 salidas de relevador.<\/li>\n<li style='margin-bottom: 5px;'><strong>NOTAS DE APLICACION<\/strong>:<\/li>\n<li style='margin-bottom: 5px;'>1 <strong>SFLORATRANS<\/strong> soporta hasta 10 <strong>SFLORAREC2<\/strong> o <strong>SFLORAREC4<\/strong><\/li>\n<li style='margin-bottom: 5px;'>Separaci\u00f3n requerida de 3-5 metros entre transmisores\/receptores para evitar interferencias<\/li>\n<li style='margin-bottom: 5px;'><strong>*La distancia puede variar por interferencias en la radiofrecuencia u obst\u00e1culos met\u00e1licos<\/strong><\/li>\n<\/ul><\/div>\n<\/p><\/div>\n<\/p><\/div>\n<hr style='border: 0; border-top: 1px solid rgba(150&comma; 150&comma; 150&comma; 0.3); margin: 30px 0;'>\n<div style='width: 100%; text-align: center; margin: 30px 0;'>\n<h1 style='font-size: 28px; font-weight: bold; color: inherit; opacity: 0.8;'>CONFIGURACIONES<\/h1>\n<\/p><\/div>\n<div style='display: flex; flex-wrap: wrap; gap: 20px; margin-bottom: 30px;'>\n<div style='flex: 1 1 400px; min-width: 300px;'>\n<div style='border: 1px solid rgba(150&comma; 150&comma; 150&comma; 0.3); border-radius: 8px; overflow: hidden; height: 100%; display: flex; flex-direction: column;'>\n<div style='padding: 15px; background-color: rgba(0&comma; 123&comma; 255&comma; 0.1); color: inherit; font-weight: bold;'>SFIRE &#8211; A\u00f1adir sirenas inal\u00e1mbricas a cualquier panel de alarmas mediante equipos SF-LORA<\/div>\n<div style='padding: 15px; flex-grow: 1;'>\n<p style='margin: 8px 0;'>El kit de transmisor\/receptor inal\u00e1mbrico SF-LORA le permitir\u00e1 a\u00f1adir sirenas inal\u00e1mbricas a cualquier panel de alarmas de manera sencilla y efectiva.<\/p>\n<p style='margin: 8px 0;'>Con un alcance de hasta 2500 metros a l\u00ednea de vista y compatibilidad con paneles de alarma mediante contacto seco&comma; es ideal para lugares donde la obra civil no se puede llevar a cabo o es muy costosa.<\/p>\n<\/p><\/div>\n<\/p><\/div>\n<\/p><\/div>\n<div style='flex: 1 1 400px; min-width: 300px;'>\n<div style='border: 1px solid rgba(150&comma; 150&comma; 150&comma; 0.3); border-radius: 8px; overflow: hidden; height: 100%; display: flex; flex-direction: column;'>\n<div style='padding: 15px; background-color: rgba(0&comma; 123&comma; 255&comma; 0.1); color: inherit; font-weight: bold;'>SFIRE &#8211; Integrar un Detector Fotoel\u00e9ctrico SFIRE con un SFLORATRANS \/ REC2<\/div>\n<div style='padding: 15px; flex-grow: 1;'>\n<p style='margin: 8px 0;'>La integraci\u00f3n de un detector fotoel\u00e9ctrico SFIRE con el kit SFLORATRANS \/ REC2 permite una soluci\u00f3n de protecci\u00f3n perimetral efectiva y confiable.<\/p>\n<p style='margin: 8px 0;'>Su facilidad de instalaci\u00f3n y su alta compatibilidad con diversos sistemas de alarma hacen de esta configuraci\u00f3n una opci\u00f3n destacada para aumentar la seguridad.<\/p>\n<\/p><\/div>\n<\/p><\/div>\n<\/p><\/div>\n<div style='flex: 1 1 400px; min-width: 300px;'>\n<div style='border: 1px solid rgba(150&comma; 150&comma; 150&comma; 0.3); border-radius: 8px; overflow: hidden; height: 100%; display: flex; flex-direction: column;'>\n<div style='padding: 15px; background-color: rgba(0&comma; 123&comma; 255&comma; 0.1); color: inherit; font-weight: bold;'>SFIRE &#8211; Bot\u00f3n de p\u00e1nico a distancia integrando un SFLORAKIT a Videograbador<\/div>\n<div style='padding: 15px; flex-grow: 1;'>\n<p style='margin: 8px 0;'>El bot\u00f3n de p\u00e1nico a distancia&comma; integrado con el SFLORAKIT y un videograbador&comma; proporciona una soluci\u00f3n r\u00e1pida y eficaz para situaciones de emergencia.<\/p>\n<p style='margin: 8px 0;'>Ideal para entornos que requieren una respuesta inmediata y una supervisi\u00f3n constante&comma; mejorando as\u00ed la seguridad de los usuarios.<\/p>\n<\/p><\/div>\n<\/p><\/div>\n<\/p><\/div>\n<div style='flex: 1 1 400px; min-width: 300px;'>\n<div style='border: 1px solid rgba(150&comma; 150&comma; 150&comma; 0.3); border-radius: 8px; overflow: hidden; height: 100%; display: flex; flex-direction: column;'>\n<div style='padding: 15px; background-color: rgba(0&comma; 123&comma; 255&comma; 0.1); color: inherit; font-weight: bold;'>SFIRE &#8211; Integraci\u00f3n de SFLORAKIT con Energizador Yonusa<\/div>\n<div style='padding: 15px; flex-grow: 1;'>\n<p style='margin: 8px 0;'>La integraci\u00f3n del SFLORAKIT con el energizador Yonusa ofrece una soluci\u00f3n robusta para la supervisi\u00f3n de cercos el\u00e9ctricos.<\/p>\n<p style='margin: 8px 0;'>Esta configuraci\u00f3n es especialmente \u00fatil para proteger per\u00edmetros extensos y asegurar una respuesta efectiva ante cualquier intento de intrusi\u00f3n.<\/p>\n<\/p><\/div>\n<\/p><\/div>\n<\/p><\/div>\n<div style='flex: 1 1 400px; min-width: 300px;'>\n<div style='border: 1px solid rgba(150&comma; 150&comma; 150&comma; 0.3); border-radius: 8px; overflow: hidden; height: 100%; display: flex; flex-direction: column;'>\n<div style='padding: 15px; background-color: rgba(0&comma; 123&comma; 255&comma; 0.1); color: inherit; font-weight: bold;'>SFIRE &#8211; Conexi\u00f3n de Sirena o Estrobo con un SFLORAKIT a un Panel de Alarma AXPRO de Hik Vision<\/div>\n<div style='padding: 15px; flex-grow: 1;'>\n<p style='margin: 8px 0;'>Conectar una sirena o estrobo con el SFLORAKIT a un panel de alarma AXPRO de Hik Vision mejora significativamente la capacidad de respuesta ante alarmas.<\/p>\n<p style='margin: 8px 0;'>Esta configuraci\u00f3n es ideal para entornos que requieren una notificaci\u00f3n audible y visual inmediata en caso de una emergencia.<\/p>\n<\/p><\/div>\n<\/p><\/div>\n<\/p><\/div>\n<div style='flex: 1 1 400px; min-width: 300px;'>\n<div style='border: 1px solid rgba(150&comma; 150&comma; 150&comma; 0.3); border-radius: 8px; overflow: hidden; height: 100%; display: flex; flex-direction: column;'>\n<div style='padding: 15px; background-color: rgba(0&comma; 123&comma; 255&comma; 0.1); color: inherit; font-weight: bold;'>SFIRE &#8211; Aplicaciones con SFLORA para sistemas de Alarma<\/div>\n<div style='padding: 15px; flex-grow: 1;'>\n<p style='margin: 8px 0;'>Las aplicaciones con SFLORA para sistemas de alarma abarcan una amplia gama de configuraciones para mejorar la seguridad y la eficiencia.<\/p>\n<p style='margin: 8px 0;'>Desde la integraci\u00f3n con sensores hasta la supervisi\u00f3n de grandes \u00e1reas&comma; el SFLORAKIT ofrece soluciones vers\u00e1tiles y de alto rendimiento.<\/p>\n<\/p><\/div>\n<\/p><\/div>\n<\/p><\/div>\n<div style='flex: 1 1 400px; min-width: 300px;'>\n<div style='border: 1px solid rgba(150&comma; 150&comma; 150&comma; 0.3); border-radius: 8px; overflow: hidden; height: 100%; display: flex; flex-direction: column;'>\n<div style='padding: 15px; background-color: rgba(0&comma; 123&comma; 255&comma; 0.1); color: inherit; font-weight: bold;'>SFIRE &#8211; Conexi\u00f3n de Sensores Cableados a SFLORAKIT a un Panel de Alarma AXPRO de Hik Vision<\/div>\n<div style='padding: 15px; flex-grow: 1;'>\n<p style='margin: 8px 0;'>La conexi\u00f3n de sensores cableados al SFLORAKIT&comma; integrado a un panel de alarma AXPRO de Hik Vision&comma; proporciona una soluci\u00f3n robusta y confiable para la detecci\u00f3n de intrusos.<\/p>\n<p style='margin: 8px 0;'>Esta configuraci\u00f3n es ideal para entornos donde se requiere una detecci\u00f3n precisa y una respuesta inmediata ante eventos de seguridad.<\/p>\n<\/p><\/div>\n<\/p><\/div>\n<\/p><\/div>\n<\/p><\/div>\n<\/p><\/div>\n","protected":false},"excerpt":{"rendered":"<p>KIT de Transmisor &#8211; Receptor inal\u00e1mbrico \/ Distancia m\u00e1xima de transmisi\u00f3n 2500 metros (Linea de vista) \/ Receptor con 4 salidas<\/p>\n","protected":false},"featured_media":562,"comment_status":"open","ping_status":"closed","template":"","meta":[],"product_brand":[],"product_cat":[214],"product_tag":[93,215,79],"class_list":{"0":"post-563","1":"product","2":"type-product","3":"status-publish","4":"has-post-thumbnail","6":"product_cat-controles-inalambricos","7":"product_tag-accesorios","8":"product_tag-controles-inalambricos","9":"product_tag-sfire","11":"first","12":"outofstock","13":"sale","14":"shipping-taxable","15":"purchasable","16":"product-type-simple"},"_links":{"self":[{"href":"https:\/\/soydeaqui.ddns.net\/pachuca\/index.php\/wp-json\/wp\/v2\/product\/563","targetHints":{"allow":["GET"]}}],"collection":[{"href":"https:\/\/soydeaqui.ddns.net\/pachuca\/index.php\/wp-json\/wp\/v2\/product"}],"about":[{"href":"https:\/\/soydeaqui.ddns.net\/pachuca\/index.php\/wp-json\/wp\/v2\/types\/product"}],"replies":[{"embeddable":true,"href":"https:\/\/soydeaqui.ddns.net\/pachuca\/index.php\/wp-json\/wp\/v2\/comments?post=563"}],"wp:featuredmedia":[{"embeddable":true,"href":"https:\/\/soydeaqui.ddns.net\/pachuca\/index.php\/wp-json\/wp\/v2\/media\/562"}],"wp:attachment":[{"href":"https:\/\/soydeaqui.ddns.net\/pachuca\/index.php\/wp-json\/wp\/v2\/media?parent=563"}],"wp:term":[{"taxonomy":"product_brand","embeddable":true,"href":"https:\/\/soydeaqui.ddns.net\/pachuca\/index.php\/wp-json\/wp\/v2\/product_brand?post=563"},{"taxonomy":"product_cat","embeddable":true,"href":"https:\/\/soydeaqui.ddns.net\/pachuca\/index.php\/wp-json\/wp\/v2\/product_cat?post=563"},{"taxonomy":"product_tag","embeddable":true,"href":"https:\/\/soydeaqui.ddns.net\/pachuca\/index.php\/wp-json\/wp\/v2\/product_tag?post=563"}],"curies":[{"name":"wp","href":"https:\/\/api.w.org\/{rel}","templated":true}]}}