{"id":56254,"date":"2026-03-19T03:18:54","date_gmt":"2026-03-19T03:18:54","guid":{"rendered":"https:\/\/soydeaqui.ddns.net\/pachuca\/index.php\/producto\/medidor-inteligente-de-corriente-con-lorawan-2\/"},"modified":"2026-03-19T03:19:01","modified_gmt":"2026-03-19T03:19:01","slug":"medidor-inteligente-de-corriente-con-lorawan-2","status":"publish","type":"product","link":"https:\/\/soydeaqui.ddns.net\/pachuca\/index.php\/producto\/medidor-inteligente-de-corriente-con-lorawan-2\/","title":{"rendered":"Medidor Inteligente de Corriente con LoRaWAN"},"content":{"rendered":"<div style='width: 100%; max-width: 1200px; margin: 0 auto; font-family: sans-serif; line-height: 1.6; color: inherit; background-color: transparent;'> <!-- Imagen principal --> <\/p>\n<div style='width: 100%; margin-bottom: 30px;'> <img style='width: 100%; height: auto; border: 1px solid rgba(150&comma;150&comma;150&comma;0.3); border-radius: 8px;' src='https:\/\/ftp3.syscom.mx\/usuarios\/fotos\/CT101915M\/227307-principal.png' alt='Medidor Inteligente de Corriente CT101915M'> <\/div>\n<p> <!-- Secci\u00f3n dise\u00f1o desmontable --> <\/p>\n<div style='display: flex; flex-wrap: wrap; gap: 30px; margin-bottom: 30px;'>\n<div style='flex: 1 1 300px; min-width: 280px; display: flex; align-items: center;'>\n<div>\n<h3 style='font-size: 22px; border-bottom: 2px solid currentColor; padding-bottom: 5px; margin-top: 0; color: inherit; opacity: 0.8;'>Dise\u00f1o desmontable<\/h3>\n<p style='font-size: 15px; color: inherit;'>Se puede desmontar f\u00e1cilmente para adaptarse a una variedad de entornos de instalaci\u00f3n&comma; particularmente aquellos con espacio limitado.<\/p>\n<\/p><\/div>\n<\/p><\/div>\n<div style='flex: 1 1 300px; min-width: 280px;'> <img style='width: 100%; height: auto; border: 1px solid rgba(150&comma;150&comma;150&comma;0.3); border-radius: 8px;' src='https:\/\/ftp3.syscom.mx\/usuarios\/fotos\/CT101915M\/227307-dise\u00f1o.png' alt='Dise\u00f1o desmontable'> <\/div>\n<\/p><\/div>\n<p> <!-- Secci\u00f3n capacidad de corriente --> <\/p>\n<div style='display: flex; flex-wrap: wrap; gap: 30px; margin-bottom: 30px;'>\n<div style='flex: 1 1 300px; min-width: 280px;'> <img style='width: 100%; height: auto; border: 1px solid rgba(150&comma;150&comma;150&comma;0.3); border-radius: 8px;' src='https:\/\/ftp3.syscom.mx\/usuarios\/fotos\/CT101915M\/227307-corriente.png' alt='Capacidad de corriente'> <\/div>\n<div style='flex: 1 1 300px; min-width: 280px; display: flex; align-items: center;'>\n<div>\n<h3 style='font-size: 22px; border-bottom: 2px solid currentColor; padding-bottom: 5px; margin-top: 0; color: inherit; opacity: 0.8;'>CT101 con capacidad de corriente de 100 A<\/h3>\n<p style='font-size: 15px; color: inherit;'>Para aplicaciones t\u00edpicas donde se necesitan corrientes de hasta 100 amperios.<\/p>\n<\/p><\/div>\n<\/p><\/div>\n<\/p><\/div>\n<p> <!-- Secci\u00f3n autoalimentado --> <\/p>\n<div style='display: flex; flex-wrap: wrap; gap: 30px; margin-bottom: 30px;'>\n<div style='flex: 1 1 300px; min-width: 280px; display: flex; align-items: center;'>\n<div>\n<h3 style='font-size: 22px; border-bottom: 2px solid currentColor; padding-bottom: 5px; margin-top: 0; color: inherit; opacity: 0.8;'>Autoalimentado: sin bater\u00edas&comma; sin l\u00edmites<\/h3>\n<p style='font-size: 15px; color: inherit;'>El CT101 est\u00e1 dise\u00f1ado para obtener energ\u00eda directamente del circuito medido&comma; eliminando las limitaciones de las bater\u00edas y garantizando un funcionamiento perfecto.<\/p>\n<\/p><\/div>\n<\/p><\/div>\n<div style='flex: 1 1 300px; min-width: 280px;'> <img style='width: 100%; height: auto; border: 1px solid rgba(150&comma;150&comma;150&comma;0.3); border-radius: 8px;' src='https:\/\/ftp3.syscom.mx\/usuarios\/fotos\/CT101915M\/227307-capacitor.png' alt='Autoalimentado'> <\/div>\n<\/p><\/div>\n<p> <!-- Secci\u00f3n precisi\u00f3n --> <\/p>\n<div style='display: flex; flex-wrap: wrap; gap: 30px; margin-bottom: 30px;'>\n<div style='flex: 1 1 300px; min-width: 280px;'> <img style='width: 100%; height: auto; border: 1px solid rgba(150&comma;150&comma;150&comma;0.3); border-radius: 8px;' src='https:\/\/ftp3.syscom.mx\/usuarios\/fotos\/CT101915M\/227307-precision.gif' alt='Precisi\u00f3n superior'> <\/div>\n<div style='flex: 1 1 300px; min-width: 280px; display: flex; align-items: center;'>\n<div>\n<h3 style='font-size: 22px; border-bottom: 2px solid currentColor; padding-bottom: 5px; margin-top: 0; color: inherit; opacity: 0.8;'>Precisi\u00f3n superior<\/h3>\n<p style='font-size: 15px; color: inherit;'>Superando a otros competidores en el mercado&comma; CT101 cuenta con una impresionante frecuencia de muestreo alta de hasta 3&comma;3 kHz&comma; lo que garantiza una precisi\u00f3n y detalle incomparables.<\/p>\n<\/p><\/div>\n<\/p><\/div>\n<\/p><\/div>\n<p> <!-- Secci\u00f3n seguimiento de energ\u00eda --> <\/p>\n<div style='display: flex; flex-wrap: wrap; gap: 30px; margin-bottom: 30px;'>\n<div style='flex: 1 1 300px; min-width: 280px; display: flex; align-items: center;'>\n<div>\n<h3 style='font-size: 22px; border-bottom: 2px solid currentColor; padding-bottom: 5px; margin-top: 0; color: inherit; opacity: 0.8;'>Seguimiento de energ\u00eda eficiente<\/h3>\n<p style='font-size: 15px; color: inherit;'>En intervalos de un segundo<\/p>\n<ul style='padding-left: 20px; font-size: 15px; color: inherit; list-style-type: disc;'>\n<li style='margin-bottom: 5px;'>Calcule los amperios hora acumulados en tiempo real en un intervalo de un segundo. Esto permite un seguimiento y an\u00e1lisis precisos del consumo actual&comma; logrando objetivos como la conservaci\u00f3n de energ\u00eda y la reducci\u00f3n de costes.<\/li>\n<\/ul><\/div>\n<\/p><\/div>\n<div style='flex: 1 1 300px; min-width: 280px;'> <img style='width: 100%; height: auto; border: 1px solid rgba(150&comma;150&comma;150&comma;0.3); border-radius: 8px;' src='https:\/\/ftp3.syscom.mx\/usuarios\/fotos\/CT101915M\/227307-seguimiento.png' alt='Seguimiento de energ\u00eda'> <\/div>\n<\/p><\/div>\n<p> <!-- Secci\u00f3n instalaci\u00f3n no invasiva --> <\/p>\n<div style='display: flex; flex-wrap: wrap; gap: 30px; margin-bottom: 30px;'>\n<div style='flex: 1 1 300px; min-width: 280px;'> <img style='width: 100%; height: auto; border: 1px solid rgba(150&comma;150&comma;150&comma;0.3); border-radius: 8px;' src='https:\/\/ftp3.syscom.mx\/usuarios\/fotos\/CT101915M\/227307-noinvasiva.gif' alt='Instalaci\u00f3n no invasiva'> <\/div>\n<div style='flex: 1 1 300px; min-width: 280px; display: flex; align-items: center;'>\n<div>\n<h3 style='font-size: 22px; border-bottom: 2px solid currentColor; padding-bottom: 5px; margin-top: 0; color: inherit; opacity: 0.8;'>Instalaci\u00f3n no invasiva<\/h3>\n<p style='font-size: 15px; color: inherit;'>Dise\u00f1o de producto de n\u00facleo dividido para una instalaci\u00f3n r\u00e1pida y no invasiva&comma; eliminando el riesgo de da\u00f1os en el circuito o interrupciones de energ\u00eda.<\/p>\n<\/p><\/div>\n<\/p><\/div>\n<\/p><\/div>\n<p> <!-- Secci\u00f3n sensor de temperatura --> <\/p>\n<div style='display: flex; flex-wrap: wrap; gap: 30px; margin-bottom: 30px;'>\n<div style='flex: 1 1 300px; min-width: 280px; display: flex; align-items: center;'>\n<div>\n<h3 style='font-size: 22px; border-bottom: 2px solid currentColor; padding-bottom: 5px; margin-top: 0; color: inherit; opacity: 0.8;'>Sensor de temperatura de cable externo<\/h3>\n<p style='font-size: 15px; color: inherit;'>Hay disponible un sensor de temperatura del cable externo que activa alertas cuando la temperatura del cable alcanza un umbral establecido.<\/p>\n<\/p><\/div>\n<\/p><\/div>\n<div style='flex: 1 1 300px; min-width: 280px;'> <img style='width: 100%; height: auto; border: 1px solid rgba(150&comma;150&comma;150&comma;0.3); border-radius: 8px;' src='https:\/\/ftp3.syscom.mx\/usuarios\/fotos\/CT101915M\/227307-temperatura.png' alt='Sensor de temperatura'> <\/div>\n<\/p><\/div>\n<p> <!-- Imagen de alerta --> <\/p>\n<div style='width: 100%; margin-bottom: 30px;'> <img style='width: 100%; height: auto; border: 1px solid rgba(150&comma;150&comma;150&comma;0.3); border-radius: 8px;' src='https:\/\/ftp3.syscom.mx\/usuarios\/fotos\/CT101915M\/227307-alerta.png' alt='Alerta'> <\/div>\n<p> <!-- Secci\u00f3n dise\u00f1o industrial compacto --> <\/p>\n<div style='display: flex; flex-wrap: wrap; gap: 30px; margin-bottom: 30px;'>\n<div style='flex: 1 1 300px; min-width: 280px;'> <img style='width: 100%; height: auto; border: 1px solid rgba(150&comma;150&comma;150&comma;0.3); border-radius: 8px;' src='https:\/\/ftp3.syscom.mx\/usuarios\/fotos\/CT101915M\/227307-compacto.png' alt='Dise\u00f1o industrial compacto'> <\/div>\n<div style='flex: 1 1 300px; min-width: 280px; display: flex; align-items: center;'>\n<div>\n<h3 style='font-size: 22px; border-bottom: 2px solid currentColor; padding-bottom: 5px; margin-top: 0; color: inherit; opacity: 0.8;'>Dise\u00f1o industrial compacto<\/h3>\n<ul style='padding-left: 20px; font-size: 15px; color: inherit; list-style-type: disc;'>\n<li style='margin-bottom: 5px;'>CT101 est\u00e1 equipado con una antena de alta ganancia&comma; lo que garantiza una transmisi\u00f3n de se\u00f1al estable. Y la antena magn\u00e9tica tambi\u00e9n se ofrece como opci\u00f3n opcional para satisfacer sus necesidades espec\u00edficas.<\/li>\n<li style='margin-bottom: 5px;'>Dile adi\u00f3s a la molestia de los cables. Esto simplifica el proceso de instalaci\u00f3n&comma; reduce los costos de mano de obra y permite una colocaci\u00f3n m\u00e1s flexible.<\/li>\n<\/ul><\/div>\n<\/p><\/div>\n<\/p><\/div>\n<p> <!-- Imagen de aplicaciones --> <\/p>\n<div style='width: 100%; margin-bottom: 30px;'> <img style='width: 100%; height: auto; border: 1px solid rgba(150&comma;150&comma;150&comma;0.3); border-radius: 8px;' src='https:\/\/ftp3.syscom.mx\/usuarios\/fotos\/CT101915M\/227307-aplicaciones.png' alt='Aplicaciones'> <\/div>\n<\/p><\/div>\n","protected":false},"excerpt":{"rendered":"<p>Medidor Inteligente de Corriente con LoRaWAN<\/p>\n","protected":false},"featured_media":56253,"comment_status":"open","ping_status":"closed","template":"","meta":[],"product_brand":[],"product_cat":[1436],"product_tag":[1437,1455,1438],"class_list":{"0":"post-56254","1":"product","2":"type-product","3":"status-publish","4":"has-post-thumbnail","6":"product_cat-sensores-tags","7":"product_tag-lorawan","8":"product_tag-milesight","9":"product_tag-sensores-tags","11":"first","12":"instock","13":"sale","14":"shipping-taxable","15":"purchasable","16":"product-type-simple"},"_links":{"self":[{"href":"https:\/\/soydeaqui.ddns.net\/pachuca\/index.php\/wp-json\/wp\/v2\/product\/56254","targetHints":{"allow":["GET"]}}],"collection":[{"href":"https:\/\/soydeaqui.ddns.net\/pachuca\/index.php\/wp-json\/wp\/v2\/product"}],"about":[{"href":"https:\/\/soydeaqui.ddns.net\/pachuca\/index.php\/wp-json\/wp\/v2\/types\/product"}],"replies":[{"embeddable":true,"href":"https:\/\/soydeaqui.ddns.net\/pachuca\/index.php\/wp-json\/wp\/v2\/comments?post=56254"}],"wp:featuredmedia":[{"embeddable":true,"href":"https:\/\/soydeaqui.ddns.net\/pachuca\/index.php\/wp-json\/wp\/v2\/media\/56253"}],"wp:attachment":[{"href":"https:\/\/soydeaqui.ddns.net\/pachuca\/index.php\/wp-json\/wp\/v2\/media?parent=56254"}],"wp:term":[{"taxonomy":"product_brand","embeddable":true,"href":"https:\/\/soydeaqui.ddns.net\/pachuca\/index.php\/wp-json\/wp\/v2\/product_brand?post=56254"},{"taxonomy":"product_cat","embeddable":true,"href":"https:\/\/soydeaqui.ddns.net\/pachuca\/index.php\/wp-json\/wp\/v2\/product_cat?post=56254"},{"taxonomy":"product_tag","embeddable":true,"href":"https:\/\/soydeaqui.ddns.net\/pachuca\/index.php\/wp-json\/wp\/v2\/product_tag?post=56254"}],"curies":[{"name":"wp","href":"https:\/\/api.w.org\/{rel}","templated":true}]}}