{"id":5624,"date":"2026-03-18T06:33:35","date_gmt":"2026-03-18T06:33:35","guid":{"rendered":"https:\/\/soydeaqui.ddns.net\/pachuca\/index.php\/producto\/carcasa-ultra-resistente-100cm-de-altura-con-montaje-para-pared-ideal-para-sensores-fotoelectricos\/"},"modified":"2026-03-18T06:33:35","modified_gmt":"2026-03-18T06:33:35","slug":"carcasa-ultra-resistente-100cm-de-altura-con-montaje-para-pared-ideal-para-sensores-fotoelectricos","status":"publish","type":"product","link":"https:\/\/soydeaqui.ddns.net\/pachuca\/index.php\/producto\/carcasa-ultra-resistente-100cm-de-altura-con-montaje-para-pared-ideal-para-sensores-fotoelectricos\/","title":{"rendered":"Carcasa Ultra Resistente, 100cm de Altura con montaje para pared, Ideal para Sensores Fotoel\u00e9ctricos"},"content":{"rendered":"<div style='width: 100%; max-width: 1200px; margin: 0 auto; font-family: sans-serif; line-height: 1.6; color: inherit; background-color: transparent;'>\n<div style='display: flex; flex-wrap: wrap; gap: 30px; margin-bottom: 30px;'>\n<div style='flex: 1 1 300px; min-width: 280px;'>\n<h3 style='font-size: 22px; border-bottom: 2px solid currentColor; padding-bottom: 5px; margin-top: 0; color: inherit; opacity: 0.8;'>Descripci\u00f3n<\/h3>\n<p style='font-size: 15px; color: inherit; text-align: justify;'>Torre perimetral para fotoceldas para exterior&comma; de una cara (180\u00b0)&comma; disponible en diferentes alturas&comma; para montaje a pared. Dise\u00f1o discreto que se integra perfectamente en cualquier patio o jard\u00edn sin que \u00e9ste pierda su valor est\u00e9tico.<\/p>\n<\/p><\/div>\n<\/p><\/div>\n<div style='display: flex; flex-wrap: wrap; gap: 20px; margin-bottom: 30px;'>\n<div style='flex: 1 1 250px; border: 1px solid rgba(150&comma; 150&comma; 150&comma; 0.4); border-radius: 8px; overflow: hidden; display: flex; flex-direction: column;'>\n<div style='padding: 15px; border-bottom: 1px solid rgba(150&comma; 150&comma; 150&comma; 0.2); font-weight: bold; font-size: 18px; color: inherit;'>Caracter\u00edsticas<\/div>\n<div style='padding: 15px; color: inherit;'>\n<ul style='padding-left: 20px; margin: 0; font-size: 14px; list-style-type: disc;'>\n<li style='margin-bottom: 5px;'>Perfil de aluminio anodizado<\/li>\n<li style='margin-bottom: 5px;'>Tamper antisabotaje<\/li>\n<li style='margin-bottom: 5px;'>Montaje reforzado para una mejor fijaci\u00f3n<\/li>\n<li style='margin-bottom: 5px;'>Cuerpo superior de policarbonato negro<\/li>\n<li style='margin-bottom: 5px;'>Cubierta de policarbonato&comma; resistente a luz UV<\/li>\n<\/ul><\/div>\n<\/p><\/div>\n<div style='flex: 1 1 250px; border: 1px solid rgba(150&comma; 150&comma; 150&comma; 0.4); border-radius: 8px; overflow: hidden; display: flex; flex-direction: column;'>\n<div style='padding: 15px; border-bottom: 1px solid rgba(150&comma; 150&comma; 150&comma; 0.2); font-weight: bold; font-size: 18px; color: inherit;'>Caracter\u00edsticas F\u00edsicas<\/div>\n<div style='padding: 15px; color: inherit;'>\n<ul style='padding-left: 20px; margin: 0; font-size: 14px; list-style-type: disc;'>\n<li style='margin-bottom: 5px;'>Peso: 4.25 Kg<\/li>\n<li style='margin-bottom: 5px;'>Altura: 1 m<\/li>\n<\/ul><\/div>\n<\/p><\/div>\n<div style='flex: 1 1 250px; border: 1px solid rgba(150&comma; 150&comma; 150&comma; 0.4); border-radius: 8px; overflow: hidden; display: flex; flex-direction: column;'>\n<div style='padding: 15px; border-bottom: 1px solid rgba(150&comma; 150&comma; 150&comma; 0.2); font-weight: bold; font-size: 18px; color: inherit;'>Observaciones<\/div>\n<div style='padding: 15px; color: inherit;'>\n<ul style='padding-left: 20px; margin: 0; font-size: 14px; list-style-type: disc;'>\n<li style='margin-bottom: 5px;'>Instalaci\u00f3n a pared<\/li>\n<li style='margin-bottom: 5px;'>La torre se comercializa con los elementos m\u00ednimos necesarios para una correcta instalaci\u00f3n<\/li>\n<li style='margin-bottom: 5px;'>Compatible con la mayor\u00eda de fotoceldas perimetrales del mercado<\/li>\n<li style='margin-bottom: 5px;'><strong>Incluye:<\/strong> 1 pieza<\/li>\n<\/ul><\/div>\n<\/p><\/div>\n<div style='flex: 1 1 250px; border: 1px solid rgba(150&comma; 150&comma; 150&comma; 0.4); border-radius: 8px; overflow: hidden; display: flex; flex-direction: column;'>\n<div style='padding: 15px; border-bottom: 1px solid rgba(150&comma; 150&comma; 150&comma; 0.2); font-weight: bold; font-size: 18px; color: inherit;'>Compatibilidad con Fotoel\u00e9ctricos<\/div>\n<div style='padding: 15px; color: inherit;'>\n<ul style='padding-left: 20px; margin: 0; font-size: 14px; list-style-type: disc;'>\n<li style='margin-bottom: 5px;'><a href='https:\/\/www.syscom.mx\/principal\/searchcont?route=ALES60-Politec-89561&#038;autodetect=ALES60' style='color: inherit; text-decoration: none; border-bottom: 1px dotted currentColor;' target='_blank'>ALES60<\/a><\/li>\n<li style='margin-bottom: 5px;'><a href='https:\/\/www.syscom.mx\/principal\/searchcont?route=SF60P-SFIRE-88870&#038;autodetect=SF60P' style='color: inherit; text-decoration: none; border-bottom: 1px dotted currentColor;' target='_blank'>SF60P<\/a><\/li>\n<li style='margin-bottom: 5px;'><a href='https:\/\/www.syscom.mx\/principal\/searchcont?route=ALES120-Politec-152891&#038;autodetect=ALES' style='color: inherit; text-decoration: none; border-bottom: 1px dotted currentColor;' target='_blank'>ALES120<\/a><\/li>\n<li style='margin-bottom: 5px;'><a href='https:\/\/www.syscom.mx\/principal\/searchcont?route=ALESWS-Politec-89560&#038;autodetect=ALES' style='color: inherit; text-decoration: none; border-bottom: 1px dotted currentColor;' target='_blank'>ALESWS<\/a><\/li>\n<li style='margin-bottom: 5px;'><a href='https:\/\/www.syscom.mx\/principal\/consultarproductosazul?global_search=FOTOELECTRICOS%20OPTEX&#038;ordenar=Relevancia&#038;marca=-optex&#038;pag=1' style='color: inherit; text-decoration: none; border-bottom: 1px dotted currentColor;' target='_blank'>Serie SL de Optex<\/a><\/li>\n<li style='margin-bottom: 5px;'><a href='https:\/\/www.syscom.mx\/principal\/searchcont?route=AX-330PLUS-OPTEX-159053&#038;autodetect=FOTOELECTRICOS_OPTEX' style='color: inherit; text-decoration: none; border-bottom: 1px dotted currentColor;' target='_blank'>AX330PLUS<\/a><\/li>\n<li style='margin-bottom: 5px;'><a href='https:\/\/www.syscom.mx\/principal\/searchcont?route=AX-200TN-OPTEX-159054&#038;autodetect=AX200' style='color: inherit; text-decoration: none; border-bottom: 1px dotted currentColor;' target='_blank'>AX200TN<\/a><\/li>\n<\/ul><\/div>\n<\/p><\/div>\n<div style='flex: 1 1 250px; border: 1px solid rgba(150&comma; 150&comma; 150&comma; 0.4); border-radius: 8px; overflow: hidden; display: flex; flex-direction: column;'>\n<div style='padding: 15px; border-bottom: 1px solid rgba(150&comma; 150&comma; 150&comma; 0.2); font-weight: bold; font-size: 18px; color: inherit;'>Accesorios Compatibles<\/div>\n<div style='padding: 15px; color: inherit;'>\n<ul style='padding-left: 20px; margin: 0; font-size: 14px; list-style-type: disc;'>\n<li style='margin-bottom: 5px;'><a href='https:\/\/www.syscom.mx\/principal\/searchcont?route=PTS-BUNKER-SEGURIDAD-26698&#038;autodetect=pts' style='color: inherit; text-decoration: none; border-bottom: 1px dotted currentColor;' target='_blank'>PTS<\/a><\/li>\n<li style='margin-bottom: 5px;'><a href='https:\/\/www.syscom.mx\/principal\/searchcont?route=MAH-BUNKER-SEGURIDAD-70173&#038;autodetect=pts' style='color: inherit; text-decoration: none; border-bottom: 1px dotted currentColor;' target='_blank'>MAH<\/a><\/li>\n<li style='margin-bottom: 5px;'><a href='https:\/\/www.syscom.mx\/principal\/searchcont?route=MBFB-BUNKER-SEGURIDAD-23238&#038;autodetect=MBFB' style='color: inherit; text-decoration: none; border-bottom: 1px dotted currentColor;' target='_blank'>MBFB<\/a><\/li>\n<li style='margin-bottom: 5px;'><a href='https:\/\/www.syscom.mx\/principal\/searchcont?route=MBPS-BUNKER-SEGURIDAD-23245&#038;autodetect=MBPS' style='color: inherit; text-decoration: none; border-bottom: 1px dotted currentColor;' target='_blank'>MBPS<\/a><\/li>\n<li style='margin-bottom: 5px;'><a href='https:\/\/www.syscom.mx\/principal\/searchcont?route=PTH-BUNKER-SEGURIDAD-26680&#038;autodetect=PTH' style='color: inherit; text-decoration: none; border-bottom: 1px dotted currentColor;' target='_blank'>PTH<\/a><\/li>\n<\/ul><\/div>\n<\/p><\/div>\n<\/p><\/div>\n<div style='display: grid; grid-template-columns: repeat(auto-fill&comma; minmax(280px&comma; 1fr)); gap: 30px; margin-bottom: 30px;'>\n<div style='width: 100%;'> <img style='width: 100%; height: auto; border: 1px solid rgba(150&comma;150&comma;150&comma;0.3); border-radius: 8px;' src='http:\/\/ftp3.syscom.mx\/usuarios\/fotos\/pdfs\/MB-W-Instalaciones-(3).jpg' alt=''> <\/div>\n<div style='width: 100%;'> <img style='width: 100%; height: auto; border: 1px solid rgba(150&comma;150&comma;150&comma;0.3); border-radius: 8px;' src='http:\/\/ftp3.syscom.mx\/usuarios\/fotos\/pdfs\/MB-W-Instalaciones-(2).jpg' alt=''> <\/div>\n<\/p><\/div>\n<hr style='border: 0; border-top: 1px solid rgba(150&comma; 150&comma; 150&comma; 0.3); margin: 30px 0;'> <\/div>\n","protected":false},"excerpt":{"rendered":"<p>Carcasa Ultra Resistente, 100cm de Altura con montaje para pared, Ideal para Sensores Fotoel\u00e9ctricos<\/p>\n","protected":false},"featured_media":5623,"comment_status":"open","ping_status":"closed","template":"","meta":[],"product_brand":[],"product_cat":[510],"product_tag":[509,511,104],"class_list":{"0":"post-5624","1":"product","2":"type-product","3":"status-publish","4":"has-post-thumbnail","6":"product_cat-carcasas-para-detectores-fotoelectricos","7":"product_tag-bunker-seguridad","8":"product_tag-carcasas-para-detectores-fotoelectricos","9":"product_tag-proteccion-perimetral","11":"first","12":"outofstock","13":"sale","14":"shipping-taxable","15":"purchasable","16":"product-type-simple"},"_links":{"self":[{"href":"https:\/\/soydeaqui.ddns.net\/pachuca\/index.php\/wp-json\/wp\/v2\/product\/5624","targetHints":{"allow":["GET"]}}],"collection":[{"href":"https:\/\/soydeaqui.ddns.net\/pachuca\/index.php\/wp-json\/wp\/v2\/product"}],"about":[{"href":"https:\/\/soydeaqui.ddns.net\/pachuca\/index.php\/wp-json\/wp\/v2\/types\/product"}],"replies":[{"embeddable":true,"href":"https:\/\/soydeaqui.ddns.net\/pachuca\/index.php\/wp-json\/wp\/v2\/comments?post=5624"}],"wp:featuredmedia":[{"embeddable":true,"href":"https:\/\/soydeaqui.ddns.net\/pachuca\/index.php\/wp-json\/wp\/v2\/media\/5623"}],"wp:attachment":[{"href":"https:\/\/soydeaqui.ddns.net\/pachuca\/index.php\/wp-json\/wp\/v2\/media?parent=5624"}],"wp:term":[{"taxonomy":"product_brand","embeddable":true,"href":"https:\/\/soydeaqui.ddns.net\/pachuca\/index.php\/wp-json\/wp\/v2\/product_brand?post=5624"},{"taxonomy":"product_cat","embeddable":true,"href":"https:\/\/soydeaqui.ddns.net\/pachuca\/index.php\/wp-json\/wp\/v2\/product_cat?post=5624"},{"taxonomy":"product_tag","embeddable":true,"href":"https:\/\/soydeaqui.ddns.net\/pachuca\/index.php\/wp-json\/wp\/v2\/product_tag?post=5624"}],"curies":[{"name":"wp","href":"https:\/\/api.w.org\/{rel}","templated":true}]}}