{"id":56231,"date":"2026-03-19T03:18:11","date_gmt":"2026-03-19T03:18:11","guid":{"rendered":"https:\/\/soydeaqui.ddns.net\/pachuca\/index.php\/producto\/puntos-de-llamada-antideflagrantes-y-de-alerta-para-ubicaciones-peligrosas-y-rompen-vidrios-y-botones\/"},"modified":"2026-03-19T03:18:12","modified_gmt":"2026-03-19T03:18:12","slug":"puntos-de-llamada-antideflagrantes-y-de-alerta-para-ubicaciones-peligrosas-y-rompen-vidrios-y-botones","status":"publish","type":"product","link":"https:\/\/soydeaqui.ddns.net\/pachuca\/index.php\/producto\/puntos-de-llamada-antideflagrantes-y-de-alerta-para-ubicaciones-peligrosas-y-rompen-vidrios-y-botones\/","title":{"rendered":"Puntos de llamada antideflagrantes y de alerta para ubicaciones peligrosas y rompen vidrios y botones"},"content":{"rendered":"<div style='width: 100%; max-width: 1200px; margin: 0 auto; font-family: sans-serif; line-height: 1.6; color: inherit; background-color: transparent;'>\n<div style='display: flex; flex-wrap: wrap; gap: 30px; margin-bottom: 30px;'>\n<div style='flex: 1 1 300px; min-width: 280px;'>\n<h3 style='font-size: 22px; border-bottom: 2px solid currentColor; padding-bottom: 5px; margin-top: 0; color: inherit; opacity: 0.8;'>Funciones<\/h3>\n<p style='font-size: 15px; color: inherit; text-align: justify; margin-bottom: 15px;'> Los puntos de llamada de vidrio roto y bot\u00f3n pulsador de Federal Signal son dispositivos electromec\u00e1nicos que pueden formar parte del sistema de alarma contra incendios&comma; emergencia o control de acceso de una instalaci\u00f3n. Cuando un usuario rompe el vidrio en un modelo de vidrio de rotura o presiona el bot\u00f3n en un modelo de bot\u00f3n pulsador&comma; se activa el interruptor interno del punto de llamada&comma; se\u00f1alando un evento mientras se mantiene el bloqueo. Los puntos de llamada permanecen en modo de se\u00f1alizaci\u00f3n hasta que el sistema de la instalaci\u00f3n se restablece manualmente&comma; lo que indica que el problema se ha resuelto. Los puntos de llamada est\u00e1n disponibles en modelos de se\u00f1alizaci\u00f3n general y clasificaci\u00f3n contra incendios y son compatibles con una amplia gama de ubicaciones peligrosas y aplicaciones contra incendios en tierra y en alta mar. <\/p>\n<ul style='padding-left: 20px; font-size: 15px; list-style-type: disc; color: inherit;'>\n<li style='margin-bottom: 5px;'>Alta visibilidad&comma; carcasa antiest\u00e1tica de PRFV&comma; placa frontal disponible en rojo y amarillo<\/li>\n<li style='margin-bottom: 5px;'>La tapa de elevaci\u00f3n opcional para el funcionamiento en dos pasos evita la activaci\u00f3n accidental<\/li>\n<li style='margin-bottom: 5px;'>(3) entradas M20 o 1\/2 NPT: (2) entrada superior y (1) lateral con orientaci\u00f3n de montaje giratoria de 180 grados<\/li>\n<li style='margin-bottom: 5px;'>Restablecimiento de herramienta integrado con llave extra\u00edble para un restablecimiento a prueba de manipulaciones<\/li>\n<li style='margin-bottom: 5px;'>Ensamblado con herrajes externos de acero inoxidable 316<\/li>\n<li style='margin-bottom: 5px;'>Activaci\u00f3n de interruptores simples y dobles<\/li>\n<li style='margin-bottom: 5px;'>Etiquetas de placa frontal de acero inoxidable y etiquetas de servicio opcionales instaladas en el campo<\/li>\n<li style='margin-bottom: 5px;'>M\u00f3dulo opcional Resistencias EOL&comma; resistencias en serie y diodo de supervisi\u00f3n<\/li>\n<li style='margin-bottom: 5px;'>Tipo 4X&comma; carcasa IP66<\/li>\n<li style='margin-bottom: 5px;'>Cumple con IP69K<\/li>\n<\/ul><\/div>\n<\/p><\/div>\n<div style='display: flex; flex-wrap: wrap; gap: 30px; margin-bottom: 30px;'>\n<div style='flex: 1 1 300px; min-width: 280px;'>\n<h3 style='font-size: 22px; border-bottom: 2px solid currentColor; padding-bottom: 5px; margin-top: 0; color: inherit; opacity: 0.8;'>Modelos de se\u00f1alizaci\u00f3n general<\/h3>\n<p style='font-size: 15px; color: inherit; text-align: justify; margin-bottom: 15px;'> Los puntos de llamada de se\u00f1alizaci\u00f3n general son ideales para aplicaciones tanto en tierra como en alta mar para activar equipos de emergencia&comma; se\u00f1ales audibles y visuales o notificaciones del panel de control. Cada punto de llamada de se\u00f1alizaci\u00f3n general es rojo o amarillo y viene de serie con ocho etiquetas frontales de poli\u00e9ster instalables en el campo: INCENDIO&comma; EVAC&comma; RIESGO BIOL\u00d3GICO&comma; ALARMA DE GAS&comma; EMERGENCIA&comma; APAGADO&comma; BLOQUEO e icono de EVAC. Si la aplicaci\u00f3n requiere una etiqueta de placa frontal personalizada&comma; la superficie de etiquetado de la placa frontal aceptar\u00e1 etiquetas resistentes a la intemperie U-Line #S-19297 suministradas por el usuario final para impresoras l\u00e1ser. Para entornos m\u00e1s hostiles&comma; tambi\u00e9n est\u00e1n disponibles seis etiquetas opcionales de placa frontal de acero inoxidable: FIRE&comma; EVAC&comma; BIOHAZARD&comma; GAS ALARM&comma; ESD y FIRE ALARM (doble idioma&comma; ingl\u00e9s y \u00e1rabe). <\/p>\n<p> <img style='width: 100%; height: auto; border: 1px solid rgba(150&comma;150&comma;150&comma;0.3); border-radius: 8px;' src='http:\/\/ftp3.syscom.mx\/usuarios\/srodriguez\/FEDERAL%20SIGNAL%20INDUSTRIAL\/2.jpg' alt=''> <\/div>\n<\/p><\/div>\n<div style='display: flex; flex-wrap: wrap; gap: 30px; margin-bottom: 30px;'>\n<div style='flex: 1 1 300px; min-width: 280px;'>\n<h3 style='font-size: 22px; border-bottom: 2px solid currentColor; padding-bottom: 5px; margin-top: 0; color: inherit; opacity: 0.8;'>Modelos con clasificaci\u00f3n de incendio<\/h3>\n<p style='font-size: 15px; color: inherit; text-align: justify; margin-bottom: 15px;'> Los puntos de llamada con clasificaci\u00f3n de incendio est\u00e1n especialmente dise\u00f1ados para su uso con la activaci\u00f3n de alarma contra incendios. Cada punto de llamada con clasificaci\u00f3n de incendio es rojo y cada unidad viene de serie con una etiqueta de placa frontal instalada de f\u00e1brica. Los puntos de llamada contra incendios certificados por Am\u00e9rica del Norte est\u00e1n disponibles en modelos de bot\u00f3n pulsador y vidrio roto y tienen una etiqueta &#8216;FIRE\/FEU&#8217; instalada de f\u00e1brica para cumplir con UL\/ULC. Los puntos de llamada contra incendios con certificaci\u00f3n internacional est\u00e1n disponibles en modelos de vidrio roto y tienen una etiqueta instalada de f\u00e1brica de una casa en llamas para cumplir con la norma EN54-11. <\/p>\n<p> <img style='width: 100%; height: auto; border: 1px solid rgba(150&comma;150&comma;150&comma;0.3); border-radius: 8px;' src='http:\/\/ftp3.syscom.mx\/usuarios\/srodriguez\/FEDERAL%20SIGNAL%20INDUSTRIAL\/1.jpg' alt=''> <\/div>\n<\/p><\/div>\n<div style='display: flex; flex-wrap: wrap; gap: 30px; margin-bottom: 30px;'>\n<div style='flex: 1 1 300px; min-width: 280px;'>\n<h3 style='font-size: 22px; border-bottom: 2px solid currentColor; padding-bottom: 5px; margin-top: 0; color: inherit; opacity: 0.8;'>Caracter\u00edsticas adicionales<\/h3>\n<p style='font-size: 15px; color: inherit; text-align: justify; margin-bottom: 15px;'> <strong>GRP (pl\u00e1stico reforzado con vidrio):<\/strong> Todos los modelos de Call Point cuentan con una carcasa de PRFV que es estable a los rayos UV&comma; antiest\u00e1tica&comma; ign\u00edfuga y resistente al calor&comma; al impacto y a la corrosi\u00f3n. El gabinete de GRP hace que los puntos de llamada de Federal Signal sean extremadamente duraderos para soportar la presi\u00f3n&comma; el da\u00f1o y los elementos ambientales&comma; lo que lo convierte en una soluci\u00f3n ideal para todas las aplicaciones industriales&comma; peligrosas y contra incendios. <\/p>\n<p style='font-size: 15px; color: inherit; text-align: justify; margin-bottom: 15px;'> <strong>Opciones de conmutador simple vs. doble:<\/strong> Los puntos de llamada est\u00e1n disponibles con opciones de conmutador mantenido simple (SPDT) y doble (DPDT). Se debe elegir un modelo de un solo interruptor cuando se trabaja con un circuito independiente&comma; mientras que se debe elegir un modelo de doble interruptor cuando se trabaja con un circuito dual. <\/p>\n<p style='font-size: 15px; color: inherit; text-align: justify; margin-bottom: 15px;'> Los puntos de llamada tienen un puente instalado de f\u00e1brica a trav\u00e9s de los terminales de entrada 7 y 8 en los modelos de un solo interruptor. En un modelo de interruptor doble&comma; los terminales de entrada 6&comma; 7 y 8 se utilizan como contactos secundarios con com\u00fan. <\/p>\n<\/p><\/div>\n<\/p><\/div>\n<\/p><\/div>\n","protected":false},"excerpt":{"rendered":"<p>Puntos de llamada antideflagrantes y de alerta para ubicaciones peligrosas y rompen vidrios y botones<\/p>\n","protected":false},"featured_media":56230,"comment_status":"open","ping_status":"closed","template":"","meta":[],"product_brand":[],"product_cat":[1416],"product_tag":[552,1414,1417],"class_list":{"0":"post-56231","1":"product","2":"type-product","3":"status-publish","4":"has-post-thumbnail","6":"product_cat-luces-para-la-industria-y-edificios","7":"product_tag-federal-signal-industrial","8":"product_tag-luces-bocinas-para-la-industria-y-edificios","9":"product_tag-luces-para-la-industria-y-edificios","11":"first","12":"outofstock","13":"sale","14":"shipping-taxable","15":"purchasable","16":"product-type-simple"},"_links":{"self":[{"href":"https:\/\/soydeaqui.ddns.net\/pachuca\/index.php\/wp-json\/wp\/v2\/product\/56231","targetHints":{"allow":["GET"]}}],"collection":[{"href":"https:\/\/soydeaqui.ddns.net\/pachuca\/index.php\/wp-json\/wp\/v2\/product"}],"about":[{"href":"https:\/\/soydeaqui.ddns.net\/pachuca\/index.php\/wp-json\/wp\/v2\/types\/product"}],"replies":[{"embeddable":true,"href":"https:\/\/soydeaqui.ddns.net\/pachuca\/index.php\/wp-json\/wp\/v2\/comments?post=56231"}],"wp:featuredmedia":[{"embeddable":true,"href":"https:\/\/soydeaqui.ddns.net\/pachuca\/index.php\/wp-json\/wp\/v2\/media\/56230"}],"wp:attachment":[{"href":"https:\/\/soydeaqui.ddns.net\/pachuca\/index.php\/wp-json\/wp\/v2\/media?parent=56231"}],"wp:term":[{"taxonomy":"product_brand","embeddable":true,"href":"https:\/\/soydeaqui.ddns.net\/pachuca\/index.php\/wp-json\/wp\/v2\/product_brand?post=56231"},{"taxonomy":"product_cat","embeddable":true,"href":"https:\/\/soydeaqui.ddns.net\/pachuca\/index.php\/wp-json\/wp\/v2\/product_cat?post=56231"},{"taxonomy":"product_tag","embeddable":true,"href":"https:\/\/soydeaqui.ddns.net\/pachuca\/index.php\/wp-json\/wp\/v2\/product_tag?post=56231"}],"curies":[{"name":"wp","href":"https:\/\/api.w.org\/{rel}","templated":true}]}}