{"id":56228,"date":"2026-03-19T03:18:06","date_gmt":"2026-03-19T03:18:06","guid":{"rendered":"https:\/\/soydeaqui.ddns.net\/pachuca\/index.php\/producto\/luz-de-advertencia-led-para-ubicaciones-peligrosas-montaje-para-superficies-120-240vca-rojo\/"},"modified":"2026-03-19T03:18:07","modified_gmt":"2026-03-19T03:18:07","slug":"luz-de-advertencia-led-para-ubicaciones-peligrosas-montaje-para-superficies-120-240vca-rojo","status":"publish","type":"product","link":"https:\/\/soydeaqui.ddns.net\/pachuca\/index.php\/producto\/luz-de-advertencia-led-para-ubicaciones-peligrosas-montaje-para-superficies-120-240vca-rojo\/","title":{"rendered":"Luz de advertencia LED para ubicaci\u00f3nes peligrosas, montaje para superficies, 120\/240Vca, rojo"},"content":{"rendered":"<div style='width: 100%; max-width: 1200px; margin: 0 auto; font-family: sans-serif; line-height: 1.6; color: inherit; background-color: transparent;'> <!-- Secci\u00f3n de caracter\u00edsticas --> <\/p>\n<div style='display: flex; flex-wrap: wrap; gap: 30px; margin-bottom: 30px;'>\n<div style='flex: 1 1 300px; min-width: 280px;'>\n<h3 style='font-size: 22px; border-bottom: 2px solid currentColor; padding-bottom: 5px; margin-top: 0; color: inherit; opacity: 0.8;'>Caracter\u00edsticas<\/h3>\n<ul style='padding-left: 20px; font-size: 15px; color: inherit;'>\n<li style='margin-bottom: 5px;'>El modelo 191XL es una luz de se\u00f1al intermitente de ubicaci\u00f3n peligrosa que viene de serie en el modo intermitente y es configurable en campo para el modo de combusti\u00f3n constante para una funcionalidad m\u00e1xima.<\/li>\n<li style='margin-bottom: 5px;'>La matriz de LED s\u00faper brillante de Federal Signal utilizada en el 191XL produce una salida de luz intensa y 50&comma;000 horas de servicio. El aumento de la resistencia a los golpes y las vibraciones se suma al robusto portafolio industrial de caracter\u00edsticas de esta unidad.<\/li>\n<\/ul><\/div>\n<\/p><\/div>\n<p> <!-- Secci\u00f3n de especificaciones --> <\/p>\n<div style='display: flex; flex-wrap: wrap; gap: 20px; margin-bottom: 30px;'>\n<div style='flex: 1 1 250px; border: 1px solid rgba(150&comma; 150&comma; 150&comma; 0.4); border-radius: 8px; overflow: hidden; display: flex; flex-direction: column;'>\n<div style='padding: 15px; border-bottom: 1px solid rgba(150&comma; 150&comma; 150&comma; 0.2); font-weight: bold; font-size: 18px; color: inherit;'>Especificaciones<\/div>\n<div style='padding: 15px; color: inherit;'>\n<ul style='padding-left: 20px; margin: 0; font-size: 14px; list-style-type: disc;'>\n<li style='margin-bottom: 5px;'><strong>Montaje:<\/strong> Tubo de 3\/4&#8242;<\/li>\n<li style='margin-bottom: 5px;'><strong>Montaje:<\/strong> Superficie<\/li>\n<li style='margin-bottom: 5px;'><strong>Voltaje:<\/strong> 120 VCA<\/li>\n<li style='margin-bottom: 5px;'><strong>Voltaje:<\/strong> 240 VCA<\/li>\n<li style='margin-bottom: 5px;'><strong>Corriente de funcionamiento:<\/strong> 0.21\/0.13 Amperios a 120VAC<\/li>\n<li style='margin-bottom: 5px;'><strong>Corriente de funcionamiento:<\/strong> 0.13 amperios a 240 VCA<\/li>\n<li style='margin-bottom: 5px;'><strong>Corriente de entrada:<\/strong> 2.0 amperios&comma; 0.25mS&comma; a 120VAC y 240VAC<\/li>\n<li style='margin-bottom: 5px;'><strong>Corriente de entrada:<\/strong> 9.75 amperios&comma; 0.25 mS a 277 VCA<\/li>\n<li style='margin-bottom: 5px;'><strong>Fuente de luz\/estilo de l\u00e1mpara:<\/strong> Matriz de LED<\/li>\n<li style='margin-bottom: 5px;'><strong>Velocidad de flash\/minuto:<\/strong> 60<\/li>\n<li style='margin-bottom: 5px;'><strong>Temperatura de funcionamiento m\u00ednima:<\/strong> -50 \u00b0C<\/li>\n<li style='margin-bottom: 5px;'><strong>Temperatura m\u00e1xima de funcionamiento:<\/strong> 65 \u00b0C<\/li>\n<li style='margin-bottom: 5px;'><strong>Clasificaci\u00f3n de la carcasa:<\/strong> IP66 Tipo 4X<\/li>\n<li style='margin-bottom: 5px;'><strong>Guardia de c\u00fapula:<\/strong> Incluido<\/li>\n<li style='margin-bottom: 5px;'><strong>Colores de la c\u00fapula:<\/strong> \u00c1mbar<\/li>\n<li style='margin-bottom: 5px;'><strong>Colores de la c\u00fapula:<\/strong> Azul<\/li>\n<li style='margin-bottom: 5px;'><strong>Colores de la c\u00fapula:<\/strong> Verde<\/li>\n<li style='margin-bottom: 5px;'><strong>Colores de la c\u00fapula:<\/strong> Rojo<\/li>\n<li style='margin-bottom: 5px;'><strong>Peso neto:<\/strong> 1.9 Kg<\/li>\n<li style='margin-bottom: 5px;'><strong>Peso del env\u00edo:<\/strong> 2 Kg<\/li>\n<li style='margin-bottom: 5px;'><strong>Altura:<\/strong> 235 mm<\/li>\n<li style='margin-bottom: 5px;'><strong>Di\u00e1metro:<\/strong> 140 mm<\/li>\n<\/ul><\/div>\n<\/p><\/div>\n<\/p><\/div>\n<p> <!-- Separador --> <\/p>\n<hr style='border: 0; border-top: 1px solid rgba(150&comma; 150&comma; 150&comma; 0.3); margin: 30px 0;'> <\/div>\n","protected":false},"excerpt":{"rendered":"<p>Luz de advertencia LED para ubicaci\u00f3nes peligrosas, montaje para superficies, 120\/240Vca, rojo<\/p>\n","protected":false},"featured_media":56227,"comment_status":"open","ping_status":"closed","template":"","meta":[],"product_brand":[],"product_cat":[1416],"product_tag":[552,1414,1417],"class_list":{"0":"post-56228","1":"product","2":"type-product","3":"status-publish","4":"has-post-thumbnail","6":"product_cat-luces-para-la-industria-y-edificios","7":"product_tag-federal-signal-industrial","8":"product_tag-luces-bocinas-para-la-industria-y-edificios","9":"product_tag-luces-para-la-industria-y-edificios","11":"first","12":"outofstock","13":"sale","14":"shipping-taxable","15":"purchasable","16":"product-type-simple"},"_links":{"self":[{"href":"https:\/\/soydeaqui.ddns.net\/pachuca\/index.php\/wp-json\/wp\/v2\/product\/56228","targetHints":{"allow":["GET"]}}],"collection":[{"href":"https:\/\/soydeaqui.ddns.net\/pachuca\/index.php\/wp-json\/wp\/v2\/product"}],"about":[{"href":"https:\/\/soydeaqui.ddns.net\/pachuca\/index.php\/wp-json\/wp\/v2\/types\/product"}],"replies":[{"embeddable":true,"href":"https:\/\/soydeaqui.ddns.net\/pachuca\/index.php\/wp-json\/wp\/v2\/comments?post=56228"}],"wp:featuredmedia":[{"embeddable":true,"href":"https:\/\/soydeaqui.ddns.net\/pachuca\/index.php\/wp-json\/wp\/v2\/media\/56227"}],"wp:attachment":[{"href":"https:\/\/soydeaqui.ddns.net\/pachuca\/index.php\/wp-json\/wp\/v2\/media?parent=56228"}],"wp:term":[{"taxonomy":"product_brand","embeddable":true,"href":"https:\/\/soydeaqui.ddns.net\/pachuca\/index.php\/wp-json\/wp\/v2\/product_brand?post=56228"},{"taxonomy":"product_cat","embeddable":true,"href":"https:\/\/soydeaqui.ddns.net\/pachuca\/index.php\/wp-json\/wp\/v2\/product_cat?post=56228"},{"taxonomy":"product_tag","embeddable":true,"href":"https:\/\/soydeaqui.ddns.net\/pachuca\/index.php\/wp-json\/wp\/v2\/product_tag?post=56228"}],"curies":[{"name":"wp","href":"https:\/\/api.w.org\/{rel}","templated":true}]}}