{"id":56220,"date":"2026-03-19T03:17:51","date_gmt":"2026-03-19T03:17:51","guid":{"rendered":"https:\/\/soydeaqui.ddns.net\/pachuca\/index.php\/producto\/controlador-de-sirena-electronica-uv-ultravoice\/"},"modified":"2026-03-19T03:17:52","modified_gmt":"2026-03-19T03:17:52","slug":"controlador-de-sirena-electronica-uv-ultravoice","status":"publish","type":"product","link":"https:\/\/soydeaqui.ddns.net\/pachuca\/index.php\/producto\/controlador-de-sirena-electronica-uv-ultravoice\/","title":{"rendered":"Controlador de sirena electr\u00f3nica UV UltraVoice\u00ae"},"content":{"rendered":"<div style='width: 100%; max-width: 1200px; margin: 0 auto; font-family: sans-serif; line-height: 1.6; color: inherit; background-color: transparent;'> <!-- Secci\u00f3n de caracter\u00edsticas --> <\/p>\n<div style='display: flex; flex-wrap: wrap; gap: 30px; margin-bottom: 30px;'>\n<div style='flex: 1 1 300px; min-width: 280px;'>\n<h3 style='font-size: 22px; border-bottom: 2px solid currentColor; padding-bottom: 5px; margin-top: 0; color: inherit; opacity: 0.8;'>CARACTER\u00cdSTICAS<\/h3>\n<ul style='padding-left: 20px; font-size: 15px; color: inherit;'>\n<li style='margin-bottom: 5px;'>7 se\u00f1ales de advertencia integradas<\/li>\n<li style='margin-bottom: 5px;'>Capaz de almacenar m\u00e1s de 4000 mensajes de voz\/tono&comma; 17 horas de audio disponible<\/li>\n<li style='margin-bottom: 5px;'>Decodifica digital de un solo tono&comma; de dos tonos&comma; DTMF y AFSK.<\/li>\n<li style='margin-bottom: 5px;'>Est\u00e1ndar de prueba silencioso<\/li>\n<li style='margin-bottom: 5px;'>Hasta 8 zonas de controlador<\/li>\n<li style='margin-bottom: 5px;'>Funciones de sirena apilables<\/li>\n<li style='margin-bottom: 5px;'>Capacidad de tono dual distinta<\/li>\n<li style='margin-bottom: 5px;'>Amplificadores modulados por ancho de pulso altamente eficientes<\/li>\n<li style='margin-bottom: 5px;'>Software de programaci\u00f3n basado en Windows\u00ae (opcional)<\/li>\n<\/ul><\/div>\n<\/p><\/div>\n<p> <!-- Descripci\u00f3n general --> <\/p>\n<div style='margin-bottom: 30px; font-size: 15px; color: inherit;'>\n<p>El controlador Federal Signal UltraVoice\u00ae combina el control del sistema basado en microprocesador con amplificadores altamente eficientes para ofrecer tonos optimizados y capacidad de voz para sirenas electr\u00f3nicas. El controlador UltraVoice puede generar y amplificar tonos de advertencia de frecuencia \u00fanica o doble y viene con siete se\u00f1ales de advertencia preestablecidas. Adem\u00e1s&comma; el controlador ha sido dise\u00f1ado espec\u00edficamente para reproducir capacidad de voz pregrabada o en vivo de alta calidad.<\/p>\n<p>El controlador incluye un gabinete NEMA 4X que alberga el m\u00f3dulo de control&comma; hasta ocho amplificadores de 400 vatios y un gabinete de bater\u00eda NEMA 3R. La unidad puede estar equipada con un m\u00f3dulo receptor programable enchufable&comma; que utiliza protocolos de activaci\u00f3n secuencial de dos tonos o DTMF. Se puede agregar una opci\u00f3n de voz digital conectando una \u00fanica tarjeta mini SD que puede almacenar m\u00e1s de 4000 mensajes de voz\/tonos.<\/p>\n<h4 style='font-size: 18px; margin-top: 25px; margin-bottom: 15px; color: inherit; opacity: 0.8;'>Sistema de estado bidireccional<\/h4>\n<p>El controlador UltraVoice tambi\u00e9n puede ser un sistema de comunicaci\u00f3n bidireccional. Un transceptor permite que la unidad informe el estado a un punto de control central utilizando DTMF o el protocolo del sistema de software Commander. Hay dos puertos transceptores disponibles para repetici\u00f3n de radio o cuando se utilizan m\u00faltiples frecuencias.<\/p>\n<p>La opci\u00f3n bidireccional proporciona informaci\u00f3n sobre las siguientes condiciones:<\/p>\n<ul style='padding-left: 20px; margin-top: 10px; margin-bottom: 30px; font-size: 15px; color: inherit;'>\n<li style='margin-bottom: 5px;'>Alimentaci\u00f3n de CA<\/li>\n<li style='margin-bottom: 5px;'>Voltaje de la bater\u00eda<\/li>\n<li style='margin-bottom: 5px;'>Operaci\u00f3n del cargador<\/li>\n<li style='margin-bottom: 5px;'>Corriente de activaci\u00f3n<\/li>\n<li style='margin-bottom: 5px;'>Tensi\u00f3n y corriente del amplificador<\/li>\n<li style='margin-bottom: 5px;'>Prueba silenciosa (altavoces y amplificadores)<\/li>\n<li style='margin-bottom: 5px;'>Se\u00f1al A<\/li>\n<li style='margin-bottom: 5px;'>Se\u00f1al B<\/li>\n<li style='margin-bottom: 5px;'>Modo de operaci\u00f3n<\/li>\n<li style='margin-bottom: 5px;'>Intrusi\u00f3n<\/li>\n<li style='margin-bottom: 5px;'>Activaci\u00f3n local<\/li>\n<li style='margin-bottom: 5px;'>Estado de la tarjeta SD<\/li>\n<\/ul><\/div>\n<p> <!-- Secci\u00f3n de especificaciones --> <\/p>\n<div style='display: flex; flex-wrap: wrap; gap: 20px; margin-bottom: 30px;'>\n<div style='flex: 1 1 250px; border: 1px solid rgba(150&comma; 150&comma; 150&comma; 0.4); border-radius: 8px; overflow: hidden; display: flex; flex-direction: column;'>\n<div style='padding: 15px; border-bottom: 1px solid rgba(150&comma; 150&comma; 150&comma; 0.2); font-weight: bold; font-size: 18px; color: inherit;'>Especificaciones Generales<\/div>\n<div style='padding: 15px; color: inherit;'>\n<ul style='padding-left: 20px; margin: 0; font-size: 14px; list-style-type: disc;'>\n<li style='margin-bottom: 5px;'><strong>Temperatura de funcionamiento:<\/strong> -40\u00b0F a 149\u00b0F (-40\u00b0C a 65\u00b0C)<\/li>\n<li style='margin-bottom: 5px;'><strong>Voltaje de entrada:<\/strong> 120 o 240VAC +\/- 10%&comma; 50\/60 Hz Monof\u00e1sico (dos modelos separados)<\/li>\n<li style='margin-bottom: 5px;'><strong>Corriente de entrada:<\/strong> 7 A m\u00e1x.<\/li>\n<li style='margin-bottom: 5px;'><strong>Voltaje de entrada de la bater\u00eda:<\/strong> 24 voltios (nom.)<\/li>\n<li style='margin-bottom: 5px;'><strong>Tensi\u00f3n de funcionamiento:<\/strong> 24 VCC<\/li>\n<li style='margin-bottom: 5px;'><strong>Tiempo de espera:<\/strong> M\u00e1s de 7 d\u00edas<\/li>\n<\/ul><\/div>\n<\/p><\/div>\n<div style='flex: 1 1 250px; border: 1px solid rgba(150&comma; 150&comma; 150&comma; 0.4); border-radius: 8px; overflow: hidden; display: flex; flex-direction: column;'>\n<div style='padding: 15px; border-bottom: 1px solid rgba(150&comma; 150&comma; 150&comma; 0.2); font-weight: bold; font-size: 18px; color: inherit;'>Especificaciones de Audio<\/div>\n<div style='padding: 15px; color: inherit;'>\n<ul style='padding-left: 20px; margin: 0; font-size: 14px; list-style-type: disc;'>\n<li style='margin-bottom: 5px;'><strong>Duraci\u00f3n de la se\u00f1al (reinicio autom\u00e1tico):<\/strong> est\u00e1ndar de 3 minutos<\/li>\n<li style='margin-bottom: 5px;'><strong>Impedancia de entrada del micr\u00f3fono:<\/strong> 10K ohmios<\/li>\n<li style='margin-bottom: 5px;'><strong>Distorsi\u00f3n de audio:<\/strong> 1% THD m\u00e1x.<\/li>\n<li style='margin-bottom: 5px;'><strong>Cierre de contacto:<\/strong> (m\u00edn.) 500 ms < 2 k ohmios<\/li>\n<li style='margin-bottom: 5px;'><strong>Carga m\u00e1xima:<\/strong> 600 ohmios<\/li>\n<\/ul><\/div>\n<\/p><\/div>\n<div style='flex: 1 1 250px; border: 1px solid rgba(150&comma; 150&comma; 150&comma; 0.4); border-radius: 8px; overflow: hidden; display: flex; flex-direction: column;'>\n<div style='padding: 15px; border-bottom: 1px solid rgba(150&comma; 150&comma; 150&comma; 0.2); font-weight: bold; font-size: 18px; color: inherit;'>Especificaciones Mec\u00e1nicas<\/div>\n<div style='padding: 15px; color: inherit;'>\n<ul style='padding-left: 20px; margin: 0; font-size: 14px; list-style-type: disc;'>\n<li style='margin-bottom: 5px;'><strong>Impedancia de entrada:<\/strong> 100 ohmios<\/li>\n<li style='margin-bottom: 5px;'><strong>Respuesta de frecuencia:<\/strong> 300 a 3 kHz \u00b13dB (referencia 1kHz)<\/li>\n<li style='margin-bottom: 5px;'><strong>Voltaje de salida (tono y PA):<\/strong> 70 Vrms (nom.)<\/li>\n<li style='margin-bottom: 5px;'><strong>Cabina de control:<\/strong> Tipo 4X<\/li>\n<li style='margin-bottom: 5px;'><strong>Gabinete de bater\u00eda:<\/strong> Tipo 3R<\/li>\n<li style='margin-bottom: 5px;'><strong>Peso neto:<\/strong> 170 lb (77&comma;13 kg) (menos amplificadores)<\/li>\n<\/ul>\n<p style='font-size: 12px; margin-top: 15px; color: inherit; opacity: 0.8;'>** Se requiere la opci\u00f3n de calentador de bater\u00eda HTR2 o HTR4 para una clasificaci\u00f3n de -40 \u00b0C.<\/p>\n<\/p><\/div>\n<\/p><\/div>\n<\/p><\/div>\n<p> <!-- Separador --> <\/p>\n<hr style='border: 0; border-top: 1px solid rgba(150&comma; 150&comma; 150&comma; 0.3); margin: 30px 0;'> <\/div>\n","protected":false},"excerpt":{"rendered":"<p>Controlador de sirena electr\u00f3nica UV UltraVoice\u00ae<\/p>\n","protected":false},"featured_media":56219,"comment_status":"open","ping_status":"closed","template":"","meta":[],"product_brand":[],"product_cat":[1429],"product_tag":[1419,552,1414],"class_list":{"0":"post-56220","1":"product","2":"type-product","3":"status-publish","4":"has-post-thumbnail","6":"product_cat-controladores-luces-bocinas-para-la-industria-y-edificios","7":"product_tag-controladores","8":"product_tag-federal-signal-industrial","9":"product_tag-luces-bocinas-para-la-industria-y-edificios","11":"first","12":"outofstock","13":"sale","14":"shipping-taxable","15":"purchasable","16":"product-type-simple"},"_links":{"self":[{"href":"https:\/\/soydeaqui.ddns.net\/pachuca\/index.php\/wp-json\/wp\/v2\/product\/56220","targetHints":{"allow":["GET"]}}],"collection":[{"href":"https:\/\/soydeaqui.ddns.net\/pachuca\/index.php\/wp-json\/wp\/v2\/product"}],"about":[{"href":"https:\/\/soydeaqui.ddns.net\/pachuca\/index.php\/wp-json\/wp\/v2\/types\/product"}],"replies":[{"embeddable":true,"href":"https:\/\/soydeaqui.ddns.net\/pachuca\/index.php\/wp-json\/wp\/v2\/comments?post=56220"}],"wp:featuredmedia":[{"embeddable":true,"href":"https:\/\/soydeaqui.ddns.net\/pachuca\/index.php\/wp-json\/wp\/v2\/media\/56219"}],"wp:attachment":[{"href":"https:\/\/soydeaqui.ddns.net\/pachuca\/index.php\/wp-json\/wp\/v2\/media?parent=56220"}],"wp:term":[{"taxonomy":"product_brand","embeddable":true,"href":"https:\/\/soydeaqui.ddns.net\/pachuca\/index.php\/wp-json\/wp\/v2\/product_brand?post=56220"},{"taxonomy":"product_cat","embeddable":true,"href":"https:\/\/soydeaqui.ddns.net\/pachuca\/index.php\/wp-json\/wp\/v2\/product_cat?post=56220"},{"taxonomy":"product_tag","embeddable":true,"href":"https:\/\/soydeaqui.ddns.net\/pachuca\/index.php\/wp-json\/wp\/v2\/product_tag?post=56220"}],"curies":[{"name":"wp","href":"https:\/\/api.w.org\/{rel}","templated":true}]}}