{"id":56209,"date":"2026-03-19T03:17:33","date_gmt":"2026-03-19T03:17:33","guid":{"rendered":"https:\/\/soydeaqui.ddns.net\/pachuca\/index.php\/producto\/punto-de-activacion-de-hardware-local-ss2000-serie-c-para-sistemas-de-notificacion-masiva-4\/"},"modified":"2026-03-19T03:17:34","modified_gmt":"2026-03-19T03:17:34","slug":"punto-de-activacion-de-hardware-local-ss2000-serie-c-para-sistemas-de-notificacion-masiva-4","status":"publish","type":"product","link":"https:\/\/soydeaqui.ddns.net\/pachuca\/index.php\/producto\/punto-de-activacion-de-hardware-local-ss2000-serie-c-para-sistemas-de-notificacion-masiva-4\/","title":{"rendered":"Punto de activaci\u00f3n de hardware local SS2000+ Serie C para Sistemas de Notificaci\u00f3n Masiva"},"content":{"rendered":"<div style='width: 100%; max-width: 1200px; margin: 0 auto; font-family: sans-serif; line-height: 1.6; color: inherit; background-color: transparent;'>\n<div style='display: flex; flex-wrap: wrap; gap: 30px; margin-bottom: 30px;'>\n<div style='flex: 1 1 300px; min-width: 280px;'>\n<h3 style='font-size: 22px; border-bottom: 2px solid currentColor; padding-bottom: 5px; margin-top: 0; color: inherit; opacity: 0.8;'>Caracter\u00edsticas principales<\/h3>\n<ul style='padding-left: 20px; font-size: 15px; color: inherit;'>\n<li style='margin-bottom: 5px;'><strong>24 teclas<\/strong> de acceso r\u00e1pido a funciones de comando con protecci\u00f3n de bloqueo de teclas<\/li>\n<li style='margin-bottom: 5px;'><strong>20 entradas<\/strong> de activaci\u00f3n remota<\/li>\n<li style='margin-bottom: 5px;'><strong>Interfaz<\/strong> de la consola de despacho v\u00eda URL<\/li>\n<li style='margin-bottom: 5px;'><strong>Puerto Ethernet<\/strong> para control sobre LAN entre empresas o dentro de la empresa<\/li>\n<li style='margin-bottom: 5px;'><strong>Interfaz del servicio web<\/strong> CommanderOne\u00ae para activaciones m\u00f3viles y de pol\u00edgonos<\/li>\n<li style='margin-bottom: 5px;'><strong>Interfaz de control industrial<\/strong> MODBUS TCP<\/li>\n<li style='margin-bottom: 5px;'><strong>Interfaz de micr\u00f3fono<\/strong> para Live PA<\/li>\n<li style='margin-bottom: 5px;'><strong>Fuente redundante<\/strong> de mando y control<\/li>\n<li style='margin-bottom: 5px;'><strong>Seguridad de acceso<\/strong> de usuarios con autenticaci\u00f3n impl\u00edcita<\/li>\n<li style='margin-bottom: 5px;'><strong>Actualizaci\u00f3n remota<\/strong> de firmware a trav\u00e9s de LAN<\/li>\n<li style='margin-bottom: 5px;'><strong>Funci\u00f3n de lista blanca<\/strong> de acceso a computadoras<\/li>\n<li style='margin-bottom: 5px;'><strong>Cifrado de datos<\/strong> SSL y AES<\/li>\n<li style='margin-bottom: 5px;'><strong>Compatible con radio<\/strong> bicolor EAS y DTMF&comma; codificaci\u00f3n AFSK<\/li>\n<li style='margin-bottom: 5px;'><strong>Tres salidas<\/strong> de rel\u00e9 configurables<\/li>\n<li style='margin-bottom: 5px;'><strong>Transmite archivos WAV<\/strong> desde Commander\u00ae PC<\/li>\n<li style='margin-bottom: 5px;'><strong>Altavoz monitor<\/strong> de comunicaci\u00f3n incorporado<\/li>\n<li style='margin-bottom: 5px;'><strong>Indicadores de nivel<\/strong> por radio simplifican los ajustes en el campo<\/li>\n<li style='margin-bottom: 5px;'><strong>Reloj en tiempo real<\/strong> con bater\u00eda<\/li>\n<li style='margin-bottom: 5px;'><strong>Pantalla LCD<\/strong> retroiluminada<\/li>\n<li style='margin-bottom: 5px;'><strong>Versiones de escritorio<\/strong> y de montaje en rack de 19&#8242; disponibles<\/li>\n<li style='margin-bottom: 5px;'><strong>Se ofrece en 120 y 240 VCA<\/strong>&comma; con versiones disponibles para la UE o el Reino Unido<\/li>\n<\/ul><\/div>\n<\/p><\/div>\n<div style='display: flex; flex-wrap: wrap; gap: 30px; margin-bottom: 30px;'>\n<div style='flex: 1 1 300px; min-width: 280px;'>\n<h3 style='font-size: 22px; border-bottom: 2px solid currentColor; padding-bottom: 5px; margin-top: 0; color: inherit; opacity: 0.8;'>Descripci\u00f3n general<\/h3>\n<p style='font-size: 15px; color: inherit;'>El controlador habilitado para web SS2000+ Serie C es la unidad de control independiente m\u00e1s avanzada de Federal Signal. El SS2000+ normalmente interact\u00faa con un sistema de radio anal\u00f3gico o digital para proporcionar activaci\u00f3n por radio de sirenas en todo un condado&comma; municipio&comma; campus o instalaci\u00f3n industrial.<\/p>\n<p style='font-size: 15px; color: inherit;'>El SS2000+ tiene 24 teclas de acceso r\u00e1pido a botones de activaci\u00f3n programables aseguradas con un interruptor de bloqueo de llave y 20 entradas de cierre de contactos para interactuar con sistemas de control remoto. Las teclas de acceso r\u00e1pido pueden proporcionar tipos espec\u00edficos de advertencias o activaciones de pruebas para notificar a los residentes&comma; empleados o estudiantes.<\/p>\n<p style='font-size: 15px; color: inherit;'>Ahora se puede acceder a las 24 teclas de acceso r\u00e1pido desde una variedad de interfaces mediante una nueva interfaz web. La nueva interfaz web puede proporcionar una redundancia mejorada que permite utilizar m\u00faltiples unidades SS2000+ como respaldo en l\u00ednea.<\/p>\n<p style='font-size: 15px; color: inherit;'>Las funciones de red avanzadas permiten que el SS2000+ se conecte al software de control y monitoreo de estado Commander\u00ae de Federal Signal. Adem\u00e1s&comma; el SS2000+ ahora puede conectarse directamente al servicio en la nube CommanderOne\u00ae de Federal Signal para obtener acceso web seguro a teclas de acceso r\u00e1pido&comma; mensajer\u00eda y activaci\u00f3n automatizada de eventos EAS de NOAA.<\/p>\n<\/p><\/div>\n<\/p><\/div>\n<div style='display: flex; flex-wrap: wrap; gap: 30px; margin-bottom: 30px;'>\n<div style='flex: 1 1 300px; min-width: 280px;'>\n<h3 style='font-size: 22px; border-bottom: 2px solid currentColor; padding-bottom: 5px; margin-top: 0; color: inherit; opacity: 0.8;'>Control web de sirenas<\/h3>\n<p style='font-size: 15px; color: inherit;'>El SS2000+ se puede utilizar como codificador para control de sirena unidireccional. Anteriormente&comma; el uso de un SS2000+ permit\u00eda la activaci\u00f3n solo desde las teclas de acceso r\u00e1pido del panel frontal&comma; las interfaces f\u00edsicas o desde una PC conectada. El SS2000+ ahora proporciona activaci\u00f3n de sirena desde eventos\/pol\u00edgonos EAS CommanderOne NOAA\u00ae&comma; desde una aplicaci\u00f3n m\u00f3vil o desde un navegador web a trav\u00e9s de Internet.<\/p>\n<p> <img style='width: 100%; height: auto; border: 1px solid rgba(150&comma;150&comma;150&comma;0.3); border-radius: 8px;' src='https:\/\/www.fedsig.com\/sites\/default\/files\/products\/Web%20Enable%20Radio%20Controlled%20Sirens.jpg' alt='Web habilitar sirenas controladas por radio'> <\/div>\n<div style='flex: 1 1 300px; min-width: 280px;'>\n<h3 style='font-size: 22px; border-bottom: 2px solid currentColor; padding-bottom: 5px; margin-top: 0; color: inherit; opacity: 0.8;'>Libertad de PC<\/h3>\n<p style='font-size: 15px; color: inherit;'>Los sistemas de control de sirena t\u00edpicos dependen de servidores o PC dedicados para su activaci\u00f3n. Las PC pueden ser dif\u00edciles de mantener debido a las actualizaciones y problemas de seguridad. Ahora puede tener muchas de las funciones proporcionadas desde una PC sin la necesidad de tener una PC dedicada a activar su sistema de sirena. Adem\u00e1s&comma; las PC pueden ser un \u00fanico punto de falla dentro de su sistema de control de sirena. El SS2000+ ahora puede conectarse a nuestro sistema de control CommanderOne y eliminar la necesidad de una PC dedicada para el control de la sirena.<\/p>\n<p> <img style='width: 100%; height: auto; border: 1px solid rgba(150&comma;150&comma;150&comma;0.3); border-radius: 8px;' src='https:\/\/www.fedsig.com\/sites\/default\/files\/products\/PC%20Freedom%20.jpg' alt='Libertad de PC'> <\/div>\n<div style='flex: 1 1 300px; min-width: 280px;'>\n<h3 style='font-size: 22px; border-bottom: 2px solid currentColor; padding-bottom: 5px; margin-top: 0; color: inherit; opacity: 0.8;'>Acceso v\u00eda URL<\/h3>\n<p style='font-size: 15px; color: inherit;'>Las consolas de despacho ahora pueden acceder al SS2000+ desde un nuevo servidor web integrado que permite controlar y configurar el SS2000+ a trav\u00e9s de una LAN utilizando navegadores web est\u00e1ndar. Esta interfaz puede proporcionar a los usuarios dentro de una red empresarial segura acceder a las teclas de acceso r\u00e1pido SS2000+ desde navegadores web est\u00e1ndar (Chrome&comma; Edge o Firefox) en la red de \u00e1rea local de la empresa.<\/p>\n<p> <img style='width: 100%; height: auto; border: 1px solid rgba(150&comma;150&comma;150&comma;0.3); border-radius: 8px;' src='https:\/\/www.fedsig.com\/sites\/default\/files\/products\/ACCESS%20VIA%20URL%20.jpg' alt='Acceso a trav\u00e9s de URL'> <\/div>\n<div style='flex: 1 1 300px; min-width: 280px;'>\n<h3 style='font-size: 22px; border-bottom: 2px solid currentColor; padding-bottom: 5px; margin-top: 0; color: inherit; opacity: 0.8;'>Control MODBUS<\/h3>\n<p style='font-size: 15px; color: inherit;'>El SS2000+ tiene una interfaz MODBUS para interactuar f\u00e1cilmente con sistemas de control industrial. MODBUS TCP se utiliza para proporcionar activaciones en un SS2000+ para anuncios de advertencia espec\u00edficos en una planta industrial. Los usuarios pueden activar el sistema utilizando el SS2000+ o los sistemas de control industrial pueden activar las teclas de acceso r\u00e1pido.<\/p>\n<p> <img style='width: 100%; height: auto; border: 1px solid rgba(150&comma;150&comma;150&comma;0.3); border-radius: 8px;' src='https:\/\/www.fedsig.com\/sites\/default\/files\/products\/MODBUS%20Control%20%20.jpg' alt='Control MODBUS'> <\/div>\n<\/p><\/div>\n<div style='display: flex; flex-wrap: wrap; gap: 20px; margin-bottom: 30px;'>\n<div style='flex: 1 1 250px; border: 1px solid rgba(150&comma; 150&comma; 150&comma; 0.4); border-radius: 8px; overflow: hidden; display: flex; flex-direction: column;'>\n<div style='padding: 15px; border-bottom: 1px solid rgba(150&comma; 150&comma; 150&comma; 0.2); font-weight: bold; font-size: 18px; color: inherit;'>Temperatura de operaci\u00f3n<\/div>\n<div style='padding: 15px; color: inherit;'>\n<p style='margin: 0; font-size: 14px;'>32\u00baF a 140\u00baF (0\u00ba a 60\u00baC)<\/p>\n<\/p><\/div>\n<\/p><\/div>\n<div style='flex: 1 1 250px; border: 1px solid rgba(150&comma; 150&comma; 150&comma; 0.4); border-radius: 8px; overflow: hidden; display: flex; flex-direction: column;'>\n<div style='padding: 15px; border-bottom: 1px solid rgba(150&comma; 150&comma; 150&comma; 0.2); font-weight: bold; font-size: 18px; color: inherit;'>Alimentaci\u00f3n<\/div>\n<div style='padding: 15px; color: inherit;'>\n<ul style='padding-left: 20px; margin: 0; font-size: 14px; list-style-type: disc;'>\n<li style='margin-bottom: 5px;'><strong>Entrada de l\u00ednea:<\/strong> Fuente de alimentaci\u00f3n de transformador de pared 120\/240 VCA<\/li>\n<li style='margin-bottom: 5px;'><strong>Voltaje de entrada:<\/strong> 12-30 VCC (m\u00ednimo 12 VCC)<\/li>\n<li style='margin-bottom: 5px;'><strong>Corriente de entrada:<\/strong> 300 mA (en espera 700 mA m\u00e1x.)<\/li>\n<\/ul><\/div>\n<\/p><\/div>\n<div style='flex: 1 1 250px; border: 1px solid rgba(150&comma; 150&comma; 150&comma; 0.4); border-radius: 8px; overflow: hidden; display: flex; flex-direction: column;'>\n<div style='padding: 15px; border-bottom: 1px solid rgba(150&comma; 150&comma; 150&comma; 0.2); font-weight: bold; font-size: 18px; color: inherit;'>Conectividad<\/div>\n<div style='padding: 15px; color: inherit;'>\n<ul style='padding-left: 20px; margin: 0; font-size: 14px; list-style-type: disc;'>\n<li style='margin-bottom: 5px;'><strong>Ethernet:<\/strong> Puerto RJ-45&comma; TCP\/IP<\/li>\n<li style='margin-bottom: 5px;'><strong>Interfaz de control industrial:<\/strong> MODBUS TCP<\/li>\n<\/ul><\/div>\n<\/p><\/div>\n<div style='flex: 1 1 250px; border: 1px solid rgba(150&comma; 150&comma; 150&comma; 0.4); border-radius: 8px; overflow: hidden; display: flex; flex-direction: column;'>\n<div style='padding: 15px; border-bottom: 1px solid rgba(150&comma; 150&comma; 150&comma; 0.2); font-weight: bold; font-size: 18px; color: inherit;'>Caracter\u00edsticas de audio<\/div>\n<div style='padding: 15px; color: inherit;'>\n<ul style='padding-left: 20px; margin: 0; font-size: 14px; list-style-type: disc;'>\n<li style='margin-bottom: 5px;'><strong>Nivel de entrada:<\/strong> 10mV &#8211; 150mV por p\u00e1gina<\/li>\n<li style='margin-bottom: 5px;'><strong>Impedancia de entrada:<\/strong> 10k ohmios<\/li>\n<li style='margin-bottom: 5px;'><strong>Toma de entrada:<\/strong> XLR macho<\/li>\n<li style='margin-bottom: 5px;'><strong>Distorsi\u00f3n:<\/strong> <3&comma;0%<\/li>\n<li style='margin-bottom: 5px;'><strong>Fuerza:<\/strong> 1 vatio<\/li>\n<li style='margin-bottom: 5px;'><strong>Impedancia:<\/strong> 8 ohmios<\/li>\n<li style='margin-bottom: 5px;'><strong>Salida de audio:<\/strong> Equilibrado 600 ohmios<\/li>\n<li style='margin-bottom: 5px;'><strong>Entrada de audio:<\/strong> Equilibrado 600 ohmios<\/li>\n<\/ul><\/div>\n<\/p><\/div>\n<div style='flex: 1 1 250px; border: 1px solid rgba(150&comma; 150&comma; 150&comma; 0.4); border-radius: 8px; overflow: hidden; display: flex; flex-direction: column;'>\n<div style='padding: 15px; border-bottom: 1px solid rgba(150&comma; 150&comma; 150&comma; 0.2); font-weight: bold; font-size: 18px; color: inherit;'>Dimensiones<\/div>\n<div style='padding: 15px; color: inherit;'>\n<ul style='padding-left: 20px; margin: 0; font-size: 14px; list-style-type: disc;'>\n<li style='margin-bottom: 5px;'><strong>Montaje en escritorio:<\/strong> 3&comma;59&#8242; x 11&comma;59&#8242; x 9&comma;53&#8242; (91&comma;8 mm x 294&comma;4 mm x 242&comma;1 mm)<\/li>\n<li style='margin-bottom: 5px;'><strong>Montaje en bastidor 3U:<\/strong> 5&comma;19&#8242; x 19&#8242; x 10&comma;10&#8242; (131&comma;8 mm x 482&comma;6 mm x 256&comma;5 mm)<\/li>\n<\/ul><\/div>\n<\/p><\/div>\n<div style='flex: 1 1 250px; border: 1px solid rgba(150&comma; 150&comma; 150&comma; 0.4); border-radius: 8px; overflow: hidden; display: flex; flex-direction: column;'>\n<div style='padding: 15px; border-bottom: 1px solid rgba(150&comma; 150&comma; 150&comma; 0.2); font-weight: bold; font-size: 18px; color: inherit;'>Peso<\/div>\n<div style='padding: 15px; color: inherit;'>\n<ul style='padding-left: 20px; margin: 0; font-size: 14px; list-style-type: disc;'>\n<li style='margin-bottom: 5px;'><strong>Montaje en escritorio:<\/strong> 6 libras (3 kg)<\/li>\n<li style='margin-bottom: 5px;'><strong>Montaje en bastidor:<\/strong> 8 libras (4 kg)<\/li>\n<\/ul><\/div>\n<\/p><\/div>\n<div style='flex: 1 1 250px; border: 1px solid rgba(150&comma; 150&comma; 150&comma; 0.4); border-radius: 8px; overflow: hidden; display: flex; flex-direction: column;'>\n<div style='padding: 15px; border-bottom: 1px solid rgba(150&comma; 150&comma; 150&comma; 0.2); font-weight: bold; font-size: 18px; color: inherit;'>Salida de rel\u00e9<\/div>\n<div style='padding: 15px; color: inherit;'>\n<p style='margin: 0; font-size: 14px;'><strong>Salidas:<\/strong> Tres (3) salidas de rel\u00e9 configurables<\/p>\n<p style='margin: 0; font-size: 14px;'><strong>Capacidad:<\/strong> 2A a 30 VCC \/ 0&comma;5A a 120 VCA<\/p>\n<\/p><\/div>\n<\/p><\/div>\n<div style='flex: 1 1 250px; border: 1px solid rgba(150&comma; 150&comma; 150&comma; 0.4); border-radius: 8px; overflow: hidden; display: flex; flex-direction: column;'>\n<div style='padding: 15px; border-bottom: 1px solid rgba(150&comma; 150&comma; 150&comma; 0.2); font-weight: bold; font-size: 18px; color: inherit;'>Sensibilidad de decodificaci\u00f3n<\/div>\n<div style='padding: 15px; color: inherit;'>\n<p style='margin: 0; font-size: 14px;'>< 8-10 dBc S\/N o 12 dBc SINAD<\/p>\n<\/p><\/div>\n<\/p><\/div>\n<\/p><\/div>\n<\/p><\/div>\n","protected":false},"excerpt":{"rendered":"<p>Punto de activaci\u00f3n de hardware local SS2000+ Serie C para Sistemas de Notificaci\u00f3n Masiva<\/p>\n","protected":false},"featured_media":56208,"comment_status":"open","ping_status":"closed","template":"","meta":[],"product_brand":[],"product_cat":[1413],"product_tag":[1415,552,1414],"class_list":{"0":"post-56209","1":"product","2":"type-product","3":"status-publish","4":"has-post-thumbnail","6":"product_cat-bocinas-de-alerta-y-notificacion-masiva","7":"product_tag-bocinas-de-alerta-y-notificacion-masiva","8":"product_tag-federal-signal-industrial","9":"product_tag-luces-bocinas-para-la-industria-y-edificios","11":"first","12":"outofstock","13":"sale","14":"shipping-taxable","15":"purchasable","16":"product-type-simple"},"_links":{"self":[{"href":"https:\/\/soydeaqui.ddns.net\/pachuca\/index.php\/wp-json\/wp\/v2\/product\/56209","targetHints":{"allow":["GET"]}}],"collection":[{"href":"https:\/\/soydeaqui.ddns.net\/pachuca\/index.php\/wp-json\/wp\/v2\/product"}],"about":[{"href":"https:\/\/soydeaqui.ddns.net\/pachuca\/index.php\/wp-json\/wp\/v2\/types\/product"}],"replies":[{"embeddable":true,"href":"https:\/\/soydeaqui.ddns.net\/pachuca\/index.php\/wp-json\/wp\/v2\/comments?post=56209"}],"wp:featuredmedia":[{"embeddable":true,"href":"https:\/\/soydeaqui.ddns.net\/pachuca\/index.php\/wp-json\/wp\/v2\/media\/56208"}],"wp:attachment":[{"href":"https:\/\/soydeaqui.ddns.net\/pachuca\/index.php\/wp-json\/wp\/v2\/media?parent=56209"}],"wp:term":[{"taxonomy":"product_brand","embeddable":true,"href":"https:\/\/soydeaqui.ddns.net\/pachuca\/index.php\/wp-json\/wp\/v2\/product_brand?post=56209"},{"taxonomy":"product_cat","embeddable":true,"href":"https:\/\/soydeaqui.ddns.net\/pachuca\/index.php\/wp-json\/wp\/v2\/product_cat?post=56209"},{"taxonomy":"product_tag","embeddable":true,"href":"https:\/\/soydeaqui.ddns.net\/pachuca\/index.php\/wp-json\/wp\/v2\/product_tag?post=56209"}],"curies":[{"name":"wp","href":"https:\/\/api.w.org\/{rel}","templated":true}]}}