{"id":56205,"date":"2026-03-19T03:17:25","date_gmt":"2026-03-19T03:17:25","guid":{"rendered":"https:\/\/soydeaqui.ddns.net\/pachuca\/index.php\/producto\/luz-led-color-ambar-de-advertencia-con-patron-de-destello-flasheante-fijo-para-zonas-peligrosas-con-buzzer-incluido-a-105-db-de-24-vcd\/"},"modified":"2026-03-19T03:17:26","modified_gmt":"2026-03-19T03:17:26","slug":"luz-led-color-ambar-de-advertencia-con-patron-de-destello-flasheante-fijo-para-zonas-peligrosas-con-buzzer-incluido-a-105-db-de-24-vcd","status":"publish","type":"product","link":"https:\/\/soydeaqui.ddns.net\/pachuca\/index.php\/producto\/luz-led-color-ambar-de-advertencia-con-patron-de-destello-flasheante-fijo-para-zonas-peligrosas-con-buzzer-incluido-a-105-db-de-24-vcd\/","title":{"rendered":"Luz LED color \u00c1mbar de advertencia con patr\u00f3n de destello flasheante\/fijo para zonas peligrosas con buzzer incluido a 105 dB. de 24 VCD"},"content":{"rendered":"<div style='width: 100%; max-width: 1200px; margin: 0 auto; font-family: sans-serif; line-height: 1.6; color: inherit; background-color: transparent;'> <!-- Im\u00e1genes --> <\/p>\n<div style='display: flex; flex-wrap: wrap; justify-content: center; gap: 15px; margin-bottom: 30px;'> <img style='width: 100px; height: auto; border: 1px solid rgba(150&comma;150&comma;150&comma;0.3); border-radius: 8px;' src='http:\/\/ftp3.syscom.mx\/usuarios\/srodriguez\/QLIGHT\/SNESL_LOGO.png' alt='Logo'> <img style='width: 200px; height: auto; border: 1px solid rgba(150&comma;150&comma;150&comma;0.3); border-radius: 8px;' src='http:\/\/ftp3.syscom.mx\/usuarios\/srodriguez\/QLIGHT\/SNESL-ICONOS.png' alt='Iconos'> <\/div>\n<p> <!-- Descripci\u00f3n principal --> <\/p>\n<div style='margin-bottom: 30px; font-size: 15px;'>\n<p style='margin: 0 0 15px 0;'>La luz de se\u00f1al SNESL es un dispositivo a prueba de explosiones dise\u00f1ado para alertar en zonas peligrosas&comma; combinando una luz LED \u00e1mbar de alta intensidad con un buzzer de sirena de 105 dB. Su carcasa de aluminio y grado de protecci\u00f3n IP66 garantizan durabilidad en entornos exigentes&comma; mientras que la tecnolog\u00eda LED ofrece larga vida \u00fatil y bajo mantenimiento.<\/p>\n<p style='margin: 0 0 15px 0;'>El dispositivo incorpora un interruptor para seleccionar entre modo fijo o flasheante (60-80 flashes\/min)&comma; con buzzer configurable en 7 patrones de sonido. La carcasa incluye caja de terminales integrada y entrada de cable 1\/2\u2033 NPT.<\/p>\n<p style='margin: 0 0 15px 0;'>Nota: El buzzer incorporado permite seleccionar 7 patrones de sonido disponibles seg\u00fan requerimiento.<\/p>\n<p style='margin: 0 0 15px 0;'>Color est\u00e1ndar de carcasa: MUNSELL No. 7.5BG 7\/2. Materiales: Lente de vidrio templado&comma; lente interno de PC&comma; carcasa de aluminio&comma; jaula de protecci\u00f3n STS316L&comma; reflector ABS resistente al calor y soporte STS316L.<\/p>\n<\/p><\/div>\n<p> <!-- Secci\u00f3n de especificaciones --> <\/p>\n<div style='display: flex; flex-wrap: wrap; gap: 20px; margin-bottom: 30px;'>\n<div style='flex: 1 1 250px; border: 1px solid rgba(150&comma; 150&comma; 150&comma; 0.4); border-radius: 8px; overflow: hidden; display: flex; flex-direction: column;'>\n<div style='padding: 15px; border-bottom: 1px solid rgba(150&comma; 150&comma; 150&comma; 0.2); font-weight: bold; font-size: 18px; color: inherit;'>Certificaciones<\/div>\n<div style='padding: 15px; color: inherit;'>\n<ul style='padding-left: 20px; margin: 0; font-size: 14px; list-style-type: disc;'>\n<li style='margin-bottom: 5px;'>IECEx<\/li>\n<li style='margin-bottom: 5px;'>ATEX<\/li>\n<li style='margin-bottom: 5px;'>NEPSI<\/li>\n<li style='margin-bottom: 5px;'>KC<\/li>\n<li style='margin-bottom: 5px;'>CCS<\/li>\n<li style='margin-bottom: 5px;'>CCC<\/li>\n<\/ul><\/div>\n<\/p><\/div>\n<div style='flex: 1 1 250px; border: 1px solid rgba(150&comma; 150&comma; 150&comma; 0.4); border-radius: 8px; overflow: hidden; display: flex; flex-direction: column;'>\n<div style='padding: 15px; border-bottom: 1px solid rgba(150&comma; 150&comma; 150&comma; 0.2); font-weight: bold; font-size: 18px; color: inherit;'>Grado de Protecci\u00f3n<\/div>\n<div style='padding: 15px; color: inherit;'>\n<ul style='padding-left: 20px; margin: 0; font-size: 14px; list-style-type: disc;'>\n<li style='margin-bottom: 5px;'>IECEx: Ex db IIC T6 Gb<\/li>\n<li style='margin-bottom: 5px;'>IECEx con LED: Ex db op es IIC T6 Gb<\/li>\n<li style='margin-bottom: 5px;'>ATEX: II2G Ex db IIC T6 Gb<\/li>\n<li style='margin-bottom: 5px;'>ATEX con LED: Ex db op es IIC T6 Gb<\/li>\n<li style='margin-bottom: 5px;'>KC: Ex d IIB+H2 IP66 T6<\/li>\n<li style='margin-bottom: 5px;'>NEPSI<\/li>\n<li style='margin-bottom: 5px;'>CCC: Ex db IIC T6 Gb<\/li>\n<\/ul><\/div>\n<\/p><\/div>\n<div style='flex: 1 1 250px; border: 1px solid rgba(150&comma; 150&comma; 150&comma; 0.4); border-radius: 8px; overflow: hidden; display: flex; flex-direction: column;'>\n<div style='padding: 15px; border-bottom: 1px solid rgba(150&comma; 150&comma; 150&comma; 0.2); font-weight: bold; font-size: 18px; color: inherit;'>Temperatura de Operaci\u00f3n<\/div>\n<div style='padding: 15px; color: inherit;'>\n<ul style='padding-left: 20px; margin: 0; font-size: 14px; list-style-type: disc;'>\n<li style='margin-bottom: 5px;'>-40\u00b0C \u2264 Tamb \u2264 +55\u00b0C (KC)<\/li>\n<li style='margin-bottom: 5px;'>-40\u00b0C \u2264 Tamb \u2264 +60\u00b0C<\/li>\n<\/ul><\/div>\n<\/p><\/div>\n<\/p><\/div>\n<p> <!-- Separador --> <\/p>\n<hr style='border: 0; border-top: 1px solid rgba(150&comma; 150&comma; 150&comma; 0.3); margin: 30px 0;'> <\/div>\n","protected":false},"excerpt":{"rendered":"<p>Luz LED color \u00c1mbar de advertencia con patr\u00f3n de destello flasheante\/fijo para zonas peligrosas con buzzer incluido a 105 dB. de 24 VCD<\/p>\n","protected":false},"featured_media":56204,"comment_status":"open","ping_status":"closed","template":"","meta":[],"product_brand":[],"product_cat":[1416],"product_tag":[1414,1417,1468],"class_list":{"0":"post-56205","1":"product","2":"type-product","3":"status-publish","4":"has-post-thumbnail","6":"product_cat-luces-para-la-industria-y-edificios","7":"product_tag-luces-bocinas-para-la-industria-y-edificios","8":"product_tag-luces-para-la-industria-y-edificios","9":"product_tag-qlight","11":"first","12":"outofstock","13":"sale","14":"shipping-taxable","15":"purchasable","16":"product-type-simple"},"_links":{"self":[{"href":"https:\/\/soydeaqui.ddns.net\/pachuca\/index.php\/wp-json\/wp\/v2\/product\/56205","targetHints":{"allow":["GET"]}}],"collection":[{"href":"https:\/\/soydeaqui.ddns.net\/pachuca\/index.php\/wp-json\/wp\/v2\/product"}],"about":[{"href":"https:\/\/soydeaqui.ddns.net\/pachuca\/index.php\/wp-json\/wp\/v2\/types\/product"}],"replies":[{"embeddable":true,"href":"https:\/\/soydeaqui.ddns.net\/pachuca\/index.php\/wp-json\/wp\/v2\/comments?post=56205"}],"wp:featuredmedia":[{"embeddable":true,"href":"https:\/\/soydeaqui.ddns.net\/pachuca\/index.php\/wp-json\/wp\/v2\/media\/56204"}],"wp:attachment":[{"href":"https:\/\/soydeaqui.ddns.net\/pachuca\/index.php\/wp-json\/wp\/v2\/media?parent=56205"}],"wp:term":[{"taxonomy":"product_brand","embeddable":true,"href":"https:\/\/soydeaqui.ddns.net\/pachuca\/index.php\/wp-json\/wp\/v2\/product_brand?post=56205"},{"taxonomy":"product_cat","embeddable":true,"href":"https:\/\/soydeaqui.ddns.net\/pachuca\/index.php\/wp-json\/wp\/v2\/product_cat?post=56205"},{"taxonomy":"product_tag","embeddable":true,"href":"https:\/\/soydeaqui.ddns.net\/pachuca\/index.php\/wp-json\/wp\/v2\/product_tag?post=56205"}],"curies":[{"name":"wp","href":"https:\/\/api.w.org\/{rel}","templated":true}]}}