{"id":56201,"date":"2026-03-19T03:17:19","date_gmt":"2026-03-19T03:17:19","guid":{"rendered":"https:\/\/soydeaqui.ddns.net\/pachuca\/index.php\/producto\/luz-led-color-ambar-de-advertencia-con-patron-de-destello-flasheante-fijo-para-zonas-peligrosas-con-buzzer-incluido-a-105-db-de-120-vca\/"},"modified":"2026-03-19T03:17:20","modified_gmt":"2026-03-19T03:17:20","slug":"luz-led-color-ambar-de-advertencia-con-patron-de-destello-flasheante-fijo-para-zonas-peligrosas-con-buzzer-incluido-a-105-db-de-120-vca","status":"publish","type":"product","link":"https:\/\/soydeaqui.ddns.net\/pachuca\/index.php\/producto\/luz-led-color-ambar-de-advertencia-con-patron-de-destello-flasheante-fijo-para-zonas-peligrosas-con-buzzer-incluido-a-105-db-de-120-vca\/","title":{"rendered":"Luz LED color \u00c1mbar de advertencia con patr\u00f3n de destello flasheante\/fijo para zonas peligrosas con buzzer incluido a 105 dB. de 120 VCA"},"content":{"rendered":"<div style='width: 100%; max-width: 1200px; margin: 0 auto; font-family: sans-serif; line-height: 1.6; color: inherit; background-color: transparent;'> <!-- Im\u00e1genes alineadas al centro --> <\/p>\n<div style='display: flex; flex-direction: column; align-items: center; gap: 15px; margin-bottom: 30px;'> <img style='width: 100%; max-width: 100px; height: auto; border: 1px solid rgba(150&comma;150&comma;150&comma;0.3); border-radius: 8px;' src='http:\/\/ftp3.syscom.mx\/usuarios\/srodriguez\/QLIGHT\/SNESL_LOGO.png' alt=''> <img style='width: 100%; max-width: 200px; height: auto; border: 1px solid rgba(150&comma;150&comma;150&comma;0.3); border-radius: 8px;' src='http:\/\/ftp3.syscom.mx\/usuarios\/srodriguez\/QLIGHT\/SNESL-ICONOS.png' alt=''> <\/div>\n<p> <!-- Descripci\u00f3n principal --> <\/p>\n<div style='margin-bottom: 30px; font-size: 15px;'>\n<p style='margin-bottom: 15px;'>El modelo SNESL es una Luz de se\u00f1al ligera y compacta a prueba de explosiones apta para zonas peligrosas con un buzzer de sirena a 105 dB. El dise\u00f1o nos muestra una carcasa de aluminio proporciona una excelente durabilidad lo que permite que su estructura completamente cerrada cuente con grado de protecci\u00f3n IP66. La fuente de luz LED es de una alta intensidad y larga duraci\u00f3n que permite que sea adecuado para aplicaciones donde el reemplazo de bombillas es dif\u00edcil.<\/p>\n<p style='margin-bottom: 15px;'>El dise\u00f1o de la baliza cuenta con un interruptor incorporado para selecci\u00f3n de patr\u00f3n de destello permitiendo que sea fijo o flasheante con una velocidad de parpadeo: 60-80 flashes\/min. el modelo ya cuenta con carcasa integrada y caja de terminales&comma; el tipo de sonido y volumen del sonido: buzzer de sirena- M\u00e1x. 105dB a 1m\/ 7 sonidos de zumbador&comma; M\u00e1x. 95dB a 1m<\/p>\n<p style='margin-bottom: 15px;'>Nota: buzzer incorporado seleccionado por el usuario con 7 patrones de sonido disponibles a pedido<\/p>\n<p style='margin-bottom: 15px;'>Color est\u00e1ndar de la carcasa: MUNSELL No. 7.5BG 7\/2&comma; cuenta con entrada de cable: 1\/2\u2033 NPT&comma; los materiales de construcci\u00f3n son: Lente de vidrio templado&comma; Lente interna de PC&comma; carcasa de Al&comma; Jaula de protecci\u00f3n-STS316L&comma; Reflector-ABS&comma; Reflector-ABS resistente al calor&comma; Soporte-STS316L<\/p>\n<p style='margin-bottom: 15px;'>Ideal para zonas peligrosas cuenta con:<\/p>\n<\/p><\/div>\n<p> <!-- Secci\u00f3n de certificaciones --> <\/p>\n<div style='display: flex; flex-wrap: wrap; gap: 30px; margin-bottom: 30px;'>\n<div style='flex: 1 1 300px; min-width: 280px;'>\n<h3 style='font-size: 22px; border-bottom: 2px solid currentColor; padding-bottom: 5px; margin-top: 0; color: inherit; opacity: 0.8;'>Certificaciones<\/h3>\n<ul style='padding-left: 20px; font-size: 15px; color: inherit;'>\n<li style='margin-bottom: 5px;'><strong>IECEx:<\/strong> S\u00ed<\/li>\n<li style='margin-bottom: 5px;'><strong>ATEX:<\/strong> S\u00ed<\/li>\n<li style='margin-bottom: 5px;'><strong>NEPSI:<\/strong> S\u00ed<\/li>\n<li style='margin-bottom: 5px;'><strong>KC:<\/strong> S\u00ed<\/li>\n<li style='margin-bottom: 5px;'><strong>CCS:<\/strong> S\u00ed<\/li>\n<li style='margin-bottom: 5px;'><strong>CCC:<\/strong> S\u00ed<\/li>\n<\/ul><\/div>\n<p> <!-- Secci\u00f3n de grados de protecci\u00f3n --> <\/p>\n<div style='flex: 1 1 300px; min-width: 280px;'>\n<h3 style='font-size: 22px; border-bottom: 2px solid currentColor; padding-bottom: 5px; margin-top: 0; color: inherit; opacity: 0.8;'>Grados de protecci\u00f3n<\/h3>\n<ul style='padding-left: 20px; font-size: 15px; color: inherit;'>\n<li style='margin-bottom: 5px;'><strong>IECEx:<\/strong> Ex db IIC T6 Gb&comma; Ex db op es IIC T6 Gb (con LED)<\/li>\n<li style='margin-bottom: 5px;'><strong>ATEX:<\/strong> II2G Ex db IIC T6 Gb&comma; Ex db op es IIC T6 Gb (con LED)<\/li>\n<li style='margin-bottom: 5px;'><strong>KC:<\/strong> Ex d IIB+H2 IP66 T6<\/li>\n<li style='margin-bottom: 5px;'><strong>NEPSI:<\/strong> S\u00ed<\/li>\n<li style='margin-bottom: 5px;'><strong>CCC:<\/strong> Ex db IIC T6 Gb<\/li>\n<\/ul><\/div>\n<p> <!-- Secci\u00f3n de temperaturas --> <\/p>\n<div style='flex: 1 1 300px; min-width: 280px;'>\n<h3 style='font-size: 22px; border-bottom: 2px solid currentColor; padding-bottom: 5px; margin-top: 0; color: inherit; opacity: 0.8;'>Temperatura ambiente de funcionamiento<\/h3>\n<ul style='padding-left: 20px; font-size: 15px; color: inherit;'>\n<li style='margin-bottom: 5px;'><strong>-40\u00b0C \u2264 Tamb \u2264 +55\u00b0C<\/strong> (KC)<\/li>\n<li style='margin-bottom: 5px;'><strong>-40\u00b0C \u2264 Tamb \u2264 +60\u00b0C<\/strong><\/li>\n<\/ul><\/div>\n<p> <!-- Secci\u00f3n de especificaciones --> <\/p>\n<div style='flex: 1 1 300px; min-width: 280px;'>\n<h3 style='font-size: 22px; border-bottom: 2px solid currentColor; padding-bottom: 5px; margin-top: 0; color: inherit; opacity: 0.8;'>Especificaciones<\/h3>\n<ul style='padding-left: 20px; font-size: 15px; color: inherit;'>\n<li style='margin-bottom: 5px;'><strong>Grado de protecci\u00f3n:<\/strong> IP66<\/li>\n<li style='margin-bottom: 5px;'><strong>Tipo de luz:<\/strong> LED de alta intensidad<\/li>\n<li style='margin-bottom: 5px;'><strong>Color de la luz:<\/strong> \u00c1mbar<\/li>\n<li style='margin-bottom: 5px;'><strong>Velocidad de parpadeo:<\/strong> 60-80 flashes\/min<\/li>\n<li style='margin-bottom: 5px;'><strong>Tipo de sonido:<\/strong> Buzzer de sirena<\/li>\n<li style='margin-bottom: 5px;'><strong>Volumen m\u00e1ximo:<\/strong> 105dB a 1m<\/li>\n<li style='margin-bottom: 5px;'><strong>Entrada de cable:<\/strong> 1\/2\u2033 NPT<\/li>\n<\/ul><\/div>\n<\/p><\/div>\n<p> <!-- Secci\u00f3n de materiales de construcci\u00f3n --> <\/p>\n<div style='margin-bottom: 30px;'>\n<h3 style='font-size: 22px; border-bottom: 2px solid currentColor; padding-bottom: 5px; margin-top: 0; margin-bottom: 15px; color: inherit; opacity: 0.8;'>Materiales de construcci\u00f3n<\/h3>\n<ul style='padding-left: 20px; font-size: 15px; color: inherit;'>\n<li style='margin-bottom: 5px;'><strong>Lente:<\/strong> Vidrio templado<\/li>\n<li style='margin-bottom: 5px;'><strong>Lente interna:<\/strong> Policarbonato (PC)<\/li>\n<li style='margin-bottom: 5px;'><strong>Carcasa:<\/strong> Aluminio (Al)<\/li>\n<li style='margin-bottom: 5px;'><strong>Jaula de protecci\u00f3n:<\/strong> STS316L<\/li>\n<li style='margin-bottom: 5px;'><strong>Reflector:<\/strong> ABS resistente al calor<\/li>\n<li style='margin-bottom: 5px;'><strong>Soporte:<\/strong> STS316L<\/li>\n<\/ul><\/div>\n<\/p><\/div>\n","protected":false},"excerpt":{"rendered":"<p>Luz LED color \u00c1mbar de advertencia con patr\u00f3n de destello flasheante\/fijo para zonas peligrosas con buzzer incluido a 105 dB. de 120 VCA<\/p>\n","protected":false},"featured_media":56200,"comment_status":"open","ping_status":"closed","template":"","meta":[],"product_brand":[],"product_cat":[1416],"product_tag":[1414,1417,1468],"class_list":{"0":"post-56201","1":"product","2":"type-product","3":"status-publish","4":"has-post-thumbnail","6":"product_cat-luces-para-la-industria-y-edificios","7":"product_tag-luces-bocinas-para-la-industria-y-edificios","8":"product_tag-luces-para-la-industria-y-edificios","9":"product_tag-qlight","11":"first","12":"outofstock","13":"sale","14":"shipping-taxable","15":"purchasable","16":"product-type-simple"},"_links":{"self":[{"href":"https:\/\/soydeaqui.ddns.net\/pachuca\/index.php\/wp-json\/wp\/v2\/product\/56201","targetHints":{"allow":["GET"]}}],"collection":[{"href":"https:\/\/soydeaqui.ddns.net\/pachuca\/index.php\/wp-json\/wp\/v2\/product"}],"about":[{"href":"https:\/\/soydeaqui.ddns.net\/pachuca\/index.php\/wp-json\/wp\/v2\/types\/product"}],"replies":[{"embeddable":true,"href":"https:\/\/soydeaqui.ddns.net\/pachuca\/index.php\/wp-json\/wp\/v2\/comments?post=56201"}],"wp:featuredmedia":[{"embeddable":true,"href":"https:\/\/soydeaqui.ddns.net\/pachuca\/index.php\/wp-json\/wp\/v2\/media\/56200"}],"wp:attachment":[{"href":"https:\/\/soydeaqui.ddns.net\/pachuca\/index.php\/wp-json\/wp\/v2\/media?parent=56201"}],"wp:term":[{"taxonomy":"product_brand","embeddable":true,"href":"https:\/\/soydeaqui.ddns.net\/pachuca\/index.php\/wp-json\/wp\/v2\/product_brand?post=56201"},{"taxonomy":"product_cat","embeddable":true,"href":"https:\/\/soydeaqui.ddns.net\/pachuca\/index.php\/wp-json\/wp\/v2\/product_cat?post=56201"},{"taxonomy":"product_tag","embeddable":true,"href":"https:\/\/soydeaqui.ddns.net\/pachuca\/index.php\/wp-json\/wp\/v2\/product_tag?post=56201"}],"curies":[{"name":"wp","href":"https:\/\/api.w.org\/{rel}","templated":true}]}}