{"id":56195,"date":"2026-03-19T03:17:10","date_gmt":"2026-03-19T03:17:10","guid":{"rendered":"https:\/\/soydeaqui.ddns.net\/pachuca\/index.php\/producto\/baliza-con-luz-led-color-ambar-con-patron-de-destello-fijo-o-flasheante-ideal-para-zonas-y-areas-peligrosas-opera-en-un-rango-de-120-vca\/"},"modified":"2026-03-19T03:17:11","modified_gmt":"2026-03-19T03:17:11","slug":"baliza-con-luz-led-color-ambar-con-patron-de-destello-fijo-o-flasheante-ideal-para-zonas-y-areas-peligrosas-opera-en-un-rango-de-120-vca","status":"publish","type":"product","link":"https:\/\/soydeaqui.ddns.net\/pachuca\/index.php\/producto\/baliza-con-luz-led-color-ambar-con-patron-de-destello-fijo-o-flasheante-ideal-para-zonas-y-areas-peligrosas-opera-en-un-rango-de-120-vca\/","title":{"rendered":"Baliza con luz LED color \u00c1mbar con patr\u00f3n de destello fijo o flasheante, ideal para zonas y \u00e1reas peligrosas, opera en un rango de 120 VCA"},"content":{"rendered":"<div style='width: 100%; max-width: 1200px; margin: 0 auto; font-family: sans-serif; line-height: 1.6; color: inherit; background-color: transparent;'>\n<div style='display: flex; flex-wrap: wrap; justify-content: center; gap: 20px; margin-bottom: 30px;'> <img style='width: 100%; max-width: 150px; height: auto; border: 1px solid rgba(150&comma;150&comma;150&comma;0.3); border-radius: 8px;' src='http:\/\/ftp3.syscom.mx\/usuarios\/srodriguez\/QLIGHT\/SNESL_LOGO.png' alt=''> <img style='width: 100%; max-width: 250px; height: auto; border: 1px solid rgba(150&comma;150&comma;150&comma;0.3); border-radius: 8px;' src='http:\/\/ftp3.syscom.mx\/usuarios\/srodriguez\/QLIGHT\/SNESL-ICONOS.png' alt=''> <\/div>\n<div style='display: flex; flex-wrap: wrap; gap: 30px; margin-bottom: 30px;'>\n<div style='flex: 1 1 300px; min-width: 280px;'>\n<h3 style='font-size: 22px; border-bottom: 2px solid currentColor; padding-bottom: 5px; margin-top: 0; color: inherit; opacity: 0.8;'>Especificaciones<\/h3>\n<ul style='padding-left: 20px; font-size: 15px; color: inherit;'>\n<li style='margin-bottom: 5px;'>Peso ligero y dise\u00f1o compacto<\/li>\n<li style='margin-bottom: 5px;'>Fuente de luz LED de alta intensidad y larga duraci\u00f3n<\/li>\n<li style='margin-bottom: 5px;'>Carcasa de aluminio para una excelente durabilidad<\/li>\n<li style='margin-bottom: 5px;'>Estructura completamente cerrada con grado de protecci\u00f3n IP66<\/li>\n<li style='margin-bottom: 5px;'>Modelo con carcasa integrada y caja de terminales.<\/li>\n<li style='margin-bottom: 5px;'>Interruptor incorporado para selecci\u00f3n constante\/intermitente<\/li>\n<li style='margin-bottom: 5px;'>Velocidad de parpadeo: 60-80 destellos\/min<\/li>\n<li style='margin-bottom: 5px;'>Color est\u00e1ndar de la carcasa: MUNSELL No. 7.5BG 7\/2<\/li>\n<li style='margin-bottom: 5px;'>Entrada de cable: 1\/2\u2033 NPT<\/li>\n<li style='margin-bottom: 5px;'>Certificados: IECEx&comma; ATEX&comma; NEPSI&comma; KCs&comma; CCS&comma; CCC&comma; TIIS (Excepto 230 VCA)<\/li>\n<\/ul><\/div>\n<\/p><\/div>\n<div style='display: flex; flex-wrap: wrap; gap: 30px; margin-bottom: 30px;'>\n<div style='flex: 1 1 300px; min-width: 280px;'>\n<h3 style='font-size: 22px; border-bottom: 2px solid currentColor; padding-bottom: 5px; margin-top: 0; color: inherit; opacity: 0.8;'>Clasificaciones de protecci\u00f3n<\/h3>\n<ul style='padding-left: 20px; font-size: 15px; color: inherit;'>\n<li style='margin-bottom: 5px;'>IECEx: Ex db IIC T6 Gb&comma; Ex db op es IIC T6 Gb<\/li>\n<li style='margin-bottom: 5px;'>ATEX: II2G Ex db IIC T6 Gb&comma; Ex db op es IIC T6 Gb<\/li>\n<li style='margin-bottom: 5px;'>KC: Ex d IIC T6<\/li>\n<li style='margin-bottom: 5px;'>NEPSI&comma; CCC: Ex db IIC T6 Gb<\/li>\n<li style='margin-bottom: 5px;'>TIIS: IIC T6 Gb<\/li>\n<\/ul><\/div>\n<\/p><\/div>\n<div style='display: flex; flex-wrap: wrap; gap: 30px; margin-bottom: 30px;'>\n<div style='flex: 1 1 300px; min-width: 280px;'>\n<h3 style='font-size: 22px; border-bottom: 2px solid currentColor; padding-bottom: 5px; margin-top: 0; color: inherit; opacity: 0.8;'>Temperatura ambiente de funcionamiento<\/h3>\n<ul style='padding-left: 20px; font-size: 15px; color: inherit;'>\n<li style='margin-bottom: 5px;'>Rango normal: -40\u00b0C \u2264 Tamb \u2264 +60\u00b0C<\/li>\n<li style='margin-bottom: 5px;'>Rango TIIS: -20\u00b0C \u2264 Tamb \u2264 +55\u00b0C<\/li>\n<\/ul><\/div>\n<\/p><\/div>\n<div style='display: flex; flex-wrap: wrap; gap: 30px; margin-bottom: 30px;'>\n<div style='flex: 1 1 300px; min-width: 280px;'>\n<h3 style='font-size: 22px; border-bottom: 2px solid currentColor; padding-bottom: 5px; margin-top: 0; color: inherit; opacity: 0.8;'>Descripci\u00f3n del Producto<\/h3>\n<p style='font-size: 15px; color: inherit;'>Presentamos nuestra luz LED a prueba de explosiones de \u00faltima generaci\u00f3n&comma; meticulosamente dise\u00f1ada para cumplir con los est\u00e1ndares de seguridad industrial m\u00e1s exigentes y al mismo tiempo garantizar un rendimiento y confiabilidad incomparables. Dise\u00f1ada con precisi\u00f3n&comma; est\u00e1 dise\u00f1ada para soportar entornos hostiles&comma; lo que la convierte en la opci\u00f3n ideal para ubicaciones peligrosas donde la seguridad es primordial. Compacta pero potente&comma; esta baliza\/luz cuenta con una fuente de luz LED de alta intensidad y larga duraci\u00f3n&comma; que proporciona una visibilidad excepcional incluso en condiciones dif\u00edciles. Su carcasa de aluminio ofrece una durabilidad superior&comma; lo que garantiza a\u00f1os de servicio confiable en los entornos industriales m\u00e1s resistentes.<\/p>\n<p style='font-size: 15px; color: inherit;'>Con una estructura completamente cerrada que cuenta con un grado de protecci\u00f3n IP66&comma; es impermeable al polvo&comma; el agua y otros peligros ambientales&comma; lo que garantiza un funcionamiento ininterrumpido en cualquier situaci\u00f3n. El modelo integrado de carcasa y caja de terminales agiliza la instalaci\u00f3n&comma; reduciendo el tiempo de inactividad y los costos de mantenimiento. Equipado con un pr\u00e1ctico interruptor incorporado&comma; los usuarios pueden alternar f\u00e1cilmente entre los modos fijo y intermitente para adaptarse a requisitos espec\u00edficos. La velocidad de destellos de 60 a 80 destellos por minuto garantiza una se\u00f1alizaci\u00f3n clara e inequ\u00edvoca&comma; mejorando los protocolos de seguridad en el lugar de trabajo.<\/p>\n<p style='font-size: 15px; color: inherit;'>Dise\u00f1ada para brindar versatilidad&comma; esta baliza\/luz viene en el color est\u00e1ndar MUNSELL No. 7.5BG 7\/2&comma; lo que garantiza una visibilidad \u00f3ptima en cualquier entorno industrial. Su entrada de cable NPT de 1\/2\u2033 facilita una instalaci\u00f3n sin complicaciones&comma; ahorrando tiempo y esfuerzo. Respaldada por una amplia gama de certificaciones que incluyen IECEx&comma; ATEX&comma; NEPSI&comma; KCs&comma; CCS&comma; CCC y TIIS (excluyendo 220 VCA)&comma; cumple con los m\u00e1s altos est\u00e1ndares internacionales de seguridad y garant\u00eda de calidad. Ya sean plantas petroqu\u00edmicas&comma; plataformas marinas&comma; minas u otros entornos peligrosos&comma; conf\u00ede en nuestra baliza\/luz de se\u00f1al a prueba de explosiones para ofrecer rendimiento&comma; confiabilidad y tranquilidad sin concesiones.<\/p>\n<\/p><\/div>\n<\/p><\/div>\n<\/p><\/div>\n","protected":false},"excerpt":{"rendered":"<p>Baliza con luz LED color \u00c1mbar con patr\u00f3n de destello fijo o flasheante, ideal para zonas y \u00e1reas peligrosas, opera en un rango de 120 VCA<\/p>\n","protected":false},"featured_media":56194,"comment_status":"open","ping_status":"closed","template":"","meta":[],"product_brand":[],"product_cat":[1416],"product_tag":[1414,1417,1468],"class_list":{"0":"post-56195","1":"product","2":"type-product","3":"status-publish","4":"has-post-thumbnail","6":"product_cat-luces-para-la-industria-y-edificios","7":"product_tag-luces-bocinas-para-la-industria-y-edificios","8":"product_tag-luces-para-la-industria-y-edificios","9":"product_tag-qlight","11":"first","12":"outofstock","13":"sale","14":"shipping-taxable","15":"purchasable","16":"product-type-simple"},"_links":{"self":[{"href":"https:\/\/soydeaqui.ddns.net\/pachuca\/index.php\/wp-json\/wp\/v2\/product\/56195","targetHints":{"allow":["GET"]}}],"collection":[{"href":"https:\/\/soydeaqui.ddns.net\/pachuca\/index.php\/wp-json\/wp\/v2\/product"}],"about":[{"href":"https:\/\/soydeaqui.ddns.net\/pachuca\/index.php\/wp-json\/wp\/v2\/types\/product"}],"replies":[{"embeddable":true,"href":"https:\/\/soydeaqui.ddns.net\/pachuca\/index.php\/wp-json\/wp\/v2\/comments?post=56195"}],"wp:featuredmedia":[{"embeddable":true,"href":"https:\/\/soydeaqui.ddns.net\/pachuca\/index.php\/wp-json\/wp\/v2\/media\/56194"}],"wp:attachment":[{"href":"https:\/\/soydeaqui.ddns.net\/pachuca\/index.php\/wp-json\/wp\/v2\/media?parent=56195"}],"wp:term":[{"taxonomy":"product_brand","embeddable":true,"href":"https:\/\/soydeaqui.ddns.net\/pachuca\/index.php\/wp-json\/wp\/v2\/product_brand?post=56195"},{"taxonomy":"product_cat","embeddable":true,"href":"https:\/\/soydeaqui.ddns.net\/pachuca\/index.php\/wp-json\/wp\/v2\/product_cat?post=56195"},{"taxonomy":"product_tag","embeddable":true,"href":"https:\/\/soydeaqui.ddns.net\/pachuca\/index.php\/wp-json\/wp\/v2\/product_tag?post=56195"}],"curies":[{"name":"wp","href":"https:\/\/api.w.org\/{rel}","templated":true}]}}