{"id":56183,"date":"2026-03-19T03:16:44","date_gmt":"2026-03-19T03:16:44","guid":{"rendered":"https:\/\/soydeaqui.ddns.net\/pachuca\/index.php\/producto\/combinacion-de-baliza-led-color-ambar-con-patron-fijo-y-flasheante-con-sirena-electronica-max-118-db-para-zonas-peligrosas-a-24-vcd\/"},"modified":"2026-03-19T03:16:45","modified_gmt":"2026-03-19T03:16:45","slug":"combinacion-de-baliza-led-color-ambar-con-patron-fijo-y-flasheante-con-sirena-electronica-max-118-db-para-zonas-peligrosas-a-24-vcd","status":"publish","type":"product","link":"https:\/\/soydeaqui.ddns.net\/pachuca\/index.php\/producto\/combinacion-de-baliza-led-color-ambar-con-patron-fijo-y-flasheante-con-sirena-electronica-max-118-db-para-zonas-peligrosas-a-24-vcd\/","title":{"rendered":"Combinaci\u00f3n de baliza LED color \u00c1mbar con patr\u00f3n fijo y flasheante con sirena electr\u00f3nica, m\u00e1x. 118 dB para zonas peligrosas a 24 VCD"},"content":{"rendered":"<div style='width: 100%; max-width: 1200px; margin: 0 auto; font-family: sans-serif; line-height: 1.6; color: inherit; background-color: transparent;'>\n<div style='display: flex; flex-wrap: wrap; gap: 30px; margin-bottom: 30px;'>\n<div style='flex: 1 1 300px; min-width: 280px;'>\n<h3 style='font-size: 22px; border-bottom: 2px solid currentColor; padding-bottom: 5px; margin-top: 0; color: inherit; opacity: 0.8;'>Descripci\u00f3n general<\/h3>\n<div style='font-size: 15px; color: inherit;'>\n<p style='text-align: center;'><strong>Combinaci\u00f3n de baliza LED con opci\u00f3n fija e intermitente con sirena electr\u00f3nica&comma; m\u00e1x. 118 dB<\/strong><\/p>\n<p>La baliza de se\u00f1al\/luz y sirena electr\u00f3nica a prueba de explosiones de gran tama\u00f1o cuenta con una variedad de fuentes de luz y selecciones de sonido para satisfacer las necesidades de sus aplicaciones sofisticadas. Esta compuesta por una carcasa de aluminio lo que proporciona una excelente durabilidad&comma; su estructura completamente cerrada cuenta con un grado de protecci\u00f3n IP66. La parte de la luz LED cuenta con una larga vida \u00fatil del producto con la aplicaci\u00f3n de una fuente de luz LED de alta intensidad&comma; adecuado para lugares donde el reemplazo de bombillas es inconveniente&comma; tiene un interruptor incorporado para selecci\u00f3n de patr\u00f3n de la luz LED de alta intensidad fijo\/flasheante con una velocidad de parpadeo: 60-80 flashes\/min. La parte de la sirena cuenta con un volumen de sonido: m\u00e1x. 118 dB a 1 m (volumen ajustable) cuenta con una entrada de cable: 1\/2\u2033 NPT.<\/p>\n<\/p><\/div>\n<\/p><\/div>\n<\/p><\/div>\n<div style='display: flex; flex-wrap: wrap; gap: 30px; margin-bottom: 30px;'>\n<div style='flex: 1 1 300px; min-width: 280px;'>\n<h3 style='font-size: 22px; border-bottom: 2px solid currentColor; padding-bottom: 5px; margin-top: 0; color: inherit; opacity: 0.8;'>Materiales<\/h3>\n<ul style='padding-left: 20px; font-size: 15px; color: inherit;'>\n<li>Lente de vidrio templado<\/li>\n<li>Filtro de PC<\/li>\n<li>Carcasa de Aluminio<\/li>\n<li>Jaula de protecci\u00f3n STS316L<\/li>\n<li>Reflector de ABS<\/li>\n<\/ul><\/div>\n<div style='flex: 1 1 300px; min-width: 280px;'>\n<h3 style='font-size: 22px; border-bottom: 2px solid currentColor; padding-bottom: 5px; margin-top: 0; color: inherit; opacity: 0.8;'>Certificaciones<\/h3>\n<ul style='padding-left: 20px; font-size: 15px; color: inherit;'>\n<li>IECEx<\/li>\n<li>ATEX<\/li>\n<li>NEPSI<\/li>\n<li>KC<\/li>\n<li>CCS<\/li>\n<li>CCC<\/li>\n<li>CCC(F)<\/li>\n<li>TS<\/li>\n<\/ul><\/div>\n<\/p><\/div>\n<div style='display: flex; flex-wrap: wrap; gap: 30px; margin-bottom: 30px;'>\n<div style='flex: 1 1 300px; min-width: 280px;'>\n<h3 style='font-size: 22px; border-bottom: 2px solid currentColor; padding-bottom: 5px; margin-top: 0; color: inherit; opacity: 0.8;'>Grado de protecci\u00f3n<\/h3>\n<ul style='padding-left: 20px; font-size: 15px; color: inherit;'>\n<li>IECEx &#8211; Ex db IIC T6 Gb<\/li>\n<li>ATEX &#8211; II2G Ex db IIC T6 Gb<\/li>\n<li>KC &#8211; Ex d IIB+H2 IP66 T6<\/li>\n<li>NEPSI&comma; CCC: Ex db IIC T6 Gb&comma; Ex tb III C T80\u00b0C Db<\/li>\n<li>TS &#8211; Ex db IIC T6 IP66 Gb<\/li>\n<\/ul><\/div>\n<div style='flex: 1 1 300px; min-width: 280px;'>\n<h3 style='font-size: 22px; border-bottom: 2px solid currentColor; padding-bottom: 5px; margin-top: 0; color: inherit; opacity: 0.8;'>Temperatura de operaci\u00f3n<\/h3>\n<ul style='padding-left: 20px; font-size: 15px; color: inherit;'>\n<li>-20\u00b0C \u2264 Tamb \u2264 +60\u00b0C (TS)<\/li>\n<li>-40\u00b0C \u2264 Tamb \u2264 +55\u00b0C (KC)<\/li>\n<li>-40\u00b0C \u2264 Tamb \u2264 +60\u00b0C<\/li>\n<\/ul><\/div>\n<\/p><\/div>\n<div style='display: flex; flex-wrap: wrap; gap: 30px; margin-bottom: 30px;'>\n<div style='flex: 1 1 300px; min-width: 280px;'>\n<h3 style='font-size: 22px; border-bottom: 2px solid currentColor; padding-bottom: 5px; margin-top: 0; color: inherit; opacity: 0.8;'>Opciones de voltaje<\/h3>\n<ul style='padding-left: 20px; font-size: 15px; color: inherit;'>\n<li>AC120V: AC110V-120V<\/li>\n<li>AC230V: AC220V-230V<\/li>\n<\/ul><\/div>\n<div style='flex: 1 1 300px; min-width: 280px;'>\n<h3 style='font-size: 22px; border-bottom: 2px solid currentColor; padding-bottom: 5px; margin-top: 0; color: inherit; opacity: 0.8;'>Caracter\u00edsticas adicionales<\/h3>\n<ul style='padding-left: 20px; font-size: 15px; color: inherit;'>\n<li>Patr\u00f3n de luz LED: fijo\/flasheante<\/li>\n<li>Velocidad de parpadeo: 60-80 flashes\/min<\/li>\n<li>Volumen ajustable: m\u00e1x. 118 dB a 1 m<\/li>\n<li>Grado de protecci\u00f3n: IP66<\/li>\n<li>Entrada de cable: 1\/2\u2033 NPT<\/li>\n<\/ul><\/div>\n<\/p><\/div>\n<div style='display: flex; flex-wrap: wrap; gap: 30px; margin-bottom: 30px;'>\n<div style='flex: 1 1 300px; min-width: 280px;'>\n<h3 style='font-size: 22px; border-bottom: 2px solid currentColor; padding-bottom: 5px; margin-top: 0; color: inherit; opacity: 0.8;'>Logotipos<\/h3>\n<div style='margin-bottom: 20px;'> <img style='width: 100%; height: auto; border: 1px solid rgba(150&comma;150&comma;150&comma;0.3); border-radius: 8px;' src='http:\/\/ftp3.syscom.mx\/usuarios\/srodriguez\/QLIGHT\/SESAL-LOGO.png' alt='Logo SESAL' \/> <\/div>\n<div> <img style='width: 100%; height: auto; border: 1px solid rgba(150&comma;150&comma;150&comma;0.3); border-radius: 8px;' src='http:\/\/ftp3.syscom.mx\/usuarios\/srodriguez\/QLIGHT\/SPNA-WS-LOGOS.png' alt='Logos adicionales' \/> <\/div>\n<\/p><\/div>\n<\/p><\/div>\n<\/p><\/div>\n","protected":false},"excerpt":{"rendered":"<p>Combinaci\u00f3n de baliza LED color \u00c1mbar con patr\u00f3n fijo y flasheante con sirena electr\u00f3nica, m\u00e1x. 118 dB para zonas peligrosas a 24 VCD<\/p>\n","protected":false},"featured_media":56182,"comment_status":"open","ping_status":"closed","template":"","meta":[],"product_brand":[],"product_cat":[1416],"product_tag":[1414,1417,1468],"class_list":{"0":"post-56183","1":"product","2":"type-product","3":"status-publish","4":"has-post-thumbnail","6":"product_cat-luces-para-la-industria-y-edificios","7":"product_tag-luces-bocinas-para-la-industria-y-edificios","8":"product_tag-luces-para-la-industria-y-edificios","9":"product_tag-qlight","11":"first","12":"outofstock","13":"sale","14":"shipping-taxable","15":"purchasable","16":"product-type-simple"},"_links":{"self":[{"href":"https:\/\/soydeaqui.ddns.net\/pachuca\/index.php\/wp-json\/wp\/v2\/product\/56183","targetHints":{"allow":["GET"]}}],"collection":[{"href":"https:\/\/soydeaqui.ddns.net\/pachuca\/index.php\/wp-json\/wp\/v2\/product"}],"about":[{"href":"https:\/\/soydeaqui.ddns.net\/pachuca\/index.php\/wp-json\/wp\/v2\/types\/product"}],"replies":[{"embeddable":true,"href":"https:\/\/soydeaqui.ddns.net\/pachuca\/index.php\/wp-json\/wp\/v2\/comments?post=56183"}],"wp:featuredmedia":[{"embeddable":true,"href":"https:\/\/soydeaqui.ddns.net\/pachuca\/index.php\/wp-json\/wp\/v2\/media\/56182"}],"wp:attachment":[{"href":"https:\/\/soydeaqui.ddns.net\/pachuca\/index.php\/wp-json\/wp\/v2\/media?parent=56183"}],"wp:term":[{"taxonomy":"product_brand","embeddable":true,"href":"https:\/\/soydeaqui.ddns.net\/pachuca\/index.php\/wp-json\/wp\/v2\/product_brand?post=56183"},{"taxonomy":"product_cat","embeddable":true,"href":"https:\/\/soydeaqui.ddns.net\/pachuca\/index.php\/wp-json\/wp\/v2\/product_cat?post=56183"},{"taxonomy":"product_tag","embeddable":true,"href":"https:\/\/soydeaqui.ddns.net\/pachuca\/index.php\/wp-json\/wp\/v2\/product_tag?post=56183"}],"curies":[{"name":"wp","href":"https:\/\/api.w.org\/{rel}","templated":true}]}}