{"id":56181,"date":"2026-03-19T03:16:41","date_gmt":"2026-03-19T03:16:41","guid":{"rendered":"https:\/\/soydeaqui.ddns.net\/pachuca\/index.php\/producto\/combinacion-de-baliza-led-color-rojo-con-patron-fijo-y-flasheante-con-sirena-electronica-max-120-db-para-zonas-peligrosas-a-120-vca\/"},"modified":"2026-03-19T03:16:42","modified_gmt":"2026-03-19T03:16:42","slug":"combinacion-de-baliza-led-color-rojo-con-patron-fijo-y-flasheante-con-sirena-electronica-max-120-db-para-zonas-peligrosas-a-120-vca","status":"publish","type":"product","link":"https:\/\/soydeaqui.ddns.net\/pachuca\/index.php\/producto\/combinacion-de-baliza-led-color-rojo-con-patron-fijo-y-flasheante-con-sirena-electronica-max-120-db-para-zonas-peligrosas-a-120-vca\/","title":{"rendered":"Combinaci\u00f3n de baliza LED color Rojo con patr\u00f3n fijo y flasheante con sirena electr\u00f3nica, m\u00e1x. 120 dB para zonas peligrosas a 120 VCA"},"content":{"rendered":"<div style='width: 100%; max-width: 1200px; margin: 0 auto; font-family: sans-serif; line-height: 1.6; color: inherit; background-color: transparent;'>\n<div style='display: flex; flex-direction: column; align-items: center; margin-bottom: 30px;'> <img style='width: 100%; max-width: 150px; height: auto; border: 1px solid rgba(150&comma;150&comma;150&comma;0.3); border-radius: 8px; margin-bottom: 15px;' src='http:\/\/ftp3.syscom.mx\/usuarios\/srodriguez\/QLIGHT\/SESAL-LOGO.png' alt=''> <img style='width: 100%; max-width: 500px; height: auto; border: 1px solid rgba(150&comma;150&comma;150&comma;0.3); border-radius: 8px;' src='http:\/\/ftp3.syscom.mx\/usuarios\/srodriguez\/QLIGHT\/SPNA-WS-LOGOS.png' alt=''> <\/div>\n<div style='margin-bottom: 30px;'>\n<h3 style='font-size: 22px; border-bottom: 2px solid currentColor; padding-bottom: 5px; margin-top: 0; color: inherit; opacity: 0.8; text-align: center;'>Combinaci\u00f3n de baliza LED con opci\u00f3n fija e intermitente con sirena electr\u00f3nica&comma; m\u00e1x. 118 dB<\/h3>\n<\/p><\/div>\n<div style='display: flex; flex-wrap: wrap; gap: 30px; margin-bottom: 30px;'>\n<div style='flex: 1 1 300px; min-width: 280px;'>\n<h3 style='font-size: 18px; border-bottom: 2px solid currentColor; padding-bottom: 5px; margin-top: 0; color: inherit; opacity: 0.8;'>Caracter\u00edsticas del producto<\/h3>\n<p style='font-size: 15px; color: inherit; margin-bottom: 15px;'>La baliza de se\u00f1al\/luz y sirena electr\u00f3nica a prueba de explosiones de gran tama\u00f1o cuenta con una variedad de fuentes de luz y selecciones de sonido para satisfacer las necesidades de sus aplicaciones sofisticadas. Esta compuesta por una carcasa de aluminio lo que proporciona una excelente durabilidad&comma; su estructura completamente cerrada cuenta con un grado de protecci\u00f3n IP66. La parte de la luz LED cuenta con una larga vida \u00fatil del producto con la aplicaci\u00f3n de una fuente de luz LED de alta intensidad&comma; adecuado para lugares donde el reemplazo de bombillas es inconveniente&comma; tiene un interruptor incorporado para selecci\u00f3n de patr\u00f3n de la luz LED de alta intensidad fijo\/flasheante con una velocidad de parpadeo: 60-80 flashes\/min. La parte de la Sirena cuenta con un volumen de sonido: m\u00e1x. 118 dB a 1 m (volumen ajustable) cuenta con una entrada de cable: 1\/2\u2033 NPT.<\/p>\n<\/p><\/div>\n<\/p><\/div>\n<div style='display: flex; flex-wrap: wrap; gap: 20px; margin-bottom: 30px;'>\n<div style='flex: 1 1 250px; border: 1px solid rgba(150&comma; 150&comma; 150&comma; 0.4); border-radius: 8px; overflow: hidden; display: flex; flex-direction: column;'>\n<div style='padding: 15px; border-bottom: 1px solid rgba(150&comma; 150&comma; 150&comma; 0.2); font-weight: bold; font-size: 18px; color: inherit;'>Materiales<\/div>\n<div style='padding: 15px; color: inherit;'>\n<ul style='padding-left: 20px; margin: 0; font-size: 14px; list-style-type: disc;'>\n<li style='margin-bottom: 5px;'>Lente de vidrio templado<\/li>\n<li style='margin-bottom: 5px;'>Filtro de PC<\/li>\n<li style='margin-bottom: 5px;'>Carcasa de Aluminio<\/li>\n<li style='margin-bottom: 5px;'>Jaula de protecci\u00f3n STS316L<\/li>\n<li style='margin-bottom: 5px;'>Reflector de ABS<\/li>\n<\/ul><\/div>\n<\/p><\/div>\n<div style='flex: 1 1 250px; border: 1px solid rgba(150&comma; 150&comma; 150&comma; 0.4); border-radius: 8px; overflow: hidden; display: flex; flex-direction: column;'>\n<div style='padding: 15px; border-bottom: 1px solid rgba(150&comma; 150&comma; 150&comma; 0.2); font-weight: bold; font-size: 18px; color: inherit;'>Certificados<\/div>\n<div style='padding: 15px; color: inherit;'>\n<ul style='padding-left: 20px; margin: 0; font-size: 14px; list-style-type: disc;'>\n<li style='margin-bottom: 5px;'>IECEx<\/li>\n<li style='margin-bottom: 5px;'>ATEX<\/li>\n<li style='margin-bottom: 5px;'>NEPSI<\/li>\n<li style='margin-bottom: 5px;'>KC<\/li>\n<li style='margin-bottom: 5px;'>CCS<\/li>\n<li style='margin-bottom: 5px;'>CCC<\/li>\n<li style='margin-bottom: 5px;'>CCC(F)<\/li>\n<li style='margin-bottom: 5px;'>TS<\/li>\n<\/ul><\/div>\n<\/p><\/div>\n<div style='flex: 1 1 250px; border: 1px solid rgba(150&comma; 150&comma; 150&comma; 0.4); border-radius: 8px; overflow: hidden; display: flex; flex-direction: column;'>\n<div style='padding: 15px; border-bottom: 1px solid rgba(150&comma; 150&comma; 150&comma; 0.2); font-weight: bold; font-size: 18px; color: inherit;'>Grado de protecci\u00f3n<\/div>\n<div style='padding: 15px; color: inherit;'>\n<ul style='padding-left: 20px; margin: 0; font-size: 14px; list-style-type: disc;'>\n<li style='margin-bottom: 5px;'>IECEx &#8211; Ex db IIC T6 Gb<\/li>\n<li style='margin-bottom: 5px;'>ATEX &#8211; II2G Ex db IIC T6 Gb<\/li>\n<li style='margin-bottom: 5px;'>KC &#8211; Ex d IIB+H2 IP66 T6<\/li>\n<li style='margin-bottom: 5px;'>NEPSI&comma; CCC: Ex db IIC T6 Gb&comma; Ex tb \u00e2\u2026\u00a2C T80\u00e2\u201e\u0192 Db<\/li>\n<li style='margin-bottom: 5px;'>TS &#8211; Ex db IIC T6 IP66 Gb<\/li>\n<\/ul><\/div>\n<\/p><\/div>\n<div style='flex: 1 1 250px; border: 1px solid rgba(150&comma; 150&comma; 150&comma; 0.4); border-radius: 8px; overflow: hidden; display: flex; flex-direction: column;'>\n<div style='padding: 15px; border-bottom: 1px solid rgba(150&comma; 150&comma; 150&comma; 0.2); font-weight: bold; font-size: 18px; color: inherit;'>Temperatura ambiente de funcionamiento<\/div>\n<div style='padding: 15px; color: inherit;'>\n<ul style='padding-left: 20px; margin: 0; font-size: 14px; list-style-type: disc;'>\n<li style='margin-bottom: 5px;'>-20\u00b0C \u2264 Tamb \u2264 +60\u00b0C(TS)<\/li>\n<li style='margin-bottom: 5px;'>-40\u00b0C \u2264 Tamb \u2264 +55\u00b0C(KC)<\/li>\n<li style='margin-bottom: 5px;'>-40\u00b0C \u2264 Tamb \u2264 +60\u00b0C<\/li>\n<\/ul><\/div>\n<\/p><\/div>\n<div style='flex: 1 1 250px; border: 1px solid rgba(150&comma; 150&comma; 150&comma; 0.4); border-radius: 8px; overflow: hidden; display: flex; flex-direction: column;'>\n<div style='padding: 15px; border-bottom: 1px solid rgba(150&comma; 150&comma; 150&comma; 0.2); font-weight: bold; font-size: 18px; color: inherit;'>Opciones de voltaje<\/div>\n<div style='padding: 15px; color: inherit;'>\n<ul style='padding-left: 20px; margin: 0; font-size: 14px; list-style-type: disc;'>\n<li style='margin-bottom: 5px;'>AC120V: AC110V-120V<\/li>\n<li style='margin-bottom: 5px;'>AC230V: AC220V-230V<\/li>\n<\/ul><\/div>\n<\/p><\/div>\n<\/p><\/div>\n<hr style='border: 0; border-top: 1px solid rgba(150&comma; 150&comma; 150&comma; 0.3); margin: 30px 0;'> <\/div>\n","protected":false},"excerpt":{"rendered":"<p>Combinaci\u00f3n de baliza LED color Rojo con patr\u00f3n fijo y flasheante con sirena electr\u00f3nica, m\u00e1x. 120 dB para zonas peligrosas a 120 VCA<\/p>\n","protected":false},"featured_media":56180,"comment_status":"open","ping_status":"closed","template":"","meta":[],"product_brand":[],"product_cat":[1416],"product_tag":[1414,1417,1468],"class_list":{"0":"post-56181","1":"product","2":"type-product","3":"status-publish","4":"has-post-thumbnail","6":"product_cat-luces-para-la-industria-y-edificios","7":"product_tag-luces-bocinas-para-la-industria-y-edificios","8":"product_tag-luces-para-la-industria-y-edificios","9":"product_tag-qlight","11":"first","12":"outofstock","13":"sale","14":"shipping-taxable","15":"purchasable","16":"product-type-simple"},"_links":{"self":[{"href":"https:\/\/soydeaqui.ddns.net\/pachuca\/index.php\/wp-json\/wp\/v2\/product\/56181","targetHints":{"allow":["GET"]}}],"collection":[{"href":"https:\/\/soydeaqui.ddns.net\/pachuca\/index.php\/wp-json\/wp\/v2\/product"}],"about":[{"href":"https:\/\/soydeaqui.ddns.net\/pachuca\/index.php\/wp-json\/wp\/v2\/types\/product"}],"replies":[{"embeddable":true,"href":"https:\/\/soydeaqui.ddns.net\/pachuca\/index.php\/wp-json\/wp\/v2\/comments?post=56181"}],"wp:featuredmedia":[{"embeddable":true,"href":"https:\/\/soydeaqui.ddns.net\/pachuca\/index.php\/wp-json\/wp\/v2\/media\/56180"}],"wp:attachment":[{"href":"https:\/\/soydeaqui.ddns.net\/pachuca\/index.php\/wp-json\/wp\/v2\/media?parent=56181"}],"wp:term":[{"taxonomy":"product_brand","embeddable":true,"href":"https:\/\/soydeaqui.ddns.net\/pachuca\/index.php\/wp-json\/wp\/v2\/product_brand?post=56181"},{"taxonomy":"product_cat","embeddable":true,"href":"https:\/\/soydeaqui.ddns.net\/pachuca\/index.php\/wp-json\/wp\/v2\/product_cat?post=56181"},{"taxonomy":"product_tag","embeddable":true,"href":"https:\/\/soydeaqui.ddns.net\/pachuca\/index.php\/wp-json\/wp\/v2\/product_tag?post=56181"}],"curies":[{"name":"wp","href":"https:\/\/api.w.org\/{rel}","templated":true}]}}