{"id":56160,"date":"2026-03-19T03:15:51","date_gmt":"2026-03-19T03:15:51","guid":{"rendered":"https:\/\/soydeaqui.ddns.net\/pachuca\/index.php\/producto\/luz-auxiliar-de-3-led-ambar-sae-12-24-vcd-lente-transparente\/"},"modified":"2026-03-19T03:16:02","modified_gmt":"2026-03-19T03:16:02","slug":"luz-auxiliar-de-3-led-ambar-sae-12-24-vcd-lente-transparente","status":"publish","type":"product","link":"https:\/\/soydeaqui.ddns.net\/pachuca\/index.php\/producto\/luz-auxiliar-de-3-led-ambar-sae-12-24-vcd-lente-transparente\/","title":{"rendered":"Luz Auxiliar de 3 LED, Ambar, SAE, 12-24 Vcd, Lente transparente"},"content":{"rendered":"<div style='width: 100%; max-width: 1200px; margin: 0 auto; font-family: sans-serif; line-height: 1.6; color: inherit; background-color: transparent;'>\n<div style='display: flex; flex-wrap: wrap; gap: 30px; margin-bottom: 30px;'>\n<div style='flex: 1 1 300px; min-width: 280px;'>\n<h3 style='font-size: 22px; border-bottom: 2px solid currentColor; padding-bottom: 5px; margin-top: 0; color: inherit; opacity: 0.8;'>Funciones<\/h3>\n<ul style='padding-left: 20px; font-size: 15px; color: inherit;'>\n<li style='margin-bottom: 5px;'>Grosor s\u00faper delgado de 0&comma;35&#8242; (9 mm)<\/li>\n<li style='margin-bottom: 5px;'>Entrada multivoltaje 12~24 VCD<\/li>\n<li style='margin-bottom: 5px;'>12 patrones de destello seleccionables incorporados<\/li>\n<li style='margin-bottom: 5px;'>Piezas LED con capacidad para 100.000 horas de funcionamiento<\/li>\n<li style='margin-bottom: 5px;'>La memoria no vol\u00e1til recuerda el \u00faltimo patr\u00f3n de destello utilizado durante el encendido<\/li>\n<li style='margin-bottom: 5px;'>Sincronizaci\u00f3n de m\u00faltiples unidades en destello simult\u00e1neo o alterno<\/li>\n<li style='margin-bottom: 5px;'>Protecci\u00f3n contra inversi\u00f3n de polaridad<\/li>\n<li style='margin-bottom: 5px;'>Dise\u00f1o resistente a la intemperie y a las vibraciones para uso interno o externo<\/li>\n<li style='margin-bottom: 5px;'>Base de aluminio para disipaci\u00f3n del calor<\/li>\n<\/ul><\/div>\n<\/p><\/div>\n<div style='display: flex; flex-wrap: wrap; gap: 20px; margin-bottom: 30px;'>\n<div style='flex: 1 1 250px; border: 1px solid rgba(150&comma; 150&comma; 150&comma; 0.4); border-radius: 8px; overflow: hidden; display: flex; flex-direction: column;'>\n<div style='padding: 15px; border-bottom: 1px solid rgba(150&comma; 150&comma; 150&comma; 0.2); font-weight: bold; font-size: 18px; color: inherit;'>Caracter\u00edsticas t\u00e9cnicas<\/div>\n<div style='padding: 15px; color: inherit;'>\n<ul style='padding-left: 20px; margin: 0; font-size: 14px; list-style-type: disc;'>\n<li style='margin-bottom: 5px;'><strong>Cumplimiento:<\/strong> SAE J595 Clase 1 (R&comma;A&comma;B&comma;W)&comma; CA Titulo 13 Clase B (R&comma;B&comma;A)&comma; IPX8<\/li>\n<li style='margin-bottom: 5px;'><strong>Elementos LED:<\/strong> 3 LED de alta potencia<\/li>\n<li style='margin-bottom: 5px;'><strong>No. de patrones de destello:<\/strong> 12 patrones de destello<\/li>\n<li style='margin-bottom: 5px;'><strong>Voltaje de funcionamiento:<\/strong> 12~24VCD<\/li>\n<li style='margin-bottom: 5px;'><strong>Corriente media:<\/strong> 0&comma;3 A a 12 VCD\/0&comma;15 A a 24 VCD (var\u00eda seg\u00fan el patr\u00f3n de destello)<\/li>\n<li style='margin-bottom: 5px;'><strong>Corriente m\u00e1xima:<\/strong> 0&comma;59 A a 12 VCD\/0&comma;3 A a 24 VCD<\/li>\n<li style='margin-bottom: 5px;'><strong>Potencia media:<\/strong> 3&comma;55 Watts (var\u00eda seg\u00fan el patr\u00f3n de destello)<\/li>\n<li style='margin-bottom: 5px;'><strong>Potencia m\u00e1xima:<\/strong> 7&comma;1 Watts<\/li>\n<li style='margin-bottom: 5px;'><strong>Cables:<\/strong><\/li>\n<li style='margin-bottom: 5px;'><strong>Rojo &#8211;<\/strong> VCD: 26&comma;5 cm (20 AWG)<\/li>\n<li style='margin-bottom: 5px;'><strong>Negro &#8211;<\/strong> Tierra: 26&comma;5 cm (20 AWG)<\/li>\n<li style='margin-bottom: 5px;'><strong>Amarillo &#8211;<\/strong> Patrones de destello&comma; sincronizaci\u00f3n: 26&comma;5 cm (20 AWG)<\/li>\n<li style='margin-bottom: 5px;'><strong>Clasificaci\u00f3n del fusible:<\/strong> 1A<\/li>\n<li style='margin-bottom: 5px;'><strong>Sincronizaci\u00f3n:<\/strong> Hasta15 unidades<\/li>\n<li style='margin-bottom: 5px;'><strong>Opciones de color del LED:<\/strong> ROJO&comma; AZUL&comma; \u00c1MBAR&comma; BLANCO&comma; VERDE<\/li>\n<li style='margin-bottom: 5px;'><strong>Color de la lente:<\/strong> Claro<\/li>\n<li style='margin-bottom: 5px;'><strong>Temperatura de almacenamiento. (\u00b0C):<\/strong> -40\u00b0C a +75\u00b0C<\/li>\n<li style='margin-bottom: 5px;'><strong>Temperatura de trabajo. (\u00b0C):<\/strong> -30\u00b0C a +65\u00b0C<\/li>\n<li style='margin-bottom: 5px;'><strong>Garant\u00eda:<\/strong> 5 A\u00f1os<\/li>\n<\/ul><\/div>\n<\/p><\/div>\n<\/p><\/div>\n<hr style='border: 0; border-top: 1px solid rgba(150&comma; 150&comma; 150&comma; 0.3); margin: 30px 0;'> <\/div>\n","protected":false},"excerpt":{"rendered":"<p>Luz Auxiliar de 3 LED, Ambar, SAE, 12-24 Vcd, Lente transparente<\/p>\n","protected":false},"featured_media":56159,"comment_status":"open","ping_status":"closed","template":"","meta":[],"product_brand":[],"product_cat":[1372],"product_tag":[1371,1373,1461],"class_list":{"0":"post-56160","1":"product","2":"type-product","3":"status-publish","4":"has-post-thumbnail","6":"product_cat-rojo","7":"product_tag-luces-auxiliares-vehiculares","8":"product_tag-rojo","9":"product_tag-signalpro","11":"first","12":"instock","13":"sale","14":"shipping-taxable","15":"purchasable","16":"product-type-simple"},"_links":{"self":[{"href":"https:\/\/soydeaqui.ddns.net\/pachuca\/index.php\/wp-json\/wp\/v2\/product\/56160","targetHints":{"allow":["GET"]}}],"collection":[{"href":"https:\/\/soydeaqui.ddns.net\/pachuca\/index.php\/wp-json\/wp\/v2\/product"}],"about":[{"href":"https:\/\/soydeaqui.ddns.net\/pachuca\/index.php\/wp-json\/wp\/v2\/types\/product"}],"replies":[{"embeddable":true,"href":"https:\/\/soydeaqui.ddns.net\/pachuca\/index.php\/wp-json\/wp\/v2\/comments?post=56160"}],"wp:featuredmedia":[{"embeddable":true,"href":"https:\/\/soydeaqui.ddns.net\/pachuca\/index.php\/wp-json\/wp\/v2\/media\/56159"}],"wp:attachment":[{"href":"https:\/\/soydeaqui.ddns.net\/pachuca\/index.php\/wp-json\/wp\/v2\/media?parent=56160"}],"wp:term":[{"taxonomy":"product_brand","embeddable":true,"href":"https:\/\/soydeaqui.ddns.net\/pachuca\/index.php\/wp-json\/wp\/v2\/product_brand?post=56160"},{"taxonomy":"product_cat","embeddable":true,"href":"https:\/\/soydeaqui.ddns.net\/pachuca\/index.php\/wp-json\/wp\/v2\/product_cat?post=56160"},{"taxonomy":"product_tag","embeddable":true,"href":"https:\/\/soydeaqui.ddns.net\/pachuca\/index.php\/wp-json\/wp\/v2\/product_tag?post=56160"}],"curies":[{"name":"wp","href":"https:\/\/api.w.org\/{rel}","templated":true}]}}