{"id":5614,"date":"2026-03-18T06:33:30","date_gmt":"2026-03-18T06:33:30","guid":{"rendered":"https:\/\/soydeaqui.ddns.net\/pachuca\/index.php\/producto\/licencia-modulo-de-acceso-web-y-consulta-para-clientes-que-necesiten-consultar-trafico-generar-sus-reportes-de-eventos-de-sus-paneles-de-alarma\/"},"modified":"2026-03-18T06:33:30","modified_gmt":"2026-03-18T06:33:30","slug":"licencia-modulo-de-acceso-web-y-consulta-para-clientes-que-necesiten-consultar-trafico-generar-sus-reportes-de-eventos-de-sus-paneles-de-alarma","status":"publish","type":"product","link":"https:\/\/soydeaqui.ddns.net\/pachuca\/index.php\/producto\/licencia-modulo-de-acceso-web-y-consulta-para-clientes-que-necesiten-consultar-trafico-generar-sus-reportes-de-eventos-de-sus-paneles-de-alarma\/","title":{"rendered":"Licencia, M\u00f3dulo de Acceso Web y consulta para clientes que necesiten consultar trafico, generar sus reportes, de eventos de sus paneles de alarma."},"content":{"rendered":"<div style='width: 100%; max-width: 1200px; margin: 0 auto; font-family: sans-serif; line-height: 1.6; color: inherit; background-color: transparent;'>\n<div style='display: flex; flex-wrap: wrap; gap: 30px; margin-bottom: 30px;'>\n<div style='flex: 1 1 300px; min-width: 280px;'>\n<h3 style='font-size: 22px; border-bottom: 2px solid currentColor; padding-bottom: 5px; margin-top: 0; color: inherit; opacity: 0.8;'>Caracter\u00edsticas Principales<\/h3>\n<ul style='padding-left: 20px; font-size: 15px; color: inherit;'>\n<li style='margin-bottom: 5px;'>WAM &#8211; Web Access Module es una manera segura de generar ganancias para su Central de Monitoreo<\/li>\n<li style='margin-bottom: 5px;'>Acceso web a trav\u00e9s de la web mediante un navegador como Firefox o Chrome o directamente en su iPhone o tel\u00e9fono Android<\/li>\n<li style='margin-bottom: 5px;'>Sus clientes pueden obtener acceso a la informaci\u00f3n de eventos de alarma&comma; generar reportes&comma; verificar el estado armado\/desarmado con la central<\/li>\n<li style='margin-bottom: 5px;'>El Servidor Web WAM se instala en un servidor web dedicado enlazado a su Securithor v2<\/li>\n<li style='margin-bottom: 5px;'>Una conexi\u00f3n permanente entre Securithor y WAM asegura informaci\u00f3n actualizada con t\u00fanel VPN seguro<\/li>\n<\/ul><\/div>\n<\/p><\/div>\n<div style='display: flex; flex-wrap: wrap; gap: 30px; margin-bottom: 30px;'>\n<div style='flex: 1 1 300px; min-width: 280px;'>\n<h3 style='font-size: 22px; border-bottom: 2px solid currentColor; padding-bottom: 5px; margin-top: 0; color: inherit; opacity: 0.8;'>Casos de Uso<\/h3>\n<ul style='padding-left: 20px; font-size: 15px; color: inherit;'>\n<li style='margin-bottom: 5px;'>Proporcione acceso web a cada cliente de su central de monitoreo<\/li>\n<li style='margin-bottom: 5px;'>Genere un plus de servicio donde clientes generan y consultan sus reportes y \u00f3rdenes de servicio<\/li>\n<li style='margin-bottom: 5px;'>Acceso desde cualquier lugar con conexi\u00f3n a Internet<\/li>\n<\/ul><\/div>\n<div style='flex: 1 1 300px; min-width: 280px;'>\n<h3 style='font-size: 22px; border-bottom: 2px solid currentColor; padding-bottom: 5px; margin-top: 0; color: inherit; opacity: 0.8;'>Especificaciones<\/h3>\n<ul style='padding-left: 20px; font-size: 15px; color: inherit;'>\n<li style='margin-bottom: 5px;'><strong>Incluye:<\/strong> 1 a\u00f1o de anualidad<\/li>\n<li style='margin-bottom: 5px;'><strong>Capacidad:<\/strong> M\u00e1ximo 1500 cuentas<\/li>\n<li style='margin-bottom: 5px;'><strong>Compatibilidad:<\/strong> 3 versiones m\u00e1s recientes de Securithor v2 (2.3.1+)<\/li>\n<li style='margin-bottom: 5px;'><strong>Recomendaci\u00f3n:<\/strong> Poliza de soporte de MCDI<\/li>\n<li style='margin-bottom: 5px;'><strong>Requisito:<\/strong> Conexi\u00f3n permanente entre Securithor y WAM<\/li>\n<\/ul><\/div>\n<\/p><\/div>\n<div style='display: flex; flex-wrap: wrap; gap: 30px; margin-bottom: 30px;'>\n<div style='flex: 1 1 300px; min-width: 280px;'>\n<h3 style='font-size: 22px; border-bottom: 2px solid currentColor; padding-bottom: 5px; margin-top: 0; color: inherit; opacity: 0.8;'>Acceso y Soporte<\/h3>\n<ul style='padding-left: 20px; font-size: 15px; color: inherit;'>\n<li style='margin-bottom: 5px;'>Para uso posterior al primer a\u00f1o&comma; validar precio de hosting con ingenier\u00eda o MCDI<\/li>\n<li style='margin-bottom: 5px;'>Para m\u00e1s de 1500 cuentas&comma; consultar con departamento de ingenier\u00eda<\/li>\n<li style='margin-bottom: 5px;'>Poliza de soporte de MCDI recomendable (consultar con ingenier\u00eda de Syscom)<\/li>\n<\/ul><\/div>\n<\/p><\/div>\n<div style='display: flex; flex-wrap: wrap; gap: 30px; margin-bottom: 30px;'>\n<div style='flex: 1 1 300px; min-width: 280px;'>\n<h3 style='font-size: 22px; border-bottom: 2px solid currentColor; padding-bottom: 5px; margin-top: 0; color: inherit; opacity: 0.8;'>Recursos Adicionales<\/h3>\n<p style='margin: 15px 0;'><a style='display: inline-block; padding: 10px 20px; background-color: #007bff; color: white; text-decoration: none; border-radius: 4px;' href='https:\/\/www.syscom.mx\/singlepage\/security_software' target='_blank'>Ver Single Page<\/a><\/p>\n<p style='margin: 15px 0;'><strong>Acceso a plataforma:<\/strong><\/p>\n<p style='margin: 15px 0;'><a style='color: #007bff; text-decoration: underline;' href='http:\/\/syscom.securithor.org\/DWAM\/loginForm.php?language=esp&#038;user=admin' target='_blank'>Versi\u00f3n demo del m\u00f3dulo WAM<\/a><\/p>\n<\/p><\/div>\n<div style='flex: 1 1 500px; min-width: 300px;'>\n<div style='position: relative; padding-bottom: 56.25%; height: 0; overflow: hidden; margin-bottom: 30px;'>   <\/div>\n<\/p><\/div>\n<\/p><\/div>\n<div style='display: flex; flex-wrap: wrap; gap: 30px; margin-bottom: 30px;'>\n<div style='flex: 1 1 300px; min-width: 280px;'>\n<h3 style='font-size: 22px; border-bottom: 2px solid currentColor; padding-bottom: 5px; margin-top: 0; color: inherit; opacity: 0.8;'>Documentaci\u00f3n Visual<\/h3>\n<div style='margin: 15px 0;'> <img style='width: 100%; height: auto; border: 1px solid rgba(150&comma;150&comma;150&comma;0.3); border-radius: 8px;' src='http:\/\/ftp3.syscom.mx\/usuarios\/yhermosillo\/MCDI\/imagenes de conexion\/wam1.jpg' alt='Interfaz de acceso' \/> <\/div>\n<div style='margin: 15px 0;'> <img style='width: 100%; height: auto; border: 1px solid rgba(150&comma;150&comma;150&comma;0.3); border-radius: 8px;' src='http:\/\/ftp3.syscom.mx\/usuarios\/yhermosillo\/MCDI\/imagenes de conexion\/wam2.jpg' alt='Visualizaci\u00f3n de tr\u00e1fico' \/> <\/div>\n<div style='margin: 15px 0;'> <img style='width: 100%; height: auto; border: 1px solid rgba(150&comma;150&comma;150&comma;0.3); border-radius: 8px;' src='http:\/\/ftp3.syscom.mx\/usuarios\/yhermosillo\/MCDI\/imagenes de conexion\/wam3.jpg' alt='\u00d3rdenes de servicio' \/> <\/div>\n<div style='margin: 15px 0;'> <img style='width: 100%; height: auto; border: 1px solid rgba(150&comma;150&comma;150&comma;0.3); border-radius: 8px;' src='http:\/\/ftp3.syscom.mx\/usuarios\/yhermosillo\/MCDI\/imagenes de conexion\/wam4.jpg' alt='Generaci\u00f3n de reportes' \/> <\/div>\n<\/p><\/div>\n<\/p><\/div>\n<hr style='border: 0; border-top: 1px solid rgba(150&comma; 150&comma; 150&comma; 0.3); margin: 30px 0;'> <\/div>\n","protected":false},"excerpt":{"rendered":"<p>Licencia, M\u00f3dulo de Acceso Web y consulta para clientes que necesiten consultar trafico, generar sus reportes, de eventos de sus paneles de alarma.<\/p>\n","protected":false},"featured_media":5613,"comment_status":"open","ping_status":"closed","template":"","meta":[],"product_brand":[],"product_cat":[476],"product_tag":[40,165,164,477],"class_list":{"0":"post-5614","1":"product","2":"type-product","3":"status-publish","4":"has-post-thumbnail","6":"product_cat-softwares-de-administracion-mcdi","7":"product_tag-centrales-de-monitoreo","8":"product_tag-inc","9":"product_tag-mcdi-security-products","10":"product_tag-softwares-de-administracion-mcdi","12":"first","13":"outofstock","14":"sale","15":"shipping-taxable","16":"purchasable","17":"product-type-simple"},"_links":{"self":[{"href":"https:\/\/soydeaqui.ddns.net\/pachuca\/index.php\/wp-json\/wp\/v2\/product\/5614","targetHints":{"allow":["GET"]}}],"collection":[{"href":"https:\/\/soydeaqui.ddns.net\/pachuca\/index.php\/wp-json\/wp\/v2\/product"}],"about":[{"href":"https:\/\/soydeaqui.ddns.net\/pachuca\/index.php\/wp-json\/wp\/v2\/types\/product"}],"replies":[{"embeddable":true,"href":"https:\/\/soydeaqui.ddns.net\/pachuca\/index.php\/wp-json\/wp\/v2\/comments?post=5614"}],"wp:featuredmedia":[{"embeddable":true,"href":"https:\/\/soydeaqui.ddns.net\/pachuca\/index.php\/wp-json\/wp\/v2\/media\/5613"}],"wp:attachment":[{"href":"https:\/\/soydeaqui.ddns.net\/pachuca\/index.php\/wp-json\/wp\/v2\/media?parent=5614"}],"wp:term":[{"taxonomy":"product_brand","embeddable":true,"href":"https:\/\/soydeaqui.ddns.net\/pachuca\/index.php\/wp-json\/wp\/v2\/product_brand?post=5614"},{"taxonomy":"product_cat","embeddable":true,"href":"https:\/\/soydeaqui.ddns.net\/pachuca\/index.php\/wp-json\/wp\/v2\/product_cat?post=5614"},{"taxonomy":"product_tag","embeddable":true,"href":"https:\/\/soydeaqui.ddns.net\/pachuca\/index.php\/wp-json\/wp\/v2\/product_tag?post=5614"}],"curies":[{"name":"wp","href":"https:\/\/api.w.org\/{rel}","templated":true}]}}