{"id":56129,"date":"2026-03-19T03:14:49","date_gmt":"2026-03-19T03:14:49","guid":{"rendered":"https:\/\/soydeaqui.ddns.net\/pachuca\/index.php\/producto\/luz-auxiliar-de-12-led-rojo-claro-sae-bisel-negro-lente-transparente\/"},"modified":"2026-03-19T03:15:00","modified_gmt":"2026-03-19T03:15:00","slug":"luz-auxiliar-de-12-led-rojo-claro-sae-bisel-negro-lente-transparente","status":"publish","type":"product","link":"https:\/\/soydeaqui.ddns.net\/pachuca\/index.php\/producto\/luz-auxiliar-de-12-led-rojo-claro-sae-bisel-negro-lente-transparente\/","title":{"rendered":"Luz Auxiliar de 12 LED, Rojo\/Claro, SAE, Bisel Negro, Lente Transparente"},"content":{"rendered":"<div style='width: 100%; max-width: 1200px; margin: 0 auto; font-family: sans-serif; line-height: 1.6; color: inherit; background-color: transparent;'> <!-- Secci\u00f3n de funciones --> <\/p>\n<div style='display: flex; flex-wrap: wrap; gap: 30px; margin-bottom: 30px;'>\n<div style='flex: 1 1 300px; min-width: 280px;'>\n<h3 style='font-size: 22px; border-bottom: 2px solid currentColor; padding-bottom: 5px; margin-top: 0; color: inherit; opacity: 0.8;'>FUNCIONES<\/h3>\n<ul style='padding-left: 20px; font-size: 15px; color: inherit;'>\n<li style='margin-bottom: 5px;'>Dise\u00f1o de perfil s\u00faper delgado de 0&comma;35&#8242; (9 mm). Disponible en color doble o Un solo color (doble memoria)<\/li>\n<li style='margin-bottom: 5px;'>Cumple con SAE Class1 y ECE R65 Class1<\/li>\n<li style='margin-bottom: 5px;'>Versi\u00f3n de montaje r\u00e1pido con dise\u00f1o de bisel y preaplicado Adhesivo 3M para una instalaci\u00f3n limpia y r\u00e1pida<\/li>\n<li style='margin-bottom: 5px;'>Cumplimiento de ECE R10 EMC<\/li>\n<li style='margin-bottom: 5px;'>Aut\u00f3nomo; no se requiere flasher externo<\/li>\n<li style='margin-bottom: 5px;'>Sincronizaci\u00f3n de varias unidades en patr\u00f3n de destello simult\u00e1neo o alterno<\/li>\n<li style='margin-bottom: 5px;'>Dise\u00f1o resistente a la intemperie y a las vibraciones para uso externo<\/li>\n<li style='margin-bottom: 5px;'>Carcasa de aluminio s\u00f3lido para una disipaci\u00f3n de calor eficiente y m\u00e1xima durabilidad<\/li>\n<li style='margin-bottom: 5px;'>La memoria no vol\u00e1til recupera el \u00faltimo patr\u00f3n de destello utilizado en el encendido<\/li>\n<li style='margin-bottom: 5px;'>Protecci\u00f3n contra inversi\u00f3n de polaridad<\/li>\n<\/ul><\/div>\n<\/p><\/div>\n<p> <!-- Secci\u00f3n de especificaciones --> <\/p>\n<div style='display: flex; flex-wrap: wrap; gap: 20px; margin-bottom: 30px;'>\n<div style='flex: 1 1 250px; border: 1px solid rgba(150&comma; 150&comma; 150&comma; 0.4); border-radius: 8px; overflow: hidden; display: flex; flex-direction: column;'>\n<div style='padding: 15px; border-bottom: 1px solid rgba(150&comma; 150&comma; 150&comma; 0.2); font-weight: bold; font-size: 18px; color: inherit;'>CARACTER\u00cdSTICAS T\u00c9CNICAS<\/div>\n<div style='padding: 15px; color: inherit;'>\n<ul style='padding-left: 20px; margin: 0; font-size: 14px; list-style-type: disc;'>\n<li style='margin-bottom: 5px;'><strong>Certificaciones:<\/strong> ECE R65 (XA1&comma; XB1&comma; XR1); ECE R10 SAE J595 Clase 1; CISPR 25; IPX7<\/li>\n<li style='margin-bottom: 5px;'><strong>Elementos LED:<\/strong> 12 LED de alta potencia (doble color) \/ 6 LED de alta potencia (un solo color)<\/li>\n<li style='margin-bottom: 5px;'><strong>No. de patrones de destello:<\/strong> 28 (doble color) \/ 20 (un solo color)<\/li>\n<li style='margin-bottom: 5px;'><strong>Voltaje de funcionamiento:<\/strong> 12~24VCD<\/li>\n<li style='margin-bottom: 5px;'><strong>Corriente media:<\/strong> 0&comma;44 A @12VCD \/ 0&comma;22 A @24VCD (var\u00eda seg\u00fan el patr\u00f3n de destello)<\/li>\n<li style='margin-bottom: 5px;'><strong>Corriente m\u00e1xima:<\/strong> 0&comma;87A @12VCD \/ 0&comma;44A @24VCD<\/li>\n<li style='margin-bottom: 5px;'><strong>Potencia media:<\/strong> 5&comma;2 Watts (var\u00eda seg\u00fan el patr\u00f3n de destello)<\/li>\n<li style='margin-bottom: 5px;'><strong>Potencia m\u00e1xima:<\/strong> 10&comma;4 Watts<\/li>\n<li style='margin-bottom: 5px;'><strong>Cables:<\/strong><\/li>\n<li style='margin-bottom: 5px;'><strong>Negro &#8211;<\/strong> GND: 20AWG<\/li>\n<li style='margin-bottom: 5px;'><strong>Rojo &#8211;<\/strong> Memoria de advertencia 1: 20AWG<\/li>\n<li style='margin-bottom: 5px;'><strong>Blanco &#8211;<\/strong> Memoria de advertencia 2: 20AWG<\/li>\n<li style='margin-bottom: 5px;'><strong>Amarillo &#8211;<\/strong> Patrones de destello y sincronizaci\u00f3n: 20AWG<\/li>\n<li style='margin-bottom: 5px;'><strong>Longitud del cable:<\/strong> 25 cm para la versi\u00f3n de montaje en tornillo \/ Cable plano de 46 cm para la versi\u00f3n de montaje r\u00e1pido<\/li>\n<li style='margin-bottom: 5px;'><strong>Clasificaci\u00f3n del fusible:<\/strong> 1A<\/li>\n<li style='margin-bottom: 5px;'><strong>Sincronizaci\u00f3n:<\/strong> Hasta 20 unidades<\/li>\n<li style='margin-bottom: 5px;'><strong>Opciones del Color del LED:<\/strong> rojo&comma; azul&comma; verde&comma; \u00e1mbar&comma; blanco<\/li>\n<li style='margin-bottom: 5px;'><strong>Color de la lente:<\/strong> Claro<\/li>\n<li style='margin-bottom: 5px;'><strong>Temperatura de almacenamiento:<\/strong> -40\u00b0C a +75\u00b0C<\/li>\n<li style='margin-bottom: 5px;'><strong>Temperatura de trabajo:<\/strong> -30\u00b0C a +65\u00b0C<\/li>\n<li style='margin-bottom: 5px;'><strong>Garant\u00eda:<\/strong> 5 A\u00f1os<\/li>\n<\/ul><\/div>\n<\/p><\/div>\n<\/p><\/div>\n<p> <!-- Imagen --> <\/p>\n<div style='display: flex; flex-wrap: wrap; gap: 30px; margin-bottom: 30px;'>\n<div style='flex: 1 1 300px; min-width: 280px;'> <img style='width: 100%; height: auto; border: 1px solid rgba(150&comma;150&comma;150&comma;0.3); border-radius: 8px;' src='https:\/\/ftp3.syscom.mx\/usuarios\/abelg\/SignalPro\/Dimensiones%20Serie%20SP12.JPG' alt=''> <\/div>\n<\/p><\/div>\n<p> <!-- Separador --> <\/p>\n<hr style='border: 0; border-top: 1px solid rgba(150&comma; 150&comma; 150&comma; 0.3); margin: 30px 0;'> <\/div>\n","protected":false},"excerpt":{"rendered":"<p>Luz Auxiliar de 12 LED, Rojo\/Claro, SAE, Bisel Negro, Lente Transparente<\/p>\n","protected":false},"featured_media":56128,"comment_status":"open","ping_status":"closed","template":"","meta":[],"product_brand":[],"product_cat":[1395],"product_tag":[479,1461,1393],"class_list":{"0":"post-56129","1":"product","2":"type-product","3":"status-publish","4":"has-post-thumbnail","6":"product_cat-bocinas-sirenas-bocinas-y-controladores-vehiculares","7":"product_tag-bocinas","8":"product_tag-signalpro","9":"product_tag-sirenas-bocinas-y-controladores-vehiculares","11":"first","12":"instock","13":"sale","14":"shipping-taxable","15":"purchasable","16":"product-type-simple"},"_links":{"self":[{"href":"https:\/\/soydeaqui.ddns.net\/pachuca\/index.php\/wp-json\/wp\/v2\/product\/56129","targetHints":{"allow":["GET"]}}],"collection":[{"href":"https:\/\/soydeaqui.ddns.net\/pachuca\/index.php\/wp-json\/wp\/v2\/product"}],"about":[{"href":"https:\/\/soydeaqui.ddns.net\/pachuca\/index.php\/wp-json\/wp\/v2\/types\/product"}],"replies":[{"embeddable":true,"href":"https:\/\/soydeaqui.ddns.net\/pachuca\/index.php\/wp-json\/wp\/v2\/comments?post=56129"}],"wp:featuredmedia":[{"embeddable":true,"href":"https:\/\/soydeaqui.ddns.net\/pachuca\/index.php\/wp-json\/wp\/v2\/media\/56128"}],"wp:attachment":[{"href":"https:\/\/soydeaqui.ddns.net\/pachuca\/index.php\/wp-json\/wp\/v2\/media?parent=56129"}],"wp:term":[{"taxonomy":"product_brand","embeddable":true,"href":"https:\/\/soydeaqui.ddns.net\/pachuca\/index.php\/wp-json\/wp\/v2\/product_brand?post=56129"},{"taxonomy":"product_cat","embeddable":true,"href":"https:\/\/soydeaqui.ddns.net\/pachuca\/index.php\/wp-json\/wp\/v2\/product_cat?post=56129"},{"taxonomy":"product_tag","embeddable":true,"href":"https:\/\/soydeaqui.ddns.net\/pachuca\/index.php\/wp-json\/wp\/v2\/product_tag?post=56129"}],"curies":[{"name":"wp","href":"https:\/\/api.w.org\/{rel}","templated":true}]}}