{"id":56119,"date":"2026-03-19T03:14:30","date_gmt":"2026-03-19T03:14:30","guid":{"rendered":"https:\/\/soydeaqui.ddns.net\/pachuca\/index.php\/producto\/luz-telescopica-para-motocicletas-8-led-azul-sae-clase-i\/"},"modified":"2026-03-19T03:14:30","modified_gmt":"2026-03-19T03:14:30","slug":"luz-telescopica-para-motocicletas-8-led-azul-sae-clase-i","status":"publish","type":"product","link":"https:\/\/soydeaqui.ddns.net\/pachuca\/index.php\/producto\/luz-telescopica-para-motocicletas-8-led-azul-sae-clase-i\/","title":{"rendered":"Luz Telesc\u00f3pica para Motocicletas, 8 LED, Azul, SAE Clase I"},"content":{"rendered":"<div style='width: 100%; max-width: 1200px; margin: 0 auto; font-family: sans-serif; line-height: 1.6; color: inherit; background-color: transparent;'>\n<div style='display: flex; flex-wrap: wrap; gap: 30px; margin-bottom: 30px;'>\n<div style='flex: 1 1 300px; min-width: 280px;'>\n<h3 style='font-size: 22px; border-bottom: 2px solid currentColor; padding-bottom: 5px; margin-top: 0; color: inherit; opacity: 0.8;'>Funciones<\/h3>\n<ul style='padding-left: 20px; font-size: 15px; color: inherit;'>\n<li style='margin-bottom: 5px;'>Potente rendimiento&comma; certificado con ECE R65 en todos los colores<\/li>\n<li style='margin-bottom: 5px;'>Lente de c\u00fapula aerodin\u00e1mica para una mejor apariencia<\/li>\n<li style='margin-bottom: 5px;'>Dise\u00f1o de perfil bajo con s\u00f3lo 88.00 mm de altura<\/li>\n<li style='margin-bottom: 5px;'>M\u00faltiples estilos de montaje para todas las aplicaciones de veh\u00edculos<\/li>\n<li style='margin-bottom: 5px;'>Funcionamiento de 12~24 VCD<\/li>\n<li style='margin-bottom: 5px;'>Memoria de patrones de destello no vol\u00e1til<\/li>\n<li style='margin-bottom: 5px;'>Sincronizaci\u00f3n de m\u00faltiples unidades en destello simult\u00e1neo o alterno<\/li>\n<li style='margin-bottom: 5px;'>LED de larga duraci\u00f3n con clasificaci\u00f3n de 100.000 horas<\/li>\n<li style='margin-bottom: 5px;'>Protecci\u00f3n contra inversi\u00f3n de polaridad<\/li>\n<li style='margin-bottom: 5px;'>Capacidad resistente a la intemperie y a los golpes para todos los entornos<\/li>\n<\/ul><\/div>\n<\/p><\/div>\n<div style='display: flex; flex-wrap: wrap; gap: 20px; margin-bottom: 30px;'>\n<div style='flex: 1 1 250px; border: 1px solid rgba(150&comma; 150&comma; 150&comma; 0.4); border-radius: 8px; overflow: hidden; display: flex; flex-direction: column;'>\n<div style='padding: 15px; border-bottom: 1px solid rgba(150&comma; 150&comma; 150&comma; 0.2); font-weight: bold; font-size: 18px; color: inherit;'>Caracter\u00edsticas<\/div>\n<div style='padding: 15px; color: inherit;'>\n<ul style='padding-left: 20px; margin: 0; font-size: 14px; list-style-type: disc;'>\n<li style='margin-bottom: 5px;'><strong>Cumple con:<\/strong> ECE R65 (TA1&comma; TB1&comma; TR1); ECE R10; SAE J845; CA TITULO 13<\/li>\n<li style='margin-bottom: 5px;'><strong>Clasificaci\u00f3n IP:<\/strong> IP6K6; IP6K6K *Montaje en poste telesc\u00f3pico: IPX6<\/li>\n<li style='margin-bottom: 5px;'><strong>Voltaje de funcionamiento:<\/strong> 12 ~ 24 VCD<\/li>\n<li style='margin-bottom: 5px;'><strong>N\u00famero de patrones de destello:<\/strong> 11 patrones de destello<\/li>\n<li style='margin-bottom: 5px;'><strong>Elementos LED:<\/strong> 8 LED de alta potencia<\/li>\n<li style='margin-bottom: 5px;'><strong>Corriente Promedio:<\/strong> 1&comma;2 A a 12&comma;8 VCD\/0&comma;7 A a 24 VCD (var\u00eda seg\u00fan el patr\u00f3n de destello)<\/li>\n<li style='margin-bottom: 5px;'><strong>Corriente M\u00e1x:<\/strong> 2&comma;4 A a 12&comma;8 VCD\/1&comma;3 A a 24 VCD<\/li>\n<li style='margin-bottom: 5px;'><strong>Potencia Promedio:<\/strong> 15W (var\u00eda seg\u00fan el patr\u00f3n de destello)<\/li>\n<li style='margin-bottom: 5px;'><strong>Potencia M\u00e1x.:<\/strong> 30W<\/li>\n<\/ul><\/div>\n<\/p><\/div>\n<div style='flex: 1 1 250px; border: 1px solid rgba(150&comma; 150&comma; 150&comma; 0.4); border-radius: 8px; overflow: hidden; display: flex; flex-direction: column;'>\n<div style='padding: 15px; border-bottom: 1px solid rgba(150&comma; 150&comma; 150&comma; 0.2); font-weight: bold; font-size: 18px; color: inherit;'>Cableado<\/div>\n<div style='padding: 15px; color: inherit;'>\n<ul style='padding-left: 20px; margin: 0; font-size: 14px; list-style-type: disc;'>\n<li style='margin-bottom: 5px;'><strong>Montaje magn\u00e9tico<\/strong><\/li>\n<li style='margin-bottom: 5px;'><strong>Enchufe de autom\u00f3vil con un solo bot\u00f3n:<\/strong> 300.00 cm \/ 118.11 pulgadas<\/li>\n<li style='margin-bottom: 5px;'><strong>Enchufe \u201cEuro\u201d ISO 4165:<\/strong> 250.00 cm\/98&comma;42 pulgadas<\/li>\n<li style='margin-bottom: 5px;'><strong>Montaje permanente<\/strong><\/li>\n<li style='margin-bottom: 5px;'><strong>Rojo-VCD:<\/strong> 400.00 mm\/15&comma;74 pulgadas (20 AWG)<\/li>\n<li style='margin-bottom: 5px;'><strong>Negro-GND:<\/strong> 400.00 mm\/15&comma;74 pulgadas (20 AWG)<\/li>\n<li style='margin-bottom: 5px;'><strong>Amarillo:<\/strong> Patrones y sincronizaci\u00f3n de destello: 400.00 mm\/15&comma;74 pulgadas (20 AWG)<\/li>\n<li style='margin-bottom: 5px;'><strong>Fase blanca:<\/strong> 400.00 mm\/15&comma;74 pulgadas (20 AWG)<\/li>\n<li style='margin-bottom: 5px;'><strong>Clasificaci\u00f3n del fusible:<\/strong> 5A<\/li>\n<li style='margin-bottom: 5px;'><strong>Sincronizaci\u00f3n:<\/strong> Hasta 4 unidades<\/li>\n<\/ul><\/div>\n<\/p><\/div>\n<div style='flex: 1 1 250px; border: 1px solid rgba(150&comma; 150&comma; 150&comma; 0.4); border-radius: 8px; overflow: hidden; display: flex; flex-direction: column;'>\n<div style='padding: 15px; border-bottom: 1px solid rgba(150&comma; 150&comma; 150&comma; 0.2); font-weight: bold; font-size: 18px; color: inherit;'>Especificaciones<\/div>\n<div style='padding: 15px; color: inherit;'>\n<ul style='padding-left: 20px; margin: 0; font-size: 14px; list-style-type: disc;'>\n<li style='margin-bottom: 5px;'><strong>Temperatura de almacenamiento:<\/strong> -40\u00b0C a +75\u00b0C<\/li>\n<li style='margin-bottom: 5px;'><strong>Temperatura de operaci\u00f3n:<\/strong> -30\u00b0C a +65\u00b0C<\/li>\n<li style='margin-bottom: 5px;'><strong>Color del LED:<\/strong> rojo&comma; azul&comma; \u00e1mbar<\/li>\n<li style='margin-bottom: 5px;'><strong>Color de la lente:<\/strong> rojo&comma; azul&comma; \u00e1mbar&comma; claro<\/li>\n<\/ul><\/div>\n<\/p><\/div>\n<\/p><\/div>\n<hr style='border: 0; border-top: 1px solid rgba(150&comma; 150&comma; 150&comma; 0.3); margin: 30px 0;'> <\/div>\n","protected":false},"excerpt":{"rendered":"<p>Luz Telesc\u00f3pica para Motocicletas, 8 LED, Azul, SAE Clase I<\/p>\n","protected":false},"featured_media":56118,"comment_status":"open","ping_status":"closed","template":"","meta":[],"product_brand":[],"product_cat":[1381],"product_tag":[1382,1383,1461],"class_list":{"0":"post-56119","1":"product","2":"type-product","3":"status-publish","4":"has-post-thumbnail","6":"product_cat-luces-telescopicas","7":"product_tag-luces-auxiliares-para-motocicletas","8":"product_tag-luces-telescopicas","9":"product_tag-signalpro","11":"first","12":"instock","13":"sale","14":"shipping-taxable","15":"purchasable","16":"product-type-simple"},"_links":{"self":[{"href":"https:\/\/soydeaqui.ddns.net\/pachuca\/index.php\/wp-json\/wp\/v2\/product\/56119","targetHints":{"allow":["GET"]}}],"collection":[{"href":"https:\/\/soydeaqui.ddns.net\/pachuca\/index.php\/wp-json\/wp\/v2\/product"}],"about":[{"href":"https:\/\/soydeaqui.ddns.net\/pachuca\/index.php\/wp-json\/wp\/v2\/types\/product"}],"replies":[{"embeddable":true,"href":"https:\/\/soydeaqui.ddns.net\/pachuca\/index.php\/wp-json\/wp\/v2\/comments?post=56119"}],"wp:featuredmedia":[{"embeddable":true,"href":"https:\/\/soydeaqui.ddns.net\/pachuca\/index.php\/wp-json\/wp\/v2\/media\/56118"}],"wp:attachment":[{"href":"https:\/\/soydeaqui.ddns.net\/pachuca\/index.php\/wp-json\/wp\/v2\/media?parent=56119"}],"wp:term":[{"taxonomy":"product_brand","embeddable":true,"href":"https:\/\/soydeaqui.ddns.net\/pachuca\/index.php\/wp-json\/wp\/v2\/product_brand?post=56119"},{"taxonomy":"product_cat","embeddable":true,"href":"https:\/\/soydeaqui.ddns.net\/pachuca\/index.php\/wp-json\/wp\/v2\/product_cat?post=56119"},{"taxonomy":"product_tag","embeddable":true,"href":"https:\/\/soydeaqui.ddns.net\/pachuca\/index.php\/wp-json\/wp\/v2\/product_tag?post=56119"}],"curies":[{"name":"wp","href":"https:\/\/api.w.org\/{rel}","templated":true}]}}