{"id":56105,"date":"2026-03-19T03:14:03","date_gmt":"2026-03-19T03:14:03","guid":{"rendered":"https:\/\/soydeaqui.ddns.net\/pachuca\/index.php\/producto\/control-de-sirena-ultravoice-y-gabinete-de-bateria-con-ip-habilitado-bidireccional-radio-de-banda-ancha-y-software-smartmsg-se-venden-por-separado\/"},"modified":"2026-03-19T03:14:04","modified_gmt":"2026-03-19T03:14:04","slug":"control-de-sirena-ultravoice-y-gabinete-de-bateria-con-ip-habilitado-bidireccional-radio-de-banda-ancha-y-software-smartmsg-se-venden-por-separado","status":"publish","type":"product","link":"https:\/\/soydeaqui.ddns.net\/pachuca\/index.php\/producto\/control-de-sirena-ultravoice-y-gabinete-de-bateria-con-ip-habilitado-bidireccional-radio-de-banda-ancha-y-software-smartmsg-se-venden-por-separado\/","title":{"rendered":"Control de sirena UltraVoice\u00ae y gabinete de bater\u00eda con IP habilitado, bidireccional (radio de banda ancha y software SmartMsg se venden por separado)"},"content":{"rendered":"<div style='width: 100%; max-width: 1200px; margin: 0 auto; font-family: sans-serif; line-height: 1.6; color: inherit; background-color: transparent;'> <!-- Secci\u00f3n de contenido con flex\/grid --> <\/p>\n<div style='display: flex; flex-wrap: wrap; gap: 30px; margin-bottom: 30px;'>\n<div style='flex: 1 1 300px; min-width: 280px;'>\n<p style='font-size: 15px; color: inherit; text-align: justify;'>El UltraVoice\u00ae Modelo UVTD-IP de Federal Signal es un controlador de sirena electr\u00f3nica de \u00faltima generaci\u00f3n&comma; dise\u00f1ado espec\u00edficamente para sistemas de notificaci\u00f3n masiva y alerta temprana de misi\u00f3n cr\u00edtica. Este modelo se distingue por su avanzada conectividad basada en IP (Protocolo de Internet)&comma; que permite un control y una activaci\u00f3n remota seguros y confiables. Su caracter\u00edstica principal es el sistema de comunicaci\u00f3n bidireccional&comma; que reporta continuamente el estado operativo de la unidad (incluyendo alimentaci\u00f3n de CA&comma; voltaje de la bater\u00eda&comma; cargador y amplificadores) a un punto de control central&comma; asegurando la m\u00e1xima preparaci\u00f3n del sistema.<\/p>\n<\/p><\/div>\n<\/p><\/div>\n<p> <!-- Secci\u00f3n de contenido con flex\/grid --> <\/p>\n<div style='display: flex; flex-wrap: wrap; gap: 30px; margin-bottom: 30px;'>\n<div style='flex: 1 1 300px; min-width: 280px;'>\n<p style='font-size: 15px; color: inherit; text-align: justify;'>La unidad est\u00e1 construida con una arquitectura robusta y modular&comma; con un gabinete de control NEMA 4X y un gabinete de bater\u00eda NEMA 3R para resistir las condiciones ambientales m\u00e1s exigentes. En su coraz\u00f3n&comma; el controlador utiliza tecnolog\u00eda basada en microprocesador y amplificadores altamente eficientes para generar tonos optimizados y una claridad de voz excepcional. Adem\u00e1s de las siete (7) se\u00f1ales de advertencia est\u00e1ndar&comma; tiene una impresionante capacidad de almacenamiento de m\u00e1s de 4&comma;000 mensajes de voz\/tono pregrabados&comma; lo que suma hasta 17 horas de audio disponible.<\/p>\n<\/p><\/div>\n<\/p><\/div>\n<p> <!-- Secci\u00f3n de contenido con flex\/grid --> <\/p>\n<div style='display: flex; flex-wrap: wrap; gap: 30px; margin-bottom: 30px;'>\n<div style='flex: 1 1 300px; min-width: 280px;'>\n<p style='font-size: 15px; color: inherit; text-align: justify;'>Dise\u00f1ado para la m\u00e1xima flexibilidad en la activaci\u00f3n&comma; el UVTD-IP es compatible con m\u00faltiples protocolos de decodificaci\u00f3n digital&comma; incluyendo DTMF&comma; tono \u00fanico y dos tonos. Su funcionalidad se complementa con la capacidad de realizar una Prueba Silenciosa (Quiet Test)&comma; que verifica la funcionalidad de altavoces y amplificadores sin emitir una se\u00f1al audible completa&comma; permitiendo diagn\u00f3sticos discretos y peri\u00f3dicos para garantizar el estado \u00f3ptimo de toda la red de sirenas electr\u00f3nicas.<\/p>\n<\/p><\/div>\n<\/p><\/div>\n<p> <!-- Separador --> <\/p>\n<hr style='border: 0; border-top: 1px solid rgba(150&comma; 150&comma; 150&comma; 0.3); margin: 30px 0;'> <\/div>\n","protected":false},"excerpt":{"rendered":"<p>Control de sirena UltraVoice\u00ae y gabinete de bater\u00eda con IP habilitado, bidireccional (radio de banda ancha y software SmartMsg se venden por separado)<\/p>\n","protected":false},"featured_media":56104,"comment_status":"open","ping_status":"closed","template":"","meta":[],"product_brand":[],"product_cat":[1429],"product_tag":[1419,552,1414],"class_list":{"0":"post-56105","1":"product","2":"type-product","3":"status-publish","4":"has-post-thumbnail","6":"product_cat-controladores-luces-bocinas-para-la-industria-y-edificios","7":"product_tag-controladores","8":"product_tag-federal-signal-industrial","9":"product_tag-luces-bocinas-para-la-industria-y-edificios","11":"first","12":"outofstock","13":"sale","14":"shipping-taxable","15":"purchasable","16":"product-type-simple"},"_links":{"self":[{"href":"https:\/\/soydeaqui.ddns.net\/pachuca\/index.php\/wp-json\/wp\/v2\/product\/56105","targetHints":{"allow":["GET"]}}],"collection":[{"href":"https:\/\/soydeaqui.ddns.net\/pachuca\/index.php\/wp-json\/wp\/v2\/product"}],"about":[{"href":"https:\/\/soydeaqui.ddns.net\/pachuca\/index.php\/wp-json\/wp\/v2\/types\/product"}],"replies":[{"embeddable":true,"href":"https:\/\/soydeaqui.ddns.net\/pachuca\/index.php\/wp-json\/wp\/v2\/comments?post=56105"}],"wp:featuredmedia":[{"embeddable":true,"href":"https:\/\/soydeaqui.ddns.net\/pachuca\/index.php\/wp-json\/wp\/v2\/media\/56104"}],"wp:attachment":[{"href":"https:\/\/soydeaqui.ddns.net\/pachuca\/index.php\/wp-json\/wp\/v2\/media?parent=56105"}],"wp:term":[{"taxonomy":"product_brand","embeddable":true,"href":"https:\/\/soydeaqui.ddns.net\/pachuca\/index.php\/wp-json\/wp\/v2\/product_brand?post=56105"},{"taxonomy":"product_cat","embeddable":true,"href":"https:\/\/soydeaqui.ddns.net\/pachuca\/index.php\/wp-json\/wp\/v2\/product_cat?post=56105"},{"taxonomy":"product_tag","embeddable":true,"href":"https:\/\/soydeaqui.ddns.net\/pachuca\/index.php\/wp-json\/wp\/v2\/product_tag?post=56105"}],"curies":[{"name":"wp","href":"https:\/\/api.w.org\/{rel}","templated":true}]}}