{"id":56101,"date":"2026-03-19T03:13:56","date_gmt":"2026-03-19T03:13:56","guid":{"rendered":"https:\/\/soydeaqui.ddns.net\/pachuca\/index.php\/producto\/servidor-de-comunicaciones-smartmsg-licencia-de-software-con-panel-centerpoint\/"},"modified":"2026-03-19T03:13:57","modified_gmt":"2026-03-19T03:13:57","slug":"servidor-de-comunicaciones-smartmsg-licencia-de-software-con-panel-centerpoint","status":"publish","type":"product","link":"https:\/\/soydeaqui.ddns.net\/pachuca\/index.php\/producto\/servidor-de-comunicaciones-smartmsg-licencia-de-software-con-panel-centerpoint\/","title":{"rendered":"Servidor de comunicaciones SmartMsg &#8211; Licencia de software &#8211; con panel CenterPoint"},"content":{"rendered":"<div style='width: 100%; max-width: 1200px; margin: 0 auto; font-family: sans-serif; line-height: 1.6; color: inherit; background-color: transparent;'> <!-- Secci\u00f3n de contenido con flex\/grid --> <\/p>\n<div style='display: flex; flex-wrap: wrap; gap: 30px; margin-bottom: 30px;'>\n<div style='flex: 1 1 300px; min-width: 280px;'>\n<h3 style='font-size: 22px; border-bottom: 2px solid currentColor; padding-bottom: 5px; margin-top: 0; color: inherit; opacity: 0.8;'>Sistema de mensajes y control de sirena local Commander\u00ae<\/h3>\n<p style='font-size: 15px; color: inherit; margin-bottom: 15px; text-align: justify;'>El sistema de control de sirena Commander ofrece activaci\u00f3n segura y monitoreo del estado de cualquier sistema de alerta y notificaci\u00f3n. Desde Giant Voice hasta sistemas de sirenas mec\u00e1nicos e inteligentes&comma; Commander est\u00e1 dise\u00f1ado para controlar&comma; monitorear y vincular su sistema de alerta.<\/p>\n<p style='font-size: 15px; color: inherit; margin-bottom: 15px; text-align: justify;'>Federal Signal Commander contin\u00faa evolucionando para satisfacer las desafiantes demandas de los clientes de todo el mundo y proporcionar un sistema incomparable en caracter\u00edsticas y facilidad de uso. Commander ofrece a los administradores de emergencias y operadores de sistemas activaci\u00f3n y monitoreo de estado completos y seguros de cualquier sistema de sirena. Desde la activaci\u00f3n de la sirena hasta las alertas internas&comma; este sistema est\u00e1 dise\u00f1ado para brindarle a sus instalaciones una capacidad completa de alerta y notificaci\u00f3n.<\/p>\n<p style='font-size: 15px; color: inherit; margin-bottom: 15px; text-align: justify;'>Desde controlar 1 sirena hasta 511&comma; el sistema puede ampliarse para adaptarse a sus necesidades cambiantes. Federal Commander proporciona una pantalla de activaci\u00f3n f\u00e1cil de usar. Los administradores pueden programar 50 teclas de acceso r\u00e1pido para activar todas las sirenas&comma; zonas o sirenas individuales. Cada tecla de acceso r\u00e1pido se puede programar para incluir un mensaje de texto&comma; correo electr\u00f3nico o de voz. Una sola tecla de acceso r\u00e1pido puede activar sirenas y enviar mensajes informativos simult\u00e1neamente.<\/p>\n<\/p><\/div>\n<\/p><\/div>\n<p> <!-- Secci\u00f3n de cards con especificaciones --> <\/p>\n<div style='display: flex; flex-wrap: wrap; gap: 20px; margin-bottom: 30px;'>\n<div style='flex: 1 1 250px; border: 1px solid rgba(150&comma; 150&comma; 150&comma; 0.4); border-radius: 8px; overflow: hidden; display: flex; flex-direction: column;'>\n<div style='padding: 15px; border-bottom: 1px solid rgba(150&comma; 150&comma; 150&comma; 0.2); font-weight: bold; font-size: 18px; color: inherit;'>CARACTER\u00cdSTICAS<\/div>\n<div style='padding: 15px; color: inherit;'>\n<ul style='padding-left: 20px; margin: 0; font-size: 14px; list-style-type: disc;'>\n<li style='margin-bottom: 5px;'><strong>Control:<\/strong> Sistemas de sirenas municipales&comma; condales y estatales<\/li>\n<li style='margin-bottom: 5px;'><strong>Control:<\/strong> Sistemas Giant Voice<\/li>\n<li style='margin-bottom: 5px;'><strong>Control:<\/strong> Sistemas Inteligentes<\/li>\n<li style='margin-bottom: 5px;'><strong>Tipo:<\/strong> Sistema basado en PC o servidor<\/li>\n<li style='margin-bottom: 5px;'><strong>Capacidad:<\/strong> Hasta 511 sirenas<\/li>\n<li style='margin-bottom: 5px;'><strong>Comunicaciones:<\/strong> Soporte para comunicaciones anal\u00f3gicas&comma; digitales (P25\/Tetra)&comma; IP&comma; celulares&comma; satelitales y fijas<\/li>\n<li style='margin-bottom: 5px;'><strong>Protocolo:<\/strong> Compatible con Modbus<\/li>\n<li style='margin-bottom: 5px;'><strong>Control:<\/strong> Basado en aplicaciones y web mediante CommanderOne opcional<\/li>\n<li style='margin-bottom: 5px;'><strong>Seguridad:<\/strong> Comunicaciones seguras con cifrado 128 y AES 256 y cifrado basado en tiempo<\/li>\n<li style='margin-bottom: 5px;'><strong>Interfaz:<\/strong> Personalizada para su aplicaci\u00f3n espec\u00edfica<\/li>\n<\/ul><\/div>\n<\/p><\/div>\n<\/p><\/div>\n<p> <!-- Separador --> <\/p>\n<hr style='border: 0; border-top: 1px solid rgba(150&comma; 150&comma; 150&comma; 0.3); margin: 30px 0;'> <\/div>\n","protected":false},"excerpt":{"rendered":"<p>Servidor de comunicaciones SmartMsg &#8211; Licencia de software &#8211; con panel CenterPoint<\/p>\n","protected":false},"featured_media":56100,"comment_status":"open","ping_status":"closed","template":"","meta":[],"product_brand":[],"product_cat":[1413],"product_tag":[1415,552,1414],"class_list":{"0":"post-56101","1":"product","2":"type-product","3":"status-publish","4":"has-post-thumbnail","6":"product_cat-bocinas-de-alerta-y-notificacion-masiva","7":"product_tag-bocinas-de-alerta-y-notificacion-masiva","8":"product_tag-federal-signal-industrial","9":"product_tag-luces-bocinas-para-la-industria-y-edificios","11":"first","12":"outofstock","13":"sale","14":"shipping-taxable","15":"purchasable","16":"product-type-simple"},"_links":{"self":[{"href":"https:\/\/soydeaqui.ddns.net\/pachuca\/index.php\/wp-json\/wp\/v2\/product\/56101","targetHints":{"allow":["GET"]}}],"collection":[{"href":"https:\/\/soydeaqui.ddns.net\/pachuca\/index.php\/wp-json\/wp\/v2\/product"}],"about":[{"href":"https:\/\/soydeaqui.ddns.net\/pachuca\/index.php\/wp-json\/wp\/v2\/types\/product"}],"replies":[{"embeddable":true,"href":"https:\/\/soydeaqui.ddns.net\/pachuca\/index.php\/wp-json\/wp\/v2\/comments?post=56101"}],"wp:featuredmedia":[{"embeddable":true,"href":"https:\/\/soydeaqui.ddns.net\/pachuca\/index.php\/wp-json\/wp\/v2\/media\/56100"}],"wp:attachment":[{"href":"https:\/\/soydeaqui.ddns.net\/pachuca\/index.php\/wp-json\/wp\/v2\/media?parent=56101"}],"wp:term":[{"taxonomy":"product_brand","embeddable":true,"href":"https:\/\/soydeaqui.ddns.net\/pachuca\/index.php\/wp-json\/wp\/v2\/product_brand?post=56101"},{"taxonomy":"product_cat","embeddable":true,"href":"https:\/\/soydeaqui.ddns.net\/pachuca\/index.php\/wp-json\/wp\/v2\/product_cat?post=56101"},{"taxonomy":"product_tag","embeddable":true,"href":"https:\/\/soydeaqui.ddns.net\/pachuca\/index.php\/wp-json\/wp\/v2\/product_tag?post=56101"}],"curies":[{"name":"wp","href":"https:\/\/api.w.org\/{rel}","templated":true}]}}