{"id":56096,"date":"2026-03-19T03:13:46","date_gmt":"2026-03-19T03:13:46","guid":{"rendered":"https:\/\/soydeaqui.ddns.net\/pachuca\/index.php\/producto\/mini-sensor-inteligente-de-deteccion-de-fugas-de-agua-lorawan\/"},"modified":"2026-03-19T03:13:51","modified_gmt":"2026-03-19T03:13:51","slug":"mini-sensor-inteligente-de-deteccion-de-fugas-de-agua-lorawan","status":"publish","type":"product","link":"https:\/\/soydeaqui.ddns.net\/pachuca\/index.php\/producto\/mini-sensor-inteligente-de-deteccion-de-fugas-de-agua-lorawan\/","title":{"rendered":"Mini Sensor Inteligente de Detecci\u00f3n de Fugas de Agua LoRaWAN"},"content":{"rendered":"<div style='width: 100%; max-width: 1200px; margin: 0 auto; font-family: sans-serif; line-height: 1.6; color: inherit; background-color: transparent;'> <!-- Imagen principal --> <\/p>\n<div style='width: 100%; margin-bottom: 30px;'> <img style='width: 100%; height: auto; border: 1px solid rgba(150&comma;150&comma;150&comma;0.3); border-radius: 8px;' src='https:\/\/ftp3.syscom.mx\/usuarios\/fotos\/WS303915M\/231444-principal.png' alt='Mini Sensor Inteligente de Detecci\u00f3n de Fugas de Agua LoRaWAN'> <\/div>\n<p> <!-- Video de YouTube --> <\/p>\n<div style='position: relative; padding-bottom: 56.25%; height: 0; overflow: hidden; margin-bottom: 30px;'>   <\/div>\n<p> <!-- Secci\u00f3n de advertencia de agua --> <\/p>\n<div style='display: flex; flex-wrap: wrap; gap: 30px; margin-bottom: 30px;'>\n<div style='flex: 1 1 300px; min-width: 280px; order: 2;'>\n<h3 style='font-size: 22px; border-bottom: 2px solid currentColor; padding-bottom: 5px; margin-top: 0; color: inherit; opacity: 0.8;'>Advertencia inmediata contra da\u00f1os por agua<\/h3>\n<p style='font-size: 15px; color: inherit;'>WS303 har\u00e1 sonar una alarma y enviar\u00e1 una alerta remota cuando se produzca una fuga o derrame de agua o se moje el piso.<\/p>\n<\/p><\/div>\n<div style='flex: 1 1 300px; min-width: 280px; order: 1;'> <img style='width: 100%; height: auto; border: 1px solid rgba(150&comma;150&comma;150&comma;0.3); border-radius: 8px;' src='https:\/\/ftp3.syscom.mx\/usuarios\/fotos\/WS303915M\/231444-alerta.png' alt='Advertencia de agua'> <\/div>\n<\/p><\/div>\n<p> <!-- Secci\u00f3n de sensibilidad --> <\/p>\n<div style='display: flex; flex-wrap: wrap; gap: 30px; margin-bottom: 30px;'>\n<div style='flex: 1 1 300px; min-width: 280px;'> <img style='width: 100%; height: auto; border: 1px solid rgba(150&comma;150&comma;150&comma;0.3); border-radius: 8px;' src='https:\/\/ftp3.syscom.mx\/usuarios\/fotos\/WS303915M\/231444-sensibilidad.png' alt='Sensibilidad del sensor'> <\/div>\n<div style='flex: 1 1 300px; min-width: 280px;'>\n<h3 style='font-size: 22px; border-bottom: 2px solid currentColor; padding-bottom: 5px; margin-top: 0; color: inherit; opacity: 0.8;'>Sensibilidad que supera las expectativas<\/h3>\n<p style='font-size: 15px; color: inherit;'>El sensor WS303 utiliza la conductividad del agua para detectar un nivel m\u00ednimo de agua de 0&comma;5 mm formando un circuito con dos peque\u00f1as sondas met\u00e1licas. (Tambi\u00e9n se admiten otros l\u00edquidos conductores).<\/p>\n<\/p><\/div>\n<\/p><\/div>\n<p> <!-- Secci\u00f3n de comunicaci\u00f3n D2D --> <\/p>\n<div style='display: flex; flex-wrap: wrap; gap: 30px; margin-bottom: 30px;'>\n<div style='flex: 1 1 300px; min-width: 280px; order: 2;'>\n<h3 style='font-size: 22px; border-bottom: 2px solid currentColor; padding-bottom: 5px; margin-top: 0; color: inherit; opacity: 0.8;'>Comunicaci\u00f3n Milesight D2D<\/h3>\n<p style='font-size: 15px; color: inherit;'>El protocolo de comunicaci\u00f3n Milesight D2D (Device to Device) con LoRa\u00ae permite la comunicaci\u00f3n entre diferentes dispositivos de nodo Milesight LoRaWAN\u00ae sin una puerta de enlace LoRaWAN.<\/p>\n<ul style='padding-left: 20px; font-size: 15px; list-style-type: disc; color: inherit;'>\n<li style='margin-bottom: 5px;'>Menor latencia<\/li>\n<li style='margin-bottom: 5px;'>Menos de 1 segundo de tiempo de respuesta<\/li>\n<li style='margin-bottom: 5px;'>Transmisi\u00f3n segura<\/li>\n<li style='margin-bottom: 5px;'>Reducir el costo de inversi\u00f3n<\/li>\n<\/ul><\/div>\n<div style='flex: 1 1 300px; min-width: 280px; order: 1;'> <img style='width: 100%; height: auto; border: 1px solid rgba(150&comma;150&comma;150&comma;0.3); border-radius: 8px;' src='https:\/\/ftp3.syscom.mx\/usuarios\/fotos\/WS303915M\/231444-fuga.gif' alt='Comunicaci\u00f3n D2D'> <\/div>\n<\/p><\/div>\n<p> <!-- Secci\u00f3n de ba\u00f1o inteligente --> <\/p>\n<div style='display: flex; flex-wrap: wrap; gap: 30px; margin-bottom: 30px;'>\n<div style='flex: 1 1 300px; min-width: 280px;'> <img style='width: 100%; height: auto; border: 1px solid rgba(150&comma;150&comma;150&comma;0.3); border-radius: 8px;' src='https:\/\/ftp3.syscom.mx\/usuarios\/fotos\/WS303915M\/231444-ba\u00f1o.png' alt='Soluci\u00f3n de ba\u00f1o inteligente'> <\/div>\n<div style='flex: 1 1 300px; min-width: 280px;'>\n<h3 style='font-size: 22px; border-bottom: 2px solid currentColor; padding-bottom: 5px; margin-top: 0; color: inherit; opacity: 0.8;'>Soluci\u00f3n de ba\u00f1o inteligente<\/h3>\n<p style='font-size: 15px; color: inherit;'>Para hacerlo correcto y sencillo&comma; Milesight Smart Restroom Solution proporciona informaci\u00f3n de IoT sobre el estado de limpieza e higiene.<\/p>\n<\/p><\/div>\n<\/p><\/div>\n<p> <!-- Secci\u00f3n de alarma de fallo de energ\u00eda --> <\/p>\n<div style='display: flex; flex-wrap: wrap; gap: 30px; margin-bottom: 30px;'>\n<div style='flex: 1 1 300px; min-width: 280px; order: 2;'>\n<h3 style='font-size: 22px; border-bottom: 2px solid currentColor; padding-bottom: 5px; margin-top: 0; color: inherit; opacity: 0.8;'>Alarma de fallo de energ\u00eda<\/h3>\n<p style='font-size: 15px; color: inherit;'>WS303 incluye almacenamiento de capacitor para activar una alarma de falla de energ\u00eda.<\/p>\n<\/p><\/div>\n<div style='flex: 1 1 300px; min-width: 280px; order: 1;'> <img style='width: 100%; height: auto; border: 1px solid rgba(150&comma;150&comma;150&comma;0.3); border-radius: 8px;' src='https:\/\/ftp3.syscom.mx\/usuarios\/fotos\/WS303915M\/231444-energia.png' alt='Alarma de fallo de energ\u00eda'> <\/div>\n<\/p><\/div>\n<p> <!-- Secci\u00f3n de protecci\u00f3n IP67 --> <\/p>\n<div style='display: flex; flex-wrap: wrap; gap: 30px; margin-bottom: 30px;'>\n<div style='flex: 1 1 300px; min-width: 280px;'> <img style='width: 100%; height: auto; border: 1px solid rgba(150&comma;150&comma;150&comma;0.3); border-radius: 8px;' src='https:\/\/ftp3.syscom.mx\/usuarios\/fotos\/WS303915M\/231444-ip67.png' alt='Protecci\u00f3n IP67'> <\/div>\n<div style='flex: 1 1 300px; min-width: 280px;'>\n<h3 style='font-size: 22px; border-bottom: 2px solid currentColor; padding-bottom: 5px; margin-top: 0; color: inherit; opacity: 0.8;'>Garantizar la seguridad del dispositivo con una protecci\u00f3n s\u00f3lida<\/h3>\n<ul style='padding-left: 20px; font-size: 15px; list-style-type: disc; color: inherit;'>\n<li style='margin-bottom: 5px;'>Utiliza sondas chapadas en oro y tornillos de acero inoxidable para evitar la corrosi\u00f3n.<\/li>\n<li style='margin-bottom: 5px;'>Equipado con una carcasa con clasificaci\u00f3n IP67 para adaptarse a m\u00e1s escenarios de aplicaci\u00f3n.<\/li>\n<\/ul><\/div>\n<\/p><\/div>\n<p> <!-- Secci\u00f3n de instalaci\u00f3n --> <\/p>\n<div style='display: flex; flex-wrap: wrap; gap: 30px; margin-bottom: 30px;'>\n<div style='flex: 1 1 300px; min-width: 280px; order: 2;'>\n<h3 style='font-size: 22px; border-bottom: 2px solid currentColor; padding-bottom: 5px; margin-top: 0; color: inherit; opacity: 0.8;'>Instalaci\u00f3n flexible y sin esfuerzo<\/h3>\n<p style='font-size: 15px; color: inherit;'>El dise\u00f1o compacto facilita el montaje en una superficie o pared seg\u00fan sea necesario sin cableado.<\/p>\n<\/p><\/div>\n<div style='flex: 1 1 300px; min-width: 280px; order: 1;'> <img style='width: 100%; height: auto; border: 1px solid rgba(150&comma;150&comma;150&comma;0.3); border-radius: 8px;' src='https:\/\/ftp3.syscom.mx\/usuarios\/fotos\/WS303915M\/231444-instalacion.png' alt='Instalaci\u00f3n del sensor'> <\/div>\n<\/p><\/div>\n<p> <!-- Secci\u00f3n de LoRaWAN --> <\/p>\n<div style='display: flex; flex-wrap: wrap; gap: 30px; margin-bottom: 30px;'>\n<div style='flex: 1 1 300px; min-width: 280px;'> <img style='width: 100%; height: auto; border: 1px solid rgba(150&comma;150&comma;150&comma;0.3); border-radius: 8px;' src='https:\/\/ftp3.syscom.mx\/usuarios\/fotos\/WS523915M\/222534-lora.png' alt='Sensor basado en LoRaWAN'> <\/div>\n<div style='flex: 1 1 300px; min-width: 280px;'>\n<h3 style='font-size: 22px; border-bottom: 2px solid currentColor; padding-bottom: 5px; margin-top: 0; color: inherit; opacity: 0.8;'>Basado en LoRaWAN<\/h3>\n<ul style='padding-left: 20px; font-size: 15px; list-style-type: disc; color: inherit;'>\n<li style='margin-bottom: 5px;'>Se\u00f1ales penetrantes: alcance de transmisi\u00f3n de datos de hasta 2 km en zonas urbanas y 15 km en zonas rurales<\/li>\n<li style='margin-bottom: 5px;'>Alta compatibilidad: compatible con puertas de enlace y servidores de red LoRaWAN\u00ae est\u00e1ndar<\/li>\n<\/ul><\/div>\n<\/p><\/div>\n<p> <!-- Imagen NFC --> <\/p>\n<div style='width: 100%; margin-bottom: 30px;'> <img style='width: 100%; height: auto; border: 1px solid rgba(150&comma;150&comma;150&comma;0.3); border-radius: 8px;' src='https:\/\/ftp3.syscom.mx\/usuarios\/fotos\/WS303915M\/231444-nfc.png' alt='Comunicaci\u00f3n NFC'> <\/div>\n<\/p><\/div>\n","protected":false},"excerpt":{"rendered":"<p>Mini Sensor Inteligente de Detecci\u00f3n de Fugas de Agua LoRaWAN<\/p>\n","protected":false},"featured_media":56095,"comment_status":"open","ping_status":"closed","template":"","meta":[],"product_brand":[],"product_cat":[1436],"product_tag":[1437,1455,1438],"class_list":{"0":"post-56096","1":"product","2":"type-product","3":"status-publish","4":"has-post-thumbnail","6":"product_cat-sensores-tags","7":"product_tag-lorawan","8":"product_tag-milesight","9":"product_tag-sensores-tags","11":"first","12":"instock","13":"sale","14":"shipping-taxable","15":"purchasable","16":"product-type-simple"},"_links":{"self":[{"href":"https:\/\/soydeaqui.ddns.net\/pachuca\/index.php\/wp-json\/wp\/v2\/product\/56096","targetHints":{"allow":["GET"]}}],"collection":[{"href":"https:\/\/soydeaqui.ddns.net\/pachuca\/index.php\/wp-json\/wp\/v2\/product"}],"about":[{"href":"https:\/\/soydeaqui.ddns.net\/pachuca\/index.php\/wp-json\/wp\/v2\/types\/product"}],"replies":[{"embeddable":true,"href":"https:\/\/soydeaqui.ddns.net\/pachuca\/index.php\/wp-json\/wp\/v2\/comments?post=56096"}],"wp:featuredmedia":[{"embeddable":true,"href":"https:\/\/soydeaqui.ddns.net\/pachuca\/index.php\/wp-json\/wp\/v2\/media\/56095"}],"wp:attachment":[{"href":"https:\/\/soydeaqui.ddns.net\/pachuca\/index.php\/wp-json\/wp\/v2\/media?parent=56096"}],"wp:term":[{"taxonomy":"product_brand","embeddable":true,"href":"https:\/\/soydeaqui.ddns.net\/pachuca\/index.php\/wp-json\/wp\/v2\/product_brand?post=56096"},{"taxonomy":"product_cat","embeddable":true,"href":"https:\/\/soydeaqui.ddns.net\/pachuca\/index.php\/wp-json\/wp\/v2\/product_cat?post=56096"},{"taxonomy":"product_tag","embeddable":true,"href":"https:\/\/soydeaqui.ddns.net\/pachuca\/index.php\/wp-json\/wp\/v2\/product_tag?post=56096"}],"curies":[{"name":"wp","href":"https:\/\/api.w.org\/{rel}","templated":true}]}}