{"id":56094,"date":"2026-03-19T03:13:44","date_gmt":"2026-03-19T03:13:44","guid":{"rendered":"https:\/\/soydeaqui.ddns.net\/pachuca\/index.php\/producto\/rastreador-localizador-avanzado-conexion-por-obd-ble-5-0-ltm-cat4-lectura-de-obd-can-y-lcv-2\/"},"modified":"2026-03-19T03:13:44","modified_gmt":"2026-03-19T03:13:44","slug":"rastreador-localizador-avanzado-conexion-por-obd-ble-5-0-ltm-cat4-lectura-de-obd-can-y-lcv-2","status":"publish","type":"product","link":"https:\/\/soydeaqui.ddns.net\/pachuca\/index.php\/producto\/rastreador-localizador-avanzado-conexion-por-obd-ble-5-0-ltm-cat4-lectura-de-obd-can-y-lcv-2\/","title":{"rendered":"Rastreador localizador avanzado \/ Conexion por OBD\/ BLE 5.0 \/ LTM CAT4\/ lectura de OBD, CAN y LCV"},"content":{"rendered":"<div style='width: 100%; max-width: 1200px; margin: 0 auto; font-family: sans-serif; line-height: 1.6; color: inherit; background-color: transparent;'> <!-- Contenedor principal con informaci\u00f3n --> <\/p>\n<div style='background-color: rgba(244&comma; 244&comma; 244&comma; 0.1); border: 1px solid rgba(150&comma;150&comma;150&comma;0.3); border-radius: 8px; padding: 20px; margin: 20px 0;'>\n<div style='text-align: center;'> <img style='width: 100%; height: auto; border: 1px solid rgba(150&comma;150&comma;150&comma;0.3); border-radius: 8px; margin-bottom: 20px;' src='https:\/\/www.ruptela.mx\/wp-content\/uploads\/2023\/11\/Plug5-NA-BT_be-fono-550x430.png' alt='Equipo PLUG5 de Ruptela'> <\/p>\n<h1 style='font-size: 28px; margin-top: 0; margin-bottom: 20px; color: inherit; opacity: 0.9;'>Equipo PLUG5 de Ruptela<\/h1>\n<\/p><\/div>\n<p style='font-size: 15px; color: inherit; margin-bottom: 20px; text-align: justify;'>El equipo PLUG5 de Ruptela est\u00e1 compuesto por expertos en tecnolog\u00eda de IoT (Internet of Things)&comma; dedicados al desarrollo de soluciones inteligentes para la gesti\u00f3n de flotas y la optimizaci\u00f3n de recursos. Con una amplia experiencia en el sector&comma; PLUG5 trabaja para ofrecer productos innovadores que mejoran la eficiencia operativa de las empresas.<\/p>\n<div style='display: flex; flex-wrap: wrap; gap: 30px; margin-bottom: 30px;'>\n<div style='flex: 1 1 300px; min-width: 280px;'>\n<h3 style='font-size: 22px; border-bottom: 2px solid currentColor; padding-bottom: 5px; margin-top: 0; color: inherit; opacity: 0.8;'>Servicios Ofrecidos<\/h3>\n<ul style='padding-left: 20px; font-size: 15px; color: inherit; list-style-type: disc;'>\n<li style='margin-bottom: 5px;'>Gesti\u00f3n de flotas en tiempo real<\/li>\n<li style='margin-bottom: 5px;'>Optimizaci\u00f3n de rutas<\/li>\n<li style='margin-bottom: 5px;'>Monitoreo de veh\u00edculos con tecnolog\u00eda IoT<\/li>\n<li style='margin-bottom: 5px;'>Soporte t\u00e9cnico especializado<\/li>\n<li style='margin-bottom: 5px;'>Integraci\u00f3n de soluciones de transporte<\/li>\n<\/ul><\/div>\n<div style='flex: 1 1 300px; min-width: 280px;'>\n<h3 style='font-size: 22px; border-bottom: 2px solid currentColor; padding-bottom: 5px; margin-top: 0; color: inherit; opacity: 0.8;'>Beneficios para los Clientes<\/h3>\n<p style='font-size: 15px; color: inherit; margin-top: 0;'>Al elegir los servicios del equipo PLUG5&comma; los clientes pueden esperar mejoras significativas en la eficiencia operativa&comma; reducci\u00f3n de costos&comma; y mayor seguridad en el manejo de sus activos. Nuestro enfoque centrado en la innovaci\u00f3n garantiza que los clientes obtengan tecnolog\u00eda avanzada adaptada a sus necesidades espec\u00edficas.<\/p>\n<\/p><\/div>\n<\/p><\/div>\n<\/p><\/div>\n<p> <!-- Separador --> <\/p>\n<hr style='border: 0; border-top: 1px solid rgba(150&comma; 150&comma; 150&comma; 0.3); margin: 30px 0;'> <!-- Tabla de especificaciones como cards --> <\/p>\n<div style='display: flex; flex-wrap: wrap; gap: 20px; margin-bottom: 30px;'>\n<div style='flex: 1 1 250px; border: 1px solid rgba(150&comma; 150&comma; 150&comma; 0.4); border-radius: 8px; overflow: hidden; display: flex; flex-direction: column;'>\n<div style='padding: 15px; border-bottom: 1px solid rgba(150&comma; 150&comma; 150&comma; 0.2); font-weight: bold; font-size: 18px; color: inherit; background-color: rgba(13&comma; 59&comma; 102&comma; 0.9);'>Ruptela Plug5: Rastreador GPS Plug &#038; Play<\/div>\n<div style='padding: 15px; color: inherit;'>\n<ul style='padding-left: 20px; margin: 0; font-size: 14px; list-style-type: disc;'>\n<li style='margin-bottom: 5px;'><strong>Conectividad:<\/strong> LTE CAT4 y LTE-M con retroceso a 2G<\/li>\n<li style='margin-bottom: 5px;'><strong>Aceler\u00f3metro:<\/strong> 3 ejes<\/li>\n<li style='margin-bottom: 5px;'><strong>Bluetooth:<\/strong> BLE 5.1<\/li>\n<li style='margin-bottom: 5px;'><strong>Interfaces de veh\u00edculo:<\/strong> CAN (FMS&comma; J1708&comma; J1939)&comma; OBDII&comma; lectura de datos DTC<\/li>\n<li style='margin-bottom: 5px;'><strong>Bater\u00eda interna:<\/strong> S\u00ed<\/li>\n<li style='margin-bottom: 5px;'><strong>Instalaci\u00f3n:<\/strong> Plug &#038; Play<\/li>\n<li style='margin-bottom: 5px;'><strong>M\u00f3dulo GNSS:<\/strong> U-blox<\/li>\n<li style='margin-bottom: 5px;'><strong>Fuente de alimentaci\u00f3n:<\/strong> 9-30V DC<\/li>\n<li style='margin-bottom: 5px;'><strong>Memoria interna:<\/strong> 16 MB<\/li>\n<li style='margin-bottom: 5px;'><strong>Detecci\u00f3n de interferencias:<\/strong> S\u00ed<\/li>\n<li style='margin-bottom: 5px;'><strong>Antenas GNSS:<\/strong> Internas<\/li>\n<li style='margin-bottom: 5px;'><strong>Punto de acceso Wi-Fi:<\/strong> Solo en versi\u00f3n CAT4<\/li>\n<li style='margin-bottom: 5px;'><strong>Lectura de datos del veh\u00edculo:<\/strong> Datos patentados<\/li>\n<li style='margin-bottom: 5px;'><strong>Algoritmos de detecci\u00f3n de ignici\u00f3n:<\/strong> Avanzados<\/li>\n<li style='margin-bottom: 5px;'><strong>Configuraci\u00f3n de firmware:<\/strong> SMS\/GPRS (FOTA)\/USB<\/li>\n<li style='margin-bottom: 5px;'><strong>Detecci\u00f3n y configuraci\u00f3n autom\u00e1tica del veh\u00edculo:<\/strong> S\u00ed<\/li>\n<li style='margin-bottom: 5px;'><strong>Temperatura de funcionamiento:<\/strong> -20\u00b0C a +60\u00b0C<\/li>\n<\/ul><\/div>\n<\/p><\/div>\n<\/p><\/div>\n<\/p><\/div>\n","protected":false},"excerpt":{"rendered":"<p>Rastreador localizador avanzado \/ Conexion por OBD\/ BLE 5.0 \/ LTM CAT4\/ lectura de OBD, CAN y LCV<\/p>\n","protected":false},"featured_media":56093,"comment_status":"open","ping_status":"closed","template":"","meta":[],"product_brand":[],"product_cat":[1346,1388],"product_tag":[1350,1349,1351,1389],"class_list":{"0":"post-56094","1":"product","2":"type-product","3":"status-publish","4":"has-post-thumbnail","6":"product_cat-iot","7":"product_cat-trackers-gps","8":"product_tag-gps-y-telematica","9":"product_tag-iot","10":"product_tag-ruptela","11":"product_tag-trackers-gps","13":"first","14":"instock","15":"sale","16":"shipping-taxable","17":"purchasable","18":"product-type-simple"},"_links":{"self":[{"href":"https:\/\/soydeaqui.ddns.net\/pachuca\/index.php\/wp-json\/wp\/v2\/product\/56094","targetHints":{"allow":["GET"]}}],"collection":[{"href":"https:\/\/soydeaqui.ddns.net\/pachuca\/index.php\/wp-json\/wp\/v2\/product"}],"about":[{"href":"https:\/\/soydeaqui.ddns.net\/pachuca\/index.php\/wp-json\/wp\/v2\/types\/product"}],"replies":[{"embeddable":true,"href":"https:\/\/soydeaqui.ddns.net\/pachuca\/index.php\/wp-json\/wp\/v2\/comments?post=56094"}],"wp:featuredmedia":[{"embeddable":true,"href":"https:\/\/soydeaqui.ddns.net\/pachuca\/index.php\/wp-json\/wp\/v2\/media\/56093"}],"wp:attachment":[{"href":"https:\/\/soydeaqui.ddns.net\/pachuca\/index.php\/wp-json\/wp\/v2\/media?parent=56094"}],"wp:term":[{"taxonomy":"product_brand","embeddable":true,"href":"https:\/\/soydeaqui.ddns.net\/pachuca\/index.php\/wp-json\/wp\/v2\/product_brand?post=56094"},{"taxonomy":"product_cat","embeddable":true,"href":"https:\/\/soydeaqui.ddns.net\/pachuca\/index.php\/wp-json\/wp\/v2\/product_cat?post=56094"},{"taxonomy":"product_tag","embeddable":true,"href":"https:\/\/soydeaqui.ddns.net\/pachuca\/index.php\/wp-json\/wp\/v2\/product_tag?post=56094"}],"curies":[{"name":"wp","href":"https:\/\/api.w.org\/{rel}","templated":true}]}}