{"id":56092,"date":"2026-03-19T03:13:40","date_gmt":"2026-03-19T03:13:40","guid":{"rendered":"https:\/\/soydeaqui.ddns.net\/pachuca\/index.php\/producto\/rastreador-personal-ultra-portable-llamada-2-vias-boton-de-pacuteanico-ip65-duracion-de-bateria-hasta-7-dias\/"},"modified":"2026-03-19T03:13:41","modified_gmt":"2026-03-19T03:13:41","slug":"rastreador-personal-ultra-portable-llamada-2-vias-boton-de-pacuteanico-ip65-duracion-de-bateria-hasta-7-dias","status":"publish","type":"product","link":"https:\/\/soydeaqui.ddns.net\/pachuca\/index.php\/producto\/rastreador-personal-ultra-portable-llamada-2-vias-boton-de-pacuteanico-ip65-duracion-de-bateria-hasta-7-dias\/","title":{"rendered":"Rastreador personal ultra portable \/ Llamada 2 vias \/ Boton de P&#038;acuteanico \/ IP65 \/ Duracion de bateria hasta 7 dias"},"content":{"rendered":"<div style='width: 100%; max-width: 1200px; margin: 0 auto; font-family: sans-serif; line-height: 1.6; color: inherit; background-color: transparent;'> <!-- T\u00edtulo (oculto seg\u00fan instrucciones) --> <\/p>\n<div style='display: none;'>\n<div style='text-align: center; background-color: #003366; color: white; padding: 20px; border-radius: 10px;'>\n<h1 style='font-size: 2em; margin: 0; color: inherit;'>Qbit M<\/h1>\n<h2 style='font-size: 1.2em; margin: 0; color: inherit;'>Rastreador GNSS Port\u00e1til LTE<\/h2>\n<\/p><\/div>\n<\/p><\/div>\n<p> <!-- Descripci\u00f3n general --> <\/p>\n<div style='padding: 20px 0;'>\n<div style='max-width: 800px; margin: 0 auto; padding: 0 20px;'>\n<p style='font-size: 15px; color: inherit;'> Peque\u00f1o volumen&comma; estructura compacta&comma; el Qbit M es un rastreador port\u00e1til avanzado dise\u00f1ado para manejar la seguridad personal de ancianos&comma; ni\u00f1os y personas vulnerables. Con comunicaci\u00f3n LTE-M y tecnolog\u00eda de posicionamiento GNSS&comma; el dispositivo asegura una conexi\u00f3n s\u00f3lida y un posicionamiento preciso en casi todos los casos. Adem\u00e1s&comma; varios accesorios&comma; una cerca de seguridad y una alarma sonora a\u00f1adir\u00e1n a la seguridad y tranquilidad proporcionadas por el Qbit M. <\/p>\n<\/p><\/div>\n<\/p><\/div>\n<p> <!-- Caracter\u00edsticas principales --> <\/p>\n<div style='padding: 20px 0;'>\n<div style='max-width: 800px; margin: 0 auto;'>\n<h3 style='font-size: 20px; border-bottom: 2px solid currentColor; padding-bottom: 5px; margin: 0 20px 15px; color: inherit; opacity: 0.8;'>Caracter\u00edsticas<\/h3>\n<div style='display: grid; grid-template-columns: repeat(auto-fill&comma; minmax(280px&comma; 1fr)); gap: 20px; padding: 0 20px;'>\n<div style='border-left: 3px solid #0066cc; padding-left: 15px;'>\n<h4 style='font-size: 16px; margin: 0 0 10px; color: #0066cc; color: inherit;'> Posicionamiento Inteligente <\/h4>\n<p style='margin: 0; font-size: 14px; color: inherit;'> Con GNSS y posicionamiento celular nRF (opcional) para cobertura de se\u00f1al en interiores y exteriores&comma; el dispositivo puede enviar notificaciones y cargar ubicaciones basadas en estados de movimiento. <\/p>\n<\/p><\/div>\n<div style='border-left: 3px solid #0066cc; padding-left: 15px;'>\n<h4 style='font-size: 16px; margin: 0 0 10px; color: #0066cc; color: inherit;'> Trabajo por Fases de Tiempo <\/h4>\n<p style='margin: 0; font-size: 14px; color: inherit;'> Soporta la configuraci\u00f3n de las horas de trabajo y horas de sue\u00f1o del dispositivo seg\u00fan demanda. <\/p>\n<\/p><\/div>\n<div style='border-left: 3px solid #0066cc; padding-left: 15px;'>\n<h4 style='font-size: 16px; margin: 0 0 10px; color: #0066cc; color: inherit;'> Tama\u00f1o Compacto <\/h4>\n<p style='margin: 0; font-size: 14px; color: inherit;'> Peque\u00f1o y ligero&comma; pero con un largo tiempo de espera&comma; el dispositivo es f\u00e1cil de llevar. <\/p>\n<\/p><\/div>\n<div style='border-left: 3px solid #0066cc; padding-left: 15px;'>\n<h4 style='font-size: 16px; margin: 0 0 10px; color: #0066cc; color: inherit;'> Bot\u00f3n de P\u00e1nico <\/h4>\n<p style='margin: 0; font-size: 14px; color: inherit;'> Presiona el bot\u00f3n de p\u00e1nico del dispositivo para enviar una alerta inmediata y la ubicaci\u00f3n en tiempo real para ayuda o rescate de emergencia. <\/p>\n<\/p><\/div>\n<div style='border-left: 3px solid #0066cc; padding-left: 15px;'>\n<h4 style='font-size: 16px; margin: 0 0 10px; color: #0066cc; color: inherit;'> Alarma Sonora <\/h4>\n<p style='margin: 0; font-size: 14px; color: inherit;'> Haz que el dispositivo emita una alarma a trav\u00e9s del comando de la aplicaci\u00f3n para encontrar el veh\u00edculo o persona espec\u00edfica. <\/p>\n<\/p><\/div>\n<div style='border-left: 3px solid #0066cc; padding-left: 15px;'>\n<h4 style='font-size: 16px; margin: 0 0 10px; color: #0066cc; color: inherit;'> Cerca de Seguridad <\/h4>\n<p style='margin: 0; font-size: 14px; color: inherit;'> Geovallas (conectadas a puntos de acceso WiFi)&comma; utilizadas con servicios de ubicaci\u00f3n en tiempo real&comma; pueden notificar a los usuarios a trav\u00e9s de la aplicaci\u00f3n si un dispositivo sale de un \u00e1rea designada. <\/p>\n<\/p><\/div>\n<\/p><\/div>\n<\/p><\/div>\n<\/p><\/div>\n<p> <!-- Separador --> <\/p>\n<hr style='border: 0; border-top: 1px solid rgba(150&comma; 150&comma; 150&comma; 0.3); margin: 30px 0;'> <!-- Especificaciones --> <\/p>\n<div style='padding: 20px 0;'>\n<div style='max-width: 800px; margin: 0 auto;'>\n<h3 style='font-size: 20px; border-bottom: 2px solid currentColor; padding-bottom: 5px; margin: 0 20px 20px; color: inherit; opacity: 0.8;'>Especificaciones<\/h3>\n<p> <!-- Secci\u00f3n GNSS --> <\/p>\n<div style='margin-bottom: 20px;'>\n<div style='padding: 15px; border: 1px solid rgba(150&comma; 150&comma; 150&comma; 0.4); border-radius: 8px; margin: 0 20px;'>\n<div style='font-weight: bold; font-size: 18px; color: inherit; border-bottom: 1px solid rgba(150&comma; 150&comma; 150&comma; 0.2); padding-bottom: 10px; margin-bottom: 10px;'> GNSS <\/div>\n<div style='padding: 0 5px;'>\n<ul style='padding-left: 20px; margin: 0; font-size: 14px; list-style-type: disc; color: inherit;'>\n<li style='margin-bottom: 5px;'><strong style='color: inherit;'>Sistema de posicionamiento:<\/strong> GPS+QZSS (nRF*)<\/li>\n<li style='margin-bottom: 5px;'><strong style='color: inherit;'>Precisi\u00f3n de posicionamiento:<\/strong> <2.5m CEP<\/li>\n<li style='margin-bottom: 5px;'><strong style='color: inherit;'>Sensibilidad de seguimiento:<\/strong> -155dBm<\/li>\n<li style='margin-bottom: 5px;'><strong style='color: inherit;'>Sensibilidad de adquisici\u00f3n:<\/strong> -147dBm<\/li>\n<li style='margin-bottom: 5px;'><strong style='color: inherit;'>TTFF (cielo abierto):<\/strong> Inicio en caliente \u22641s; Inicio en fr\u00edo \u226436s<\/li>\n<\/ul><\/div>\n<\/p><\/div>\n<\/p><\/div>\n<p> <!-- Secci\u00f3n Celular --> <\/p>\n<div style='margin-bottom: 20px;'>\n<div style='padding: 15px; border: 1px solid rgba(150&comma; 150&comma; 150&comma; 0.4); border-radius: 8px; margin: 0 20px;'>\n<div style='font-weight: bold; font-size: 18px; color: inherit; border-bottom: 1px solid rgba(150&comma; 150&comma; 150&comma; 0.2); padding-bottom: 10px; margin-bottom: 10px;'> Celular <\/div>\n<div style='padding: 0 5px;'>\n<ul style='padding-left: 20px; margin: 0; font-size: 14px; list-style-type: disc; color: inherit;'>\n<li style='margin-bottom: 5px;'><strong style='color: inherit;'>Red de comunicaci\u00f3n:<\/strong> LTE-M Cat M1 &#038; Cat NB<\/li>\n<li style='margin-bottom: 5px;'><strong style='color: inherit;'>Frecuencia:<\/strong>\n<ul style='padding-left: 20px; margin: 5px 0;'>\n<li style='margin-bottom: 3px;'>Cat-M1: B1&comma; B2&comma; B3&comma; B4&comma; B5&comma; B8&comma; B12&comma; B13&comma; B14&comma; B18&comma; B19&comma; B20&comma; B25&comma; B26&comma; B28&comma; B66<\/li>\n<li style='margin-bottom: 3px;'>Cat-NB1\/NB2: B1&comma; B2&comma; B3&comma; B4&comma; B5&comma; B8&comma; B12&comma; B13&comma; B17&comma; B19&comma; B20&comma; B25&comma; B26&comma; B28&comma; B66<\/li>\n<\/ul>\n<\/li>\n<\/ul><\/div>\n<\/p><\/div>\n<\/p><\/div>\n<p> <!-- Secci\u00f3n Potencia --> <\/p>\n<div style='margin-bottom: 20px;'>\n<div style='padding: 15px; border: 1px solid rgba(150&comma; 150&comma; 150&comma; 0.4); border-radius: 8px; margin: 0 20px;'>\n<div style='font-weight: bold; font-size: 18px; color: inherit; border-bottom: 1px solid rgba(150&comma; 150&comma; 150&comma; 0.2); padding-bottom: 10px; margin-bottom: 10px;'> Potencia <\/div>\n<div style='padding: 0 5px;'>\n<ul style='padding-left: 20px; margin: 0; font-size: 14px; list-style-type: disc; color: inherit;'>\n<li style='margin-bottom: 5px;'><strong style='color: inherit;'>Bater\u00eda:<\/strong> Bater\u00eda de pol\u00edmero de litio de grado industrial de 650mAh\/3.8V<\/li>\n<li style='margin-bottom: 5px;'><strong style='color: inherit;'>Modos de trabajo:<\/strong> Modo inteligente; Modo GPS regular<\/li>\n<li style='margin-bottom: 5px;'><strong style='color: inherit;'>Tiempo de espera:<\/strong> Hasta 7 d\u00edas en modo inteligente&comma; 2 horas de movimiento por d\u00eda (intervalo de localizaci\u00f3n de 180s en movimiento)<\/li>\n<\/ul><\/div>\n<\/p><\/div>\n<\/p><\/div>\n<p> <!-- Secci\u00f3n Interfaz --> <\/p>\n<div style='margin-bottom: 20px;'>\n<div style='padding: 15px; border: 1px solid rgba(150&comma; 150&comma; 150&comma; 0.4); border-radius: 8px; margin: 0 20px;'>\n<div style='font-weight: bold; font-size: 18px; color: inherit; border-bottom: 1px solid rgba(150&comma; 150&comma; 150&comma; 0.2); padding-bottom: 10px; margin-bottom: 10px;'> Interfaz <\/div>\n<div style='padding: 0 5px;'>\n<ul style='padding-left: 20px; margin: 0; font-size: 14px; list-style-type: disc; color: inherit;'>\n<li style='margin-bottom: 5px;'><strong style='color: inherit;'>SIM:<\/strong> Nano-SIM<\/li>\n<li style='margin-bottom: 5px;'><strong style='color: inherit;'>Bot\u00f3n:<\/strong> 1 bot\u00f3n funcional&comma; 1 bot\u00f3n de p\u00e1nico<\/li>\n<\/ul><\/div>\n<\/p><\/div>\n<\/p><\/div>\n<p> <!-- Secci\u00f3n Especificaci\u00f3n f\u00edsica --> <\/p>\n<div style='margin-bottom: 20px;'>\n<div style='padding: 15px; border: 1px solid rgba(150&comma; 150&comma; 150&comma; 0.4); border-radius: 8px; margin: 0 20px;'>\n<div style='font-weight: bold; font-size: 18px; color: inherit; border-bottom: 1px solid rgba(150&comma; 150&comma; 150&comma; 0.2); padding-bottom: 10px; margin-bottom: 10px;'> Especificaci\u00f3n f\u00edsica <\/div>\n<div style='padding: 0 5px;'>\n<ul style='padding-left: 20px; margin: 0; font-size: 14px; list-style-type: disc; color: inherit;'>\n<li style='margin-bottom: 5px;'><strong style='color: inherit;'>Dimensiones:<\/strong> 40.0 x 45.0 x 15.0mm<\/li>\n<li style='margin-bottom: 5px;'><strong style='color: inherit;'>Peso:<\/strong> 30.5g<\/li>\n<\/ul><\/div>\n<\/p><\/div>\n<\/p><\/div>\n<p> <!-- Secci\u00f3n Entorno de operaci\u00f3n --> <\/p>\n<div style='margin-bottom: 20px;'>\n<div style='padding: 15px; border: 1px solid rgba(150&comma; 150&comma; 150&comma; 0.4); border-radius: 8px; margin: 0 20px;'>\n<div style='font-weight: bold; font-size: 18px; color: inherit; border-bottom: 1px solid rgba(150&comma; 150&comma; 150&comma; 0.2); padding-bottom: 10px; margin-bottom: 10px;'> Entorno de operaci\u00f3n <\/div>\n<div style='padding: 0 5px;'>\n<ul style='padding-left: 20px; margin: 0; font-size: 14px; list-style-type: disc; color: inherit;'>\n<li style='margin-bottom: 5px;'><strong style='color: inherit;'>Temperatura de operaci\u00f3n:<\/strong> \u201320\u00b0C a +75\u00b0C<\/li>\n<li style='margin-bottom: 5px;'><strong style='color: inherit;'>Humedad de operaci\u00f3n:<\/strong> 5%\u201395%&comma; sin condensaci\u00f3n<\/li>\n<li style='margin-bottom: 5px;'><strong style='color: inherit;'>Clasificaci\u00f3n IP:<\/strong> IP65<\/li>\n<\/ul><\/div>\n<\/p><\/div>\n<\/p><\/div>\n<p> <!-- Secci\u00f3n Caracter\u00edsticas adicionales --> <\/p>\n<div style='margin-bottom: 20px;'>\n<div style='padding: 15px; border: 1px solid rgba(150&comma; 150&comma; 150&comma; 0.4); border-radius: 8px; margin: 0 20px;'>\n<div style='font-weight: bold; font-size: 18px; color: inherit; border-bottom: 1px solid rgba(150&comma; 150&comma; 150&comma; 0.2); padding-bottom: 10px; margin-bottom: 10px;'> Caracter\u00edsticas <\/div>\n<div style='padding: 0 5px;'>\n<ul style='padding-left: 20px; margin: 0; font-size: 14px; list-style-type: disc; color: inherit;'>\n<li style='margin-bottom: 5px;'><strong style='color: inherit;'>Sensores:<\/strong> Aceler\u00f3metro<\/li>\n<li style='margin-bottom: 5px;'><strong style='color: inherit;'>Escenarios:<\/strong> Alerta de salida de cerca de seguridad&comma; Alerta de zumbador&comma; Alerta de bater\u00eda baja<\/li>\n<\/ul><\/div>\n<\/p><\/div>\n<\/p><\/div>\n<\/p><\/div>\n<\/p><\/div>\n<p> <!-- Separador final --> <\/p>\n<hr style='border: 0; border-top: 1px solid rgba(150&comma; 150&comma; 150&comma; 0.3); margin: 30px 0;'> <\/div>\n","protected":false},"excerpt":{"rendered":"<p>Rastreador personal ultra portable \/ Llamada 2 vias \/ Boton de P&#038;acuteanico \/ IP65 \/ Duracion de bateria hasta 7 dias<\/p>\n","protected":false},"featured_media":32,"comment_status":"open","ping_status":"closed","template":"","meta":[],"product_brand":[],"product_cat":[1346,1388],"product_tag":[1350,1349,1420,1389],"class_list":{"0":"post-56092","1":"product","2":"type-product","3":"status-publish","4":"has-post-thumbnail","6":"product_cat-iot","7":"product_cat-trackers-gps","8":"product_tag-gps-y-telematica","9":"product_tag-iot","10":"product_tag-jimiiot","11":"product_tag-trackers-gps","13":"first","14":"outofstock","15":"sale","16":"shipping-taxable","17":"purchasable","18":"product-type-simple"},"_links":{"self":[{"href":"https:\/\/soydeaqui.ddns.net\/pachuca\/index.php\/wp-json\/wp\/v2\/product\/56092","targetHints":{"allow":["GET"]}}],"collection":[{"href":"https:\/\/soydeaqui.ddns.net\/pachuca\/index.php\/wp-json\/wp\/v2\/product"}],"about":[{"href":"https:\/\/soydeaqui.ddns.net\/pachuca\/index.php\/wp-json\/wp\/v2\/types\/product"}],"replies":[{"embeddable":true,"href":"https:\/\/soydeaqui.ddns.net\/pachuca\/index.php\/wp-json\/wp\/v2\/comments?post=56092"}],"wp:featuredmedia":[{"embeddable":true,"href":"https:\/\/soydeaqui.ddns.net\/pachuca\/index.php\/wp-json\/wp\/v2\/media\/32"}],"wp:attachment":[{"href":"https:\/\/soydeaqui.ddns.net\/pachuca\/index.php\/wp-json\/wp\/v2\/media?parent=56092"}],"wp:term":[{"taxonomy":"product_brand","embeddable":true,"href":"https:\/\/soydeaqui.ddns.net\/pachuca\/index.php\/wp-json\/wp\/v2\/product_brand?post=56092"},{"taxonomy":"product_cat","embeddable":true,"href":"https:\/\/soydeaqui.ddns.net\/pachuca\/index.php\/wp-json\/wp\/v2\/product_cat?post=56092"},{"taxonomy":"product_tag","embeddable":true,"href":"https:\/\/soydeaqui.ddns.net\/pachuca\/index.php\/wp-json\/wp\/v2\/product_tag?post=56092"}],"curies":[{"name":"wp","href":"https:\/\/api.w.org\/{rel}","templated":true}]}}