{"id":56084,"date":"2026-03-19T03:13:24","date_gmt":"2026-03-19T03:13:24","guid":{"rendered":"https:\/\/soydeaqui.ddns.net\/pachuca\/index.php\/producto\/luz-led-rectangular-para-interiores-48-led-12-24-vcd-1392-lumenes\/"},"modified":"2026-03-19T03:13:28","modified_gmt":"2026-03-19T03:13:28","slug":"luz-led-rectangular-para-interiores-48-led-12-24-vcd-1392-lumenes","status":"publish","type":"product","link":"https:\/\/soydeaqui.ddns.net\/pachuca\/index.php\/producto\/luz-led-rectangular-para-interiores-48-led-12-24-vcd-1392-lumenes\/","title":{"rendered":"Luz LED Rectangular para interiores, 48 LED, 12-24 Vcd, 1392 l\u00famenes"},"content":{"rendered":"<div style='width: 100%; max-width: 1200px; margin: 0 auto; font-family: sans-serif; line-height: 1.6; color: inherit; background-color: transparent;'> <!-- Secci\u00f3n de descripci\u00f3n --> <\/p>\n<div style='margin-bottom: 30px;'>\n<h3 style='font-size: 22px; border-bottom: 2px solid currentColor; padding-bottom: 5px; margin-top: 0; color: inherit; opacity: 0.8; font-weight: normal; letter-spacing: 0.35px;'>Luz LED para Interior de dise\u00f1o ultra delgado para automoviles<\/h3>\n<p style='margin-top: 15px; margin-bottom: 15px; color: inherit; font-size: 15px; line-height: 1.6; text-align: justify;'>Luz de interior compacta y potente que se monta en la superficie de cualquier compartimento de veh\u00edculos como camiones de trabajo&comma; camionetas de carga&comma; carrocer\u00edas utilitarias o cualquier otro veh\u00edculo comercial. La luz LED de bajo perfil se monta con dos tornillos ocultos y cuenta con un cable de tierra y alimentaci\u00f3n est\u00e1ndar. Cuando est\u00e1 apagado&comma; el interruptor de encendido se ilumina en azul&comma; lo que facilita encontrar el interruptor de encendido en los compartimentos con poca luz. Cuando est\u00e1 encendido&comma; presenta un consumo de amperaje bajo que emite 1392 l\u00famenes para iluminar cualquier compartimento interior del veh\u00edculo.<\/p>\n<\/p><\/div>\n<p> <!-- Secci\u00f3n de especificaciones --> <\/p>\n<div style='display: flex; flex-wrap: wrap; gap: 20px; margin-bottom: 30px;'>\n<div style='flex: 1 1 250px; border: 1px solid rgba(150&comma; 150&comma; 150&comma; 0.4); border-radius: 8px; overflow: hidden; display: flex; flex-direction: column;'>\n<div style='padding: 15px; border-bottom: 1px solid rgba(150&comma; 150&comma; 150&comma; 0.2); font-weight: bold; font-size: 18px; color: inherit; background-color: rgba(0&comma; 0&comma; 0&comma; 0.05);'>Especificaciones<\/div>\n<div style='padding: 15px; color: inherit;'>\n<ul style='padding-left: 20px; margin: 0; font-size: 14px; list-style-type: disc;'>\n<li style='margin-bottom: 5px;'><strong>Amperaje:<\/strong> 0.5 A<\/li>\n<li style='margin-bottom: 5px;'><strong>Certificaciones:<\/strong> IP67<\/li>\n<li style='margin-bottom: 5px;'><strong>Dimensiones:<\/strong> 362 x 127 x 4.7 mm<\/li>\n<li style='margin-bottom: 5px;'><strong>L\u00famenes:<\/strong> 1392<\/li>\n<li style='margin-bottom: 5px;'><strong>Montaje:<\/strong> Para superficie<\/li>\n<li style='margin-bottom: 5px;'><strong>Voltaje:<\/strong> 12-24 Vcd<\/li>\n<li style='margin-bottom: 5px;'><strong>Potencia:<\/strong> 11 W<\/li>\n<li style='margin-bottom: 5px;'><strong>N\u00famero de LEDs:<\/strong> 48<\/li>\n<li style='margin-bottom: 5px;'><strong>Color de luz:<\/strong> Clara<\/li>\n<li style='margin-bottom: 5px;'><strong>Garant\u00eda:<\/strong> 1 a\u00f1o<\/li>\n<\/ul><\/div>\n<\/p><\/div>\n<\/p><\/div>\n<p> <!-- Separador --> <\/p>\n<hr style='border: 0; border-top: 1px solid rgba(150&comma; 150&comma; 150&comma; 0.3); margin: 30px 0;'> <\/div>\n","protected":false},"excerpt":{"rendered":"<p>Luz LED Rectangular para interiores, 48 LED, 12-24 Vcd, 1392 l\u00famenes<\/p>\n","protected":false},"featured_media":56083,"comment_status":"open","ping_status":"closed","template":"","meta":[],"product_brand":[],"product_cat":[1422],"product_tag":[1397,1366,1237],"class_list":{"0":"post-56084","1":"product","2":"type-product","3":"status-publish","4":"has-post-thumbnail","6":"product_cat-accesorios-refacciones-barras-de-luz-para-interior-vehiculares","7":"product_tag-accesorios-refacciones-2","8":"product_tag-barras-de-luz-para-interior-vehiculares","9":"product_tag-epcom-industrial-signaling","11":"first","12":"instock","13":"sale","14":"shipping-taxable","15":"purchasable","16":"product-type-simple"},"_links":{"self":[{"href":"https:\/\/soydeaqui.ddns.net\/pachuca\/index.php\/wp-json\/wp\/v2\/product\/56084","targetHints":{"allow":["GET"]}}],"collection":[{"href":"https:\/\/soydeaqui.ddns.net\/pachuca\/index.php\/wp-json\/wp\/v2\/product"}],"about":[{"href":"https:\/\/soydeaqui.ddns.net\/pachuca\/index.php\/wp-json\/wp\/v2\/types\/product"}],"replies":[{"embeddable":true,"href":"https:\/\/soydeaqui.ddns.net\/pachuca\/index.php\/wp-json\/wp\/v2\/comments?post=56084"}],"wp:featuredmedia":[{"embeddable":true,"href":"https:\/\/soydeaqui.ddns.net\/pachuca\/index.php\/wp-json\/wp\/v2\/media\/56083"}],"wp:attachment":[{"href":"https:\/\/soydeaqui.ddns.net\/pachuca\/index.php\/wp-json\/wp\/v2\/media?parent=56084"}],"wp:term":[{"taxonomy":"product_brand","embeddable":true,"href":"https:\/\/soydeaqui.ddns.net\/pachuca\/index.php\/wp-json\/wp\/v2\/product_brand?post=56084"},{"taxonomy":"product_cat","embeddable":true,"href":"https:\/\/soydeaqui.ddns.net\/pachuca\/index.php\/wp-json\/wp\/v2\/product_cat?post=56084"},{"taxonomy":"product_tag","embeddable":true,"href":"https:\/\/soydeaqui.ddns.net\/pachuca\/index.php\/wp-json\/wp\/v2\/product_tag?post=56084"}],"curies":[{"name":"wp","href":"https:\/\/api.w.org\/{rel}","templated":true}]}}