{"id":56081,"date":"2026-03-19T03:13:20","date_gmt":"2026-03-19T03:13:20","guid":{"rendered":"https:\/\/soydeaqui.ddns.net\/pachuca\/index.php\/producto\/burbuja-brillante-de-12-leds-color-ambar-montaje-fijo\/"},"modified":"2026-03-19T03:13:22","modified_gmt":"2026-03-19T03:13:22","slug":"burbuja-brillante-de-12-leds-color-ambar-montaje-fijo","status":"publish","type":"product","link":"https:\/\/soydeaqui.ddns.net\/pachuca\/index.php\/producto\/burbuja-brillante-de-12-leds-color-ambar-montaje-fijo\/","title":{"rendered":"Burbuja brillante de 12 LEDs, color ambar, montaje fijo"},"content":{"rendered":"<div style='width: 100%; max-width: 1200px; margin: 0 auto; font-family: sans-serif; line-height: 1.6; color: inherit; background-color: transparent;'>\n<div style='display: flex; flex-wrap: wrap; gap: 30px; margin-bottom: 30px;'>\n<div style='flex: 1 1 300px; min-width: 280px;'>\n<h3 style='font-size: 22px; border-bottom: 2px solid currentColor; padding-bottom: 5px; margin-top: 0; color: inherit; opacity: 0.8;'>Caracter\u00edsticas<\/h3>\n<ul style='padding-left: 20px; font-size: 15px; color: inherit;'>\n<li style='margin-bottom: 5px;'>Cuenta con un dise\u00f1o \u00f3ptico de conmutaci\u00f3n&comma; el cual hace que la luz sea m\u00e1s brillante.<\/li>\n<li style='margin-bottom: 5px;'>Fuente de luz LED Gen 3<\/li>\n<li style='margin-bottom: 5px;'>Alto brillo&comma; larga vida \u00fatil&comma; tama\u00f1o peque\u00f1o.<\/li>\n<li style='margin-bottom: 5px;'>Fuerte capacidad antivibraci\u00f3n&comma; f\u00e1cil instalaci\u00f3n y operaci\u00f3n.<\/li>\n<li style='margin-bottom: 5px;'>Ampliamente aplicado a los veh\u00edculos utilizados por polic\u00eda&comma; bomberos&comma; equipos de primeros auxilios e ingenieros; tambi\u00e9n para iluminaci\u00f3n en zonas como estaciones&comma; muelles&comma; casetas y arcenes.<\/li>\n<\/ul><\/div>\n<div style='flex: 1 1 300px; min-width: 280px;'>\n<h3 style='font-size: 22px; border-bottom: 2px solid currentColor; padding-bottom: 5px; margin-top: 0; color: inherit; opacity: 0.8;'>Especificaciones<\/h3>\n<ul style='padding-left: 20px; font-size: 15px; color: inherit;'>\n<li style='margin-bottom: 5px;'><strong style='color: inherit;'>F\u00e1cil Instalaci\u00f3n<\/strong><\/li>\n<li style='margin-bottom: 5px;'><strong style='color: inherit;'>Amplia \u00e1rea de iluminaci\u00f3n<\/strong><\/li>\n<li style='margin-bottom: 5px;'><strong style='color: inherit;'>Larga vida \u00fatil<\/strong><\/li>\n<li style='margin-bottom: 5px;'><strong style='color: inherit;'>Voltaje:<\/strong> 10 &#8211; 30 Vcd<\/li>\n<li style='margin-bottom: 5px;'><strong style='color: inherit;'>Corriente:<\/strong> 1 A m\u00e1x<\/li>\n<li style='margin-bottom: 5px;'><strong style='color: inherit;'>LEDs:<\/strong> 12<\/li>\n<li style='margin-bottom: 5px;'><strong style='color: inherit;'>Protecci\u00f3n:<\/strong> IP66<\/li>\n<li style='margin-bottom: 5px;'><strong style='color: inherit;'>Potencia:<\/strong> 24 W<\/li>\n<li style='margin-bottom: 5px;'><strong style='color: inherit;'>Dimensiones:<\/strong> \u2205115*126 mm<\/li>\n<li style='margin-bottom: 5px;'><strong style='color: inherit;'>Montaje:<\/strong> Tornillos<\/li>\n<li style='margin-bottom: 5px;'><strong style='color: inherit;'>Certificaciones:<\/strong> ECER65&comma; R10<\/li>\n<\/ul><\/div>\n<\/p><\/div>\n<div style='display: flex; flex-wrap: wrap; gap: 30px; margin-bottom: 30px;'>\n<div style='flex: 1 1 300px; min-width: 280px;'>\n<h3 style='font-size: 22px; border-bottom: 2px solid currentColor; padding-bottom: 5px; margin-top: 0; color: inherit; opacity: 0.8;'>Aplicaciones<\/h3>\n<ul style='padding-left: 20px; font-size: 15px; color: inherit;'>\n<li style='margin-bottom: 5px;'>Veh\u00edculos policiales<\/li>\n<li style='margin-bottom: 5px;'>Veh\u00edculos de bomberos<\/li>\n<li style='margin-bottom: 5px;'>Veh\u00edculos de rescate y asistencia m\u00e9dica<\/li>\n<li style='margin-bottom: 5px;'>Maquinaria de ingenier\u00eda<\/li>\n<li style='margin-bottom: 5px;'>Iluminaci\u00f3n de estaciones<\/li>\n<li style='margin-bottom: 5px;'>Iluminaci\u00f3n de muelles<\/li>\n<li style='margin-bottom: 5px;'>Iluminaci\u00f3n de casetas<\/li>\n<li style='margin-bottom: 5px;'>Iluminaci\u00f3n de arcenes<\/li>\n<\/ul><\/div>\n<\/p><\/div>\n<div style='display: flex; flex-wrap: wrap; gap: 30px; margin-bottom: 30px;'>\n<div style='flex: 1 1 300px; min-width: 280px;'>\n<h3 style='font-size: 22px; border-bottom: 2px solid currentColor; padding-bottom: 5px; margin-top: 0; color: inherit; opacity: 0.8;'>Montaje<\/h3>\n<ul style='padding-left: 20px; font-size: 15px; color: inherit;'>\n<li style='margin-bottom: 5px;'>Sistema de montaje fijo mediante tornillos<\/li>\n<li style='margin-bottom: 5px;'>Dise\u00f1o compacto para f\u00e1cil integraci\u00f3n<\/li>\n<li style='margin-bottom: 5px;'>Capacidad antivibraci\u00f3n para entornos exigentes<\/li>\n<\/ul><\/div>\n<div style='flex: 1 1 300px; min-width: 280px;'>\n<h3 style='font-size: 22px; border-bottom: 2px solid currentColor; padding-bottom: 5px; margin-top: 0; color: inherit; opacity: 0.8;'>Certificaciones<\/h3>\n<ul style='padding-left: 20px; font-size: 15px; color: inherit;'>\n<li style='margin-bottom: 5px;'>Cumple con est\u00e1ndar ECER65<\/li>\n<li style='margin-bottom: 5px;'>Certificaci\u00f3n R10<\/li>\n<\/ul><\/div>\n<\/p><\/div>\n<div style='display: flex; flex-wrap: wrap; gap: 30px; margin-bottom: 30px;'>\n<div style='flex: 1 1 300px; min-width: 280px;'>\n<h3 style='font-size: 22px; border-bottom: 2px solid currentColor; padding-bottom: 5px; margin-top: 0; color: inherit; opacity: 0.8;'>Ficha T\u00e9cnica<\/h3>\n<div style='padding: 15px; border: 1px solid rgba(150&comma; 150&comma; 150&comma; 0.4); border-radius: 8px; margin-bottom: 15px;'>\n<ul style='padding-left: 20px; margin: 0; font-size: 14px; list-style-type: disc; color: inherit;'>\n<li style='margin-bottom: 5px;'><strong style='color: inherit;'>Voltaje:<\/strong> 10 &#8211; 30 Vcd<\/li>\n<li style='margin-bottom: 5px;'><strong style='color: inherit;'>Corriente:<\/strong> 1 A m\u00e1x<\/li>\n<li style='margin-bottom: 5px;'><strong style='color: inherit;'>LEDs:<\/strong> 12<\/li>\n<li style='margin-bottom: 5px;'><strong style='color: inherit;'>Protecci\u00f3n:<\/strong> IP66<\/li>\n<li style='margin-bottom: 5px;'><strong style='color: inherit;'>Potencia:<\/strong> 24 W<\/li>\n<li style='margin-bottom: 5px;'><strong style='color: inherit;'>Dimensiones:<\/strong> \u2205115*126 mm<\/li>\n<li style='margin-bottom: 5px;'><strong style='color: inherit;'>Montaje:<\/strong> Tornillos<\/li>\n<\/ul><\/div>\n<\/p><\/div>\n<\/p><\/div>\n<div style='display: flex; flex-wrap: wrap; gap: 30px; margin-bottom: 30px;'>\n<div style='flex: 1 1 300px; min-width: 280px;'> <img style='width: 100%; height: auto; border: 1px solid rgba(150&comma;150&comma;150&comma;0.3); border-radius: 8px;' src='https:\/\/www.senken-es.com\/Content\/upload\/2021179620\/202112131620468488283.png' alt='Burbuja brillante de 12 LEDs&comma; color ambar&comma; montaje fijo' \/> <\/div>\n<\/p><\/div>\n<\/p><\/div>\n","protected":false},"excerpt":{"rendered":"<p>Burbuja brillante de 12 LEDs, color ambar, montaje fijo<\/p>\n","protected":false},"featured_media":56080,"comment_status":"open","ping_status":"closed","template":"","meta":[],"product_brand":[],"product_cat":[499],"product_tag":[1237,500,501],"class_list":{"0":"post-56081","1":"product","2":"type-product","3":"status-publish","4":"has-post-thumbnail","6":"product_cat-rojo-azul-verde","7":"product_tag-epcom-industrial-signaling","8":"product_tag-estrobos-burbujas-vehiculares","9":"product_tag-rojo-azul-verde","11":"first","12":"instock","13":"sale","14":"shipping-taxable","15":"purchasable","16":"product-type-simple"},"_links":{"self":[{"href":"https:\/\/soydeaqui.ddns.net\/pachuca\/index.php\/wp-json\/wp\/v2\/product\/56081","targetHints":{"allow":["GET"]}}],"collection":[{"href":"https:\/\/soydeaqui.ddns.net\/pachuca\/index.php\/wp-json\/wp\/v2\/product"}],"about":[{"href":"https:\/\/soydeaqui.ddns.net\/pachuca\/index.php\/wp-json\/wp\/v2\/types\/product"}],"replies":[{"embeddable":true,"href":"https:\/\/soydeaqui.ddns.net\/pachuca\/index.php\/wp-json\/wp\/v2\/comments?post=56081"}],"wp:featuredmedia":[{"embeddable":true,"href":"https:\/\/soydeaqui.ddns.net\/pachuca\/index.php\/wp-json\/wp\/v2\/media\/56080"}],"wp:attachment":[{"href":"https:\/\/soydeaqui.ddns.net\/pachuca\/index.php\/wp-json\/wp\/v2\/media?parent=56081"}],"wp:term":[{"taxonomy":"product_brand","embeddable":true,"href":"https:\/\/soydeaqui.ddns.net\/pachuca\/index.php\/wp-json\/wp\/v2\/product_brand?post=56081"},{"taxonomy":"product_cat","embeddable":true,"href":"https:\/\/soydeaqui.ddns.net\/pachuca\/index.php\/wp-json\/wp\/v2\/product_cat?post=56081"},{"taxonomy":"product_tag","embeddable":true,"href":"https:\/\/soydeaqui.ddns.net\/pachuca\/index.php\/wp-json\/wp\/v2\/product_tag?post=56081"}],"curies":[{"name":"wp","href":"https:\/\/api.w.org\/{rel}","templated":true}]}}