{"id":56048,"date":"2026-03-19T03:12:22","date_gmt":"2026-03-19T03:12:22","guid":{"rendered":"https:\/\/soydeaqui.ddns.net\/pachuca\/index.php\/producto\/barra-de-luces-led-de-47-112-led-sae-ideal-para-equipar-unidades-de-seguridad-privada-y-vehiculos-de-trabajo\/"},"modified":"2026-03-19T03:12:26","modified_gmt":"2026-03-19T03:12:26","slug":"barra-de-luces-led-de-47-112-led-sae-ideal-para-equipar-unidades-de-seguridad-privada-y-vehiculos-de-trabajo","status":"publish","type":"product","link":"https:\/\/soydeaqui.ddns.net\/pachuca\/index.php\/producto\/barra-de-luces-led-de-47-112-led-sae-ideal-para-equipar-unidades-de-seguridad-privada-y-vehiculos-de-trabajo\/","title":{"rendered":"Barra de luces LED de 47&#8243;, 112 LED, SAE, Ideal para Equipar Unidades de Seguridad Privada y Vehiculos de Trabajo"},"content":{"rendered":"<p><strong>Barra de Luces Brillante con tecnolog\u00eda HyperLUX<\/strong><\/p>\n<p>La barra de luces brillantes <em><strong>Serie X87<\/strong><\/em>&comma; cuenta con la tecnolog\u00eda <strong>HyperLUX<\/strong> la cual es empleada para la emisi\u00f3n de luz y proporciona gran destello.<\/p>\n<p><strong>Configuraci\u00f3n: <\/strong><\/p>\n<ul>\n<li>4 m\u00f3dulos de 8 LED \u00e1mbar\/blanco en el frente&comma;<\/li>\n<li>4 m\u00f3dulos de esquina de 8 LED \u00e1mbar\/blanco&comma;<\/li>\n<li>6 m\u00f3dulos de 4 LED \u00e1mbar en la parte trasera&comma;<\/li>\n<li>2 m\u00f3dulos de luz de callejon con 8 LED en color \u00e1mbar\/blanco&comma;<\/li>\n<li>2 m\u00f3dulos de luz de penetracion con 4 LEDs en color blanco.<\/li>\n<\/ul>\n<p><span style='line-height: 20.8px;'><br \/><\/span><img src='data:image\/png;base64&comma;iVBORw0KGgoAAAANSUhEUgAAApwAAACyCAYAAADvch\/KAAAgAElEQVR4nO3deXxM9\/7H8dfMJJEQsSSWWmJfSqmo0qaUUmsXVy1F1FJrBXVr+WlrVyS1Ve1LaamtVFVplaraFaVF7PueIJVVtpnz+yNXbnPFkmVMEu\/n43EeYuacbz45TOY93\/P9fo\/JMAwDERERERE7MTu6ABERERHJ3hQ4RURERMSuFDhFRERExK4UOEVERETErhQ4RURERMSuFDhFRERExK4UOEVERETErhQ4RURERMSuFDhFRERExK4UOEVERETErhQ4RURERMSuFDhFRERE0slmszm6hExNgVNEREQkHa5fv46npydVq1blr7\/+cnQ5mZICp4iIiEg6JCQk8PzzVqKjD9OiRQuCgoIcXVKmo8D5GEVERDBr1iw+\/fRTrFaro8sRERGRdIqKimLhwhEsWhTJypVQuvQ56tevz8iRI0lISHB0eZmGAudjEBsbyx9\/7Kd+\/efYtKk33t5emM069SIiIllZQkICixZN5cUXF1C4sIGPD\/z0E7RqFUJAwCgCAwO5fPmyo8vMFEyGYRiOLiI7+\/HHH\/n003EULLiPjz6K45lnYOTIcvTsuZnixYsDif9hz5w5g2EYWCwW9X6KiIhkQp6enhQoUCDp75s3\/8zp023o3j2cf\/YjxcbCqlXQty8UKFCeDRs2UKpUKQdUnHkocNpJeHg4\/\/d\/gzl0aDmDBoXx6qvg7p743J9\/mvjttw\/p338sADdv3qRKlSrExsZSqdLTHD16zIGVi4iISEr693+f4cNHAHDx4kUWLGjIoEEnyZXr3n1tNvjjD+jWDS5fzk\/\/\/v0ZNmzYY64483BydAHZTWRkJFu2bOajj9rRseMdAgIgT57k+1SrZrBz53yOHevA008\/jWEY3L59m5iYGCIj9xMWFueY4kVEROS+YmMTL49HREQwc2Y3+vU7lWLYBDCb4fnnYf16GDo0lICA0Xh4eODn54eXl9djrDpzUA9nBomPj+fo0aOMHPkB+fP\/ypAhUK7c\/fe\/fh2mTWvH6NGLCQ0Nxdvbm5iYGAICoGTJx1d3drJ+PSxfDrlzw+TJ4Orq6IqypsmT4eBBKFIEAgMdXU3WdPUqjBwJd+7Au+\/CK684uqKs6eRJGDMm8etJk6BgQcfWkxVZrTB1auJrulIl+PBDR1eUtT39dH8qVAjgs8+G8+qrk3juuUcbAhcdDZ99BgEBUKZMNdavX0+RIkXsXG0mY0i6xcbGGP369TWqVME4ehTDasUwjIdvq1fnNnbs2GGEhIQYrq6uBmD89NOjHavt3i0gAAMwvLwwwsMdX09W3Gw2jNdeSzyPFSs6vp6sugUFYeTOnXge5851fD1Zddu+PfEcAsbp046vJytusbEYr7+eeA7r1XN8PVl927mzvvH55xONr74yGTZb6o61WhP\/TxcqhJE\/f35j3rx5xpNEU6XT4dy5c\/Tt24dmzYrj6zuNvXvh6afhUSegv\/JKBMuX9yYiIsK+hYqIiEi6PfVUaTZv\/oWICIPY2NQdazZD7dqwaxe8+GIoffr0YdasWRjGk3GhWYEzDQzDYPbs2XTu3BRPzxksWnSDt99O\/SXcvHmhQ4cj7N\/\/G507d7ZPsSIiIpIhSpb04osvvuaHH+rh7w8hIalvo3RpWLAA\/P1jGTCgL02bNiU4ODjji81kFDhTwWazsXHjRho2rMWvv77HrFknGDYscaxbWj37rI358wfqrgQiIiJZgKenJ2vW\/ISv7zy6dHHnzz8TZ6SnRsGCMH48LFhg5c8\/f8bPrz2bN2+2T8GZhALnIzCMxFnkY8eOYvToxvzf\/+3jm28SB2BbLGlr02aDs2dh8GDYtu1vtm\/fnrFFi4iIiF24urrStWs3OnX6guHDa7BqVeIErdRwcYG2bRMnvEZE\/EqzZk1Zt25dtr3ErsD5CL7\/\/nuee64EZcqMYf16aNgwfe3FxibOBK5dG6ZPB3\/\/D8iRI0fGFCsiIiKPRZs2bZg79wc+\/bQSI0YkrkyRWs89Bz\/8AK1bx\/P222\/j5+dHdHR0xhfrYAqc9xEdHc3ixYtp0uR5Dh9uw\/bt4bRta9yzpmZq3LmTuGyPry9MmJCPN97owcmTpxg8eDAmkynjihcREZHHonDhwmzcuJ0SJWbRvn0Ojh9PfRsFC8KcOTBhQjTr1y\/jzTff4NKlSxlfrAMpcKZg7969dO3alXXr1jF6tCfDhsVTpMijzz7\/XwkJibPSunQBPz9wcqrJ6tU\/MGfOHMqWLav7qouIiGRh+fPnp3v3XtSrF8iQIWXZsAFSe2U8Vy7o2ROWLYOQkB34+PiwZs0a+xTsALrT0D+cP3+eadOm8csvvzB69GgaNWqEm9sRYCsQk+r2DANu3EhcsHj+fBNFilTm11+nU7NmTdzc3DK8fhEREXGc999\/n1atWvHGGy9x7twFOneG1LzdWyzQrJkTlSrNpFu3ZXTu3Jn69euzdOlSXLP43UzUtUbipKB9+\/ZRu3ZtypQpw8GDB2nevPl\/QqEP0BdI3SXv6GhYtAgqVIBp09xo1ao7hw8fpm7dugqbIiIi2VTRokXZuHE\/ixa9QMeOFsLCUnO0GRhAyZKdWLduHf\/+97\/5\/vvvadWqVZYf1\/nEB85Tp07h4+PDihUr2Lp1K7169fqfS9xOgD\/w1CO1l5CQOOOsUSPo3h1q1HiVoKAg5syZY4\/yRUREJJPx8vJi165d1KoVQNOmsHv3oxxlAhoDwwEnXF1d+fjjj1myZAkHDx6kQoUKbNu2za5129MTGTgNw+Do0aN0796dgIAAZs6cydixYylTpsx9xlMWBz4GnO\/bps0GR49Cp07QqZOFyMhnWbLkG7777jtKlSplrx9FREREMiGTycSAAQOYOnUvw4dXYMmSxE6p+ysNzARyJj3i5OREmzZt+OGHH\/D29qZdu3ZMnDiRhAc3lCk9cYEzJCSESZMm0bFjR+rVq8e8efPw9fV9yLJEZqA38GyKz54\/D2PGQI0asHVrUT75ZDp\/\/vknrVu3xt3d3R4\/hoiIiGRyJpOJ559\/npkzf2Dfvl58+KGJmzdT2tOTxLBZ8p5nzGYz1atXZ+3atTRt2pShQ4fSs2dP7qRlDSYHemICZ1RUFN988w1NmzYlOjqajRs34ufnl8oZ4iOA\/w7ajYmBb75JXJdz8mQPhg4dy8GDB+nVq1eG1y8iIiJZU7ly5Zg4cRpxcX3p1MnC6dP\/fNYMDAQaPLANT09PZs6cyfjx41m1ahWtWrXiwIEDdqw6Yz0Rs9TDw8Np0qQJFStWZO3atRQuXBhLmm4R1Bhojc22mKNHE8doHjgA5cpV5uTJzRQsWDDd62n+9hv89Ve6mnhibd2a+Gd0NEyZAlpLP23OnEn889YtCAx0bC1ZVUgIxMUlfr1hA4SGOraerOr8+f9+PXcu5M\/vuFqyKquVpHBz8aJe0+n1wgtR1K2btmOdnJyYPHkyx451p1WrOkyZcpu6dcFsfgfoDzw8l7i4uNCvXz+aNGlCo0aNaNiwITt37qRixYppK+pxMrKxXbt2GU2bNjWaN29ubNq0yYiPj09XezabzTh0aIXRvXsOw93dZNSpU8dYu3ZtuusMCQkxXF1dDcCoWtXJALRp06ZNmzZtmWwbMqRrut\/zDcMwDhw4YLz2mq8xfHgOIybmcpraOHXqlNG6dWvDxcXF6Nu3rxEbG5shtdlLtuzhjIiIYOHChSxatIjevXvTokUL8uXLl642Q0NDmTNnDvPmzSMyMjddu\/oRGBiYIbekNJvNFChQgNjYWPLmLU3BgmfT3eaTKCYmhpiYGEwmEx4eHrp7UxpFRUURHx+P2WzGw8PD0eVkSVarlcjISAzDwM3NTbeuTaOEhAQiIyMB8PDw0E0y0ujua9rJyUnzCtIpd27vDGnHx8eHb77ZxJAhQ+jXbzQfffQRJUqUSFUbZcuWZe7cuVSsWJFJkybh4uKCv79\/pp2obDKM7HOX+Li4OI4cOUKnTp1o3LgxQ4YMwcvLK11tRkZGsnnzZgYPHszVq1dp2bIln3\/+eYa+ERuGQUREBJAYPm02W4a1\/SSx2WzYbDZMJlMah0wIJIYlwzB0HtPp7nm0WCz68JNGhmFgtVqBxMuRkjZ6TWecHDlyZOgHSJvNRo8ePbh06RJjx46levXqqf5glZCQwNq1a+nfvz8Av\/zyC6VLl850r5lsETgNw+DMmTN89NFHxMTE8Nlnn1G6dOl0t3vkyBEGDhzIxo0badCgAZ9\/\/jlPP\/10BlQsIiIikmjv3r20bduWUaNGpWFCc6KzZ8\/i5+fHnj17GDp0KKNHj85UH3azReDs06cPx48f5+OPP6ZWrVrkzJnz4Qc9QHh4OIMGDWL16tVER0ezZs0a6tSpk+VvKyUiIiKZU3BwMMOHD8fV1ZUxY8ak6UpqcHAwo0aNYt68eXTu3JmRI0dStGhRO1SbetkicP72228UL16cMmXKpKudGzdusHTpUj7\/\/HNsNhtdunTB398fT0\/PDKpUREREJGVRUVH07NmT27dvExAQQOXKlVPdSxkdHc2yZcsYNGgQTz31FKtXr6ZChQp2qvjRZYvACfDll1\/SuXPnNB0bExPD5s2bGT9+PAcPHuTZZ59lw4YNmjAhIiIij926desYP348H3zwAW+99VaqQ6dhGPz222988MEHJCQk0LNnT\/r06WOnah9NtgmcERERBAcHU7Zs2Uc+xmazce7cOQYPHsxPP\/1ElSpVmDdvHlWrVrVjpSIiIiIPdvr0aQYOHEi9evXo1atXmob1Xb58GX9\/fzZu3MiUKVPo0qWLw1bNyDaB0zAM9u3bR5UqVXBzc3vo\/iEhIUyePJlp06aRN29ePvnkEzp16qRlN0RERCRTiIuLo1mzZuTJk4epU6dSrFixVLcRGxvLxIkTWb58OTt27CBPnjx2qPThsk26MplMlC5dmj\/++IMHZeg7d+4wc+ZMXnnlFSZOnMigQYPYu3cvXbp0UdgUERGRTMPFxYVNmzbRvn17OnbsyLZt29LUxksvvcTWrVsdFjYhm93a0tPTEycnJyIiIu4ZfxkXF8f27dsJCAhg3759vPLKK8yePZvatWtnqmUDRERERO4ymUy0bNkSm83GjBkzOHHiBB07dnzkS+MXLlzAZrOR38H3hs02l9T\/adu2bdSpUweTyYTNZuP48eNMnjyZL7\/8kiJFirBly5Z0z2gXEREReZz+\/vtvWrVqReXKlRk2bBgFChR44P43b97kjz\/+oHHjxo+pwvvLNteQDcNIupTu4uLChQsXiI2NJTAwkLp167JkyRIWLVrEhQsXMmRReBEREZHHKV++fGzevJkGDRrQqlUrTp48+cD9t2zZgq+v72Oq7sGyTQ\/n999\/z+bNmxk1ahSQGEDNZjN37twhISEBk8mEm5sb\/fr1Y+\/evZw6dcrBFYuIiIikzeLFiwkICGDEiBG0bt062fBAwzD49ddf8fX1faSJ1I9DthnDmZCQwJ9\/zmPx4iXcb0imzQbHj0cSGenYcQwiIiIi6fHOO+9Qv359unbtyrFjx3j\/\/ffJmzcvAMePH8fZ2TnThE3IRoHTZIJnn42hb9+Y+wZOqxX27IGrVx9vbSIiIiIZrWjRonz00UccOnSIZcuW0bVrV+Lj47FYLLz88stJ+127do3jx4\/z8ssvY7FYHFJrtgmcIiIiIk+awMDx9OnTC4DNm39KevzMmWNJX2\/evIVZs+Zx\/fp1cufO\/dhrBAVOERERkSzL2fkEhQq1eOA+iRnTsZfXFThFREREsqhcuaB69QfP\/z58+DEV8wDZZlkkEREREcmcFDhFRERExK4UOEVERETErhQ4RURERMSuFDhFRERExK4UOEVERETErhQ4RURERMSuFDhFRERExK4UOEVERETErhQ4RURERMSuFDhFRERExK4UOEVERETErhQ4RURERMSuFDhFRERExK4UOEVERETErhQ4RURERMSuFDhFRERExK4UOEVERETErhQ4RURERMSuFDhFRERExK4UOEVERETErpwcXUDGagR0Akz3ed4GTAfOP7aKRERERJ502ShwmoDyQDvuHzitwDoUOEVEREQen2wUOEVERESeNM5AwYfsEwMkPIZa7k+BU0RERCTLegYIfMg+q4FRj6GW+1PgFBEREcmyXIGyD9mn0OMo5IE0S11ERERE7EqBU0RERETsSoFTREREROxKgVNERERE7EqBU0RERETsSoFTREREROxKgVNERERE7EqBU0RERETsSoFTREREROxKgVNERERE7EqBU0RERETsSoFTREREROxKgVNERERE7EqBU0RERETsSoFTREREROxKgVNERERE7EqBU0RERETsSoFTREREROxKgVNERERE7EqBU0RERETsSoFTREREROxKgVNERERE7EqBU0RERETsysnRBWQUwzDYv38\/48aNe+A+QUFBj7EqEREREck2gfONN96gfv36yR6zWq2YzWZMJlPSY\/7+\/sn+LiIiIiL2lW0Cp4uLCy4uLkl\/NwyDzz77jPDwcLp160bRokUdWJ2IiIhIxjMMg7i4uAfuk5CQ8Jiqub9sEzj\/l9VqJSYmhlGjRrFixQq2bt1KgQIFHF2WiIiISIbp1asXN27cAGD27NkcPLiFd9+FM2ea0b59JwB8fHz46quvcHNzc1id2XbS0Jkzp4mOns+OHQYeHscoXbok06ZNc3RZIiIiIhmmdu3ahIaG4uf3JhER45k2bSdvvLGT27cnEBkZQdGiRalevTqtWrXCyclx\/YzZsofzxo0bLF8+gPfeO0uRIrBqFQwZEs2wYUOwWCz4+fmRJ08eR5cpIiIikmYHDx5kxowpXLq0mI8\/hnr1wNk58bn+\/W\/z1VdTKFFiKq6uro4tlGzYw2kYBsuXT6Fhww0UKZL4WLFiMGcODBwYzeDB\/jRs2JDQ0FAMw3BssSIiIiKpYBgG8fHxrFy5nG7d6vLii4v57jto2PC\/YROgQAFwcVnEnj07HFfsP2SrwGkYBkuXLqVgwQn4+tqSPZcrFwwdCps3w7Vr+\/D09GTZsmUOqlREREQkdWJiYli1ahUFC+bkxIl2bNsWQdeukDNnyvt37x7Dzz+PxGazpbzDY5StAueJE8cJCfk\/\/vWv+8\/GqlULfv0VGjeG7t27M2nSJOLj4x9jlSIiIiKps3v3brp3f4f169uwe3cCH36Y2Jn2IG5uUL\/+7yxcuPDxFPkAJiObXFe+du0qY8a8xujRf+Hl9fAfKTgYJk+Gzz4zUbfuqyxfvpz8+fM\/hkpFREREHs358+f4+OMPCQ39iX\/\/O5w6dRKD5KOKi4Nx4yrRr992h+Ycy8iRI0c67LtngOjoaE6dOsW33wbSo8f6pHGbD+PuDg0aQIkSsHz5WXbtOoSXVwHKli1r34JFREREHiI4OJilS7+mb9\/XaNnyEOPGxfL008nHaT4KiwUKFAhl5UoL5cpVIdfDukXtJMtfUr99+zbdunUjNHQe3t6pO9Zsho4dYd06uHZtA23atGHdunWZYoFUEREReTKdO3eOpk1fJCjoPbZsicff\/+GXzx+kVCkrJ09+RpMmjYmNjc24QlMhW1xSv3XrFr6+1Xj99cuMGXP\/wbMPEhYGvXvDt9868fTTz7Bv3z6HrlclIiIiTw7DMDh79izt2rWhRImjjBkTQ9mykJ4oYrPByZPQrx9s22bC0\/MpTpw4gbu7e8YV\/oiyfA8ngKenJzt3HqRIkU\/x83PmxInUt5EnD8ydCxMmJHD+\/F+0a9eOI0eOZHyxIiIiIv9w5coVJk4MpGPHsowYcYDFi2OoWDF9YfPcORg4EOrUgZMnSxAQMJmLFy86JGxCNunhvMtmsxEYGMju3XPw979Aw4aJl81TIyEBtmwBf38ICyvIsmXLqF+\/vn0KFhERkSdWQkICM2fO5Pvvp9G48WnefRe8vNLXZlgYLFsGEycClKJbtx68\/fbblCpVKiNKTrNsFTjvOnv2LG3bNuWdd87QvbuVtCywf\/kydO8O27Y506JFG+bPn58pVuoXERGRrC0mJoagoCAGDRpE2bKlGDHiDEWKbMVkSnubsbGwZw98+CEcOZKLOnXqMmXKFMqXL59xhadDtgycdw0bNpSLF8cyeTJ4eqb++JgYGDcOxoyB9u3bs3DhQlxcXDK+UBEREXkiGIbB66+\/TkxMDBMnTqRatWqYTHuBxkBYGtqDCxdgyJDEW3l7ehZk27ZtVKhQIcNrT49sHTjj4+MZMWIYmzYFMncu+Pikvo3YWFi9Gvr0gdy5S7B69WqqV6+e8cWKiIhIthUXF8eAAQMICgrivffeo0mTJuTOnfs\/z1qB\/sD0VLV5+zZ8\/jnMmpW4vvisWbNp3bp1plxXPFsHTkgc13n48GH69n2L7t3P8vbbkNpOSpvNxIkTL9C1azxXr96gc+fOZOTypVFRUUyYMIGEhATy589PVFRUhrUtIiIiGeeFF16gYcOGj7x\/dHQ027dvZ8CAAXTo0IF3332XAgUKYLrn+vl5oBYQ8tA2IyNhxQqYMgUuXMhF48ZN+OKLL\/Dw8Eih3cwh2wfOu44cOcLChdMxm+fw4YeQuvBfHNjI1au5GTFiJIsXL6Z\/\/\/74+\/tTvHjxdNd248YNGjRoQI4cOdLdlr3duXOHoKAgR5dxX1WrVs0Swx6ioqI4duyYo8sQyRKyyusabgHnHF1Eik6fhvz5S2fKnq\/k4oBDji4iRZGRcPw4DBgwgImJM3IeyGazsW\/fPqZMmYKzszODBw+mSpUqDzoCmAP0+c\/X94qNhV27YNIk2LnTncaNX6Nr166pCsCO8sQETkjszu7a9V1u3VrBrFkJeHvzCAN0cwELgNaAibi4OGbNmsWHH35I7ty52blzZ7rvTnTjxg2CgoKoV69eutp5HI4ePcxLL1V1dBkpio+HY8cuZsiHAHvbv38PDRu+6OgyUhQbC1arCbM5hybKpZHNZiMmJgYAFxcXrembRlarlYiICC5ezBqva1gEdHJ0ESn617+gdeuv8fPzc3QpD3EBKOnoIlK0cye8\/LKZAQMG8Omnn953P8MwiIyMZPLkyaxZs4Zp06bxwgsvPOLvgVDgZSB5x45hwM2bMHQoLFliJlcuL2bPnk2LFi3S9TM9Tk\/Ub0EXFxe++moRJ09+TIsWtRkzJpRmzR4WOvsBbZK10bdvX+rVq0fLli2pWbMmP\/30E7Vq1bJ3+ZlCxYpw6ZKjq0jZ1KmOruDR+fhkzvNos4GfH2zcCGXKlGHPnj2OLilLOnHiBI0aNSIyMpKAgAA6dcqcISSz2717N40aNXJ0GSKP7Nq1a0ydOpWNGzcycOBAdu3ahVtqbnxOfmAq0BxIHF4XFgYzZsBnn4Gbmzeffz4CPz+\/LHFV9J+eqMAJYDabqVjxaaZMWc28eYH89ddPDBp0v3uTtgAGpdjGs88+y48\/\/siwYcOoW7cuAwYMYMyYMZhTu\/BnFmM2J96HPjPKSp1IFkvmPI+GkbjFxRlYrVaHLRCc1bm5uREfH09cXBwuLi46j2mUujdqEfuz2WzYbClf7p4\/fz5Lly6lVq1arF27lmLFiqXxu7wCNCAmZi3r18P48fDnn9CmTTsmTJhA0aJF01y\/I2Wht+iMVbduXWrWrEn37p3o0WMVI0calCjxzz0qAOOAfPdto3z58nzxxReULFmSWbNmsXz5cn799VdKJG9IJFszDIO4uDj+d3SOi4tL0gcwwzCIjY1NukT\/z2MsFgtms5n4+HhMJhMuLi4p3uvX2dkZi8Vy3zqsVivx8fEASe387+D5u5e6LRZLUu9AbGxsUh1WqxWLxYJhGBiGgclkwjCMpH3vfg+TyZThvQsJCQkkJCQke8xsNicbuxgXF4fZbE66NHf3vELi+bbZbCQkJGAymXB2diYuLu6e75MjR44HTiqIj4\/HarUmfX9nZ+d79o+LiyMhISFpuMDdf08Ai8WS9Nzdf4+759f5P5\/s4+LisNlsD\/03FcnsbDYbFy5coFevXnh4eBAYGEi1atWS\/q+nhdVq8Mcf\/2L8+B\/45Rcznp7F+PPPdVSoUCFd7TraExs4IfHT8xdfLGbkyDJ07DifSZNu4uMDFksu4Aug4kPbcHd3Z9y4cbz00ku89957NG7cmBUrVlClSpVs39spAnDx4kUmTZpEiRIl2LhxI82aNePs2bO8++67PPvsswAcO3aMYcOGsXLlSsxmM3FxccyZM4edO3cyaNAgChUqxMcff0zNmjXp3LkzX375Jb\/99htNmjTB2dmZY8eO4e3tTe\/evR9Yx+DBg6lYsSIVKlTAxcWFunXrUqhQISBxpuiSJUsIC0tc565evXpUq1aNr776iqNHj9K+fXsmTJjAwIEDOX78ONHR0Xh7e7No0SIWLlxIzpw5uXLlCgsWLKBixYq0adMmQ1\/jy5Yt48SJE+TIkYPz589TtWpVQkJCGDt2LJAY2saOHUvx4sXp1q0bAOHh4QQEBBASEkJgYCDnzp1j+vTpNG7cmAYNGjB06FC8vLyoXLkyd+7c4ZdffmHcuHGUKVMmxRoMw+DgwYOMHTuW2rVrU7hwYVxdXWnatCnu7u4YhsHp06dZvXo1zs7OeHh48NZbb5ErVy6GDh1K\/vz5qV27NpMnT2bu3LnMnz+fQoUKERISwu3btxkzZgwWi4WtW7fy448\/0rt3b8qVK5dh51DkcTEMg+DgYL766iu+++47PvzwQ9588810zRC32WycP3+euXPnMnPmTEqVqsLYsV3p169fBlbuOE98IsqRIwfjx48nMPAH3njDwuLFTsAngO8jt2GxWHjzzTfZvn077u7uVKtW7ZFmsIlkB\/v27aNDhw507NiRCxcu8M4779C1a1cuXLiQtM\/atWuJjIzk8uXLQOLrrnr16phMJmrUqEHhwoWpVasWvXv3xt3dnX\/9618AtG3blk6dOjFq1Cg2bdqUYo\/dXSVKlMBisVCnTh06dOhAhQoVaNOmDREREQAsWL6GMDIAABBnSURBVLAAm83GwIED+eCDD5g9eza3bt2idevWuLq6UrNmTQBq1qxJuXLlaNasGbVq1cJmszF8+HAAvL29qVu3Lm3bts3wD5RhYWGMHDmS119\/HU9PT95\/\/30qVaqU9HxMTAxXrlxh8+bNSY\/lyZOHqlWrUqBAATw9PZPCYbt27ShUqBBubm5Ur16dDh060L17d0aOHMlff\/113xpMJhM1a9YkLCyMFi1a8M4771CsWDEGDx5MfHw8UVFR9OnTh65du\/LBBx9QsmRJxo0bh4uLC+XLl6dYsWKULVuW8PBw8ubNS5UqVWjSpAn16tXjp59+4tSpU5jNZl566SVq1KiR7gmXIo5gGAbbtm3Dx8eHvHnz8ssvv9C8efN0hc34+Hjmz5\/Piy++SGBgID179uSvv\/7KNmETFDiTvPDCCxw+fJ3Nm9+iW7c\/CQ+PSHUbpUuX5ueff8bf358xY8bQqFEjQkIevp6WSFb2yiuv\/OdOGf\/9ZVu5cmXq1KmT9HcXFxeee+45fv\/996TH7u4fGxvLpEmTaNeuXYoh7u6l+i+\/\/DJVs70rV65MyZIl2b17N7du3WLdunW0a9cOSLxUXL58eZYsWYKrqyunTp1KunR+\/vx59u7dS758icNpWrduzfLly7l48WIqzkrqtW3bFicnp2Tn8c0330waLxYaGsozzzxDZGRkimPIrFYrO3bsSPbG98+2bDYb5cuXT\/UknJo1a7Jjxw7279\/P1q1byZcvX9LSOtWrV+fQoUNYrVbKlCnDzZs3cXJywmq1EhkZyfXr1ylYsCDu7u588sknTJs2LelDQ2ZdK1DkYZYvX86mTZv4\/fff6datW7rGaCckJLBu3Tp8fX0ZPHgwDRo04PTp04wfPz4DK84cFDj\/wcvLixkz5tG48Wv4+flx6NChe8alPYynpycTJ05k8uTJHDhwgMaNGyf16ohkR56enveskWixWJICW2xsLMWLF6dGjRrs3bs32X6GYfDjjz9Sq1at+64PGBUVxddff03u3LlT1avo5OSEj48PmzZt4uLFi8TExCQbd1m6dGl27tyJk5MTUVFR3Lx5kwsXLnDw4EEMw0gaK5U3b17Gjx\/PjBkzksYk2oOXl9c9j\/3zZ969ezd169bF3d39njGuVquVTz75hPr16993os2ZM2f4+++\/U\/3maDabqVChAocOHeLAgQOULVs2qaZ8+fJhsVg4f\/48pUuX5tq1a0nLGIWHh+Ps7JwUohs2bMiRI0ce2MMqkpmtWJGDFi1asHLlSj755BO8vb3TPAbZarWyf\/9+OnfuTKtWrTAMg1WrVrF06VLKlCmTLZdSU+D8Hx4eHrRq1YoOHTrQrVs31qxZk+o2XF1d6dq1K9988w02m42GDRuyYMECO1QrkvkdOXKE4sWLU7VqVY4ePZrsQ9zly5f55ptv2LJlyz0TZoKDg\/n222+ZOXMmO3bsSPWHP0gMw5cuXSIiIgKr1ZossObOnZvg4GAsFgs2m40DBw5Qo0YNDhw4QKFChZINzm\/evDm\/\/fYbx48fT8MZyBgHDhygUqVKPP\/882zbti3Zc4cPH2b\/\/v38+eef9xy3a9culi1bxvjx4+85x4\/Ky8uL0NBQQkJCkn0wMJlM5MmTh1OnTlG0aFGuXr1KaGgovr6+hIeHJ5tN6+rqSv\/+\/ZkzZ859Z\/mKZGZFipRk6tSp+Po++pC7lAQHBzNq1Chef\/11Tpw4wdKlS\/n111959dVXM6jSzEmBMwUmk4m3336b7du3M336dAICAlJ9u0mz2Uz9+vXZvXs3ZcqU4b333uOLL77gzp07dqpaJPMxDIPff\/896RKrk5MTt27dSno+Z86cTJ8+na+\/\/prr168nO7ZQoUK0bNmSvn370qBBgzRdgo2Li8PDw+OeS9VA0ixpk8lEsWLF2L17N3Xq1CEoKIh8+fIl62Hw8PCgW7dufPHFF6muIaPkyZOHy5cvU7JkSWbPnp0sgHt5ebFy5Urmzp1LeHh4suN8fX1p164dY8aMSfMM17srDPxz5vldVqsVV1dXnJ2diYqK4urVq7z22mucO3eOggULJtv3rbfe4urVq2zZsiVNdYg4Up06J9PUCQWJvwujoqL49ttvqVGjBlOnTqV+\/frs2bOHt956Cw8PjwyuNvNR4HyAHDly8O2333L27Fnatm2bpvGYOXPmZPny5YwYMYI+ffrg6+vL33\/\/bYdqRTKfuLg4wsLCKFu2LKVKlcLb2zvZEBNPT0\/y589Pjx49WLduXYptuLm5pXlG+NmzZ3n++efx8vLCxcUlabkfSBwTWbJk4h1NqlSpwtmzZ6lQoQJHjhwhT54897TVoUMH9u7dy4kTJ1JdR3qFhobywgsvUKBAAZ555hkOHTpEdHR00vPFihUjR44cFClShI0bN6bYxlNPPZXm2xqePn2aUqVKUbZsWa5du5b0uNVq5fbt21SrVg1IHH5w7NgxKlWqxIwZM8idO3eydkwmEz179mTGjBlp7m0VcRyD6dOnJ3sNPAqr1cq2bdto2rQpbdu2pVixYkk9m0\/SsmAKnA+RN29eZs2axTvvvEPLli3ZsWNHqttwd3dn4MCBrFy5kitXrvDMM8+wcuVKO1QrkrlERUXh5OREwYIFyZMnDz4+Pqxfvz5Z75zJZMLf359ly5Zx48aNFNtxcXHh7NmzBAcHP\/L3joiIYMeOHdSpU4eSJUtSsGDBpCWRAE6dOkXDhg0xmUxUqVKF+Ph4ihQpgrOzc4pr6bq5udGlSxdmz56dijOQMdatW0eJEiXw8PCgdOnSxMfH3\/PB1WQy0atXL9asWZPiOqZmsxmTycT27dtTdUk7Li6O6OhofHx8eOmllzh27FhScA8ODsbFxSWpd8bb25sbN25QsGBB9uzZQ4ECBe5pr0GDBjg7Ozt0eIJIWp06dYpPPvnkkfc\/f\/483bp1o2XLlly4cIGlS5eyYcMGChcubMcqMycFzkdgsVho06YNvXv3ZsKECcyZMyfFX+gP4uLiwmuvvcb27dupXLkyXbp0Yfny5UlLtohkZYZhcPPmTWJiYggJCUm6G8ehQ4dwd3fHZrNhGAalSpVi4cKF\/P3339y6dYvIyEgiIiLInTs3hQoVYv78+dy5c4fg4GAiIiK4fv06169fZ\/\/+\/XTq1Im8efPet4Y7d+4QFhZGSEgIFy5cYOHChTRv3pyyZcvi4uLCwIEDmTRpEiEhIZw4cYKEhARatmwJQJEiRfD19SVnzpw0bNgQLy8vDMMgNDSUa9euJc2s7ty5M6VKlbLbeYyNjeXKlSvcvn2byMhIACIjI1m1alWy\/WrWrMnPP\/9MTEwMN2\/e5Pbt28THx1O9enVu3LjBhg0biImJITw8nFu3bhEcHMyVK1eYP38+ly5demBvcVhYGNHR0Vy7do1Tp04xZswYRo8eTYkSJahUqRKNGzdm+\/bt3Lhxg59\/\/pmOHTsmtVepUiWqVatGrly5eP7553F3dycuLo7g4GCuX7+OzWbD3d2dnj17ahynZEmGYRAREcHJkycfuN\/ly5cJCAjgueeeY8OGDQwZMoSzZ8\/SunXrFK+gPAmy3zQoO2rXrh0vv\/wynTt3JigoiBEjRuDp6fnIx5tMJipUqMCKFSsYPnw4\/\/73v6lWrVqq2hDJjAzD4PLlywwcOJDTp09TpkwZDMPg+vXr5MyZk7i4uKTxkv379+fixYuYzWZef\/11Ll26RKVKlWjevDlRUVGEhoZy6dIlmjdvztGjRzGbzVy9epVBgwY98O4+N2\/e5I033khavLxRo0ZUrPjfmzdUr14dDw8Pdu3ahc1mY8iQIUnteXt707x5c5ydnXnvvfdwdnbGZrMRHByc9Abj6emJs7OzXZcriYiI4Pbt29SoUYMrV65QoUIFbt++TZMmTZKGAERHR9OoUSPMZjOhoaHky5ePGjVqEB0djWEYtG3bltDQUEJDQ3n55ZexWCwcOHCAqKgoYmJiaNas2X2\/v2EYnDt3ji5dunD58mX+\/vtvevXqlXSLPicnJ\/r06cPGjRvZvXs3lSpVombNmknjY19++WXMZjM5c+ZM6gWKiIjg1q1b\/PHHH0l1v\/LKK3h7e2tpJMmS8ufPz9GjRylevPg9q0JER0fz888\/M3z4cIKDg+nRowc9e\/ZMGr7zRDMk1Ww2m7FgwQLjxRdfNM6dO5emNkJDQ43AwEDDMAwjJCTE2LJlS0aWaEeHjP\/c9S\/TbQEBGBcvXrTnD5+BdhuOPl8pbTYbxmuvYQBGxYoV7XoGsrOgoCAjd+7cBmDMnTvX0eVkWdu3bzcgK72uvzIc\/Rq+39a8OcbXX39tzx8+g5w3HH2u7rft2JH4u3HAgAHGzZs3jQMHDiSr\/Nq1a0aDBg0Mi8ViFChQwAgODs7ws5OV6ZJ6GphMJjp37oyfnx+tWrXiu+++SzYZ4WFiYmI4cOAAgwcPtmOVIiIiYg+enp5EREQQFhbG6dOn8ff3p1y5cgQFBfHjjz8SHBx8zyoNTzqTYRipX9xOkty9\/FS7dm0+\/vjj+y66\/E\/r16+nfPnySfcQvnHjBo0bN8bNzY0yZeDMGXtXnR7RwL1r\/WUGV66Al9dzD7zsmnlEAIcdXUSKjh2Dv\/9OnCTj4+Pj6HKypOjoaA4fPpx0B56793OX1AkPD+fIkSPUqFHjnpsLZE4hwGlHF5Gi48fB07NcihO5MpdY4A9HF5Gi8HA4cgTat2\/PkiVLABgzZgxLlizh2rVrdO7cmT59+iS9t0tyCpwZ4Pbt28yYMYO\/\/vqLCRMm3HdskmEYBAUFUbhw4WR3Fblx4wbe3t7ExMRQtaoHhw6F33OsiIiIOF7Lli2TJvJNmTKFXbt28dlnnyW70YHcS4EzA40aNYrt27czbNgw6tSpc89M0JCQENasWUOPHj2SPR4WFkbXrl2Jj4\/H29vb7vdszq5iY2OJjo7GZDI9cDazPFhkZCTx8fFYLJYnYjFie7BarURERGAYBjlz5swive6ZT0JCQtJKHnny5EnTWqzy39e0k5PTPWujyqMLCwvDZrPRoEEDRowY4ehyshwFzgx26tQp2rdvT6dOnejTp0\/S4+Hh4Zw+fRofH58Uez+1CHL6GYaBzWbDZDLpjSkd7i5hpPOYPnfP4931LyVt7o6Pf5IWyM5oek1njLvn0WKxZMt7ndubAqcdnDx5khUrVnDmzBkCAwPJly8fa9eu5dVXX1XPm4iIiDxxFDjtJC4ujo8++oizZ8\/So0cPqlevrhlrIiIi8kRS4LSzY8eOcenSJRo1auToUkREREQcQoFTREREROxKo4dFRERExK4UOEVERETErhQ4RURERMSuFDhFRERExK4UOEVERETErhQ4RURERMSuFDhFRERExK4UOEVERETErhQ4RURERMSuFDhFRERExK4UOEVERETErhQ4RURERMSuFDhFRERExK4UOEVERETErhQ4RURERMSuFDhFRERExK4UOEVERETErhQ4RURERMSuFDhFRERExK4UOEVERETErhQ4RURERMSuFDhFRERExK4UOEVERETErhQ4RURERMSuFDhFRERExK4UOEVERETErhQ4RURERMSuFDhFRERExK4UOEVERETErhQ4RURERMSu\/h+El9nMV0HMXwAAAABJRU5ErkJggg==' alt='' \/><\/p>\n<p><strong>Caracter\u00edsticas:<\/strong><\/p>\n<ul>\n<li>18 m\u00f3dulos Ultra Brillantes <\/li>\n<li>112 Leds con la \u00faltima tecnolog\u00eda en iluminaci\u00f3n <strong>HyperLUX<\/strong><\/li>\n<li>Alto Brillo<\/li>\n<li>Bajo Perfil<\/li>\n<li>Longitud de 47&#8242;<\/li>\n<li>Montaje de Gancho<\/li>\n<li>Bajo Consumo de Corriente<\/li>\n<li>F\u00e1cil instalaci\u00f3n<\/li>\n<li>Larga Vida \u00datil<\/li>\n<li>Luces Callejoneras (Color Claro)<\/li>\n<li>Luces de Penetraci\u00f3n (Color Claro)<\/li>\n<li><strong>Incluye Controlador<\/strong><\/li>\n<li>Patrones de destello: 45<\/li>\n<li>Funci\u00f3n de Control de Tr\u00e1fico (Interconstruido)<\/li>\n<li>Dimensiones: 120 cm X 28 cm X 9.8 cm (largo x ancho x alto)<\/li>\n<li>5 a\u00f1o de garant\u00eda<\/li>\n<\/ul>\n<p><strong>Especificaciones T\u00e9cnicas:<\/strong><\/p>\n<ul>\n<li>Voltaje de Alimentaci\u00f3n: 12 Vcc<\/li>\n<li>Consumo: 12 A m\u00e1x.<\/li>\n<\/ul>\n","protected":false},"excerpt":{"rendered":"<p>Barra de luces LED de 47&#8243;, 112 LED, SAE, Ideal para Equipar Unidades de Seguridad Privada y Vehiculos de Trabajo<\/p>\n","protected":false},"featured_media":56047,"comment_status":"open","ping_status":"closed","template":"","meta":[],"product_brand":[],"product_cat":[1358],"product_tag":[1356,1237,1359],"class_list":{"0":"post-56048","1":"product","2":"type-product","3":"status-publish","4":"has-post-thumbnail","6":"product_cat-rojo-azul","7":"product_tag-barras-de-luz-torretas-vehiculares","8":"product_tag-epcom-industrial-signaling","9":"product_tag-rojo-azul","11":"first","12":"instock","13":"sale","14":"shipping-taxable","15":"purchasable","16":"product-type-simple"},"_links":{"self":[{"href":"https:\/\/soydeaqui.ddns.net\/pachuca\/index.php\/wp-json\/wp\/v2\/product\/56048","targetHints":{"allow":["GET"]}}],"collection":[{"href":"https:\/\/soydeaqui.ddns.net\/pachuca\/index.php\/wp-json\/wp\/v2\/product"}],"about":[{"href":"https:\/\/soydeaqui.ddns.net\/pachuca\/index.php\/wp-json\/wp\/v2\/types\/product"}],"replies":[{"embeddable":true,"href":"https:\/\/soydeaqui.ddns.net\/pachuca\/index.php\/wp-json\/wp\/v2\/comments?post=56048"}],"wp:featuredmedia":[{"embeddable":true,"href":"https:\/\/soydeaqui.ddns.net\/pachuca\/index.php\/wp-json\/wp\/v2\/media\/56047"}],"wp:attachment":[{"href":"https:\/\/soydeaqui.ddns.net\/pachuca\/index.php\/wp-json\/wp\/v2\/media?parent=56048"}],"wp:term":[{"taxonomy":"product_brand","embeddable":true,"href":"https:\/\/soydeaqui.ddns.net\/pachuca\/index.php\/wp-json\/wp\/v2\/product_brand?post=56048"},{"taxonomy":"product_cat","embeddable":true,"href":"https:\/\/soydeaqui.ddns.net\/pachuca\/index.php\/wp-json\/wp\/v2\/product_cat?post=56048"},{"taxonomy":"product_tag","embeddable":true,"href":"https:\/\/soydeaqui.ddns.net\/pachuca\/index.php\/wp-json\/wp\/v2\/product_tag?post=56048"}],"curies":[{"name":"wp","href":"https:\/\/api.w.org\/{rel}","templated":true}]}}