{"id":56040,"date":"2026-03-19T03:12:06","date_gmt":"2026-03-19T03:12:06","guid":{"rendered":"https:\/\/soydeaqui.ddns.net\/pachuca\/index.php\/producto\/sistema-de-deteccion-de-ocupacion-de-aparcamiento-con-ia\/"},"modified":"2026-03-19T03:12:09","modified_gmt":"2026-03-19T03:12:09","slug":"sistema-de-deteccion-de-ocupacion-de-aparcamiento-con-ia","status":"publish","type":"product","link":"https:\/\/soydeaqui.ddns.net\/pachuca\/index.php\/producto\/sistema-de-deteccion-de-ocupacion-de-aparcamiento-con-ia\/","title":{"rendered":"Sistema de Detecci\u00f3n de Ocupaci\u00f3n de Aparcamiento con IA"},"content":{"rendered":"<div style='width: 100%; max-width: 1200px; margin: 0 auto; font-family: sans-serif; line-height: 1.6; color: inherit; background-color: transparent;'> <!-- Imagen inicial --> <\/p>\n<div style='width: 100%; margin-bottom: 30px;'> <img style='width: 100%; height: auto; border: 1px solid rgba(150&comma;150&comma;150&comma;0.3); border-radius: 8px;' src='https:\/\/ftp3.syscom.mx\/usuarios\/fotos\/PM3322E\/230989-pm3322e-1.png' alt='Sensor de estacionamiento Milesight PM3322E'> <\/div>\n<p> <!-- Descripci\u00f3n principal --> <\/p>\n<div style='width: 100%; margin-bottom: 30px;'>\n<h2 style='font-size: 24px; margin-bottom: 15px; color: inherit;'>Potencie la gesti\u00f3n de edificios con un sensor de estacionamiento inteligente<\/h2>\n<p style='font-size: 15px; color: inherit;'>El sensor de estacionamiento basado en c\u00e1mara ofrece detalles claros con una excelente experiencia de imagen. Permite optimizar las operaciones de estacionamiento para mejorar la gesti\u00f3n de edificios y lograr una transformaci\u00f3n eficaz de los beneficios.<\/p>\n<\/p><\/div>\n<p> <!-- Videos --> <\/p>\n<div style='display: flex; flex-wrap: wrap; gap: 20px; margin-bottom: 30px;'>\n<div style='position: relative; padding-bottom: 56.25%; height: 0; overflow: hidden; flex: 1 1 300px; min-width: 280px;'>   <\/div>\n<div style='position: relative; padding-bottom: 56.25%; height: 0; overflow: hidden; flex: 1 1 300px; min-width: 280px;'>   <\/div>\n<div style='position: relative; padding-bottom: 56.25%; height: 0; overflow: hidden; flex: 1 1 300px; min-width: 280px;'>   <\/div>\n<\/p><\/div>\n<p> <!-- Secci\u00f3n con imagen y texto --> <\/p>\n<div style='display: flex; flex-wrap: wrap; gap: 30px; margin-bottom: 30px;'>\n<div style='flex: 1 1 300px; min-width: 280px;'> <img style='width: 100%; height: auto; border: 1px solid rgba(150&comma;150&comma;150&comma;0.3); border-radius: 8px;' src='https:\/\/ftp3.syscom.mx\/usuarios\/fotos\/PM3322E\/230989-pm3322e-2.png' alt='Monitoreo de estacionamiento digitalizado'> <\/div>\n<div style='flex: 1 1 300px; min-width: 280px;'>\n<h2 style='font-size: 22px; margin-bottom: 15px; color: inherit;'>Monitoreo de estacionamiento digitalizado basado en IA<\/h2>\n<p style='font-size: 15px; color: inherit;'>Con el poder de los algoritmos de aprendizaje profundo de IA&comma; el sensor de estacionamiento ofrece una precisi\u00f3n l\u00edder en la industria que supera el 99&comma;9 % en la detecci\u00f3n de la ocupaci\u00f3n de espacios de estacionamiento. Su innovador dise\u00f1o de doble lente permite un monitoreo eficiente de hasta 6 espacios de estacionamiento&comma; con 3 en cada lado&comma; utilizando solo una c\u00e1mara.<\/p>\n<\/p><\/div>\n<\/p><\/div>\n<p> <!-- Secci\u00f3n con imagen y texto invertida --> <\/p>\n<div style='display: flex; flex-wrap: wrap; gap: 30px; margin-bottom: 30px; flex-direction: row-reverse;'>\n<div style='flex: 1 1 300px; min-width: 280px;'> <img style='width: 100%; height: auto; border: 1px solid rgba(150&comma;150&comma;150&comma;0.3); border-radius: 8px;' src='https:\/\/ftp3.syscom.mx\/usuarios\/fotos\/PM3322E\/230989-pm3322e-3.png' alt='Reconocimiento de atributos del veh\u00edculo'> <\/div>\n<div style='flex: 1 1 300px; min-width: 280px;'>\n<h2 style='font-size: 22px; margin-bottom: 15px; color: inherit;'>Reconocimiento de atributos del veh\u00edculo<\/h2>\n<p style='font-size: 15px; color: inherit;'>La c\u00e1mara de gu\u00eda para estacionamiento en interiores Milesight tambi\u00e9n puede realizar el reconocimiento de matr\u00edculas en tiempo real e identificar atributos del veh\u00edculo como tipo&comma; color y color de la placa.<\/p>\n<\/p><\/div>\n<\/p><\/div>\n<p> <!-- Secci\u00f3n de indicador multicolor --> <\/p>\n<div style='width: 100%; margin-bottom: 30px;'>\n<h2 style='font-size: 24px; margin-bottom: 15px; color: inherit;'>Indicador personalizable multicolor<\/h2>\n<p style='font-size: 15px; color: inherit;'>La c\u00e1mara de gu\u00eda de estacionamiento interior Milesight viene con una luz indicadora que cambia autom\u00e1ticamente seg\u00fan el estado de ocupaci\u00f3n del espacio de estacionamiento en tiempo real. Con colores de luz personalizables&comma; el dispositivo proporciona se\u00f1ales visuales que facilitan la b\u00fasqueda de espacios de estacionamiento disponibles. Y tambi\u00e9n admite espacios de estacionamientos especiales&comma; como detecci\u00f3n y orientaci\u00f3n del estado de puntos VIP o para discapacitados para una experiencia de estacionamiento m\u00e1s f\u00e1cil y conveniente.<\/p>\n<\/p><\/div>\n<p> <!-- Cards de colores de indicaci\u00f3n --> <\/p>\n<div style='display: flex; flex-wrap: wrap; gap: 20px; margin-bottom: 30px;'>\n<div style='flex: 1 1 250px; border: 1px solid rgba(150&comma; 150&comma; 150&comma; 0.4); border-radius: 8px; overflow: hidden; display: flex; flex-direction: column;'> <img style='width: 100%; height: auto;' src='https:\/\/ftp3.syscom.mx\/usuarios\/fotos\/PM3322E\/230989-4.png' alt='Color verde'> <\/p>\n<div style='padding: 15px; color: inherit;'>\n<h2 style='font-size: 20px; margin-bottom: 10px; color: inherit;'>Color verde<\/h2>\n<h4 style='font-size: 14px; color: inherit; opacity: 0.8;'>Para cajones con espacios disponibles<\/h4>\n<\/p><\/div>\n<\/p><\/div>\n<div style='flex: 1 1 250px; border: 1px solid rgba(150&comma; 150&comma; 150&comma; 0.4); border-radius: 8px; overflow: hidden; display: flex; flex-direction: column;'> <img style='width: 100%; height: auto;' src='https:\/\/ftp3.syscom.mx\/usuarios\/fotos\/PM3322E\/230989-5.png' alt='Color rojo'> <\/p>\n<div style='padding: 15px; color: inherit;'>\n<h2 style='font-size: 20px; margin-bottom: 10px; color: inherit;'>Color rojo<\/h2>\n<h4 style='font-size: 14px; color: inherit; opacity: 0.8;'>para indicar que los cajones est\u00e1n ocupados<\/h4>\n<\/p><\/div>\n<\/p><\/div>\n<div style='flex: 1 1 250px; border: 1px solid rgba(150&comma; 150&comma; 150&comma; 0.4); border-radius: 8px; overflow: hidden; display: flex; flex-direction: column;'> <img style='width: 100%; height: auto;' src='https:\/\/ftp3.syscom.mx\/usuarios\/fotos\/PM3322E\/230989-6.png' alt='Color azul'> <\/p>\n<div style='padding: 15px; color: inherit;'>\n<h2 style='font-size: 20px; margin-bottom: 10px; color: inherit;'>Color azul<\/h2>\n<h4 style='font-size: 14px; color: inherit; opacity: 0.8;'>para los cajones que son para personas con capacidades diferentes<\/h4>\n<\/p><\/div>\n<\/p><\/div>\n<\/p><\/div>\n<p> <!-- Im\u00e1genes adicionales --> <\/p>\n<div style='display: flex; flex-wrap: wrap; gap: 20px; margin-bottom: 30px;'>\n<div style='flex: 1 1 250px; min-width: 200px;'> <img style='width: 100%; height: auto; border: 1px solid rgba(150&comma;150&comma;150&comma;0.3); border-radius: 8px;' src='https:\/\/ftp3.syscom.mx\/usuarios\/fotos\/PM3322E\/230989-pm3322e-4.png' alt='Sensor de estacionamiento vista 2'> <\/div>\n<div style='flex: 1 1 250px; min-width: 200px;'> <img style='width: 100%; height: auto; border: 1px solid rgba(150&comma;150&comma;150&comma;0.3); border-radius: 8px;' src='https:\/\/ftp3.syscom.mx\/usuarios\/fotos\/PM3322E\/230989-pm3322e-6.png' alt='Sensor de estacionamiento vista 3'> <\/div>\n<div style='flex: 1 1 250px; min-width: 200px;'> <img style='width: 100%; height: auto; border: 1px solid rgba(150&comma;150&comma;150&comma;0.3); border-radius: 8px;' src='https:\/\/ftp3.syscom.mx\/usuarios\/fotos\/PM3322E\/230989-pm3322e-7.png' alt='Sensor de estacionamiento vista 4'> <\/div>\n<div style='flex: 1 1 250px; min-width: 200px;'> <img style='width: 100%; height: auto; border: 1px solid rgba(150&comma;150&comma;150&comma;0.3); border-radius: 8px;' src='https:\/\/ftp3.syscom.mx\/usuarios\/fotos\/PM3322E\/230989-pm3322e-5.png' alt='Sensor de estacionamiento vista 5'> <\/div>\n<\/p><\/div>\n<\/p><\/div>\n","protected":false},"excerpt":{"rendered":"<p>Sistema de Detecci\u00f3n de Ocupaci\u00f3n de Aparcamiento con IA<\/p>\n","protected":false},"featured_media":56039,"comment_status":"open","ping_status":"closed","template":"","meta":[],"product_brand":[],"product_cat":[438],"product_tag":[439,122,1455],"class_list":{"0":"post-56040","1":"product","2":"type-product","3":"status-publish","4":"has-post-thumbnail","6":"product_cat-bala","7":"product_tag-bala","8":"product_tag-camaras-ip-y-nvrs","9":"product_tag-milesight","11":"first","12":"outofstock","13":"sale","14":"shipping-taxable","15":"purchasable","16":"product-type-simple"},"_links":{"self":[{"href":"https:\/\/soydeaqui.ddns.net\/pachuca\/index.php\/wp-json\/wp\/v2\/product\/56040","targetHints":{"allow":["GET"]}}],"collection":[{"href":"https:\/\/soydeaqui.ddns.net\/pachuca\/index.php\/wp-json\/wp\/v2\/product"}],"about":[{"href":"https:\/\/soydeaqui.ddns.net\/pachuca\/index.php\/wp-json\/wp\/v2\/types\/product"}],"replies":[{"embeddable":true,"href":"https:\/\/soydeaqui.ddns.net\/pachuca\/index.php\/wp-json\/wp\/v2\/comments?post=56040"}],"wp:featuredmedia":[{"embeddable":true,"href":"https:\/\/soydeaqui.ddns.net\/pachuca\/index.php\/wp-json\/wp\/v2\/media\/56039"}],"wp:attachment":[{"href":"https:\/\/soydeaqui.ddns.net\/pachuca\/index.php\/wp-json\/wp\/v2\/media?parent=56040"}],"wp:term":[{"taxonomy":"product_brand","embeddable":true,"href":"https:\/\/soydeaqui.ddns.net\/pachuca\/index.php\/wp-json\/wp\/v2\/product_brand?post=56040"},{"taxonomy":"product_cat","embeddable":true,"href":"https:\/\/soydeaqui.ddns.net\/pachuca\/index.php\/wp-json\/wp\/v2\/product_cat?post=56040"},{"taxonomy":"product_tag","embeddable":true,"href":"https:\/\/soydeaqui.ddns.net\/pachuca\/index.php\/wp-json\/wp\/v2\/product_tag?post=56040"}],"curies":[{"name":"wp","href":"https:\/\/api.w.org\/{rel}","templated":true}]}}