{"id":56027,"date":"2026-03-19T03:11:44","date_gmt":"2026-03-19T03:11:44","guid":{"rendered":"https:\/\/soydeaqui.ddns.net\/pachuca\/index.php\/producto\/combinacion-de-baliza-led-color-ambar-con-sirena-electronica-para-aplicaciones-de-la-industria-pesada-max-114-db-a-24-vcd\/"},"modified":"2026-03-19T03:11:44","modified_gmt":"2026-03-19T03:11:44","slug":"combinacion-de-baliza-led-color-ambar-con-sirena-electronica-para-aplicaciones-de-la-industria-pesada-max-114-db-a-24-vcd","status":"publish","type":"product","link":"https:\/\/soydeaqui.ddns.net\/pachuca\/index.php\/producto\/combinacion-de-baliza-led-color-ambar-con-sirena-electronica-para-aplicaciones-de-la-industria-pesada-max-114-db-a-24-vcd\/","title":{"rendered":"Combinaci\u00f3n de baliza LED color \u00c1mbar con sirena electr\u00f3nica para aplicaciones de la industria pesada  m\u00e1x.114 dB a 24 VCD"},"content":{"rendered":"<div style='width: 100%; max-width: 1200px; margin: 0 auto; font-family: sans-serif; line-height: 1.6; color: inherit; background-color: transparent;'>\n<div style='display: flex; flex-wrap: wrap; gap: 30px; margin-bottom: 30px;'>\n<div style='flex: 1 1 300px; min-width: 280px;'>\n<h3 style='font-size: 22px; border-bottom: 2px solid currentColor; padding-bottom: 5px; margin-top: 0; color: inherit; opacity: 0.8;'>Descripci\u00f3n general<\/h3>\n<p style='font-size: 15px; color: inherit; margin-bottom: 15px;'>Dise\u00f1e un sistema combinado de baliza de se\u00f1al y sirena electr\u00f3nica SDL basado en las especificaciones proporcionadas para aplicaciones marinas y de industria pesada.<\/p>\n<p style='font-size: 15px; color: inherit; margin-bottom: 15px;'>Garantice el cumplimiento de los requisitos de patrones de sonido y niveles de volumen indicados \u00a1Hasta 118 dB! Adem\u00e1s&comma; cumpla con el grado de protecci\u00f3n IP66 y el rango de temperatura especificado.<\/p>\n<p style='font-size: 15px; color: inherit; margin-bottom: 15px;'>Le presentamos las razones t\u00e9cnicas para considerar el uso del producto SDL (Combinaci\u00f3n de baliza de se\u00f1al fija y flasheante con una sirena electr\u00f3nica) de QLight:<\/p>\n<p style='font-size: 15px; color: inherit; margin-bottom: 15px;'>En resumen&comma; el producto SDL ofrece una soluci\u00f3n integral para mejorar los sistemas de alerta y seguridad en aplicaciones marinas y de la industria pesada&comma; con su combinaci\u00f3n efectiva de se\u00f1ales visuales y auditivas&comma; caracter\u00edsticas personalizables&comma; amplia compatibilidad de voltaje&comma; construcci\u00f3n duradera y cumplimiento de los est\u00e1ndares de la industria.<\/p>\n<\/p><\/div>\n<\/p><\/div>\n<div style='display: flex; flex-wrap: wrap; gap: 30px; margin-bottom: 30px; justify-content: center;'>\n<div style='width: 100%; max-width: 300px;'> <img style='width: 100%; height: auto; border: 1px solid rgba(150&comma;150&comma;150&comma;0.3); border-radius: 8px;' src='http:\/\/ftp3.syscom.mx\/usuarios\/srodriguez\/QLIGHT\/SDL_LOGO.png' alt='Logo QLight'> <\/div>\n<div style='width: 100%; max-width: 400px;'> <img style='width: 100%; height: auto; border: 1px solid rgba(150&comma;150&comma;150&comma;0.3); border-radius: 8px;' src='http:\/\/ftp3.syscom.mx\/usuarios\/srodriguez\/QLIGHT\/SDL_LOGO_2.png' alt='Logo SDL'> <\/div>\n<\/p><\/div>\n<div style='display: flex; flex-wrap: wrap; gap: 20px; margin-bottom: 30px;'>\n<div style='flex: 1 1 250px; border: 1px solid rgba(150&comma; 150&comma; 150&comma; 0.4); border-radius: 8px; overflow: hidden; display: flex; flex-direction: column;'>\n<div style='padding: 15px; border-bottom: 1px solid rgba(150&comma; 150&comma; 150&comma; 0.2); font-weight: bold; font-size: 18px; color: inherit;'>Efectividad de la se\u00f1al<\/div>\n<div style='padding: 15px; color: inherit; font-size: 14px;'> El sistema SDL integra se\u00f1ales visuales (baliza de se\u00f1al LED) y auditivas (sirena electr\u00f3nica) en una sola unidad&comma; lo que mejora la efectividad general de una alerta. Esta combinaci\u00f3n garantiza que las alertas sean perceptibles incluso en entornos ruidosos o visualmente desafiantes&comma; lo que mejora la seguridad y la respuesta de emergencia. <\/div>\n<\/p><\/div>\n<div style='flex: 1 1 250px; border: 1px solid rgba(150&comma; 150&comma; 150&comma; 0.4); border-radius: 8px; overflow: hidden; display: flex; flex-direction: column;'>\n<div style='padding: 15px; border-bottom: 1px solid rgba(150&comma; 150&comma; 150&comma; 0.2); font-weight: bold; font-size: 18px; color: inherit;'>Alta salida de sonido<\/div>\n<div style='padding: 15px; color: inherit; font-size: 14px;'> Con una salida de sonido m\u00e1xima de 118 dB&comma; el sistema SDL proporciona alertas auditivas fuertes y claras&comma; lo que garantiza que las alarmas se puedan escuchar por encima de los niveles de ruido ambiental. Esta alta producci\u00f3n de sonido es crucial para alertar al personal sobre situaciones cr\u00edticas con prontitud&comma; reducir los tiempos de respuesta y minimizar los riesgos potenciales. <\/div>\n<\/p><\/div>\n<div style='flex: 1 1 250px; border: 1px solid rgba(150&comma; 150&comma; 150&comma; 0.4); border-radius: 8px; overflow: hidden; display: flex; flex-direction: column;'>\n<div style='padding: 15px; border-bottom: 1px solid rgba(150&comma; 150&comma; 150&comma; 0.2); font-weight: bold; font-size: 18px; color: inherit;'>Patrones de sonido personalizables<\/div>\n<div style='padding: 15px; color: inherit; font-size: 14px;'> El sistema SDL ofrece 5 sonidos integrados (Fuego. A-ANG&comma; WA-U de emergencia (Yelp)&comma; Ambulancia PI-PO (High-Low)&comma; Fallo de maquinaria (Horn) y Alta Expansi\u00f3n)&comma; lo que permite flexibilidad en la personalizaci\u00f3n de alertas. Se pueden asignar diferentes patrones de sonido a eventos o peligros espec\u00edficos&comma; lo que permite una clara diferenciaci\u00f3n entre varios tipos de alertas y mejora la conciencia situacional del personal. <\/div>\n<\/p><\/div>\n<div style='flex: 1 1 250px; border: 1px solid rgba(150&comma; 150&comma; 150&comma; 0.4); border-radius: 8px; overflow: hidden; display: flex; flex-direction: column;'>\n<div style='padding: 15px; border-bottom: 1px solid rgba(150&comma; 150&comma; 150&comma; 0.2); font-weight: bold; font-size: 18px; color: inherit;'>Amplio rango de voltaje<\/div>\n<div style='padding: 15px; color: inherit; font-size: 14px;'> El sistema SDL admite un amplio rango de voltaje&comma; modelos disponibles con voltajes de 12 VCD y 24 VCD&comma; as\u00ed como voltajes de 110 VCA y 220 VCA. Esta flexibilidad en la compatibilidad de voltaje garantiza la compatibilidad con varios sistemas de energ\u00eda que se encuentran com\u00fanmente en aplicaciones marinas y de la industria pesada&comma; lo que simplifica la integraci\u00f3n en la infraestructura existente. <\/div>\n<\/p><\/div>\n<div style='flex: 1 1 250px; border: 1px solid rgba(150&comma; 150&comma; 150&comma; 0.4); border-radius: 8px; overflow: hidden; display: flex; flex-direction: column;'>\n<div style='padding: 15px; border-bottom: 1px solid rgba(150&comma; 150&comma; 150&comma; 0.2); font-weight: bold; font-size: 18px; color: inherit;'>Construcci\u00f3n duradera<\/div>\n<div style='padding: 15px; color: inherit; font-size: 14px;'> Construido con materiales de alta calidad&comma; como carcasa de aluminio y lentes de policarbonato&comma; el sistema SDL ofrece excelente durabilidad y resistencia al impacto&comma; el agua y el polvo. Esta construcci\u00f3n robusta garantiza un funcionamiento confiable en las duras condiciones ambientales que se encuentran com\u00fanmente en entornos marinos y de industria pesada&comma; minimizando el tiempo de inactividad y los requisitos de mantenimiento. <\/div>\n<\/p><\/div>\n<div style='flex: 1 1 250px; border: 1px solid rgba(150&comma; 150&comma; 150&comma; 0.4); border-radius: 8px; overflow: hidden; display: flex; flex-direction: column;'>\n<div style='padding: 15px; border-bottom: 1px solid rgba(150&comma; 150&comma; 150&comma; 0.2); font-weight: bold; font-size: 18px; color: inherit;'>F\u00e1cil instalaci\u00f3n y cableado<\/div>\n<div style='padding: 15px; color: inherit; font-size: 14px;'> El sistema SDL cuenta con una caja de terminales adjunta para facilitar el cableado&comma; lo que simplifica la instalaci\u00f3n y minimiza el tiempo y el esfuerzo de instalaci\u00f3n. Esta conveniencia es especialmente beneficiosa en entornos donde se requiere una implementaci\u00f3n o modernizaci\u00f3n r\u00e1pida&comma; lo que permite una implementaci\u00f3n r\u00e1pida de sistemas de alerta y seguridad. <\/div>\n<\/p><\/div>\n<div style='flex: 1 1 250px; border: 1px solid rgba(150&comma; 150&comma; 150&comma; 0.4); border-radius: 8px; overflow: hidden; display: flex; flex-direction: column;'>\n<div style='padding: 15px; border-bottom: 1px solid rgba(150&comma; 150&comma; 150&comma; 0.2); font-weight: bold; font-size: 18px; color: inherit;'>Certificaciones y cumplimiento<\/div>\n<div style='padding: 15px; color: inherit; font-size: 14px;'> El sistema SDL cumple con los est\u00e1ndares y certificaciones de la industria&comma; como la clasificaci\u00f3n de protecci\u00f3n IP66&comma; lo que garantiza el cumplimiento de los requisitos normativos y de seguridad. Este cumplimiento proporciona garant\u00eda del rendimiento&comma; la confiabilidad y la idoneidad del producto para su uso en entornos industriales exigentes. <\/div>\n<\/p><\/div>\n<\/p><\/div>\n<\/p><\/div>\n","protected":false},"excerpt":{"rendered":"<p>Combinaci\u00f3n de baliza LED color \u00c1mbar con sirena electr\u00f3nica para aplicaciones de la industria pesada  m\u00e1x.114 dB a 24 VCD<\/p>\n","protected":false},"featured_media":56026,"comment_status":"open","ping_status":"closed","template":"","meta":[],"product_brand":[],"product_cat":[1416],"product_tag":[1414,1417,1468],"class_list":{"0":"post-56027","1":"product","2":"type-product","3":"status-publish","4":"has-post-thumbnail","6":"product_cat-luces-para-la-industria-y-edificios","7":"product_tag-luces-bocinas-para-la-industria-y-edificios","8":"product_tag-luces-para-la-industria-y-edificios","9":"product_tag-qlight","11":"first","12":"instock","13":"sale","14":"shipping-taxable","15":"purchasable","16":"product-type-simple"},"_links":{"self":[{"href":"https:\/\/soydeaqui.ddns.net\/pachuca\/index.php\/wp-json\/wp\/v2\/product\/56027","targetHints":{"allow":["GET"]}}],"collection":[{"href":"https:\/\/soydeaqui.ddns.net\/pachuca\/index.php\/wp-json\/wp\/v2\/product"}],"about":[{"href":"https:\/\/soydeaqui.ddns.net\/pachuca\/index.php\/wp-json\/wp\/v2\/types\/product"}],"replies":[{"embeddable":true,"href":"https:\/\/soydeaqui.ddns.net\/pachuca\/index.php\/wp-json\/wp\/v2\/comments?post=56027"}],"wp:featuredmedia":[{"embeddable":true,"href":"https:\/\/soydeaqui.ddns.net\/pachuca\/index.php\/wp-json\/wp\/v2\/media\/56026"}],"wp:attachment":[{"href":"https:\/\/soydeaqui.ddns.net\/pachuca\/index.php\/wp-json\/wp\/v2\/media?parent=56027"}],"wp:term":[{"taxonomy":"product_brand","embeddable":true,"href":"https:\/\/soydeaqui.ddns.net\/pachuca\/index.php\/wp-json\/wp\/v2\/product_brand?post=56027"},{"taxonomy":"product_cat","embeddable":true,"href":"https:\/\/soydeaqui.ddns.net\/pachuca\/index.php\/wp-json\/wp\/v2\/product_cat?post=56027"},{"taxonomy":"product_tag","embeddable":true,"href":"https:\/\/soydeaqui.ddns.net\/pachuca\/index.php\/wp-json\/wp\/v2\/product_tag?post=56027"}],"curies":[{"name":"wp","href":"https:\/\/api.w.org\/{rel}","templated":true}]}}