{"id":56025,"date":"2026-03-19T03:11:41","date_gmt":"2026-03-19T03:11:41","guid":{"rendered":"https:\/\/soydeaqui.ddns.net\/pachuca\/index.php\/producto\/alarma-de-reversa-vehicular-con-montaje-universal-12-24-vcc-117-dba\/"},"modified":"2026-03-19T03:11:42","modified_gmt":"2026-03-19T03:11:42","slug":"alarma-de-reversa-vehicular-con-montaje-universal-12-24-vcc-117-dba","status":"publish","type":"product","link":"https:\/\/soydeaqui.ddns.net\/pachuca\/index.php\/producto\/alarma-de-reversa-vehicular-con-montaje-universal-12-24-vcc-117-dba\/","title":{"rendered":"Alarma de reversa vehicular con montaje universal, 12-24 Vcc, 117 dBA"},"content":{"rendered":"<div style='width: 100%; max-width: 1200px; margin: 0 auto; font-family: sans-serif; line-height: 1.6; color: inherit; background-color: transparent;'> <!-- T\u00edtulo principal --> <\/p>\n<h1 style='font-size: 36px; margin: 0 0 18px; padding: 0; text-transform: uppercase; color: #f7941d; letter-spacing: 0.35px; font-family: EurostileLTPro-BoldEx2&comma; 'Arial Black'&comma; sans-serif;'> SERIES 100 <\/h1>\n<p> <!-- Subt\u00edtulo --> <\/p>\n<h2 style='font-size: 22px; line-height: 26px; margin: 0 0 20px; padding: 0; text-transform: uppercase; color: #002e5e; letter-spacing: 0.35px; font-family: FrutigerLTPro-Bold&comma; Arial&comma; sans-serif;'> Montaje Universal <\/h2>\n<p> <!-- Contenido principal --> <\/p>\n<div style='max-width: 440px; margin-bottom: 30px;'>\n<p style='margin: 0 0 20px; line-height: 22px; color: inherit;'> Una de las alarmas m\u00e1s resistentes y duraderas del mercado. Estas alarmas est\u00e1n dise\u00f1adas para resistir los entornos m\u00e1s exigentes. Tienen pernos terminales #8-32 UNC en la parte posterior de la unidad. Utilizado por los principales fabricantes de equipos originales. La carcasa de dise\u00f1o OEM se monta en centros de 6&#8242; (152 mm). Peso: 2 libras. 4 onzas. (1&comma;02 kg) El modelo de alarma autoajustable se ajusta autom\u00e1ticamente a 10 decibeles por encima del ruido ambiental. <\/p>\n<\/p><\/div>\n<p> <!-- Secci\u00f3n de especificaciones --> <\/p>\n<div style='display: flex; flex-wrap: wrap; gap: 20px; margin-bottom: 30px;'>\n<div style='flex: 1 1 250px; border: 1px solid rgba(150&comma; 150&comma; 150&comma; 0.4); border-radius: 8px; overflow: hidden; display: flex; flex-direction: column;'>\n<div style='padding: 15px; border-bottom: 1px solid rgba(150&comma; 150&comma; 150&comma; 0.2); font-weight: bold; font-size: 18px; color: inherit;'>ESPECIFICACIONES<\/div>\n<div style='padding: 15px; color: inherit;'>\n<ul style='padding-left: 20px; margin: 0; font-size: 14px; list-style-type: disc;'>\n<li style='margin-bottom: 5px;'><strong>DECIBELES:<\/strong> 117 DB(A)<\/li>\n<li style='margin-bottom: 5px;'><strong>ALTURA:<\/strong> 3.2<\/li>\n<li style='margin-bottom: 5px;'><strong>LARGO \/ ANCHO:<\/strong> 7<\/li>\n<li style='margin-bottom: 5px;'><strong>PROFUNDIDAD:<\/strong> 4<\/li>\n<li style='margin-bottom: 5px;'><strong>GARANT\u00cdA:<\/strong> 2 YEAR<\/li>\n<li style='margin-bottom: 5px;'><strong>VOLTAJE:<\/strong> 12-24 V<\/li>\n<li style='margin-bottom: 5px;'><strong>AMPS:<\/strong> 1.3<\/li>\n<\/ul><\/div>\n<\/p><\/div>\n<\/p><\/div>\n<p> <!-- Separador --> <\/p>\n<hr style='border: 0; border-top: 1px solid rgba(150&comma; 150&comma; 150&comma; 0.3); margin: 30px 0;'> <\/div>\n","protected":false},"excerpt":{"rendered":"<p>Alarma de reversa vehicular con montaje universal, 12-24 Vcc, 117 dBA<\/p>\n","protected":false},"featured_media":56024,"comment_status":"open","ping_status":"closed","template":"","meta":[],"product_brand":[],"product_cat":[1395],"product_tag":[479,502,1393],"class_list":{"0":"post-56025","1":"product","2":"type-product","3":"status-publish","4":"has-post-thumbnail","6":"product_cat-bocinas-sirenas-bocinas-y-controladores-vehiculares","7":"product_tag-bocinas","8":"product_tag-ecco","9":"product_tag-sirenas-bocinas-y-controladores-vehiculares","11":"first","12":"instock","13":"sale","14":"shipping-taxable","15":"purchasable","16":"product-type-simple"},"_links":{"self":[{"href":"https:\/\/soydeaqui.ddns.net\/pachuca\/index.php\/wp-json\/wp\/v2\/product\/56025","targetHints":{"allow":["GET"]}}],"collection":[{"href":"https:\/\/soydeaqui.ddns.net\/pachuca\/index.php\/wp-json\/wp\/v2\/product"}],"about":[{"href":"https:\/\/soydeaqui.ddns.net\/pachuca\/index.php\/wp-json\/wp\/v2\/types\/product"}],"replies":[{"embeddable":true,"href":"https:\/\/soydeaqui.ddns.net\/pachuca\/index.php\/wp-json\/wp\/v2\/comments?post=56025"}],"wp:featuredmedia":[{"embeddable":true,"href":"https:\/\/soydeaqui.ddns.net\/pachuca\/index.php\/wp-json\/wp\/v2\/media\/56024"}],"wp:attachment":[{"href":"https:\/\/soydeaqui.ddns.net\/pachuca\/index.php\/wp-json\/wp\/v2\/media?parent=56025"}],"wp:term":[{"taxonomy":"product_brand","embeddable":true,"href":"https:\/\/soydeaqui.ddns.net\/pachuca\/index.php\/wp-json\/wp\/v2\/product_brand?post=56025"},{"taxonomy":"product_cat","embeddable":true,"href":"https:\/\/soydeaqui.ddns.net\/pachuca\/index.php\/wp-json\/wp\/v2\/product_cat?post=56025"},{"taxonomy":"product_tag","embeddable":true,"href":"https:\/\/soydeaqui.ddns.net\/pachuca\/index.php\/wp-json\/wp\/v2\/product_tag?post=56025"}],"curies":[{"name":"wp","href":"https:\/\/api.w.org\/{rel}","templated":true}]}}