{"id":56011,"date":"2026-03-19T03:11:16","date_gmt":"2026-03-19T03:11:16","guid":{"rendered":"https:\/\/soydeaqui.ddns.net\/pachuca\/index.php\/producto\/sirena-electronica-de-montaje-en-pared-con-5-sonidos-de-advertencia-de-max-volumen-118-db-a-24-vca\/"},"modified":"2026-03-19T03:11:17","modified_gmt":"2026-03-19T03:11:17","slug":"sirena-electronica-de-montaje-en-pared-con-5-sonidos-de-advertencia-de-max-volumen-118-db-a-24-vca","status":"publish","type":"product","link":"https:\/\/soydeaqui.ddns.net\/pachuca\/index.php\/producto\/sirena-electronica-de-montaje-en-pared-con-5-sonidos-de-advertencia-de-max-volumen-118-db-a-24-vca\/","title":{"rendered":"Sirena electr\u00f3nica de montaje en pared con 5 sonidos de advertencia de m\u00e1x. volumen 118 dB a 24 VCA"},"content":{"rendered":"<div style='width: 100%; max-width: 1200px; margin: 0 auto; font-family: sans-serif; line-height: 1.6; color: inherit; background-color: transparent;'> <!-- Im\u00e1genes del producto --> <\/p>\n<div style='display: flex; flex-wrap: wrap; gap: 20px; justify-content: center; margin-bottom: 30px;'> <img style='width: 100%; max-width: 250px; height: auto; border: 1px solid rgba(150&comma;150&comma;150&comma;0.3); border-radius: 8px;' src='http:\/\/ftp3.syscom.mx\/usuarios\/srodriguez\/QLIGHT\/SEHN25-SEHN50%20ERP%20LOGO.png' alt=''> <img style='width: 100%; max-width: 750px; height: auto; border: 1px solid rgba(150&comma;150&comma;150&comma;0.3); border-radius: 8px;' src='http:\/\/ftp3.syscom.mx\/usuarios\/srodriguez\/QLIGHT\/SEHN25-SEHN50%20ERP%20LOGO%202.png' alt=''> <\/div>\n<p> <!-- Introducci\u00f3n --> <\/p>\n<div style='margin-bottom: 30px;'>\n<h3 style='font-size: 22px; border-bottom: 2px solid currentColor; padding-bottom: 5px; margin-top: 0; color: inherit; opacity: 0.8;'>Soluciones Innovadoras de Se\u00f1alizaci\u00f3n para la Seguridad Industrial<\/h3>\n<p style='font-size: 15px; color: inherit; margin-bottom: 15px;'>Explore las soluciones de se\u00f1alizaci\u00f3n de vanguardia que ofrece QLight&comma; un proveedor l\u00edder de equipos de seguridad industrial. Sum\u00e9rgete en su l\u00ednea de productos SEHN50 dise\u00f1ada para mejorar las medidas de seguridad en diversos entornos industriales. Desde se\u00f1ales visuales vibrantes hasta potentes alarmas audibles&comma; descubra c\u00f3mo la innovadora tecnolog\u00eda de QLight garantiza una mayor conciencia y respuestas r\u00e1pidas a situaciones cr\u00edticas. Interact\u00fae con las caracter\u00edsticas&comma; especificaciones y aplicaciones de la serie SEHN50 e imagine su perfecta integraci\u00f3n en su marco de seguridad industrial. \u00danase a la vanguardia de la innovaci\u00f3n en seguridad con QLight.<\/p>\n<\/p><\/div>\n<p> <!-- Caracter\u00edsticas destacadas --> <\/p>\n<div style='margin-bottom: 30px;'>\n<h3 style='font-size: 22px; border-bottom: 2px solid currentColor; padding-bottom: 5px; margin-top: 0; color: inherit; opacity: 0.8;'>Caracter\u00edsticas destacadas<\/h3>\n<ul style='padding-left: 20px; font-size: 15px; color: inherit;'>\n<li style='margin-bottom: 15px;'><strong style='color: inherit;'>Modos de se\u00f1alizaci\u00f3n dual:<\/strong> La serie SEHN50 ofrece modos de se\u00f1alizaci\u00f3n visual y audible&comma; lo que garantiza que las alertas cr\u00edticas se comuniquen de manera efectiva a todo el personal en las cercan\u00edas. Esta capacidad de modo dual mejora el conocimiento de la situaci\u00f3n y los tiempos de respuesta en diversos entornos industriales.<\/li>\n<li style='margin-bottom: 15px;'><strong style='color: inherit;'>Variedad de tonos audibles:<\/strong> Adem\u00e1s de las alertas visuales&comma; la serie SEHN50 ofrece una variedad de tonos audibles para complementar las se\u00f1ales. Los usuarios pueden seleccionar entre diferentes opciones de sonido&comma; incluidas alarmas&comma; timbres o timbres&comma; para adaptarse a la urgencia y la naturaleza de la alerta con un potente volumen de 118 dB.<\/li>\n<li style='margin-bottom: 15px;'><strong style='color: inherit;'>Construcci\u00f3n duradera:<\/strong> Construidas para soportar los rigores de los entornos industriales&comma; las sirenas SEHN50 cuentan con una construcci\u00f3n duradera que garantiza longevidad y confiabilidad. El dise\u00f1o robusto puede soportar vibraciones&comma; fluctuaciones de temperatura y exposici\u00f3n al polvo o la humedad&comma; manteniendo un rendimiento \u00f3ptimo en condiciones dif\u00edciles.<\/li>\n<li style='margin-bottom: 15px;'><strong style='color: inherit;'>F\u00e1cil instalaci\u00f3n:<\/strong> QLight prioriza el dise\u00f1o f\u00e1cil de usar y las se\u00f1ales SEHN50 no son una excepci\u00f3n. Con procedimientos de instalaci\u00f3n simples y una configuraci\u00f3n intuitiva&comma; los usuarios pueden implementar r\u00e1pidamente las se\u00f1ales sin una gran capacitaci\u00f3n o experiencia t\u00e9cnica&comma; minimizando el tiempo de inactividad y las interrupciones.<\/li>\n<\/ul><\/div>\n<p> <!-- Razones para invertir --> <\/p>\n<div style='margin-bottom: 30px;'>\n<h3 style='font-size: 22px; border-bottom: 2px solid currentColor; padding-bottom: 5px; margin-top: 0; color: inherit; opacity: 0.8;'>Razones para invertir en esta soluci\u00f3n<\/h3>\n<ul style='padding-left: 20px; font-size: 15px; color: inherit;'>\n<li style='margin-bottom: 15px;'><strong style='color: inherit;'>Medidas de seguridad mejoradas:<\/strong> La serie SEHN50 est\u00e1 dise\u00f1ada para mejorar las medidas de seguridad en entornos industriales. Con su combinaci\u00f3n de se\u00f1ales audibles&comma; garantiza que los trabajadores sean alertados r\u00e1pidamente sobre posibles peligros o emergencias&comma; reduciendo el riesgo de accidentes y lesiones.<\/li>\n<li style='margin-bottom: 15px;'><strong style='color: inherit;'>Cumplimiento de las regulaciones:<\/strong> Muchas industrias est\u00e1n sujetas a estrictas normas y est\u00e1ndares de seguridad. Al implementar la soluci\u00f3n SEHN50&comma; las empresas pueden garantizar el cumplimiento de las directrices de seguridad pertinentes&comma; evitando sanciones y complicaciones legales.<\/li>\n<li style='margin-bottom: 15px;'><strong style='color: inherit;'>Confiabilidad y durabilidad:<\/strong> Los entornos industriales exigen equipos que puedan soportar condiciones duras y un funcionamiento continuo. La serie SEHN50 est\u00e1 dise\u00f1ada para soportar entornos desafiantes&comma; ofreciendo confiabilidad y durabilidad incluso en situaciones exigentes&comma; reduciendo as\u00ed el tiempo de inactividad y los costos de mantenimiento.<\/li>\n<li style='margin-bottom: 15px;'><strong style='color: inherit;'>Integraci\u00f3n con sistemas existentes:<\/strong> Las soluciones de se\u00f1alizaci\u00f3n de QLight est\u00e1n dise\u00f1adas para integrarse perfectamente con los sistemas y protocolos de seguridad existentes. Esto garantiza una transici\u00f3n fluida y compatibilidad con la infraestructura actual&comma; minimizando las interrupciones y maximizando la eficiencia.<\/li>\n<\/ul><\/div>\n<p> <!-- Conclusi\u00f3n --> <\/p>\n<div style='margin-bottom: 30px;'>\n<p style='font-size: 15px; color: inherit; margin-bottom: 15px;'>En conclusi\u00f3n&comma; invertir en la soluci\u00f3n de se\u00f1alizaci\u00f3n SEHN50 de QLight es una decisi\u00f3n prudente para las empresas que buscan priorizar la seguridad&comma; el cumplimiento&comma; la eficiencia y la tranquilidad en sus operaciones industriales. En general&comma; la soluci\u00f3n de se\u00f1alizaci\u00f3n SEHN50 combina tecnolog\u00eda avanzada&comma; construcci\u00f3n robusta y dise\u00f1o f\u00e1cil de usar para proporcionar una soluci\u00f3n de seguridad eficaz para aplicaciones industriales. Al incorporar alertas visuales y audibles con funciones personalizables&comma; permite a las organizaciones mejorar la seguridad&comma; la eficiencia y la productividad en sus operaciones.<\/p>\n<\/p><\/div>\n<\/p><\/div>\n","protected":false},"excerpt":{"rendered":"<p>Sirena electr\u00f3nica de montaje en pared con 5 sonidos de advertencia de m\u00e1x. volumen 118 dB a 24 VCA<\/p>\n","protected":false},"featured_media":56010,"comment_status":"open","ping_status":"closed","template":"","meta":[],"product_brand":[],"product_cat":[1413],"product_tag":[1415,1414,1468],"class_list":{"0":"post-56011","1":"product","2":"type-product","3":"status-publish","4":"has-post-thumbnail","6":"product_cat-bocinas-de-alerta-y-notificacion-masiva","7":"product_tag-bocinas-de-alerta-y-notificacion-masiva","8":"product_tag-luces-bocinas-para-la-industria-y-edificios","9":"product_tag-qlight","11":"first","12":"outofstock","13":"sale","14":"shipping-taxable","15":"purchasable","16":"product-type-simple"},"_links":{"self":[{"href":"https:\/\/soydeaqui.ddns.net\/pachuca\/index.php\/wp-json\/wp\/v2\/product\/56011","targetHints":{"allow":["GET"]}}],"collection":[{"href":"https:\/\/soydeaqui.ddns.net\/pachuca\/index.php\/wp-json\/wp\/v2\/product"}],"about":[{"href":"https:\/\/soydeaqui.ddns.net\/pachuca\/index.php\/wp-json\/wp\/v2\/types\/product"}],"replies":[{"embeddable":true,"href":"https:\/\/soydeaqui.ddns.net\/pachuca\/index.php\/wp-json\/wp\/v2\/comments?post=56011"}],"wp:featuredmedia":[{"embeddable":true,"href":"https:\/\/soydeaqui.ddns.net\/pachuca\/index.php\/wp-json\/wp\/v2\/media\/56010"}],"wp:attachment":[{"href":"https:\/\/soydeaqui.ddns.net\/pachuca\/index.php\/wp-json\/wp\/v2\/media?parent=56011"}],"wp:term":[{"taxonomy":"product_brand","embeddable":true,"href":"https:\/\/soydeaqui.ddns.net\/pachuca\/index.php\/wp-json\/wp\/v2\/product_brand?post=56011"},{"taxonomy":"product_cat","embeddable":true,"href":"https:\/\/soydeaqui.ddns.net\/pachuca\/index.php\/wp-json\/wp\/v2\/product_cat?post=56011"},{"taxonomy":"product_tag","embeddable":true,"href":"https:\/\/soydeaqui.ddns.net\/pachuca\/index.php\/wp-json\/wp\/v2\/product_tag?post=56011"}],"curies":[{"name":"wp","href":"https:\/\/api.w.org\/{rel}","templated":true}]}}