{"id":56009,"date":"2026-03-19T03:11:14","date_gmt":"2026-03-19T03:11:14","guid":{"rendered":"https:\/\/soydeaqui.ddns.net\/pachuca\/index.php\/producto\/router-celular-industrial-4g-lte-con-wifi-y-seguridad-avanzada-para-iot-y-m2m\/"},"modified":"2026-03-19T03:11:15","modified_gmt":"2026-03-19T03:11:15","slug":"router-celular-industrial-4g-lte-con-wifi-y-seguridad-avanzada-para-iot-y-m2m","status":"publish","type":"product","link":"https:\/\/soydeaqui.ddns.net\/pachuca\/index.php\/producto\/router-celular-industrial-4g-lte-con-wifi-y-seguridad-avanzada-para-iot-y-m2m\/","title":{"rendered":"Router Celular Industrial 4G LTE con WiFi y Seguridad Avanzada para IoT y M2M"},"content":{"rendered":"<div style='width: 100%; max-width: 1200px; margin: 0 auto; font-family: sans-serif; line-height: 1.6; color: inherit; background-color: transparent;'> <!-- Video principal --> <\/p>\n<div style='width: 100%; margin-bottom: 30px;'>\n<div style='position: relative; padding-bottom: 56.25%; height: 0; overflow: hidden;'>   <\/div>\n<\/p><\/div>\n<p> <!-- Imagen principal --> <\/p>\n<div style='width: 100%; margin-bottom: 30px;'> <img style='width: 100%; height: auto; border: 1px solid rgba(150&comma;150&comma;150&comma;0.3); border-radius: 8px;' src='https:\/\/ftp3.syscom.mx\/usuarios\/fotos\/UR41L08AF\/228950-principal.png' alt='Router Celular Industrial 4G LTE con WiFi y Seguridad Avanzada para IoT y M2M'> <\/div>\n<p> <!-- Adaptaci\u00f3n de caracter\u00edsticas --> <\/p>\n<div style='display: flex; flex-wrap: wrap; gap: 30px; margin-bottom: 30px;'>\n<div style='flex: 1 1 300px; min-width: 280px;'>\n<h2 style='font-size: 24px; margin-top: 0; color: inherit;'>Adaptaci\u00f3n de las caracter\u00edsticas a sus necesidades<\/h2>\n<\/p><\/div>\n<div style='flex: 1 1 300px; min-width: 280px;'> <img style='width: 100%; height: auto; border: 1px solid rgba(150&comma;150&comma;150&comma;0.3); border-radius: 8px;' src='https:\/\/ftp3.syscom.mx\/usuarios\/fotos\/UR41L08AF\/228950-adaptacion.png' alt='Adaptaci\u00f3n de caracter\u00edsticas'> <\/div>\n<\/p><\/div>\n<p> <!-- Conectividad 4G --> <\/p>\n<div style='display: flex; flex-wrap: wrap; gap: 30px; margin-bottom: 30px;'>\n<div style='flex: 1 1 300px; min-width: 280px;'> <img style='width: 100%; height: auto; border: 1px solid rgba(150&comma;150&comma;150&comma;0.3); border-radius: 8px;' src='https:\/\/ftp3.syscom.mx\/usuarios\/fotos\/UR41L08AF\/228950-4g.png' alt='Conectividad 4G'> <\/div>\n<div style='flex: 1 1 300px; min-width: 280px;'>\n<h2 style='font-size: 24px; margin-top: 0; color: inherit;'>Conectividad 4G en peque\u00f1as escenas integradas<\/h2>\n<ul style='padding-left: 20px; font-size: 15px; color: inherit;'>\n<li style='margin-bottom: 5px;'>Dise\u00f1o liviano y del tama\u00f1o de la palma de la mano<\/li>\n<li style='margin-bottom: 5px;'>Red global 4G LTE con redes de m\u00faltiples operadores<\/li>\n<\/ul><\/div>\n<\/p><\/div>\n<p> <!-- Consumo de energ\u00eda --> <\/p>\n<div style='display: flex; flex-wrap: wrap; gap: 30px; margin-bottom: 30px;'>\n<div style='flex: 1 1 300px; min-width: 280px;'>\n<h2 style='font-size: 24px; margin-top: 0; color: inherit;'>El consumo de energ\u00eda m\u00e1s bajo jam\u00e1s visto<\/h2>\n<p style='color: inherit;'>Milesight UR41 est\u00e1 dise\u00f1ado para funcionar con fuentes de energ\u00eda limitadas a trav\u00e9s de una gesti\u00f3n avanzada de la energ\u00eda&comma; lo que lo convierte en una aplicaci\u00f3n ideal alimentada por bater\u00eda y energ\u00eda solar.<\/p>\n<ul style='padding-left: 20px; font-size: 15px; color: inherit;'>\n<li style='margin-bottom: 5px;'>T\u00edpico: 226 mA<\/li>\n<li style='margin-bottom: 5px;'>M\u00e1ximo: 260 mA<\/li>\n<li style='margin-bottom: 5px;'>C\u00e1lculo del consumo de energ\u00eda basado en una tensi\u00f3n nominal de 12 V<\/li>\n<li style='margin-bottom: 5px;'>El consumo de energ\u00eda puede variar seg\u00fan diferentes condiciones y entornos operativos.<\/li>\n<li style='margin-bottom: 5px;'>C\u00e1lculo del consumo de energ\u00eda t\u00edpico basado en la red celular y el IPC<\/li>\n<\/ul><\/div>\n<div style='flex: 1 1 300px; min-width: 280px;'> <img style='width: 100%; height: auto; border: 1px solid rgba(150&comma;150&comma;150&comma;0.3); border-radius: 8px;' src='https:\/\/ftp3.syscom.mx\/usuarios\/fotos\/UR41L08AF\/228950-consumo.png' alt='Consumo de energ\u00eda'> <\/div>\n<\/p><\/div>\n<p> <!-- Gesti\u00f3n avanzada de energ\u00eda --> <\/p>\n<div style='display: flex; flex-wrap: wrap; gap: 30px; margin-bottom: 30px;'>\n<div style='flex: 1 1 300px; min-width: 280px;'> <img style='width: 100%; height: auto; border: 1px solid rgba(150&comma;150&comma;150&comma;0.3); border-radius: 8px;' src='https:\/\/ftp3.syscom.mx\/usuarios\/fotos\/UR41L08AF\/228950-grafica.png' alt='Gesti\u00f3n avanzada de energ\u00eda'> <\/div>\n<div style='flex: 1 1 300px; min-width: 280px;'>\n<h2 style='font-size: 24px; margin-top: 0; color: inherit;'>Gesti\u00f3n avanzada de energ\u00eda con menos de 1 vatio en modo inactivo<\/h2>\n<ul style='padding-left: 20px; font-size: 15px; color: inherit;'>\n<li style='margin-bottom: 5px;'>Consumo de energ\u00eda tan bajo como 78 mA en modo inactivo<\/li>\n<li style='margin-bottom: 5px;'>Respuesta r\u00e1pida de la red desde el modo de espera activada por temporizadores&comma; DI&comma; celular&comma; Ethernet o puerto serie<\/li>\n<li style='margin-bottom: 5px;'>Proteja las fuentes de energ\u00eda reduciendo el consumo de energ\u00eda a un objetivo de 6&comma;3 mA en modo de espera<\/li>\n<li style='margin-bottom: 5px;'>C\u00e1lculo del consumo de energ\u00eda basado en una tensi\u00f3n nominal de 12 V<\/li>\n<li style='margin-bottom: 5px;'>El consumo de energ\u00eda puede variar seg\u00fan diferentes condiciones y entornos operativos.<\/li>\n<\/ul><\/div>\n<\/p><\/div>\n<p> <!-- Seguridad y estabilidad --> <\/p>\n<div style='display: flex; flex-wrap: wrap; gap: 30px; margin-bottom: 30px;'>\n<div style='flex: 1 1 300px; min-width: 280px;'>\n<h2 style='font-size: 24px; margin-top: 0; color: inherit;'>M\u00e1ximo tiempo de actividad gracias a una transmisi\u00f3n de datos segura y estable<\/h2>\n<p style='color: inherit;'>Vigilancia del hardware<\/p>\n<ul style='padding-left: 20px; font-size: 15px; color: inherit;'>\n<li style='margin-bottom: 5px;'>Incorpora un sistema de vigilancia de hardware para recuperarse autom\u00e1ticamente de diversas fallas<\/li>\n<\/ul>\n<p style='color: inherit;'>Protecci\u00f3n de seguridad<\/p>\n<ul style='padding-left: 20px; font-size: 15px; color: inherit;'>\n<li style='margin-bottom: 5px;'>Gesti\u00f3n de autenticaci\u00f3n local y autenticaci\u00f3n remota (RADIUS&comma; TACACS+&comma; LDAP) para controlar el acceso a los dispositivos en campo<\/li>\n<li style='margin-bottom: 5px;'>Cifrado para la privacidad de datos en Internet mediante t\u00faneles VPN (Open VPN\/IPsec\/GRE\/L2TP\/PPTP\/DMVPN)<\/li>\n<\/ul><\/div>\n<div style='flex: 1 1 300px; min-width: 280px;'> <img style='width: 100%; height: auto; border: 1px solid rgba(150&comma;150&comma;150&comma;0.3); border-radius: 8px;' src='https:\/\/ftp3.syscom.mx\/usuarios\/fotos\/UR41L08AF\/228950-seguridad.png' alt='Seguridad'> <\/div>\n<\/p><\/div>\n<p> <!-- Dise\u00f1o industrial --> <\/p>\n<div style='display: flex; flex-wrap: wrap; gap: 30px; margin-bottom: 30px;'>\n<div style='flex: 1 1 300px; min-width: 280px;'> <img style='width: 100%; height: auto; border: 1px solid rgba(150&comma;150&comma;150&comma;0.3); border-radius: 8px;' src='https:\/\/ftp3.syscom.mx\/usuarios\/fotos\/UR41L08AF\/228950-industrial.png' alt='Dise\u00f1o de grado industrial'> <\/div>\n<div style='flex: 1 1 300px; min-width: 280px;'>\n<h2 style='font-size: 24px; margin-top: 0; color: inherit;'>Dise\u00f1o de grado industrial para entornos hostiles<\/h2>\n<ul style='padding-left: 20px; font-size: 15px; color: inherit;'>\n<li style='margin-bottom: 5px;'>Procesador de grado industrial NXP<\/li>\n<li style='margin-bottom: 5px;'>Amplio rango de temperatura de funcionamiento (-40 \u00b0C a 60 \u00b0C)<\/li>\n<li style='margin-bottom: 5px;'>Amplio rango de voltaje de suministro (5 V a 24 V CC)<\/li>\n<li style='margin-bottom: 5px;'>Caja met\u00e1lica IP30 para diversos usos<\/li>\n<\/ul><\/div>\n<\/p><\/div>\n<p> <!-- GPS y GNSS --> <\/p>\n<div style='display: flex; flex-wrap: wrap; gap: 30px; margin-bottom: 30px;'>\n<div style='flex: 1 1 300px; min-width: 280px;'>\n<h2 style='font-size: 24px; margin-top: 0; color: inherit;'>GPS y sistema global de navegaci\u00f3n por sat\u00e9lite (GNSS) incluidos<\/h2>\n<ul style='padding-left: 20px; font-size: 15px; color: inherit;'>\n<li style='margin-bottom: 5px;'>Se incluyen GPS y GNSS (Galileo&comma; Glonass y Beidou)<\/li>\n<li style='margin-bottom: 5px;'>Capacidad de seguimiento de ubicaci\u00f3n en tiempo real de activos remotos<\/li>\n<li style='margin-bottom: 5px;'>Disponibilidad de actualizaciones del reloj de la red para un uso preciso de la marca de tiempo<\/li>\n<li style='margin-bottom: 5px;'>La funci\u00f3n GPS requiere la combinaci\u00f3n con accesorios de antena para lograrlo.<\/li>\n<\/ul><\/div>\n<div style='flex: 1 1 300px; min-width: 280px;'> <img style='width: 100%; height: auto; border: 1px solid rgba(150&comma;150&comma;150&comma;0.3); border-radius: 8px;' src='https:\/\/ftp3.syscom.mx\/usuarios\/fotos\/UR41L08AF\/228950-gps.png' alt='GPS y GNSS'> <\/div>\n<\/p><\/div>\n<p> <!-- Soluci\u00f3n para veh\u00edculos el\u00e9ctricos --> <\/p>\n<div style='display: flex; flex-wrap: wrap; gap: 30px; margin-bottom: 30px;'>\n<div style='flex: 1 1 300px; min-width: 280px;'> <img style='width: 100%; height: auto; border: 1px solid rgba(150&comma;150&comma;150&comma;0.3); border-radius: 8px;' src='https:\/\/ftp3.syscom.mx\/usuarios\/fotos\/UR41L08AF\/228950-cargador.png' alt='Soluci\u00f3n para veh\u00edculos el\u00e9ctricos'> <\/div>\n<div style='flex: 1 1 300px; min-width: 280px;'>\n<h2 style='font-size: 24px; margin-top: 0; color: inherit;'>Soluci\u00f3n de estaci\u00f3n de carga para veh\u00edculos el\u00e9ctricos<\/h2>\n<p style='color: inherit;'>Una estaci\u00f3n de carga bien conectada no solo puede facilitar un intercambio de energ\u00eda fluido entre los veh\u00edculos y la red el\u00e9ctrica&comma; sino que tambi\u00e9n permite que las estaciones se conecten e intercambien datos. Descubra c\u00f3mo podemos ayudarle a conseguirlo con UR41.<\/p>\n<\/p><\/div>\n<\/p><\/div>\n<p> <!-- MilesightVPN --> <\/p>\n<div style='display: flex; flex-wrap: wrap; gap: 30px; margin-bottom: 30px;'>\n<div style='flex: 1 1 300px; min-width: 280px;'>\n<h2 style='font-size: 24px; margin-top: 0; color: inherit;'>MilesightVPN<\/h2>\n<p style='color: inherit;'>UR41 admite la conexi\u00f3n y gesti\u00f3n con MilesightVPN<\/p>\n<ul style='padding-left: 20px; font-size: 15px; color: inherit;'>\n<li style='margin-bottom: 5px;'>Conexi\u00f3n f\u00e1cil mediante c\u00f3digo de autenticaci\u00f3n<\/li>\n<li style='margin-bottom: 5px;'>Descripci\u00f3n general del estado de la conexi\u00f3n<\/li>\n<li style='margin-bottom: 5px;'>Acceso remoto y seguro a dispositivos de campo<\/li>\n<li style='margin-bottom: 5px;'>Versi\u00f3n magn\u00e9tica<\/li>\n<\/ul><\/div>\n<div style='flex: 1 1 300px; min-width: 280px;'> <img style='width: 100%; height: auto; border: 1px solid rgba(150&comma;150&comma;150&comma;0.3); border-radius: 8px;' src='https:\/\/ftp3.syscom.mx\/usuarios\/fotos\/UR41L08AF\/228950-vpn.png' alt='MilesightVPN'> <\/div>\n<\/p><\/div>\n<p> <!-- Centro de dispositivos --> <\/p>\n<div style='display: flex; flex-wrap: wrap; gap: 30px; margin-bottom: 30px;'>\n<div style='flex: 1 1 300px; min-width: 280px;'> <img style='width: 100%; height: auto; border: 1px solid rgba(150&comma;150&comma;150&comma;0.3); border-radius: 8px;' src='https:\/\/ftp3.syscom.mx\/usuarios\/fotos\/UR41L08AF\/228950-hub.png' alt='Centro de dispositivos'> <\/div>\n<div style='flex: 1 1 300px; min-width: 280px;'>\n<h2 style='font-size: 24px; margin-top: 0; color: inherit;'>Centro de dispositivos<\/h2>\n<p style='color: inherit;'>Milesight DeviceHub ofrece una soluci\u00f3n de alta eficiencia y bajo mantenimiento para implementar f\u00e1cilmente enrutadores celulares industriales Milesight en m\u00faltiples ubicaciones&comma; lo que reduce la complejidad y aumenta la productividad.<\/p>\n<ul style='padding-left: 20px; font-size: 15px; color: inherit;'>\n<li style='margin-bottom: 5px;'>Gesti\u00f3n central<\/li>\n<li style='margin-bottom: 5px;'>Monitoreo del estado del dispositivo<\/li>\n<li style='margin-bottom: 5px;'>Configuraci\u00f3n remota y masiva<\/li>\n<\/ul><\/div>\n<\/p><\/div>\n<p> <!-- Imagen de escenarios --> <\/p>\n<div style='width: 100%; margin-bottom: 30px;'> <img style='width: 100%; height: auto; border: 1px solid rgba(150&comma;150&comma;150&comma;0.3); border-radius: 8px;' src='https:\/\/ftp3.syscom.mx\/usuarios\/fotos\/UR41L08AF\/228950-escenarios.png' alt='Escenarios de aplicaci\u00f3n'> <\/div>\n<p> <!-- Sistema de protecci\u00f3n --> <\/p>\n<div style='width: 100%; margin-bottom: 30px;'>\n<h1 style='font-size: 28px; text-align: center; color: inherit;'>Sistema de protecci\u00f3n ultraconfiable<\/h1>\n<\/p><\/div>\n<p> <!-- Tarjetas de caracter\u00edsticas --> <\/p>\n<div style='display: flex; flex-wrap: wrap; gap: 20px; margin-bottom: 30px;'>\n<div style='flex: 1 1 300px; min-width: 250px; border: 1px solid rgba(150&comma; 150&comma; 150&comma; 0.4); border-radius: 8px; overflow: hidden; display: flex; flex-direction: column;'>\n<div style='padding: 15px; border-bottom: 1px solid rgba(150&comma; 150&comma; 150&comma; 0.2); font-weight: bold; font-size: 18px; color: inherit;'>Router industrial:<\/div>\n<div style='padding: 15px; color: inherit;'>\n<ul style='padding-left: 20px; margin: 0; font-size: 14px; list-style-type: disc;'>\n<li style='margin-bottom: 5px;'>Resistente y ligero.<\/li>\n<li style='margin-bottom: 5px;'>Conectividad 4G segura en un dise\u00f1o compacto.<\/li>\n<\/ul><\/div>\n<\/p><\/div>\n<div style='flex: 1 1 300px; min-width: 250px; border: 1 1px solid rgba(150&comma; 150&comma; 150&comma; 0.4); border-radius: 8px; overflow: hidden; display: flex; flex-direction: column;'>\n<div style='padding: 15px; border-bottom: 1px solid rgba(150&comma; 150&comma; 150&comma; 0.2); font-weight: bold; font-size: 18px; color: inherit;'>Optimizando recursos:<\/div>\n<div style='padding: 15px; color: inherit;'>\n<ul style='padding-left: 20px; margin: 0; font-size: 14px; list-style-type: disc;'>\n<li style='margin-bottom: 5px;'>Bajo consumo de energ\u00eda con modos de funcionamiento inteligentes.<\/li>\n<li style='margin-bottom: 5px;'>Admite GPS y m\u00faltiples interfaces para diversas aplicaciones.<\/li>\n<li style='margin-bottom: 5px;'>Administraci\u00f3n remota en MilesightVPN y DeviceHub.<\/li>\n<\/ul><\/div>\n<\/p><\/div>\n<\/p><\/div>\n<\/p><\/div>\n","protected":false},"excerpt":{"rendered":"<p>Router Celular Industrial 4G LTE con WiFi y Seguridad Avanzada para IoT y M2M<\/p>\n","protected":false},"featured_media":56008,"comment_status":"open","ping_status":"closed","template":"","meta":[],"product_brand":[],"product_cat":[1436],"product_tag":[1437,1455,1438],"class_list":{"0":"post-56009","1":"product","2":"type-product","3":"status-publish","4":"has-post-thumbnail","6":"product_cat-sensores-tags","7":"product_tag-lorawan","8":"product_tag-milesight","9":"product_tag-sensores-tags","11":"first","12":"instock","13":"sale","14":"shipping-taxable","15":"purchasable","16":"product-type-simple"},"_links":{"self":[{"href":"https:\/\/soydeaqui.ddns.net\/pachuca\/index.php\/wp-json\/wp\/v2\/product\/56009","targetHints":{"allow":["GET"]}}],"collection":[{"href":"https:\/\/soydeaqui.ddns.net\/pachuca\/index.php\/wp-json\/wp\/v2\/product"}],"about":[{"href":"https:\/\/soydeaqui.ddns.net\/pachuca\/index.php\/wp-json\/wp\/v2\/types\/product"}],"replies":[{"embeddable":true,"href":"https:\/\/soydeaqui.ddns.net\/pachuca\/index.php\/wp-json\/wp\/v2\/comments?post=56009"}],"wp:featuredmedia":[{"embeddable":true,"href":"https:\/\/soydeaqui.ddns.net\/pachuca\/index.php\/wp-json\/wp\/v2\/media\/56008"}],"wp:attachment":[{"href":"https:\/\/soydeaqui.ddns.net\/pachuca\/index.php\/wp-json\/wp\/v2\/media?parent=56009"}],"wp:term":[{"taxonomy":"product_brand","embeddable":true,"href":"https:\/\/soydeaqui.ddns.net\/pachuca\/index.php\/wp-json\/wp\/v2\/product_brand?post=56009"},{"taxonomy":"product_cat","embeddable":true,"href":"https:\/\/soydeaqui.ddns.net\/pachuca\/index.php\/wp-json\/wp\/v2\/product_cat?post=56009"},{"taxonomy":"product_tag","embeddable":true,"href":"https:\/\/soydeaqui.ddns.net\/pachuca\/index.php\/wp-json\/wp\/v2\/product_tag?post=56009"}],"curies":[{"name":"wp","href":"https:\/\/api.w.org\/{rel}","templated":true}]}}