{"id":56007,"date":"2026-03-19T03:11:11","date_gmt":"2026-03-19T03:11:11","guid":{"rendered":"https:\/\/soydeaqui.ddns.net\/pachuca\/index.php\/producto\/gateway-wifi-halow-para-el-internet-de-las-cosas\/"},"modified":"2026-03-19T03:11:12","modified_gmt":"2026-03-19T03:11:12","slug":"gateway-wifi-halow-para-el-internet-de-las-cosas","status":"publish","type":"product","link":"https:\/\/soydeaqui.ddns.net\/pachuca\/index.php\/producto\/gateway-wifi-halow-para-el-internet-de-las-cosas\/","title":{"rendered":"GATEWAY WIFI HALOW PARA EL INTERNET DE LAS COSAS"},"content":{"rendered":"<div style='width: 100%; max-width: 1200px; margin: 0 auto; font-family: sans-serif; line-height: 1.6; color: inherit; background-color: transparent;'> <!-- Secci\u00f3n de descripci\u00f3n general --> <\/p>\n<div style='margin-bottom: 30px;'>\n<h2 style='font-size: 24px; border-bottom: 2px solid currentColor; padding-bottom: 5px; margin-top: 0; color: inherit; opacity: 0.8;'>Descripci\u00f3n General<\/h2>\n<p style='font-size: 15px; color: inherit;'>HL31 es una pasarela Wi-Fi HaLow de uso interno. Al adoptar la tecnolog\u00eda Wi-Fi HaLow y un procesador de alto rendimiento de cuatro n\u00facleos&comma; HL31 admite la transmisi\u00f3n simult\u00e1nea de m\u00e1s de 200 nodos con bajo consumo de energ\u00eda. Tiene una l\u00ednea de visi\u00f3n de hasta 1 km y admite velocidades de datos de hasta 32 Mbps&comma; lo que lo hace adecuado para sensores IoT y aplicaciones de c\u00e1maras. HL31 no solo admite m\u00faltiples copias de seguridad de transporte con Ethernet y celular&comma; sino que tambi\u00e9n proporciona m\u00faltiples soluciones VPN para asegurar la transmisi\u00f3n de datos a servidores remotos.<\/p>\n<p style='font-size: 15px; color: inherit;'>Con un tama\u00f1o compacto y varias opciones de alimentaci\u00f3n&comma; es un complemento ideal para \u00e1reas interiores amplias como oficinas&comma; estacionamientos&comma; campus&comma; etc.<\/p>\n<\/p><\/div>\n<p> <!-- Secci\u00f3n de caracter\u00edsticas principales --> <\/p>\n<div style='margin-bottom: 30px;'>\n<h2 style='font-size: 24px; border-bottom: 2px solid currentColor; padding-bottom: 5px; margin-top: 0; color: inherit; opacity: 0.8;'>Caracter\u00edsticas Principales<\/h2>\n<ul style='padding-left: 20px; font-size: 15px; color: inherit;'>\n<li style='margin-bottom: 5px;'>Compatible con los sensores de la marca<\/li>\n<li style='margin-bottom: 5px;'>Dashboard disponible<\/li>\n<li style='margin-bottom: 5px;'>Se\u00f1al de largo alcance<\/li>\n<\/ul><\/div>\n<p> <!-- Secci\u00f3n de caracter\u00edsticas t\u00e9cnicas --> <\/p>\n<div style='margin-bottom: 30px;'>\n<h2 style='font-size: 24px; border-bottom: 2px solid currentColor; padding-bottom: 5px; margin-top: 0; color: inherit; opacity: 0.8;'>Caracter\u00edsticas T\u00e9cnicas<\/h2>\n<div style='display: flex; flex-wrap: wrap; gap: 20px;'>\n<div style='flex: 1 1 250px; border: 1px solid rgba(150&comma; 150&comma; 150&comma; 0.4); border-radius: 8px; overflow: hidden; display: flex; flex-direction: column;'>\n<div style='padding: 15px; border-bottom: 1px solid rgba(150&comma; 150&comma; 150&comma; 0.2); font-weight: bold; font-size: 18px; color: inherit;'>Procesador y Memoria<\/div>\n<div style='padding: 15px; color: inherit;'>\n<ul style='padding-left: 20px; margin: 0; font-size: 14px; list-style-type: disc;'>\n<li style='margin-bottom: 5px;'><strong>CPU:<\/strong> Quad-core 1.3GHz&comma; 64-bit ARM Cortex-A35<\/li>\n<li style='margin-bottom: 5px;'><strong>Memoria:<\/strong> 256MB DDR3<\/li>\n<li style='margin-bottom: 5px;'><strong>Almacenamiento:<\/strong> 4GB eMMC<\/li>\n<\/ul><\/div>\n<\/p><\/div>\n<div style='flex: 1 1 250px; border: 1px solid rgba(150&comma; 150&comma; 150&comma; 0.4); border-radius: 8px; overflow: hidden; display: flex; flex-direction: column;'>\n<div style='padding: 15px; border-bottom: 1px solid rgba(150&comma; 150&comma; 150&comma; 0.2); font-weight: bold; font-size: 18px; color: inherit;'>Wi-Fi HaLow<\/div>\n<div style='padding: 15px; color: inherit;'>\n<ul style='padding-left: 20px; margin: 0; font-size: 14px; list-style-type: disc;'>\n<li style='margin-bottom: 5px;'><strong>Est\u00e1ndar:<\/strong> IEEE 802.11ah (1\u00d71)<\/li>\n<li style='margin-bottom: 5px;'><strong>Antena:<\/strong> 1\u00d7 Antena externa<\/li>\n<li style='margin-bottom: 5px;'><strong>Ancho de banda:<\/strong> 1\/2\/4\/8 MHz<\/li>\n<li style='margin-bottom: 5px;'><strong>Frecuencia:<\/strong> 850~850MHz (AU&comma; EU&comma; IN&comma; KR&comma; NZ&comma; SG&comma; US)<\/li>\n<li style='margin-bottom: 5px;'><strong>Velocidad:<\/strong> Hasta 32 Mbps<\/li>\n<li style='margin-bottom: 5px;'><strong>Sensibilidad:<\/strong> -77.5~-109dBm<\/li>\n<li style='margin-bottom: 5px;'><strong>Potencia:<\/strong> 21dBm M\u00e1x<\/li>\n<li style='margin-bottom: 5px;'><strong>Modo:<\/strong> AP Mode<\/li>\n<li style='margin-bottom: 5px;'><strong>Seguridad:<\/strong> WPA3-SAE<\/li>\n<\/ul><\/div>\n<\/p><\/div>\n<div style='flex: 1 1 250px; border: 1px solid rgba(150&comma; 150&comma; 150&comma; 0.4); border-radius: 8px; overflow: hidden; display: flex; flex-direction: column;'>\n<div style='padding: 15px; border-bottom: 1px solid rgba(150&comma; 150&comma; 150&comma; 0.2); font-weight: bold; font-size: 18px; color: inherit;'>Conectividad<\/div>\n<div style='padding: 15px; color: inherit;'>\n<ul style='padding-left: 20px; margin: 0; font-size: 14px; list-style-type: disc;'>\n<li style='margin-bottom: 5px;'><strong>Ethernet:<\/strong> 1\u00d7 Puerto WAN RJ45&comma; 10\/100Base-T (IEEE 802.3)&comma; 10\/100Mbps (Auto-Sensing)<\/li>\n<li style='margin-bottom: 5px;'><strong>Celular:<\/strong> 4G LTE (CAT4)\/WCDMA\/GSM (Opcional)<\/li>\n<li style='margin-bottom: 5px;'><strong>Wi-Fi:<\/strong> IEEE 802.11b\/g\/n&comma; 2.4GHz (Modo AP para configuraci\u00f3n de dispositivo)<\/li>\n<\/ul><\/div>\n<\/p><\/div>\n<div style='flex: 1 1 250px; border: 1px solid rgba(150&comma; 150&comma; 150&comma; 0.4); border-radius: 8px; overflow: hidden; display: flex; flex-direction: column;'>\n<div style='padding: 15px; border-bottom: 1px solid rgba(150&comma; 150&comma; 150&comma; 0.2); font-weight: bold; font-size: 18px; color: inherit;'>Alimentaci\u00f3n<\/div>\n<div style='padding: 15px; color: inherit;'>\n<ul style='padding-left: 20px; margin: 0; font-size: 14px; list-style-type: disc;'>\n<li style='margin-bottom: 5px;'><strong>Entrada:<\/strong> 5V por puerto Type-C<\/li>\n<li style='margin-bottom: 5px;'><strong>Entrada:<\/strong> 5~12V DC por terminal de bloque de 3.5mm<\/li>\n<li style='margin-bottom: 5px;'><strong>Alimentaci\u00f3n PoE:<\/strong> Entrada est\u00e1ndar 802.3af por separador PoE (Opcional)<\/li>\n<\/ul><\/div>\n<\/p><\/div>\n<div style='flex: 1 1 250px; border: 1px solid rgba(150&comma; 150&comma; 150&comma; 0.4); border-radius: 8px; overflow: hidden; display: flex; flex-direction: column;'>\n<div style='padding: 15px; border-bottom: 1px solid rgba(150&comma; 150&comma; 150&comma; 0.2); font-weight: bold; font-size: 18px; color: inherit;'>Condiciones Ambientales<\/div>\n<div style='padding: 15px; color: inherit;'>\n<ul style='padding-left: 20px; margin: 0; font-size: 14px; list-style-type: disc;'>\n<li style='margin-bottom: 5px;'><strong>Temperatura de operaci\u00f3n:<\/strong> -20\u00b0C a +50\u00b0C<\/li>\n<li style='margin-bottom: 5px;'><strong>Temperatura de almacenamiento:<\/strong> -40\u00b0C a +85\u00b0C<\/li>\n<li style='margin-bottom: 5px;'><strong>Humedad relativa:<\/strong> 0% a 95% sin condensaci\u00f3n a 25\u00b0C<\/li>\n<\/ul><\/div>\n<\/p><\/div>\n<div style='flex: 1 1 250px; border: 1px solid rgba(150&comma; 150&comma; 150&comma; 0.4); border-radius: 8px; overflow: hidden; display: flex; flex-direction: column;'>\n<div style='padding: 15px; border-bottom: 1px solid rgba(150&comma; 150&comma; 150&comma; 0.2); font-weight: bold; font-size: 18px; color: inherit;'>Caracter\u00edsticas F\u00edsicas<\/div>\n<div style='padding: 15px; color: inherit;'>\n<ul style='padding-left: 20px; margin: 0; font-size: 14px; list-style-type: disc;'>\n<li style='margin-bottom: 5px;'><strong>Protecci\u00f3n:<\/strong> IP30<\/li>\n<li style='margin-bottom: 5px;'><strong>Dimensiones:<\/strong> \u0424115x21mm (\u04244.52&#215;0.83in) (sin antena)<\/li>\n<li style='margin-bottom: 5px;'><strong>Material:<\/strong> Negro&comma; PC+ABS<\/li>\n<li style='margin-bottom: 5px;'><strong>Instalaci\u00f3n:<\/strong> Montaje en escritorio&comma; pared o techo<\/li>\n<\/ul><\/div>\n<\/p><\/div>\n<\/p><\/div>\n<\/p><\/div>\n<p> <!-- Secci\u00f3n de aplicaciones --> <\/p>\n<div style='margin-bottom: 30px;'>\n<h2 style='font-size: 24px; border-bottom: 2px solid currentColor; padding-bottom: 5px; margin-top: 0; color: inherit; opacity: 0.8;'>Aplicaciones<\/h2>\n<ul style='padding-left: 20px; font-size: 15px; color: inherit;'>\n<li style='margin-bottom: 5px;'>Sensores IoT<\/li>\n<li style='margin-bottom: 5px;'>C\u00e1maras de seguridad<\/li>\n<li style='margin-bottom: 5px;'>Oficinas<\/li>\n<li style='margin-bottom: 5px;'>Estacionamientos<\/li>\n<li style='margin-bottom: 5px;'>Campus<\/li>\n<\/ul><\/div>\n<p> <!-- Secci\u00f3n de seguridad y red --> <\/p>\n<div style='margin-bottom: 30px;'>\n<h2 style='font-size: 24px; border-bottom: 2px solid currentColor; padding-bottom: 5px; margin-top: 0; color: inherit; opacity: 0.8;'>Seguridad y Red<\/h2>\n<div style='display: flex; flex-wrap: wrap; gap: 20px;'>\n<div style='flex: 1 1 250px; border: 1px solid rgba(150&comma; 150&comma; 150&comma; 0.4); border-radius: 8px; overflow: hidden; display: flex; flex-direction: column;'>\n<div style='padding: 15px; border-bottom: 1px solid rgba(150&comma; 150&comma; 150&comma; 0.2); font-weight: bold; font-size: 18px; color: inherit;'>Seguridad<\/div>\n<div style='padding: 15px; color: inherit;'>\n<ul style='padding-left: 20px; margin: 0; font-size: 14px; list-style-type: disc;'>\n<li style='margin-bottom: 5px;'>T\u00faneles VPN: IPsec\/OpenVPN\/GRE\/L2TP\/PPTP\/DMVPN<\/li>\n<li style='margin-bottom: 5px;'>Seguridad WPA3-SAE para Wi-Fi<\/li>\n<li style='margin-bottom: 5px;'>Protecci\u00f3n de aislamiento Ethernet de 1.5kV RMS<\/li>\n<\/ul><\/div>\n<\/p><\/div>\n<div style='flex: 1 1 250px; border: 1px solid rgba(150&comma; 150&comma; 150&comma; 0.4); border-radius: 8px; overflow: hidden; display: flex; flex-direction: column;'>\n<div style='padding: 15px; border-bottom: 1px solid rgba(150&comma; 150&comma; 150&comma; 0.2); font-weight: bold; font-size: 18px; color: inherit;'>Protocolos<\/div>\n<div style='padding: 15px; color: inherit;'>\n<ul style='padding-left: 20px; margin: 0; font-size: 14px; list-style-type: disc;'>\n<li style='margin-bottom: 5px;'>PPPoE&comma; SNMPv1\/v2c\/v3<\/li>\n<li style='margin-bottom: 5px;'>TCP&comma; UDP&comma; DHCP&comma; DDNS<\/li>\n<li style='margin-bottom: 5px;'>HTTP&comma; HTTPS&comma; DNS&comma; ARP<\/li>\n<li style='margin-bottom: 5px;'>SNTP&comma; Telnet&comma; SSH<\/li>\n<\/ul><\/div>\n<\/p><\/div>\n<\/p><\/div>\n<\/p><\/div>\n<p> <!-- Secci\u00f3n de caracter\u00edsticas adicionales --> <\/p>\n<div style='margin-bottom: 30px;'>\n<h2 style='font-size: 24px; border-bottom: 2px solid currentColor; padding-bottom: 5px; margin-top: 0; color: inherit; opacity: 0.8;'>Caracter\u00edsticas Adicionales<\/h2>\n<ul style='padding-left: 20px; font-size: 15px; color: inherit;'>\n<li style='margin-bottom: 5px;'>Soporta hasta 200 conexiones de nodos finales<\/li>\n<li style='margin-bottom: 5px;'>Tama\u00f1o compacto para f\u00e1cil transporte e instalaci\u00f3n<\/li>\n<li style='margin-bottom: 5px;'>Soporte para montaje en escritorio&comma; pared o techo<\/li>\n<li style='margin-bottom: 5px;'>Equipado con Wi-Fi para configuraci\u00f3n GUI web<\/li>\n<li style='margin-bottom: 5px;'>M\u00faltiples copias de seguridad con Ethernet y Celular (4G)<\/li>\n<li style='margin-bottom: 5px;'>Funciona correctamente con sensores est\u00e1ndar Wi-Fi HaLow<\/li>\n<\/ul><\/div>\n<p> <!-- Secci\u00f3n de accesorios --> <\/p>\n<div style='margin-bottom: 30px;'>\n<h2 style='font-size: 24px; border-bottom: 2px solid currentColor; padding-bottom: 5px; margin-top: 0; color: inherit; opacity: 0.8;'>Accesorios<\/h2>\n<ul style='padding-left: 20px; font-size: 15px; color: inherit;'>\n<li style='margin-bottom: 5px;'>2\u00d7 Kits de montaje en pared<\/li>\n<li style='margin-bottom: 5px;'>1\u00d7 Cable Type-C y Adaptador de corriente<\/li>\n<li style='margin-bottom: 5px;'>1\u00d7 Separador PoE (Opcional)<\/li>\n<li style='margin-bottom: 5px;'>Nota: Uno del cable Type-C y adaptador de corriente o del separador PoE se proporciona como accesorio est\u00e1ndar&comma; mientras que el otro puede ofrecerse como accesorio opcional<\/li>\n<\/ul><\/div>\n<p> <!-- Separador final --> <\/p>\n<hr style='border: 0; border-top: 1px solid rgba(150&comma; 150&comma; 150&comma; 0.3); margin: 30px 0;'> <\/div>\n","protected":false},"excerpt":{"rendered":"<p>GATEWAY WIFI HALOW PARA EL INTERNET DE LAS COSAS<\/p>\n","protected":false},"featured_media":32,"comment_status":"open","ping_status":"closed","template":"","meta":[],"product_brand":[],"product_cat":[1458],"product_tag":[1459,1437,1455],"class_list":{"0":"post-56007","1":"product","2":"type-product","3":"status-publish","4":"has-post-thumbnail","6":"product_cat-gateways-y-routers","7":"product_tag-gateways-y-routers","8":"product_tag-lorawan","9":"product_tag-milesight","11":"first","12":"outofstock","13":"sale","14":"shipping-taxable","15":"purchasable","16":"product-type-simple"},"_links":{"self":[{"href":"https:\/\/soydeaqui.ddns.net\/pachuca\/index.php\/wp-json\/wp\/v2\/product\/56007","targetHints":{"allow":["GET"]}}],"collection":[{"href":"https:\/\/soydeaqui.ddns.net\/pachuca\/index.php\/wp-json\/wp\/v2\/product"}],"about":[{"href":"https:\/\/soydeaqui.ddns.net\/pachuca\/index.php\/wp-json\/wp\/v2\/types\/product"}],"replies":[{"embeddable":true,"href":"https:\/\/soydeaqui.ddns.net\/pachuca\/index.php\/wp-json\/wp\/v2\/comments?post=56007"}],"wp:featuredmedia":[{"embeddable":true,"href":"https:\/\/soydeaqui.ddns.net\/pachuca\/index.php\/wp-json\/wp\/v2\/media\/32"}],"wp:attachment":[{"href":"https:\/\/soydeaqui.ddns.net\/pachuca\/index.php\/wp-json\/wp\/v2\/media?parent=56007"}],"wp:term":[{"taxonomy":"product_brand","embeddable":true,"href":"https:\/\/soydeaqui.ddns.net\/pachuca\/index.php\/wp-json\/wp\/v2\/product_brand?post=56007"},{"taxonomy":"product_cat","embeddable":true,"href":"https:\/\/soydeaqui.ddns.net\/pachuca\/index.php\/wp-json\/wp\/v2\/product_cat?post=56007"},{"taxonomy":"product_tag","embeddable":true,"href":"https:\/\/soydeaqui.ddns.net\/pachuca\/index.php\/wp-json\/wp\/v2\/product_tag?post=56007"}],"curies":[{"name":"wp","href":"https:\/\/api.w.org\/{rel}","templated":true}]}}