{"id":55984,"date":"2026-03-19T03:10:29","date_gmt":"2026-03-19T03:10:29","guid":{"rendered":"https:\/\/soydeaqui.ddns.net\/pachuca\/index.php\/producto\/luz-auxiliar-delantera-ultra-brillante-para-bicicletas-500-lumenes-con-montaje-incluido-2\/"},"modified":"2026-03-19T03:10:35","modified_gmt":"2026-03-19T03:10:35","slug":"luz-auxiliar-delantera-ultra-brillante-para-bicicletas-500-lumenes-con-montaje-incluido-2","status":"publish","type":"product","link":"https:\/\/soydeaqui.ddns.net\/pachuca\/index.php\/producto\/luz-auxiliar-delantera-ultra-brillante-para-bicicletas-500-lumenes-con-montaje-incluido-2\/","title":{"rendered":"Luz Auxiliar Delantera Ultra Brillante, Para Bicicletas, 500 L\u00famenes, Con Montaje Incluido"},"content":{"rendered":"<div style='width: 100%; max-width: 1200px; margin: 0 auto; font-family: sans-serif; line-height: 1.6; color: inherit; background-color: transparent;'>\n<div style='display: flex; flex-wrap: wrap; gap: 30px; margin-bottom: 30px;'>\n<div style='flex: 1 1 300px; min-width: 280px;'>\n<h3 style='font-size: 22px; border-bottom: 2px solid currentColor; padding-bottom: 5px; margin-top: 0; color: inherit; opacity: 0.8;'>Descripci\u00f3n General<\/h3>\n<p style='font-size: 15px; color: inherit; margin-bottom: 15px;'>La luz de advertencia ofrece LED de Alta Potencia Gen III como fuentes de luz&comma; una estructura compacta&comma; operaci\u00f3n conveniente y varios patrones de destello.<\/p>\n<p style='font-size: 15px; color: inherit; margin-bottom: 15px;'>Con su novedoso dise\u00f1o&comma; sus caracter\u00edsticas son de alta luminosidad&comma; bajo consumo de corriente&comma; f\u00e1cil instalaci\u00f3n y tiempo de servicio largo.<\/p>\n<p style='font-size: 15px; color: inherit; margin-bottom: 15px;'>El equipo est\u00e1 especialmente dise\u00f1ado para instalarse en bicicletas.<\/p>\n<\/p><\/div>\n<\/p><\/div>\n<div style='display: flex; flex-wrap: wrap; gap: 20px; margin-bottom: 30px;'>\n<div style='flex: 1 1 250px; border: 1px solid rgba(150&comma; 150&comma; 150&comma; 0.4); border-radius: 8px; overflow: hidden; display: flex; flex-direction: column;'>\n<div style='padding: 15px; border-bottom: 1px solid rgba(150&comma; 150&comma; 150&comma; 0.2); font-weight: bold; font-size: 18px; color: inherit;'>Caracter\u00edsticas T\u00e9cnicas<\/div>\n<div style='padding: 15px; color: inherit;'>\n<ul style='padding-left: 20px; margin: 0; font-size: 14px; list-style-type: disc;'>\n<li style='margin-bottom: 5px;'><strong>Bater\u00eda:<\/strong> 3&comma;7 V\/1200 mAh<\/li>\n<li style='margin-bottom: 5px;'><strong>Luminosidad:<\/strong> 500 L\u00famenes<\/li>\n<li style='margin-bottom: 5px;'><strong>Duraci\u00f3n promedio de bater\u00eda:<\/strong> 5 Horas<\/li>\n<li style='margin-bottom: 5px;'><strong>Impermeabilidad:<\/strong> IP67<\/li>\n<li style='margin-bottom: 5px;'><strong>Tama\u00f1o:<\/strong> 107 mm \u00d7 35 mm \u00d7 33 mm<\/li>\n<li style='margin-bottom: 5px;'><strong>Resistencia a ca\u00eddas:<\/strong> 2 Mts<\/li>\n<li style='margin-bottom: 5px;'><strong>Conexi\u00f3n:<\/strong> Recargable USB<\/li>\n<li style='margin-bottom: 5px;'><strong>Tiempo de carga:<\/strong> 4 Hrs<\/li>\n<li style='margin-bottom: 5px;'><strong>Accesorios:<\/strong> Montaje Incluido<\/li>\n<\/ul><\/div>\n<\/p><\/div>\n<div style='flex: 1 1 250px; border: 1px solid rgba(150&comma; 150&comma; 150&comma; 0.4); border-radius: 8px; overflow: hidden; display: flex; flex-direction: column;'>\n<div style='padding: 15px; border-bottom: 1px solid rgba(150&comma; 150&comma; 150&comma; 0.2); font-weight: bold; font-size: 18px; color: inherit;'>Niveles de Intensidad<\/div>\n<div style='padding: 15px; color: inherit;'>\n<ul style='padding-left: 20px; margin: 0; font-size: 14px; list-style-type: disc;'>\n<li style='margin-bottom: 5px;'><strong>Nivel bajo:<\/strong> 8&comma;5 horas de duraci\u00f3n<\/li>\n<li style='margin-bottom: 5px;'><strong>Nivel medio:<\/strong> 5 horas de duraci\u00f3n<\/li>\n<li style='margin-bottom: 5px;'><strong>Nivel alto:<\/strong> 3&comma;5 horas de duraci\u00f3n<\/li>\n<\/ul><\/div>\n<\/p><\/div>\n<\/p><\/div>\n<hr style='border: 0; border-top: 1px solid rgba(150&comma; 150&comma; 150&comma; 0.3); margin: 30px 0;'> <\/div>\n","protected":false},"excerpt":{"rendered":"<p>Luz Auxiliar Delantera Ultra Brillante, Para Bicicletas, 500 L\u00famenes, Con Montaje Incluido<\/p>\n","protected":false},"featured_media":55983,"comment_status":"open","ping_status":"closed","template":"","meta":[],"product_brand":[],"product_cat":[1372],"product_tag":[1237,1371,1373],"class_list":{"0":"post-55984","1":"product","2":"type-product","3":"status-publish","4":"has-post-thumbnail","6":"product_cat-rojo","7":"product_tag-epcom-industrial-signaling","8":"product_tag-luces-auxiliares-vehiculares","9":"product_tag-rojo","11":"first","12":"instock","13":"sale","14":"shipping-taxable","15":"purchasable","16":"product-type-simple"},"_links":{"self":[{"href":"https:\/\/soydeaqui.ddns.net\/pachuca\/index.php\/wp-json\/wp\/v2\/product\/55984","targetHints":{"allow":["GET"]}}],"collection":[{"href":"https:\/\/soydeaqui.ddns.net\/pachuca\/index.php\/wp-json\/wp\/v2\/product"}],"about":[{"href":"https:\/\/soydeaqui.ddns.net\/pachuca\/index.php\/wp-json\/wp\/v2\/types\/product"}],"replies":[{"embeddable":true,"href":"https:\/\/soydeaqui.ddns.net\/pachuca\/index.php\/wp-json\/wp\/v2\/comments?post=55984"}],"wp:featuredmedia":[{"embeddable":true,"href":"https:\/\/soydeaqui.ddns.net\/pachuca\/index.php\/wp-json\/wp\/v2\/media\/55983"}],"wp:attachment":[{"href":"https:\/\/soydeaqui.ddns.net\/pachuca\/index.php\/wp-json\/wp\/v2\/media?parent=55984"}],"wp:term":[{"taxonomy":"product_brand","embeddable":true,"href":"https:\/\/soydeaqui.ddns.net\/pachuca\/index.php\/wp-json\/wp\/v2\/product_brand?post=55984"},{"taxonomy":"product_cat","embeddable":true,"href":"https:\/\/soydeaqui.ddns.net\/pachuca\/index.php\/wp-json\/wp\/v2\/product_cat?post=55984"},{"taxonomy":"product_tag","embeddable":true,"href":"https:\/\/soydeaqui.ddns.net\/pachuca\/index.php\/wp-json\/wp\/v2\/product_tag?post=55984"}],"curies":[{"name":"wp","href":"https:\/\/api.w.org\/{rel}","templated":true}]}}