{"id":5597,"date":"2026-03-18T06:33:15","date_gmt":"2026-03-18T06:33:15","guid":{"rendered":"https:\/\/soydeaqui.ddns.net\/pachuca\/index.php\/producto\/respaldo-via-gsm-comunicacion-via-tcp-ip-a-travez-de-gprs-para-instalarse-en-el-mismo-gabinete-del-panel-runner\/"},"modified":"2026-03-18T06:33:16","modified_gmt":"2026-03-18T06:33:16","slug":"respaldo-via-gsm-comunicacion-via-tcp-ip-a-travez-de-gprs-para-instalarse-en-el-mismo-gabinete-del-panel-runner","status":"publish","type":"product","link":"https:\/\/soydeaqui.ddns.net\/pachuca\/index.php\/producto\/respaldo-via-gsm-comunicacion-via-tcp-ip-a-travez-de-gprs-para-instalarse-en-el-mismo-gabinete-del-panel-runner\/","title":{"rendered":"Respaldo V\u00eda GSM, Comunicaci\u00f3n V\u00eda TCP\/IP a trav\u00e9z de GPRS, Para Instalarse en el Mismo Gabinete del Panel Runner"},"content":{"rendered":"<div style='width: 100%; max-width: 1200px; margin: 0 auto; font-family: sans-serif; line-height: 1.6; color: inherit; background-color: transparent;'> <!-- Secci\u00f3n de descripci\u00f3n principal --> <\/p>\n<div style='margin-bottom: 30px;'>\n<h3 style='font-size: 22px; border-bottom: 2px solid currentColor; padding-bottom: 5px; margin-top: 0; color: inherit; opacity: 0.8;'>Caracter\u00edsticas Principales<\/h3>\n<p style='font-size: 15px; color: inherit; margin-bottom: 15px;'><strong>Transmisor GPRS para Paneles RUNNER.<\/strong> El CS-47 LinkBD provee supervisi\u00f3n de l\u00ednea telef\u00f3nica y asegura una comunicaci\u00f3n a la central de monitoreo dejando como respaldo la l\u00ednea PSTN.<\/p>\n<p style='font-size: 15px; color: inherit; margin-bottom: 15px;'>El CS-47 LinkBD tambi\u00e9n env\u00eda mensajes de alarma y reportes de estado en SMS. Ofrece incrementar la seguridad de la comunicaci\u00f3n.<\/p>\n<\/p><\/div>\n<p> <!-- Secci\u00f3n de caracter\u00edsticas con listas --> <\/p>\n<div style='display: flex; flex-wrap: wrap; gap: 30px; margin-bottom: 30px;'>\n<div style='flex: 1 1 300px; min-width: 280px;'>\n<h3 style='font-size: 22px; border-bottom: 2px solid currentColor; padding-bottom: 5px; margin-top: 0; color: inherit; opacity: 0.8;'>Caracter\u00edsticas T\u00e9cnicas<\/h3>\n<ul style='padding-left: 20px; font-size: 15px; color: inherit;'>\n<li style='margin-bottom: 5px;'>Avanzado sistema de respaldo GSM v\u00eda BUS de comunicaci\u00f3n<\/li>\n<li style='margin-bottom: 5px;'>Instalaci\u00f3n dentro del mismo gabinete del panel RUNNER<\/li>\n<li style='margin-bottom: 5px;'>M\u00f3dem GSM de doble banda incorporado<\/li>\n<li style='margin-bottom: 5px;'>Transferencia de eventos del panel CROW como mensajes SMS<\/li>\n<li style='margin-bottom: 5px;'>Transferencia de eventos del panel CROW a Central de monitoreo en formato Contact ID<\/li>\n<li style='margin-bottom: 5px;'>Comunicaci\u00f3n v\u00eda TCP\/IP a trav\u00e9s del canal GPRS<\/li>\n<li style='margin-bottom: 5px;'>F\u00e1cil programaci\u00f3n local y remota v\u00eda Software<\/li>\n<li style='margin-bottom: 5px;'><strong>S\u00f3lo compatible con paneles RUNNER<\/strong><\/li>\n<li style='margin-bottom: 5px;'><em>Compatible con SIM m2m (machine 2 machine)<\/em><\/li>\n<\/ul><\/div>\n<\/p><\/div>\n<p> <!-- Nota importante --> <\/p>\n<div style='margin-bottom: 30px;'>\n<p style='font-size: 15px; color: inherit; margin: 0;'><strong>*Para Software de Recepci\u00f3n de Eventos Consulte al Depto. de Ingenier\u00eda.<\/strong><\/p>\n<\/p><\/div>\n<\/p><\/div>\n","protected":false},"excerpt":{"rendered":"<p>Respaldo V\u00eda GSM, Comunicaci\u00f3n V\u00eda TCP\/IP a trav\u00e9z de GPRS, Para Instalarse en el Mismo Gabinete del Panel Runner<\/p>\n","protected":false},"featured_media":5596,"comment_status":"open","ping_status":"closed","template":"","meta":[],"product_brand":[],"product_cat":[386],"product_tag":[40,207,394],"class_list":{"0":"post-5597","1":"product","2":"type-product","3":"status-publish","4":"has-post-thumbnail","6":"product_cat-comunicadores-centrales-de-monitoreo","7":"product_tag-centrales-de-monitoreo","8":"product_tag-comunicadores","9":"product_tag-crow","11":"first","12":"outofstock","13":"sale","14":"shipping-taxable","15":"purchasable","16":"product-type-simple"},"_links":{"self":[{"href":"https:\/\/soydeaqui.ddns.net\/pachuca\/index.php\/wp-json\/wp\/v2\/product\/5597","targetHints":{"allow":["GET"]}}],"collection":[{"href":"https:\/\/soydeaqui.ddns.net\/pachuca\/index.php\/wp-json\/wp\/v2\/product"}],"about":[{"href":"https:\/\/soydeaqui.ddns.net\/pachuca\/index.php\/wp-json\/wp\/v2\/types\/product"}],"replies":[{"embeddable":true,"href":"https:\/\/soydeaqui.ddns.net\/pachuca\/index.php\/wp-json\/wp\/v2\/comments?post=5597"}],"wp:featuredmedia":[{"embeddable":true,"href":"https:\/\/soydeaqui.ddns.net\/pachuca\/index.php\/wp-json\/wp\/v2\/media\/5596"}],"wp:attachment":[{"href":"https:\/\/soydeaqui.ddns.net\/pachuca\/index.php\/wp-json\/wp\/v2\/media?parent=5597"}],"wp:term":[{"taxonomy":"product_brand","embeddable":true,"href":"https:\/\/soydeaqui.ddns.net\/pachuca\/index.php\/wp-json\/wp\/v2\/product_brand?post=5597"},{"taxonomy":"product_cat","embeddable":true,"href":"https:\/\/soydeaqui.ddns.net\/pachuca\/index.php\/wp-json\/wp\/v2\/product_cat?post=5597"},{"taxonomy":"product_tag","embeddable":true,"href":"https:\/\/soydeaqui.ddns.net\/pachuca\/index.php\/wp-json\/wp\/v2\/product_tag?post=5597"}],"curies":[{"name":"wp","href":"https:\/\/api.w.org\/{rel}","templated":true}]}}