{"id":55953,"date":"2026-03-19T03:09:34","date_gmt":"2026-03-19T03:09:34","guid":{"rendered":"https:\/\/soydeaqui.ddns.net\/pachuca\/index.php\/producto\/luz-de-advertencia-led-para-ubicaciones-peligrosas-clase-i-ii-iii-montaje-para-superficies-24-vcd-color-ambar\/"},"modified":"2026-03-19T03:09:35","modified_gmt":"2026-03-19T03:09:35","slug":"luz-de-advertencia-led-para-ubicaciones-peligrosas-clase-i-ii-iii-montaje-para-superficies-24-vcd-color-ambar","status":"publish","type":"product","link":"https:\/\/soydeaqui.ddns.net\/pachuca\/index.php\/producto\/luz-de-advertencia-led-para-ubicaciones-peligrosas-clase-i-ii-iii-montaje-para-superficies-24-vcd-color-ambar\/","title":{"rendered":"Luz de advertencia LED para ubicaci\u00f3nes peligrosas Clase I, II &#038; III, montaje para superficies, 24 VCD Color \u00c1mbar"},"content":{"rendered":"<div style='width: 100%; max-width: 1200px; margin: 0 auto; font-family: sans-serif; line-height: 1.6; color: inherit;'>\n<div style='display: flex; flex-direction: column; gap: 20px;'>\n<div style='text-align: center;'>\n<h2 style='font-size: 20px; margin: 0; color: inherit; opacity: 0.8;'>Plataforma de se\u00f1alizaci\u00f3n Global Series\u00ae \u2013 LED<\/h2>\n<\/p><\/div>\n<div style='display: flex; flex-direction: column; gap: 15px;'>\n<p style='margin: 0; color: inherit;'>Las balizas LED patentadas Global Series\u00ae de Federal Signal cuentan con un LED de larga duraci\u00f3n con la capacidad de seleccionar uno de ocho (8) patrones de destello (configurables por el usuario) y ofrecen dos opciones de lentes (perfil bajo o alto). El dispositivo est\u00e1 clasificado seg\u00fan el \u00faltimo concepto de protecci\u00f3n&comma; &#8216;Ex op is&#8217; (radiaci\u00f3n \u00f3ptica inherentemente segura). La carcasa est\u00e1 hecha de GRP (poli\u00e9ster reforzado con vidrio) y est\u00e1 dise\u00f1ada para satisfacer las exigentes necesidades de las aplicaciones industriales marinas y terrestres en alta mar.<\/p>\n<p style='margin: 0; color: inherit;'>Las versiones ign\u00edfugas \u201cEx d\u201d de las Balizas LED Serie Global vienen de serie con dos (2) entradas M20. Las versiones \u201cEx de\u201d de mayor seguridad incluyen una c\u00e1mara de terminales separada para una terminaci\u00f3n de campo r\u00e1pida o cableado de paso&comma; e incluyen tres (3) entradas M20 en una configuraci\u00f3n est\u00e1ndar.<\/p>\n<p style='margin: 0; color: inherit;'>Estas unidades se pueden combinar con otros productos de la Serie Global para crear configuraciones personalizadas directas de f\u00e1brica&comma; o hay kits de acoplamiento opcionales disponibles para instalaciones de campo limitadas. La baliza LED de la serie Global es ideal para usar en aplicaciones de panel de control de alarma.<\/p>\n<\/p><\/div>\n<div style='border-top: 2px solid currentColor; padding-top: 15px;'>\n<h3 style='font-size: 18px; margin: 0 0 15px 0; color: inherit; opacity: 0.8;'>CARACTERISTICAS Y ESPECIFICACIONES<\/h3>\n<div style='display: grid; grid-template-columns: repeat(auto-fill&comma; minmax(250px&comma; 1fr)); gap: 15px;'>\n<div style='display: flex; align-items: center; gap: 8px; color: inherit;'> <span style='flex-shrink: 0;'>\u2022<\/span> <span>Disponible en 24 VCD y 120-240 VCA 50\/60 Hz<\/span> <\/div>\n<div style='display: flex; align-items: center; gap: 8px; color: inherit;'> <span style='flex-shrink: 0;'>\u2022<\/span> <span>Soporte en U de montaje ajustable con trinquete de acero inoxidable 316 opcional (se requiere instalaci\u00f3n en campo)<\/span> <\/div>\n<div style='display: flex; align-items: center; gap: 8px; color: inherit;'> <span style='flex-shrink: 0;'>\u2022<\/span> <span>GRP (Poli\u00e9ster Reforzado con Vidrio)<\/span> <\/div>\n<div style='display: flex; align-items: center; gap: 8px; color: inherit;'> <span style='flex-shrink: 0;'>\u2022<\/span> <span>Dise\u00f1o no met\u00e1lico resistente a la corrosi\u00f3n<\/span> <\/div>\n<div style='display: flex; align-items: center; gap: 8px; color: inherit;'> <span style='flex-shrink: 0;'>\u2022<\/span> <span>Dos opciones de lentes: perfil bajo o alto<\/span> <\/div>\n<div style='display: flex; align-items: center; gap: 8px; color: inherit;'> <span style='flex-shrink: 0;'>\u2022<\/span> <span>Protector de domo incluido<\/span> <\/div>\n<div style='display: flex; align-items: center; gap: 8px; color: inherit;'> <span style='flex-shrink: 0;'>\u2022<\/span> <span>Los modelos de 24 VCD contienen un diodo de supervisi\u00f3n y un bloque de terminales de cuatro cables.<\/span> <\/div>\n<div style='display: flex; align-items: center; gap: 8px; color: inherit;'> <span style='flex-shrink: 0;'>\u2022<\/span> <span>Entradas M20 est\u00e1ndar (opci\u00f3n M25 disponible)<\/span> <\/div>\n<div style='display: flex; align-items: center; gap: 8px; color: inherit;'> <span style='flex-shrink: 0;'>\u2022<\/span> <span>El LED tiene 8 patrones de parpadeo integrados; el valor predeterminado de f\u00e1brica parpadea a 60 FPM<\/span> <\/div>\n<div style='display: flex; align-items: center; gap: 8px; color: inherit;'> <span style='flex-shrink: 0;'>\u2022<\/span> <span>\u201cSincronizaci\u00f3n autom\u00e1tica\u201d disponible para productos con patr\u00f3n de parpadeo de CA2<\/span> <\/div>\n<div style='display: flex; align-items: center; gap: 8px; color: inherit;'> <span style='flex-shrink: 0;'>\u2022<\/span> <span>Anillos indicadores opcionales disponibles en seis colores: negro&comma; azul&comma; verde&comma; magenta&comma; rojo y amarillo.<\/span> <\/div>\n<div style='display: flex; align-items: center; gap: 8px; color: inherit;'> <span style='flex-shrink: 0;'>\u2022<\/span> <span>Placas de leyenda personalizables en campo disponibles1<\/span> <\/div>\n<div style='display: flex; align-items: center; gap: 8px; color: inherit;'> <span style='flex-shrink: 0;'>\u2022<\/span> <span>Tipo 4X&comma; gabinete IP66<\/span> <\/div>\n<div style='display: flex; align-items: center; gap: 8px; color: inherit;'> <span style='flex-shrink: 0;'>\u2022<\/span> <span>Cumple con IP69K<\/span> <\/div>\n<div style='display: flex; align-items: center; gap: 8px; color: inherit;'> <span style='flex-shrink: 0;'>\u2022<\/span> <span>Clasificaci\u00f3n Zona 1&comma; 21&comma; IECEx&comma; ATEX&comma; Ex d IIC&comma; Ex de IIC y Ex tb IIIC<\/span> <\/div>\n<div style='display: flex; align-items: center; gap: 8px; color: inherit;'> <span style='flex-shrink: 0;'>\u2022<\/span> <span>Homologado UL y cUL para Clase I&comma; Divisi\u00f3n 2&comma; Grupos A&comma; B&comma; C y D; Clase II&comma; Divisi\u00f3n 2&comma; Grupos F y G; Clase III<\/span> <\/div>\n<div style='display: flex; align-items: center; gap: 8px; color: inherit;'> <span style='flex-shrink: 0;'>\u2022<\/span> <span>Homologado UL y cUL para Clase I&comma; Zona 1 AEx db IIC y Zona 21&comma; AEx op es tb IIIC T200\u00b0C&comma; excluye versiones de mayor seguridad (Ex de)<\/span> <\/div>\n<\/p><\/div>\n<\/p><\/div>\n<\/p><\/div>\n<\/p><\/div>\n","protected":false},"excerpt":{"rendered":"<p>Luz de advertencia LED para ubicaci\u00f3nes peligrosas Clase I, II &#038; III, montaje para superficies, 24 VCD Color \u00c1mbar<\/p>\n","protected":false},"featured_media":32,"comment_status":"open","ping_status":"closed","template":"","meta":[],"product_brand":[],"product_cat":[1416],"product_tag":[552,1414,1417],"class_list":{"0":"post-55953","1":"product","2":"type-product","3":"status-publish","4":"has-post-thumbnail","6":"product_cat-luces-para-la-industria-y-edificios","7":"product_tag-federal-signal-industrial","8":"product_tag-luces-bocinas-para-la-industria-y-edificios","9":"product_tag-luces-para-la-industria-y-edificios","11":"first","12":"outofstock","13":"sale","14":"shipping-taxable","15":"purchasable","16":"product-type-simple"},"_links":{"self":[{"href":"https:\/\/soydeaqui.ddns.net\/pachuca\/index.php\/wp-json\/wp\/v2\/product\/55953","targetHints":{"allow":["GET"]}}],"collection":[{"href":"https:\/\/soydeaqui.ddns.net\/pachuca\/index.php\/wp-json\/wp\/v2\/product"}],"about":[{"href":"https:\/\/soydeaqui.ddns.net\/pachuca\/index.php\/wp-json\/wp\/v2\/types\/product"}],"replies":[{"embeddable":true,"href":"https:\/\/soydeaqui.ddns.net\/pachuca\/index.php\/wp-json\/wp\/v2\/comments?post=55953"}],"wp:featuredmedia":[{"embeddable":true,"href":"https:\/\/soydeaqui.ddns.net\/pachuca\/index.php\/wp-json\/wp\/v2\/media\/32"}],"wp:attachment":[{"href":"https:\/\/soydeaqui.ddns.net\/pachuca\/index.php\/wp-json\/wp\/v2\/media?parent=55953"}],"wp:term":[{"taxonomy":"product_brand","embeddable":true,"href":"https:\/\/soydeaqui.ddns.net\/pachuca\/index.php\/wp-json\/wp\/v2\/product_brand?post=55953"},{"taxonomy":"product_cat","embeddable":true,"href":"https:\/\/soydeaqui.ddns.net\/pachuca\/index.php\/wp-json\/wp\/v2\/product_cat?post=55953"},{"taxonomy":"product_tag","embeddable":true,"href":"https:\/\/soydeaqui.ddns.net\/pachuca\/index.php\/wp-json\/wp\/v2\/product_tag?post=55953"}],"curies":[{"name":"wp","href":"https:\/\/api.w.org\/{rel}","templated":true}]}}