{"id":55952,"date":"2026-03-19T03:09:32","date_gmt":"2026-03-19T03:09:32","guid":{"rendered":"https:\/\/soydeaqui.ddns.net\/pachuca\/index.php\/producto\/arnes-para-alimentacion-electrica-para-equipo-gps-satelital-modelo-smartonesolar\/"},"modified":"2026-03-19T03:09:33","modified_gmt":"2026-03-19T03:09:33","slug":"arnes-para-alimentacion-electrica-para-equipo-gps-satelital-modelo-smartonesolar","status":"publish","type":"product","link":"https:\/\/soydeaqui.ddns.net\/pachuca\/index.php\/producto\/arnes-para-alimentacion-electrica-para-equipo-gps-satelital-modelo-smartonesolar\/","title":{"rendered":"Arnes para alimentacion electrica para equipo GPS Satelital modelo SMARTONESOLAR"},"content":{"rendered":"<div style='width: 100%; max-width: 1200px; margin: 0 auto; font-family: sans-serif; line-height: 1.6; color: inherit; background-color: transparent;'>\n<div style='display: flex; flex-wrap: wrap; gap: 30px; margin-bottom: 30px;'>\n<div style='flex: 1 1 300px; min-width: 280px;'>\n<h3 style='font-size: 22px; border-bottom: 2px solid currentColor; padding-bottom: 5px; margin-top: 0; color: inherit; opacity: 0.8;'>Caracter\u00edsticas principales<\/h3>\n<ul style='padding-left: 20px; font-size: 15px; color: inherit;'>\n<li style='margin-bottom: 5px;'>Compatible con modelo SmartOne Solar<\/li>\n<li style='margin-bottom: 5px;'>Conector USB para f\u00e1cil conexi\u00f3n<\/li>\n<li style='margin-bottom: 5px;'>Alta velocidad de transferencia de datos<\/li>\n<li style='margin-bottom: 5px;'>Apto para entornos exigentes<\/li>\n<li style='margin-bottom: 5px;'>Longitud del cable de 1.5 metros<\/li>\n<\/ul><\/div>\n<div style='flex: 1 1 300px; min-width: 280px;'>\n<h3 style='font-size: 22px; border-bottom: 2px solid currentColor; padding-bottom: 5px; margin-top: 0; color: inherit; opacity: 0.8;'>Aplicaciones<\/h3>\n<ul style='padding-left: 20px; font-size: 15px; color: inherit;'>\n<li style='margin-bottom: 5px;'>Transporte: Monitorear y rastrear activos y movimientos de flota en lugares remotos<\/li>\n<li style='margin-bottom: 5px;'>Petr\u00f3leo y Gasolina: Movilizar y desplegar activos de alto valor en prospecci\u00f3n y exploraci\u00f3n de campo<\/li>\n<li style='margin-bottom: 5px;'>Construcci\u00f3n: Determinar uso de equipo valioso<\/li>\n<li style='margin-bottom: 5px;'>Seguridad: Registro de activos m\u00f3viles como vagones&comma; tanques de propano&comma; AgTech&comma; etc.<\/li>\n<li style='margin-bottom: 5px;'>Marina: Monitorear activos en alta mar<\/li>\n<li style='margin-bottom: 5px;'>Otros usos industriales: Miner\u00eda&comma; silvicultura&comma; gobierno&comma; pesca&comma; etc.<\/li>\n<\/ul><\/div>\n<\/p><\/div>\n<div style='display: flex; flex-wrap: wrap; gap: 20px; margin-bottom: 30px;'>\n<div style='flex: 1 1 250px; border: 1px solid rgba(150&comma; 150&comma; 150&comma; 0.4); border-radius: 8px; overflow: hidden; display: flex; flex-direction: column;'>\n<div style='padding: 15px; border-bottom: 1px solid rgba(150&comma; 150&comma; 150&comma; 0.2); font-weight: bold; font-size: 18px; color: inherit;'>Especificaciones T\u00e9cnicas<\/div>\n<div style='padding: 15px; color: inherit;'>\n<ul style='padding-left: 20px; margin: 0; font-size: 14px; list-style-type: disc;'>\n<li style='margin-bottom: 5px;'><strong>Voltaje de entrada:<\/strong> 10-48 VDC<\/li>\n<li style='margin-bottom: 5px;'><strong>Tipo de bater\u00eda:<\/strong> Bater\u00edas NiMH recargables incorporadas (no reemplazables)<\/li>\n<li style='margin-bottom: 5px;'><strong>Temperatura de funcionamiento:<\/strong> -40\u00b0C a 65\u00b0C<\/li>\n<li style='margin-bottom: 5px;'><strong>Certificaciones:<\/strong> FCC&comma; ISED&comma; CE&comma; ATEX&comma; UKCA&comma; UKEX&comma; ACMA&comma; ANATEL&comma; INMETRO&comma; ENACOM&comma; NOM&comma; ASEP&comma; ARECOM&comma; NCC&comma; ICASA&comma; TELEC&comma; KCC&comma; NTC&comma; ITU (GMPCS)&comma; Bluetooth SIG<\/li>\n<li style='margin-bottom: 5px;'><strong>Resistencia ambiental:<\/strong> IP68\/69K<\/li>\n<li style='margin-bottom: 5px;'><strong>Dimensiones:<\/strong> 8.26 cm (Alto) x 17.78 cm (Largo) x 2.86 cm (Ancho)<\/li>\n<li style='margin-bottom: 5px;'><strong>Peso:<\/strong> 385 g (sin soporte de montaje)<\/li>\n<\/ul><\/div>\n<\/p><\/div>\n<div style='flex: 1 1 250px; border: 1px solid rgba(150&comma; 150&comma; 150&comma; 0.4); border-radius: 8px; overflow: hidden; display: flex; flex-direction: column;'>\n<div style='padding: 15px; border-bottom: 1px solid rgba(150&comma; 150&comma; 150&comma; 0.2); font-weight: bold; font-size: 18px; color: inherit;'>Capacidades de Informes<\/div>\n<div style='padding: 15px; color: inherit;'>\n<ul style='padding-left: 20px; margin: 0; font-size: 14px; list-style-type: disc;'>\n<li style='margin-bottom: 5px;'>Modos de informes de localizaci\u00f3n GPS<\/li>\n<li style='margin-bottom: 5px;'>Informes fijos o en movimiento<\/li>\n<li style='margin-bottom: 5px;'>Modos Mensajes Reducidas y Recuperaci\u00f3n de Robo<\/li>\n<li style='margin-bottom: 5px;'>Transmisi\u00f3n de datos de sensores externos<\/li>\n<li style='margin-bottom: 5px;'>Programa de informes activado por alarma o movimiento<\/li>\n<li style='margin-bottom: 5px;'>Reporte de robo basado en distancia recorrida<\/li>\n<\/ul><\/div>\n<\/p><\/div>\n<div style='flex: 1 1 250px; border: 1px solid rgba(150&comma; 150&comma; 150&comma; 0.4); border-radius: 8px; overflow: hidden; display: flex; flex-direction: column;'>\n<div style='padding: 15px; border-bottom: 1px solid rgba(150&comma; 150&comma; 150&comma; 0.2); font-weight: bold; font-size: 18px; color: inherit;'>Caracter\u00edsticas de Seguridad<\/div>\n<div style='padding: 15px; color: inherit;'>\n<ul style='padding-left: 20px; margin: 0; font-size: 14px; list-style-type: disc;'>\n<li style='margin-bottom: 5px;'>Certificaci\u00f3n ATEX Zone 0<\/li>\n<li style='margin-bottom: 5px;'>Certificaci\u00f3n HERO (Hazard of Electromagnetic Radiation to Ordinance)<\/li>\n<li style='margin-bottom: 5px;'>Certificaci\u00f3n de seguridad intr\u00ednseca ATEX\/IECEx II 1 G&comma; Ex ia IIC T4 Ga<\/li>\n<li style='margin-bottom: 5px;'>Cumple con normas MIL-STD-810G para inmersi\u00f3n&comma; impacto&comma; niebla salina&comma; atm\u00f3sfera \u00e1cida&comma; humedad y vibraci\u00f3n<\/li>\n<\/ul><\/div>\n<\/p><\/div>\n<\/p><\/div>\n<div style='display: flex; flex-wrap: wrap; gap: 20px; margin-bottom: 30px;'>\n<div style='flex: 1 1 250px; border: 1px solid rgba(150&comma; 150&comma; 150&comma; 0.4); border-radius: 8px; overflow: hidden; display: flex; flex-direction: column;'>\n<div style='padding: 15px; border-bottom: 1px solid rgba(150&comma; 150&comma; 150&comma; 0.2); font-weight: bold; font-size: 18px; color: inherit;'>Comunicaci\u00f3n<\/div>\n<div style='padding: 15px; color: inherit;'>\n<ul style='padding-left: 20px; margin: 0; font-size: 14px; list-style-type: disc;'>\n<li style='margin-bottom: 5px;'>Tecnolog\u00eda satelital LEO con red Globalstar<\/li>\n<li style='margin-bottom: 5px;'>Interfaz Bluetooth para configuraci\u00f3n y actualizaci\u00f3n de firmware<\/li>\n<li style='margin-bottom: 5px;'>Capacidad de comunicaci\u00f3n serial (TTL) para sensores<\/li>\n<li style='margin-bottom: 5px;'>Mensajes definidos por el usuario<\/li>\n<\/ul><\/div>\n<\/p><\/div>\n<div style='flex: 1 1 250px; border: 1px solid rgba(150&comma; 150&comma; 150&comma; 0.4); border-radius: 8px; overflow: hidden; display: flex; flex-direction: column;'>\n<div style='padding: 15px; border-bottom: 1px solid rgba(150&comma; 150&comma; 150&comma; 0.2); font-weight: bold; font-size: 18px; color: inherit;'>Accesorios Compatibles<\/div>\n<div style='padding: 15px; color: inherit;'>\n<ul style='padding-left: 20px; margin: 0; font-size: 14px; list-style-type: disc;'>\n<li style='margin-bottom: 5px;'>Cable de entrada universal Globalstar (N\u00ba de pieza 2030-0265-04)<\/li>\n<li style='margin-bottom: 5px;'>Soporte de montaje de acero inoxidable (N\u00ba de pieza 7000-0278-01)<\/li>\n<li style='margin-bottom: 5px;'>Dongle Bluetooth (N\u00ba de pieza 1950-0105-01)<\/li>\n<li style='margin-bottom: 5px;'>Cable de configuraci\u00f3n USB de Globalstar (N\u00ba de pieza 2030-0261-01)<\/li>\n<\/ul><\/div>\n<\/p><\/div>\n<\/p><\/div>\n<hr style='border: 0; border-top: 1px solid rgba(150&comma; 150&comma; 150&comma; 0.3); margin: 30px 0;'> <\/div>\n","protected":false},"excerpt":{"rendered":"<p>Arnes para alimentacion electrica para equipo GPS Satelital modelo SMARTONESOLAR<\/p>\n","protected":false},"featured_media":32,"comment_status":"open","ping_status":"closed","template":"","meta":[],"product_brand":[],"product_cat":[1348,1346],"product_tag":[93,1427,1350,1349],"class_list":{"0":"post-55952","1":"product","2":"type-product","3":"status-publish","4":"has-post-thumbnail","6":"product_cat-accesorios-gps-y-telematica","7":"product_cat-iot","8":"product_tag-accesorios","9":"product_tag-globalstar","10":"product_tag-gps-y-telematica","11":"product_tag-iot","13":"first","14":"instock","15":"sale","16":"shipping-taxable","17":"purchasable","18":"product-type-simple"},"_links":{"self":[{"href":"https:\/\/soydeaqui.ddns.net\/pachuca\/index.php\/wp-json\/wp\/v2\/product\/55952","targetHints":{"allow":["GET"]}}],"collection":[{"href":"https:\/\/soydeaqui.ddns.net\/pachuca\/index.php\/wp-json\/wp\/v2\/product"}],"about":[{"href":"https:\/\/soydeaqui.ddns.net\/pachuca\/index.php\/wp-json\/wp\/v2\/types\/product"}],"replies":[{"embeddable":true,"href":"https:\/\/soydeaqui.ddns.net\/pachuca\/index.php\/wp-json\/wp\/v2\/comments?post=55952"}],"wp:featuredmedia":[{"embeddable":true,"href":"https:\/\/soydeaqui.ddns.net\/pachuca\/index.php\/wp-json\/wp\/v2\/media\/32"}],"wp:attachment":[{"href":"https:\/\/soydeaqui.ddns.net\/pachuca\/index.php\/wp-json\/wp\/v2\/media?parent=55952"}],"wp:term":[{"taxonomy":"product_brand","embeddable":true,"href":"https:\/\/soydeaqui.ddns.net\/pachuca\/index.php\/wp-json\/wp\/v2\/product_brand?post=55952"},{"taxonomy":"product_cat","embeddable":true,"href":"https:\/\/soydeaqui.ddns.net\/pachuca\/index.php\/wp-json\/wp\/v2\/product_cat?post=55952"},{"taxonomy":"product_tag","embeddable":true,"href":"https:\/\/soydeaqui.ddns.net\/pachuca\/index.php\/wp-json\/wp\/v2\/product_tag?post=55952"}],"curies":[{"name":"wp","href":"https:\/\/api.w.org\/{rel}","templated":true}]}}