{"id":55943,"date":"2026-03-19T03:09:11","date_gmt":"2026-03-19T03:09:11","guid":{"rendered":"https:\/\/soydeaqui.ddns.net\/pachuca\/index.php\/producto\/estrobo-serie-streamline-mini-120-vca-azul\/"},"modified":"2026-03-19T03:09:13","modified_gmt":"2026-03-19T03:09:13","slug":"estrobo-serie-streamline-mini-120-vca-azul","status":"publish","type":"product","link":"https:\/\/soydeaqui.ddns.net\/pachuca\/index.php\/producto\/estrobo-serie-streamline-mini-120-vca-azul\/","title":{"rendered":"Estrobo Serie Streamline, Mini, 120 Vca, Azul"},"content":{"rendered":"<div style='width: 100%; max-width: 1200px; margin: 0 auto; font-family: sans-serif; line-height: 1.6; color: inherit; background-color: transparent;'>\n<div style='display: flex; flex-direction: column; gap: 20px;'>\n<div style='width: 100%;'>\n<h3 style='font-size: 22px; border-bottom: 2px solid currentColor; padding-bottom: 5px; margin-top: 0; color: inherit; opacity: 0.8;'>CARACTER\u00cdSTICAS<\/h3>\n<div style='margin-top: 15px; font-size: 15px; color: inherit;'>\n<p style='margin: 0 0 15px 0; color: inherit;'>El modelo LP6 es una luz estrobosc\u00f3pica de alta potencia muy compacta dise\u00f1ada para aplicaciones donde el espacio es cr\u00edtico. Con una altura de 3-5\/8&#8217;&comma; esta luz estrobosc\u00f3pica es ideal para aplicaciones de montacargas donde el espacio libre es importante. El LP6 tambi\u00e9n se monta f\u00e1cilmente en paneles de control peque\u00f1os.<\/p>\n<p style='margin: 0 0 15px 0; color: inherit;'>El LP6 cuenta con una fuente de alimentaci\u00f3n de dos julios que funciona en m\u00faltiples voltajes de 12-48 VCC a 120 VCA. La construcci\u00f3n modular incorpora un potente tubo de flash y una placa de circuito resistente a las vibraciones.<\/p>\n<p style='margin: 0 0 15px 0; color: inherit;'>La carcasa del LP6 utiliza una lente enroscable \u00fanica para facilitar el reemplazo y el mantenimiento de la l\u00e1mpara. Esta luz econ\u00f3mica no sacrifica potencia por precio o tama\u00f1o.<\/p>\n<\/p><\/div>\n<\/p><\/div>\n<div style='width: 100%;'>\n<h3 style='font-size: 22px; border-bottom: 2px solid currentColor; padding-bottom: 5px; margin-top: 0; color: inherit; opacity: 0.8;'>ESPECIFICACIONES<\/h3>\n<div style='display: flex; flex-wrap: wrap; gap: 20px; margin-top: 20px;'>\n<div style='flex: 1 1 250px; border: 1px solid rgba(150&comma; 150&comma; 150&comma; 0.4); border-radius: 8px; overflow: hidden; display: flex; flex-direction: column;'>\n<div style='padding: 15px; border-bottom: 1px solid rgba(150&comma; 150&comma; 150&comma; 0.2); font-weight: bold; font-size: 18px; color: inherit; background-color: rgba(240&comma; 240&comma; 240&comma; 0.5);'>Caracter\u00edsticas F\u00edsicas<\/div>\n<div style='padding: 15px; color: inherit;'>\n<ul style='padding-left: 20px; margin: 0; font-size: 14px; list-style-type: disc;'>\n<li style='margin-bottom: 5px;'><strong>Montaje:<\/strong> Superficie<\/li>\n<li style='margin-bottom: 5px;'><strong>Peso:<\/strong> 0.30 Kg<\/li>\n<li style='margin-bottom: 5px;'><strong>Altura:<\/strong> 92.5 mm<\/li>\n<li style='margin-bottom: 5px;'><strong>Di\u00e1metro:<\/strong> 130 mm<\/li>\n<\/ul><\/div>\n<\/p><\/div>\n<div style='flex: 1 1 250px; border: 1px solid rgba(150&comma; 150&comma; 150&comma; 0.4); border-radius: 8px; overflow: hidden; display: flex; flex-direction: column;'>\n<div style='padding: 15px; border-bottom: 1px solid rgba(150&comma; 150&comma; 150&comma; 0.2); font-weight: bold; font-size: 18px; color: inherit; background-color: rgba(240&comma; 240&comma; 240&comma; 0.5);'>Especificaciones El\u00e9ctricas<\/div>\n<div style='padding: 15px; color: inherit;'>\n<ul style='padding-left: 20px; margin: 0; font-size: 14px; list-style-type: disc;'>\n<li style='margin-bottom: 5px;'><strong>Voltaje:<\/strong> 120VCA<\/li>\n<li style='margin-bottom: 5px;'><strong>Consumo en operaci\u00f3n:<\/strong> 0.10 Amps at 120VAC<\/li>\n<li style='margin-bottom: 5px;'><strong>Fuente de Lux:<\/strong> Tubo Estrobosc\u00f3pico<\/li>\n<\/ul><\/div>\n<\/p><\/div>\n<div style='flex: 1 1 250px; border: 1px solid rgba(150&comma; 150&comma; 150&comma; 0.4); border-radius: 8px; overflow: hidden; display: flex; flex-direction: column;'>\n<div style='padding: 15px; border-bottom: 1px solid rgba(150&comma; 150&comma; 150&comma; 0.2); font-weight: bold; font-size: 18px; color: inherit; background-color: rgba(240&comma; 240&comma; 240&comma; 0.5);'>Rendimiento<\/div>\n<div style='padding: 15px; color: inherit;'>\n<ul style='padding-left: 20px; margin: 0; font-size: 14px; list-style-type: disc;'>\n<li style='margin-bottom: 5px;'><strong>Vida de l\u00e1mpara:<\/strong> 7&comma;000 Horas<\/li>\n<li style='margin-bottom: 5px;'><strong>Candelas:<\/strong> 175&comma;000<\/li>\n<li style='margin-bottom: 5px;'><strong>Candela efectivas:<\/strong> 51.5<\/li>\n<\/ul><\/div>\n<\/p><\/div>\n<div style='flex: 1 1 250px; border: 1px solid rgba(150&comma; 150&comma; 150&comma; 0.4); border-radius: 8px; overflow: hidden; display: flex; flex-direction: column;'>\n<div style='padding: 15px; border-bottom: 1px solid rgba(150&comma; 150&comma; 150&comma; 0.2); font-weight: bold; font-size: 18px; color: inherit; background-color: rgba(240&comma; 240&comma; 240&comma; 0.5);'>Condiciones Ambientales<\/div>\n<div style='padding: 15px; color: inherit;'>\n<ul style='padding-left: 20px; margin: 0; font-size: 14px; list-style-type: disc;'>\n<li style='margin-bottom: 5px;'><strong>Temperatura M\u00ednima de operaci\u00f3n:<\/strong> -35 \u00b0C<\/li>\n<li style='margin-bottom: 5px;'><strong>Temperatura M\u00e1xima de operaci\u00f3n:<\/strong> 66 \u00b0C<\/li>\n<li style='margin-bottom: 5px;'><strong>Grado de protecci\u00f3n de gabinete:<\/strong> 4X<\/li>\n<\/ul><\/div>\n<\/p><\/div>\n<div style='flex: 1 1 250px; border: 1px solid rgba(150&comma; 150&comma; 150&comma; 0.4); border-radius: 8px; overflow: hidden; display: flex; flex-direction: column;'>\n<div style='padding: 15px; border-bottom: 1px solid rgba(150&comma; 150&comma; 150&comma; 0.2); font-weight: bold; font-size: 18px; color: inherit; background-color: rgba(240&comma; 240&comma; 240&comma; 0.5);'>Opciones de Color<\/div>\n<div style='padding: 15px; color: inherit;'>\n<ul style='padding-left: 20px; margin: 0; font-size: 14px; list-style-type: disc;'>\n<li style='margin-bottom: 5px;'>\u00c1mbar<\/li>\n<li style='margin-bottom: 5px;'>Azul<\/li>\n<li style='margin-bottom: 5px;'>Claro<\/li>\n<li style='margin-bottom: 5px;'>Verde<\/li>\n<li style='margin-bottom: 5px;'>Rojo<\/li>\n<\/ul><\/div>\n<\/p><\/div>\n<\/p><\/div>\n<\/p><\/div>\n<\/p><\/div>\n<\/p><\/div>\n","protected":false},"excerpt":{"rendered":"<p>Estrobo Serie Streamline, Mini, 120 Vca, Azul<\/p>\n","protected":false},"featured_media":55942,"comment_status":"open","ping_status":"closed","template":"","meta":[],"product_brand":[],"product_cat":[1416],"product_tag":[552,1414,1417],"class_list":{"0":"post-55943","1":"product","2":"type-product","3":"status-publish","4":"has-post-thumbnail","6":"product_cat-luces-para-la-industria-y-edificios","7":"product_tag-federal-signal-industrial","8":"product_tag-luces-bocinas-para-la-industria-y-edificios","9":"product_tag-luces-para-la-industria-y-edificios","11":"first","12":"outofstock","13":"sale","14":"shipping-taxable","15":"purchasable","16":"product-type-simple"},"_links":{"self":[{"href":"https:\/\/soydeaqui.ddns.net\/pachuca\/index.php\/wp-json\/wp\/v2\/product\/55943","targetHints":{"allow":["GET"]}}],"collection":[{"href":"https:\/\/soydeaqui.ddns.net\/pachuca\/index.php\/wp-json\/wp\/v2\/product"}],"about":[{"href":"https:\/\/soydeaqui.ddns.net\/pachuca\/index.php\/wp-json\/wp\/v2\/types\/product"}],"replies":[{"embeddable":true,"href":"https:\/\/soydeaqui.ddns.net\/pachuca\/index.php\/wp-json\/wp\/v2\/comments?post=55943"}],"wp:featuredmedia":[{"embeddable":true,"href":"https:\/\/soydeaqui.ddns.net\/pachuca\/index.php\/wp-json\/wp\/v2\/media\/55942"}],"wp:attachment":[{"href":"https:\/\/soydeaqui.ddns.net\/pachuca\/index.php\/wp-json\/wp\/v2\/media?parent=55943"}],"wp:term":[{"taxonomy":"product_brand","embeddable":true,"href":"https:\/\/soydeaqui.ddns.net\/pachuca\/index.php\/wp-json\/wp\/v2\/product_brand?post=55943"},{"taxonomy":"product_cat","embeddable":true,"href":"https:\/\/soydeaqui.ddns.net\/pachuca\/index.php\/wp-json\/wp\/v2\/product_cat?post=55943"},{"taxonomy":"product_tag","embeddable":true,"href":"https:\/\/soydeaqui.ddns.net\/pachuca\/index.php\/wp-json\/wp\/v2\/product_tag?post=55943"}],"curies":[{"name":"wp","href":"https:\/\/api.w.org\/{rel}","templated":true}]}}