{"id":55936,"date":"2026-03-19T03:09:00","date_gmt":"2026-03-19T03:09:00","guid":{"rendered":"https:\/\/soydeaqui.ddns.net\/pachuca\/index.php\/producto\/tarjetas-sandisk-industrial-grade-sd-y-microsd\/"},"modified":"2026-03-19T03:09:01","modified_gmt":"2026-03-19T03:09:01","slug":"tarjetas-sandisk-industrial-grade-sd-y-microsd","status":"publish","type":"product","link":"https:\/\/soydeaqui.ddns.net\/pachuca\/index.php\/producto\/tarjetas-sandisk-industrial-grade-sd-y-microsd\/","title":{"rendered":"TARJETAS SANDISK\u00ae INDUSTRIAL GRADE SD\u2122 Y MICROSD\u2122"},"content":{"rendered":"<div style='width: 100%; max-width: 1200px; margin: 0 auto; font-family: sans-serif; line-height: 1.6; color: inherit; background-color: transparent;'>\n<div style='display: flex; flex-wrap: wrap; gap: 30px; margin-bottom: 30px;'>\n<div style='flex: 1 1 300px; min-width: 280px;'>\n<h3 style='font-size: 22px; border-bottom: 2px solid currentColor; padding-bottom: 5px; margin-top: 0; color: inherit; opacity: 0.8;'>Caracter\u00edsticas<\/h3>\n<ul style='padding-left: 20px; font-size: 15px; color: inherit;'>\n<li style='margin-bottom: 5px;'>Rango de temperatura de funcionamiento: -25 \u00b0C a 85 \u00b0C y -40\u00b0C a 85\u00b0C<\/li>\n<li style='margin-bottom: 5px;'>Alta resistencia: Hasta 384 Terabytes escritos<\/li>\n<li style='margin-bottom: 5px;'>Amplia cartera: de 8 GB a 128 GB<\/li>\n<li style='margin-bottom: 5px;'>Ciclo de vida extendido del producto<\/li>\n<li style='margin-bottom: 5px;'>Gesti\u00f3n avanzada de memoria FW caracter\u00edsticas potencia inmunidad&comma; actualizaci\u00f3n de lectura autom\u00e1tica\/manual&comma; ECC&comma; nivelaci\u00f3n de desgaste<\/li>\n<li style='margin-bottom: 5px;'>Funciones avanzadas para mejorar la confiabilidad y la utilidad incluyendo medidor de estado de salud&comma; identificaci\u00f3n programable<\/li>\n<li style='margin-bottom: 5px;'>Bloqueo de host (bloqueo de propiedad de la tarjeta)&comma; FFU seguro<\/li>\n<li style='margin-bottom: 5px;'>Protecci\u00f3n din\u00e1mica contra volteo de bits<\/li>\n<li style='margin-bottom: 5px;'>Dise\u00f1o duradero: resistente al agua&comma; a los golpes y a las vibraciones<\/li>\n<li style='margin-bottom: 5px;'>a prueba de rayos X&comma; a prueba de imanes&comma; a prueba de impactos*<\/li>\n<li style='margin-bottom: 5px;'>Voltaje de funcionamiento: 2&comma;7 V a 3&comma;6 V<\/li>\n<\/ul>\n<\/div>\n<div style='flex: 1 1 300px; min-width: 280px;'>\n<h3 style='font-size: 22px; border-bottom: 2px solid currentColor; padding-bottom: 5px; margin-top: 0; color: inherit; opacity: 0.8;'>Beneficios de negocio<\/h3>\n<ul style='padding-left: 20px; font-size: 15px; color: inherit;'>\n<li style='margin-bottom: 5px;'>Ofrece un menor coste total de propiedad del sistema<\/li>\n<li style='margin-bottom: 5px;'>Permite an\u00e1lisis en tiempo real en el borde<\/li>\n<li style='margin-bottom: 5px;'>Reduce el tr\u00e1fico de la red<\/li>\n<li style='margin-bottom: 5px;'>Proporciona copia de seguridad local confiable<\/li>\n<li style='margin-bottom: 5px;'>Maximice la disponibilidad del sistema con el medidor de estado de salud&comma; garantizar un mantenimiento preventivo oportuno<\/li>\n<\/ul>\n<\/div>\n<div style='flex: 1 1 300px; min-width: 280px;'>\n<h3 style='font-size: 22px; border-bottom: 2px solid currentColor; padding-bottom: 5px; margin-top: 0; color: inherit; opacity: 0.8;'>Aplicaciones industriales<\/h3>\n<ul style='padding-left: 20px; font-size: 15px; color: inherit;'>\n<li style='margin-bottom: 5px;'>Vigilancia<\/li>\n<li style='margin-bottom: 5px;'>Transporte<\/li>\n<li style='margin-bottom: 5px;'>PC industriales<\/li>\n<li style='margin-bottom: 5px;'>Automatizaci\u00f3n industrial<\/li>\n<li style='margin-bottom: 5px;'>Redes<\/li>\n<li style='margin-bottom: 5px;'>Medicina y Agricultura<\/li>\n<\/ul>\n<\/div>\n<\/div>\n<\/div>\n","protected":false},"excerpt":{"rendered":"<p>TARJETAS SANDISK\u00ae INDUSTRIAL GRADE SD\u2122 Y MICROSD\u2122<\/p>\n","protected":false},"featured_media":32,"comment_status":"open","ping_status":"closed","template":"","meta":[],"product_brand":[],"product_cat":[1413],"product_tag":[1415,552,1414],"class_list":{"0":"post-55936","1":"product","2":"type-product","3":"status-publish","4":"has-post-thumbnail","6":"product_cat-bocinas-de-alerta-y-notificacion-masiva","7":"product_tag-bocinas-de-alerta-y-notificacion-masiva","8":"product_tag-federal-signal-industrial","9":"product_tag-luces-bocinas-para-la-industria-y-edificios","11":"first","12":"outofstock","13":"sale","14":"shipping-taxable","15":"purchasable","16":"product-type-simple"},"_links":{"self":[{"href":"https:\/\/soydeaqui.ddns.net\/pachuca\/index.php\/wp-json\/wp\/v2\/product\/55936","targetHints":{"allow":["GET"]}}],"collection":[{"href":"https:\/\/soydeaqui.ddns.net\/pachuca\/index.php\/wp-json\/wp\/v2\/product"}],"about":[{"href":"https:\/\/soydeaqui.ddns.net\/pachuca\/index.php\/wp-json\/wp\/v2\/types\/product"}],"replies":[{"embeddable":true,"href":"https:\/\/soydeaqui.ddns.net\/pachuca\/index.php\/wp-json\/wp\/v2\/comments?post=55936"}],"wp:featuredmedia":[{"embeddable":true,"href":"https:\/\/soydeaqui.ddns.net\/pachuca\/index.php\/wp-json\/wp\/v2\/media\/32"}],"wp:attachment":[{"href":"https:\/\/soydeaqui.ddns.net\/pachuca\/index.php\/wp-json\/wp\/v2\/media?parent=55936"}],"wp:term":[{"taxonomy":"product_brand","embeddable":true,"href":"https:\/\/soydeaqui.ddns.net\/pachuca\/index.php\/wp-json\/wp\/v2\/product_brand?post=55936"},{"taxonomy":"product_cat","embeddable":true,"href":"https:\/\/soydeaqui.ddns.net\/pachuca\/index.php\/wp-json\/wp\/v2\/product_cat?post=55936"},{"taxonomy":"product_tag","embeddable":true,"href":"https:\/\/soydeaqui.ddns.net\/pachuca\/index.php\/wp-json\/wp\/v2\/product_tag?post=55936"}],"curies":[{"name":"wp","href":"https:\/\/api.w.org\/{rel}","templated":true}]}}