{"id":5593,"date":"2026-03-18T06:33:13","date_gmt":"2026-03-18T06:33:13","guid":{"rendered":"https:\/\/soydeaqui.ddns.net\/pachuca\/index.php\/producto\/central-de-monitoreo-completa-incluye-1-canal-de-radio-y-una-linea-de-telefono-multiformato-receptor-ip-incluido\/"},"modified":"2026-03-18T06:33:13","modified_gmt":"2026-03-18T06:33:13","slug":"central-de-monitoreo-completa-incluye-1-canal-de-radio-y-una-linea-de-telefono-multiformato-receptor-ip-incluido","status":"publish","type":"product","link":"https:\/\/soydeaqui.ddns.net\/pachuca\/index.php\/producto\/central-de-monitoreo-completa-incluye-1-canal-de-radio-y-una-linea-de-telefono-multiformato-receptor-ip-incluido\/","title":{"rendered":"Central de Monitoreo Completa. Incluye: 1 Canal de radio y una l\u00ednea de tel\u00e9fono multiformato. Receptor IP Incluido"},"content":{"rendered":"<div style='width: 100%; max-width: 1200px; margin: 0 auto; font-family: sans-serif; line-height: 1.6; color: inherit; background-color: transparent;'> <!-- Imagen principal --> <\/p>\n<div style='margin-bottom: 20px;'> <a href='https:\/\/www.syscom.mx\/principal\/consultarproductosazul?global_search=cfh500&#038;ordenar=Relevancia&#038;pag=1' target='_blank' style='text-decoration: none; color: inherit;'> <img style='width: 100%; max-width: 100%; height: auto; border: 1px solid rgba(150&comma;150&comma;150&comma;0.3); border-radius: 8px;' src='http:\/\/ftp3.syscom.mx\/usuarios\/yhermosillo\/PIMA\/Cloud_PIMA.png' alt='Cloud PIMA'> <\/a> <\/div>\n<p> <!-- Descripci\u00f3n general --> <\/p>\n<div style='margin-bottom: 30px;'>\n<h3 style='font-size: 22px; border-bottom: 2px solid currentColor; padding-bottom: 5px; margin-top: 0; color: inherit; opacity: 0.8;'>Nueva Central de Monitoreo<\/h3>\n<p style='margin-top: 0; color: inherit;'>Esta nueva unidad le permite tener el tradicional monitoreo radial y telef\u00f3nico&comma; ahora tambi\u00e9n podr\u00e1 tener el de m\u00f3dulos TCP\/IP y GPRS PIMA.<\/p>\n<\/p><\/div>\n<p> <!-- Secci\u00f3n de caracter\u00edsticas --> <\/p>\n<div style='margin-bottom: 30px;'>\n<h3 style='font-size: 22px; border-bottom: 2px solid currentColor; padding-bottom: 5px; margin-top: 0; color: inherit; opacity: 0.8;'>Caracter\u00edsticas Principales<\/h3>\n<ul style='padding-left: 20px; font-size: 15px; color: inherit;'>\n<li style='margin-bottom: 5px;'>Puede expandirse hasta 2 canales de radio<\/li>\n<li style='margin-bottom: 5px;'>Puede expandirse hasta 4 l\u00edneas telef\u00f3nicas<\/li>\n<li style='margin-bottom: 5px;'>Actualizaci\u00f3n remota de canales de radio y tel\u00e9fono<\/li>\n<li style='margin-bottom: 5px;'>Tarjeta Ethernet soporta el software NET SOFT para monitoreo IP<\/li>\n<li style='margin-bottom: 5px;'>1 puerto RS-232 y 4 puertos USB<\/li>\n<li style='margin-bottom: 5px;'>Soporta los formatos de comunicaci\u00f3n de radio: PAF&comma; NPAF&comma; PID&comma; Milcol-D&comma; Intrac-2000<\/li>\n<li style='margin-bottom: 5px;'>Protocolos por l\u00ednea de tel\u00e9fono CONTACT ID y 4&#215;2<\/li>\n<li style='margin-bottom: 5px;'>Compatible con la mayor\u00eda de los software de despacho: Andr\u00f3meda&comma; Surgard&comma; Ademco 685&comma; SIS&comma; SIMS&comma; WinSAMM&comma; SECURITHOR&comma; SoftGuard y m\u00e1s<\/li>\n<\/ul><\/div>\n<p> <!-- Secci\u00f3n de especificaciones --> <\/p>\n<div style='margin-bottom: 30px;'>\n<h3 style='font-size: 22px; border-bottom: 2px solid currentColor; padding-bottom: 5px; margin-top: 0; color: inherit; opacity: 0.8;'>Especificaciones T\u00e9cnicas<\/h3>\n<ul style='padding-left: 20px; font-size: 15px; color: inherit;'>\n<li style='margin-bottom: 5px;'>Indicaciones del panel frontal: alimentaci\u00f3n&comma; falla de CA&comma; bater\u00eda baja<\/li>\n<li style='margin-bottom: 5px;'>Alimentaci\u00f3n de 90 a 220 AC<\/li>\n<li style='margin-bottom: 5px;'>Bater\u00eda de respaldo de 20 Ah no incluida<\/li>\n<li style='margin-bottom: 5px;'>Consumo de energ\u00eda: 50 W<\/li>\n<li style='margin-bottom: 5px;'>Red de interfaz: 10\/100 Ethernet&comma; TCP \/ IP&comma; UDP<\/li>\n<li style='margin-bottom: 5px;'>Temperatura de funcionamiento: -10 a 40\u00b0C<\/li>\n<li style='margin-bottom: 5px;'>Medidas 27 x 29 x 16 cm<\/li>\n<li style='margin-bottom: 5px;'>Peso de 5&comma;2 kg<\/li>\n<\/ul><\/div>\n<p> <!-- Secci\u00f3n de contenido incluido --> <\/p>\n<div style='margin-bottom: 30px;'>\n<h3 style='font-size: 22px; border-bottom: 2px solid currentColor; padding-bottom: 5px; margin-top: 0; color: inherit; opacity: 0.8;'>Contenido Incluido<\/h3>\n<ul style='padding-left: 20px; font-size: 15px; color: inherit;'>\n<li style='margin-bottom: 5px;'><strong>1 CANAL DE RADIO Y 1 LINEA DE TEL\u00c9FONO HABILITADOS<\/strong><\/li>\n<li style='margin-bottom: 5px;'><strong>Hardware completo PIMA<\/strong><\/li>\n<li style='margin-bottom: 5px;'><strong>Mcard Windows con un canal de radio y uno de tel\u00e9fono multiformato habilitados<\/strong><\/li>\n<\/ul><\/div>\n<p> <!-- Diagramas --> <\/p>\n<div style='margin-bottom: 30px;'>\n<h3 style='font-size: 22px; border-bottom: 2px solid currentColor; padding-bottom: 5px; margin-top: 0; color: inherit; opacity: 0.8;'>Diagramas de Conexi\u00f3n<\/h3>\n<div style='display: flex; flex-wrap: wrap; gap: 20px; margin-top: 15px;'>\n<div style='flex: 1 1 300px; min-width: 280px;'> <a href='http:\/\/ftp3.syscom.mx\/usuarios\/ftp\/DiagramaSentry-01.jpg' target='_blank' style='text-decoration: none; color: inherit;'> <img style='width: 100%; height: auto; border: 1px solid rgba(150&comma;150&comma;150&comma;0.3); border-radius: 8px;' src='http:\/\/ftp3.syscom.mx\/usuarios\/ftp\/syscom_mx\/pimasentry-01.jpg' alt='Monitoreo utilizando radio con paneles de alarma'> <\/a> <\/p>\n<p style='text-align: center; padding: 5px; margin-top: 10px; font-size: 14px; color: inherit;'>Monitoreo utilizando radio con paneles de alarma&comma; sin necesidad de tel\u00e9fono o internet<\/p>\n<\/p><\/div>\n<div style='flex: 1 1 300px; min-width: 280px;'> <a href='http:\/\/ftp3.syscom.mx\/usuarios\/ftp\/DiagramaSentry-03.jpg' target='_blank' style='text-decoration: none; color: inherit;'> <img style='width: 100%; height: auto; border: 1px solid rgba(150&comma;150&comma;150&comma;0.3); border-radius: 8px;' src='http:\/\/ftp3.syscom.mx\/usuarios\/ftp\/syscom_mx\/pimasentry-03.jpg' alt='SAR-100 en varias ciudades'> <\/a> <\/p>\n<p style='text-align: center; padding: 5px; margin-top: 10px; font-size: 14px; color: inherit;'>Usted puede tener SAR-100 en varias ciudades y monitorear desde una ciudad a todas por internet<\/p>\n<\/p><\/div>\n<div style='flex: 1 1 300px; min-width: 280px;'> <a href='http:\/\/ftp3.syscom.mx\/usuarios\/ftp\/DiagramaSentry-04.jpg' target='_blank' style='text-decoration: none; color: inherit;'> <img style='width: 100%; height: auto; border: 1px solid rgba(150&comma;150&comma;150&comma;0.3); border-radius: 8px;' src='http:\/\/ftp3.syscom.mx\/usuarios\/ftp\/syscom_mx\/pimasentry-04.jpg' alt='Bot\u00f3n de p\u00e1nico'> <\/a> <\/p>\n<p style='text-align: center; padding: 5px; margin-top: 10px; font-size: 14px; color: inherit;'>Se reporta una alerta cuando la persona trabajando en la gasolinera presiona el bot\u00f3n de p\u00e1nico<\/p>\n<\/p><\/div>\n<div style='flex: 1 1 300px; min-width: 280px;'> <a href='http:\/\/ftp3.syscom.mx\/usuarios\/ftp\/DiagramaSentry-02.jpg' target='_blank' style='text-decoration: none; color: inherit;'> <img style='width: 100%; height: auto; border: 1px solid rgba(150&comma;150&comma;150&comma;0.3); border-radius: 8px;' src='http:\/\/ftp3.syscom.mx\/usuarios\/ftp\/syscom_mx\/pimasentry-05.jpg' alt='Alarma V\u00eda Radio'> <\/a> <\/p>\n<p style='text-align: center; padding: 5px; margin-top: 10px; font-size: 14px; color: inherit;'>Se previene de robos gracias a paneles de alarma reportando por radio en zonas sin cobertura celular o telef\u00f3nica<\/p>\n<\/p><\/div>\n<\/p><\/div>\n<\/p><\/div>\n<p> <!-- Im\u00e1genes adicionales --> <\/p>\n<div style='margin-bottom: 30px;'>\n<div style='display: flex; flex-wrap: wrap; gap: 15px; justify-content: center;'> <a href='http:\/\/www.syscom.mx\/principal\/consultarproductosazul\/?buscador-caja=sentry_add' target='_blank' style='text-decoration: none; color: inherit;'> <img style='width: 100%; max-width: 200px; height: auto; border: 1px solid rgba(150&comma;150&comma;150&comma;0.3); border-radius: 8px;' src='http:\/\/ftp3.syscom.mx\/usuarios\/ftp\/syscom_mx\/pimasentry-06.jpg' alt='Sentry'> <\/a> <a href='http:\/\/www.syscom.mx\/principal\/consultarproductosazul\/?buscador-caja=sat9' target='_blank' style='text-decoration: none; color: inherit;'> <img style='width: 100%; max-width: 200px; height: auto; border: 1px solid rgba(150&comma;150&comma;150&comma;0.3); border-radius: 8px;' src='http:\/\/ftp3.syscom.mx\/usuarios\/ftp\/syscom_mx\/pimasentry-07.jpg' alt='Sat-9'> <\/a> <a href='http:\/\/www.syscom.mx\/principal\/consultarproductosazul\/?buscador-caja=tru100' target='_blank' style='text-decoration: none; color: inherit;'> <img style='width: 100%; max-width: 200px; height: auto; border: 1px solid rgba(150&comma;150&comma;150&comma;0.3); border-radius: 8px;' src='http:\/\/ftp3.syscom.mx\/usuarios\/ftp\/syscom_mx\/pimasentry-08.jpg' alt='Tru100'> <\/a> <a href='http:\/\/www.syscom.mx\/producto\/SAR100-PIMA-65498.html' target='_blank' style='text-decoration: none; color: inherit;'> <img style='width: 100%; max-width: 200px; height: auto; border: 1px solid rgba(150&comma;150&comma;150&comma;0.3); border-radius: 8px;' src='http:\/\/ftp3.syscom.mx\/usuarios\/ftp\/syscom_mx\/pimasentry-09.jpg' alt='Sar-100'> <\/a> <\/div>\n<\/p><\/div>\n<p> <!-- Diagramas adicionales --> <\/p>\n<div style='margin-bottom: 30px;'>\n<div style='display: flex; flex-wrap: wrap; gap: 20px;'>\n<div style='flex: 1 1 300px; min-width: 280px;'> <img style='width: 100%; height: auto; border: 1px solid rgba(150&comma;150&comma;150&comma;0.3); border-radius: 8px;' src='http:\/\/ftp3.syscom.mx\/usuarios\/yhermosillo\/PIMA\/Diagrama%20Comunicacion%20Pima.png' alt='Diagrama de Comunicaci\u00f3n Pima'> <\/div>\n<div style='flex: 1 1 300px; min-width: 280px;'> <img style='width: 100%; height: auto; border: 1px solid rgba(150&comma;150&comma;150&comma;0.3); border-radius: 8px;' src='http:\/\/ftp3.syscom.mx\/usuarios\/yhermosillo\/PIMA\/Comunicacion%20IP%20GSM%20PIMA.png' alt='Comunicaci\u00f3n IP GSM PIMA'> <\/div>\n<\/p><\/div>\n<\/p><\/div>\n<p> <!-- Videos de YouTube --> <\/p>\n<div style='margin-bottom: 30px;'>\n<h3 style='font-size: 22px; border-bottom: 2px solid currentColor; padding-bottom: 5px; margin-top: 0; color: inherit; opacity: 0.8;'>Videos Informativos<\/h3>\n<div style='display: flex; flex-wrap: wrap; gap: 30px; margin-top: 15px;'> <!-- Video 1 --> <\/p>\n<div style='flex: 1 1 560px; min-width: 300px;'>\n<div style='position: relative; padding-bottom: 56.25%; height: 0; overflow: hidden;'>   <\/div>\n<\/p><\/div>\n<p> <!-- Video 2 --> <\/p>\n<div style='flex: 1 1 560px; min-width: 300px;'>\n<div style='position: relative; padding-bottom: 56.25%; height: 0; overflow: hidden;'>   <\/div>\n<\/p><\/div>\n<\/p><\/div>\n<\/p><\/div>\n<p> <!-- Informaci\u00f3n adicional --> <\/p>\n<div style='margin-bottom: 30px;'>\n<p style='color: inherit; font-size: 15px; margin: 0; text-align: center;'>Pregunte al Depto de Ingenier\u00eda para actualizaci\u00f3n de SENTINEL a SENTRY<\/p>\n<\/p><\/div>\n<\/p><\/div>\n","protected":false},"excerpt":{"rendered":"<p>Central de Monitoreo Completa. Incluye: 1 Canal de radio y una l\u00ednea de tel\u00e9fono multiformato. Receptor IP Incluido<\/p>\n","protected":false},"featured_media":5592,"comment_status":"open","ping_status":"closed","template":"","meta":[],"product_brand":[],"product_cat":[39],"product_tag":[40,41,496],"class_list":{"0":"post-5593","1":"product","2":"type-product","3":"status-publish","4":"has-post-thumbnail","6":"product_cat-centrales-de-monitoreo-de-alarmas","7":"product_tag-centrales-de-monitoreo","8":"product_tag-centrales-de-monitoreo-de-alarmas","9":"product_tag-pima","11":"first","12":"outofstock","13":"sale","14":"shipping-taxable","15":"purchasable","16":"product-type-simple"},"_links":{"self":[{"href":"https:\/\/soydeaqui.ddns.net\/pachuca\/index.php\/wp-json\/wp\/v2\/product\/5593","targetHints":{"allow":["GET"]}}],"collection":[{"href":"https:\/\/soydeaqui.ddns.net\/pachuca\/index.php\/wp-json\/wp\/v2\/product"}],"about":[{"href":"https:\/\/soydeaqui.ddns.net\/pachuca\/index.php\/wp-json\/wp\/v2\/types\/product"}],"replies":[{"embeddable":true,"href":"https:\/\/soydeaqui.ddns.net\/pachuca\/index.php\/wp-json\/wp\/v2\/comments?post=5593"}],"wp:featuredmedia":[{"embeddable":true,"href":"https:\/\/soydeaqui.ddns.net\/pachuca\/index.php\/wp-json\/wp\/v2\/media\/5592"}],"wp:attachment":[{"href":"https:\/\/soydeaqui.ddns.net\/pachuca\/index.php\/wp-json\/wp\/v2\/media?parent=5593"}],"wp:term":[{"taxonomy":"product_brand","embeddable":true,"href":"https:\/\/soydeaqui.ddns.net\/pachuca\/index.php\/wp-json\/wp\/v2\/product_brand?post=5593"},{"taxonomy":"product_cat","embeddable":true,"href":"https:\/\/soydeaqui.ddns.net\/pachuca\/index.php\/wp-json\/wp\/v2\/product_cat?post=5593"},{"taxonomy":"product_tag","embeddable":true,"href":"https:\/\/soydeaqui.ddns.net\/pachuca\/index.php\/wp-json\/wp\/v2\/product_tag?post=5593"}],"curies":[{"name":"wp","href":"https:\/\/api.w.org\/{rel}","templated":true}]}}