{"id":55928,"date":"2026-03-19T03:08:43","date_gmt":"2026-03-19T03:08:43","guid":{"rendered":"https:\/\/soydeaqui.ddns.net\/pachuca\/index.php\/producto\/adaptador-can-para-lectura-de-datos-en-vehiculos\/"},"modified":"2026-03-19T03:08:51","modified_gmt":"2026-03-19T03:08:51","slug":"adaptador-can-para-lectura-de-datos-en-vehiculos","status":"publish","type":"product","link":"https:\/\/soydeaqui.ddns.net\/pachuca\/index.php\/producto\/adaptador-can-para-lectura-de-datos-en-vehiculos\/","title":{"rendered":"Adaptador CAN Para Lectura de Datos En Veh\u00edculos"},"content":{"rendered":"<div style='width: 100%; max-width: 1200px; margin: 0 auto; font-family: sans-serif; line-height: 1.6; color: inherit; background-color: transparent;'> <!-- Imagen principal --> <\/p>\n<div style='margin-bottom: 30px;'> <img style='width: 100%; height: auto; border: 1px solid rgba(150&comma;150&comma;150&comma;0.3); border-radius: 8px;' src='https:\/\/ftp3.syscom.mx\/usuarios\/fotos\/ECAN02\/228446-vdfvdfvdf.png' alt=''> <\/div>\n<p> <!-- Descripci\u00f3n principal --> <\/p>\n<div style='margin-bottom: 30px; font-size: 16px;'>\n<p>El Teltonika ECAN02 es la soluci\u00f3n de lectura de datos CAN sin contacto m\u00e1s avanzada del mercado. Dise\u00f1ado para proporcionar una instalaci\u00f3n r\u00e1pida y sencilla&comma; este adaptador garantiza el acceso remoto a los datos del bus CAN sin da\u00f1ar o alterar los cables originales del veh\u00edculo&comma; preservando la garant\u00eda del fabricante. Con una carcasa mejorada y una capacidad inigualable para manejar velocidades de hasta 1000 kb\/s&comma; el ECAN02 es ideal para una amplia gama de aplicaciones&comma; desde gesti\u00f3n de flotas hasta mantenimiento predictivo en veh\u00edculos de emergencia.<\/p>\n<p style='font-weight: bold; margin-top: 20px;'>Su compatibilidad de uso es con el modelo de GPS FCM150 y FMC650.<\/p>\n<\/p><\/div>\n<p> <!-- Secci\u00f3n de valor a\u00f1adido --> <\/p>\n<div style='margin-bottom: 30px;'>\n<h3 style='font-size: 22px; border-bottom: 2px solid currentColor; padding-bottom: 5px; margin-top: 0; margin-bottom: 20px; color: inherit; opacity: 0.8;'>Valor A\u00f1adido<\/h3>\n<ul style='padding-left: 20px; font-size: 15px; color: inherit;'>\n<li style='margin-bottom: 10px;'><strong>Integridad de la Garant\u00eda:<\/strong> Sin conexiones f\u00edsicas a los cables&comma; los cables originales permanecen intactos.<\/li>\n<li style='margin-bottom: 10px;'><strong>Recopilaci\u00f3n Exhaustiva de Datos:<\/strong> Capaz de recoger todos los datos disponibles de las l\u00edneas CAN conectados.<\/li>\n<li style='margin-bottom: 10px;'><strong>Aplicaciones Vers\u00e1tiles:<\/strong><\/li>\n<li style='margin-bottom: 10px;'><strong>Gesti\u00f3n de Flotas:<\/strong> Ideal para programas de mantenimiento de veh\u00edculos.<\/li>\n<li style='margin-bottom: 10px;'><strong>Agricultura:<\/strong> Adecuado para m\u00e1quinas agr\u00edcolas&comma; mejorando la eficiencia y la seguridad.<\/li>\n<li style='margin-bottom: 10px;'><strong>Polic\u00eda y Veh\u00edculos de Emergencia:<\/strong> Facilita el mantenimiento predictivo y la automatizaci\u00f3n del seguimiento del tiempo de los conductores.<\/li>\n<\/ul><\/div>\n<p> <!-- Especificaciones t\u00e9cnicas --> <\/p>\n<div style='margin-bottom: 30px;'>\n<h3 style='font-size: 22px; border-bottom: 2px solid currentColor; padding-bottom: 5px; margin-top: 0; margin-bottom: 20px; color: inherit; opacity: 0.8;'>Especificaciones T\u00e9cnicas<\/h3>\n<div style='display: flex; flex-wrap: wrap; gap: 20px; margin-bottom: 30px;'>\n<div style='flex: 1 1 250px; border: 1px solid rgba(150&comma; 150&comma; 150&comma; 0.4); border-radius: 8px; overflow: hidden; display: flex; flex-direction: column;'>\n<div style='padding: 15px; border-bottom: 1px solid rgba(150&comma; 150&comma; 150&comma; 0.2); font-weight: bold; font-size: 18px; color: inherit;'>Compatibilidad<\/div>\n<div style='padding: 15px; color: inherit;'>\n<ul style='padding-left: 20px; margin: 0; font-size: 14px; list-style-type: disc;'>\n<li style='margin-bottom: 5px;'>Soportado por: LV-CAN200&comma; ALL-CAN300&comma; FMB630&comma; FMX640&comma; FMB641&comma; FMB140&comma; FMB240&comma; FMX150&comma; FMX650<\/li>\n<\/ul><\/div>\n<\/p><\/div>\n<div style='flex: 1 1 250px; border: 1px solid rgba(150&comma; 150&comma; 150&comma; 0.4); border-radius: 8px; overflow: hidden; display: flex; flex-direction: column;'>\n<div style='padding: 15px; border-bottom: 1px solid rgba(150&comma; 150&comma; 150&comma; 0.2); font-weight: bold; font-size: 18px; color: inherit;'>Alimentaci\u00f3n<\/div>\n<div style='padding: 15px; color: inherit;'>\n<ul style='padding-left: 20px; margin: 0; font-size: 14px; list-style-type: disc;'>\n<li style='margin-bottom: 5px;'>Rango de Voltaje de Entrada: 10 &#8211; 30 V DC<\/li>\n<\/ul><\/div>\n<\/p><\/div>\n<div style='flex: 1 1 250px; border: 1px solid rgba(150&comma; 150&comma; 150&comma; 0.4); border-radius: 8px; overflow: hidden; display: flex; flex-direction: column;'>\n<div style='padding: 15px; border-bottom: 1px solid rgba(150&comma; 150&comma; 150&comma; 0.2); font-weight: bold; font-size: 18px; color: inherit;'>Consumo de Energ\u00eda<\/div>\n<div style='padding: 15px; color: inherit;'>\n<ul style='padding-left: 20px; margin: 0; font-size: 14px; list-style-type: disc;'>\n<li style='margin-bottom: 5px;'>En espera: < 1&comma;7 mA (@ 12 V)<\/li>\n<li style='margin-bottom: 5px;'>En funcionamiento: < 7&comma;5 mA (@ 12 V)<\/li>\n<\/ul><\/div>\n<\/p><\/div>\n<div style='flex: 1 1 250px; border: 1px solid rgba(150&comma; 150&comma; 150&comma; 0.4); border-radius: 8px; overflow: hidden; display: flex; flex-direction: column;'>\n<div style='padding: 15px; border-bottom: 1px solid rgba(150&comma; 150&comma; 150&comma; 0.2); font-weight: bold; font-size: 18px; color: inherit;'>Entorno Operativo<\/div>\n<div style='padding: 15px; color: inherit;'>\n<ul style='padding-left: 20px; margin: 0; font-size: 14px; list-style-type: disc;'>\n<li style='margin-bottom: 5px;'>Rango de Temperatura de Funcionamiento: -40\u00b0C a +85\u00b0C&comma;<\/li>\n<li style='margin-bottom: 5px;'>Humedad Operativa: M\u00e1x. 85% sin condensaci\u00f3n<\/li>\n<\/ul><\/div>\n<\/p><\/div>\n<div style='flex: 1 1 250px; border: 1px solid rgba(150&comma; 150&comma; 150&comma; 0.4); border-radius: 8px; overflow: hidden; display: flex; flex-direction: column;'>\n<div style='padding: 15px; border-bottom: 1px solid rgba(150&comma; 150&comma; 150&comma; 0.2); font-weight: bold; font-size: 18px; color: inherit;'>Dimensiones<\/div>\n<div style='padding: 15px; color: inherit;'>\n<ul style='padding-left: 20px; margin: 0; font-size: 14px; list-style-type: disc;'>\n<li style='margin-bottom: 5px;'>39 x 19 x 12 mm (L x An x Al)<\/li>\n<\/ul><\/div>\n<\/p><\/div>\n<div style='flex: 1 1 250px; border: 1px solid rgba(150&comma; 150&comma; 150&comma; 0.4); border-radius: 8px; overflow: hidden; display: flex; flex-direction: column;'>\n<div style='padding: 15px; border-bottom: 1px solid rgba(150&comma; 150&comma; 150&comma; 0.2); font-weight: bold; font-size: 18px; color: inherit;'>Caracter\u00edsticas Destacadas<\/div>\n<div style='padding: 15px; color: inherit;'>\n<ul style='padding-left: 20px; margin: 0; font-size: 14px; list-style-type: disc;'>\n<li style='margin-bottom: 5px;'><strong>Lectura Contactless CAN:<\/strong> Captura datos del bus CAN sin da\u00f1ar los cables.<\/li>\n<li style='margin-bottom: 5px;'><strong>Instalaci\u00f3n Sencilla:<\/strong> F\u00e1cil de instalar y operar.<\/li>\n<li style='margin-bottom: 5px;'><strong>Lectura de Se\u00f1ales:<\/strong> Capaz de leer se\u00f1ales a trav\u00e9s de la aislaci\u00f3n de los cables del bus CAN.<\/li>\n<li style='margin-bottom: 5px;'><strong>Integro con M\u00faltiples Dispositivos:<\/strong> Compatible con una amplia gama de dispositivos Teltonika.<\/li>\n<li style='margin-bottom: 5px;'><strong>Velocidad de CAN-BUS:<\/strong> Soporta hasta 1000 kb\/s.<\/li>\n<\/ul><\/div>\n<\/p><\/div>\n<\/p><\/div>\n<\/p><\/div>\n<p> <!-- Aplicaciones --> <\/p>\n<div style='margin-bottom: 30px;'>\n<h3 style='font-size: 22px; border-bottom: 2px solid currentColor; padding-bottom: 5px; margin-top: 0; margin-bottom: 20px; color: inherit; opacity: 0.8;'>Aplicaciones<\/h3>\n<p style='margin-bottom: 20px;'>El Teltonika ECAN02 es perfecto para diversos sectores&comma; tales como:<\/p>\n<ul style='padding-left: 20px; font-size: 15px; color: inherit;'>\n<li style='margin-bottom: 10px;'><strong>Veh\u00edculos Ligeros:<\/strong> Permite una gesti\u00f3n eficiente y mantenimiento predictivo.<\/li>\n<li style='margin-bottom: 10px;'><strong>Log\u00edstica Internacional:<\/strong> Facilita la supervisi\u00f3n y gesti\u00f3n de flotas en tiempo real.<\/li>\n<li style='margin-bottom: 10px;'><strong>Transporte Especial:<\/strong> Asegura un control seguro y preciso de veh\u00edculos en aplicaciones especializadas.<\/li>\n<\/ul><\/div>\n<p> <!-- Im\u00e1genes adicionales --> <\/p>\n<div style='display: flex; flex-wrap: wrap; gap: 20px; margin-bottom: 30px;'>\n<div style='flex: 1 1 300px; min-width: 280px;'> <img style='width: 100%; height: auto; border: 1px solid rgba(150&comma;150&comma;150&comma;0.3); border-radius: 8px;' src='https:\/\/ftp3.syscom.mx\/usuarios\/fotos\/ECAN02\/228446-dfvdfvd.png' alt=''> <\/div>\n<div style='flex: 1 1 300px; min-width: 280px;'> <img style='width: 100%; height: auto; border: 1px solid rgba(150&comma;150&comma;150&comma;0.3); border-radius: 8px;' src='https:\/\/ftp3.syscom.mx\/usuarios\/fotos\/ECAN02\/228446-btyhjt.png' alt=''> <\/div>\n<div style='flex: 1 1 300px; min-width: 280px;'> <img style='width: 100%; height: auto; border: 1px solid rgba(150&comma;150&comma;150&comma;0.3); border-radius: 8px;' src='https:\/\/ftp3.syscom.mx\/usuarios\/fotos\/ECAN02\/228446-tyhtnt.png' alt=''> <\/div>\n<div style='flex: 1 1 300px; min-width: 280px;'> <img style='width: 100%; height: auto; border: 1px solid rgba(150&comma;150&comma;150&comma;0.3); border-radius: 8px;' src='https:\/\/ftp3.syscom.mx\/usuarios\/fotos\/ECAN02\/228446-vdfbdfbdf.png' alt=''> <\/div>\n<\/p><\/div>\n<p> <!-- Videos de YouTube --> <\/p>\n<div style='margin-bottom: 30px;'>\n<div style='position: relative; padding-bottom: 56.25%; height: 0; overflow: hidden; margin-bottom: 30px;'>   <\/div>\n<div style='position: relative; padding-bottom: 56.25%; height: 0; overflow: hidden; margin-bottom: 30px;'>   <\/div>\n<\/p><\/div>\n<p> <!-- Cierre --> <\/p>\n<div style='margin-bottom: 30px; font-size: 16px;'>\n<p>\u00a1El Teltonika ECAN02 representa la soluci\u00f3n perfecta para la lectura de datos CAN sin contacto&comma; ofreciendo una instalaci\u00f3n r\u00e1pida y segura que preserva la integridad del veh\u00edculo!<\/p>\n<\/p><\/div>\n<p> <!-- Separador final --> <\/p>\n<hr style='border: 0; border-top: 1px solid rgba(150&comma; 150&comma; 150&comma; 0.3); margin: 30px 0;'> <\/div>\n","protected":false},"excerpt":{"rendered":"<p>Adaptador CAN Para Lectura de Datos En Veh\u00edculos<\/p>\n","protected":false},"featured_media":55927,"comment_status":"open","ping_status":"closed","template":"","meta":[],"product_brand":[],"product_cat":[1348,1346],"product_tag":[93,1350,1349,1430],"class_list":{"0":"post-55928","1":"product","2":"type-product","3":"status-publish","4":"has-post-thumbnail","6":"product_cat-accesorios-gps-y-telematica","7":"product_cat-iot","8":"product_tag-accesorios","9":"product_tag-gps-y-telematica","10":"product_tag-iot","11":"product_tag-teltonika","13":"first","14":"outofstock","15":"sale","16":"shipping-taxable","17":"purchasable","18":"product-type-simple"},"_links":{"self":[{"href":"https:\/\/soydeaqui.ddns.net\/pachuca\/index.php\/wp-json\/wp\/v2\/product\/55928","targetHints":{"allow":["GET"]}}],"collection":[{"href":"https:\/\/soydeaqui.ddns.net\/pachuca\/index.php\/wp-json\/wp\/v2\/product"}],"about":[{"href":"https:\/\/soydeaqui.ddns.net\/pachuca\/index.php\/wp-json\/wp\/v2\/types\/product"}],"replies":[{"embeddable":true,"href":"https:\/\/soydeaqui.ddns.net\/pachuca\/index.php\/wp-json\/wp\/v2\/comments?post=55928"}],"wp:featuredmedia":[{"embeddable":true,"href":"https:\/\/soydeaqui.ddns.net\/pachuca\/index.php\/wp-json\/wp\/v2\/media\/55927"}],"wp:attachment":[{"href":"https:\/\/soydeaqui.ddns.net\/pachuca\/index.php\/wp-json\/wp\/v2\/media?parent=55928"}],"wp:term":[{"taxonomy":"product_brand","embeddable":true,"href":"https:\/\/soydeaqui.ddns.net\/pachuca\/index.php\/wp-json\/wp\/v2\/product_brand?post=55928"},{"taxonomy":"product_cat","embeddable":true,"href":"https:\/\/soydeaqui.ddns.net\/pachuca\/index.php\/wp-json\/wp\/v2\/product_cat?post=55928"},{"taxonomy":"product_tag","embeddable":true,"href":"https:\/\/soydeaqui.ddns.net\/pachuca\/index.php\/wp-json\/wp\/v2\/product_tag?post=55928"}],"curies":[{"name":"wp","href":"https:\/\/api.w.org\/{rel}","templated":true}]}}