{"id":55921,"date":"2026-03-19T03:08:31","date_gmt":"2026-03-19T03:08:31","guid":{"rendered":"https:\/\/soydeaqui.ddns.net\/pachuca\/index.php\/producto\/camara-dashcam-con-evidencia-fotografica-y-grabacion-con-almacenamiento-en-memoria-vision-dia-y-noche-compatible-con-fmc125-y-fmc650\/"},"modified":"2026-03-19T03:08:41","modified_gmt":"2026-03-19T03:08:41","slug":"camara-dashcam-con-evidencia-fotografica-y-grabacion-con-almacenamiento-en-memoria-vision-dia-y-noche-compatible-con-fmc125-y-fmc650","status":"publish","type":"product","link":"https:\/\/soydeaqui.ddns.net\/pachuca\/index.php\/producto\/camara-dashcam-con-evidencia-fotografica-y-grabacion-con-almacenamiento-en-memoria-vision-dia-y-noche-compatible-con-fmc125-y-fmc650\/","title":{"rendered":"C\u00e1mara Dashcam, con evidencia fotogr\u00e1fica y grabaci\u00f3n con almacenamiento en memoria, Visi\u00f3n D\u00eda y Noche, Compatible con FMC125 y FMC650."},"content":{"rendered":"<div style='width: 100%; max-width: 1200px; margin: 0 auto; font-family: sans-serif; line-height: 1.6; color: inherit; background-color: transparent;'> <!-- Imagen principal --> <\/p>\n<div style='margin-bottom: 30px;'> <img style='width: 100%; height: auto; border: 1px solid rgba(150&comma;150&comma;150&comma;0.3); border-radius: 8px; display: block; margin: 0 auto;' src='https:\/\/ftp3.syscom.mx\/usuarios\/fotos\/DUALCAM\/228409-captura_de_pantalla_2025-05-06_094707.png' alt=''> <\/div>\n<p> <!-- Descripci\u00f3n general --> <\/p>\n<div style='margin-bottom: 30px; font-size: 15px;'>\n<p>La soluci\u00f3n Teltonika DualCam y Dashcam es ideal para capturar videos o im\u00e1genes de eventos que puedan ocurrir en la carretera&comma; como accidentes. Instalada en la ventana frontal del veh\u00edculo&comma; utiliza dos c\u00e1maras&comma; frontal y trasera&comma; para grabar videos antes y despu\u00e9s de los eventos&comma; tomar fotos peri\u00f3dicamente o bajo petici\u00f3n y enviar todos los datos a plataforma&comma; la plataforma compatible para visualizar las capturas de im\u00e1genes es la de EPCOMGPS.<\/p>\n<p>Esta innovadora soluci\u00f3n asegura la seguridad de los pasajeros al realizar grabaciones de lo que sucede dentro del veh\u00edculo.<\/p>\n<\/p><\/div>\n<p> <!-- Caracter\u00edsticas Principales --> <\/p>\n<div style='margin-bottom: 30px;'>\n<h3 style='font-size: 22px; border-bottom: 2px solid currentColor; padding-bottom: 5px; margin-top: 0; color: inherit; opacity: 0.8;'>Caracter\u00edsticas Principales<\/h3>\n<ul style='padding-left: 20px; font-size: 15px; color: inherit;'>\n<li style='margin-bottom: 5px;'>Monitoreo doble con c\u00e1maras frontal y trasera.<\/li>\n<li style='margin-bottom: 5px;'>Codificaci\u00f3n de video de alta eficiencia H.265 para entrega r\u00e1pida de archivos.<\/li>\n<li style='margin-bottom: 5px;'>Visi\u00f3n d\u00eda y noche: d\u00eda en color&comma; noche en blanco y negro.<\/li>\n<li style='margin-bottom: 5px;'>\u00c1ngulo de visi\u00f3n horizontal de 120\u00b0 y vertical de 70\u00b0.<\/li>\n<li style='margin-bottom: 5px;'>Disponibilidad de notificaciones al conductor sobre eventos.<\/li>\n<li style='margin-bottom: 5px;'>Inicia la grabaci\u00f3n por eventos&comma; choque&comma; bot\u00f3n de p\u00e1nico<\/li>\n<\/ul><\/div>\n<p> <!-- Especificaciones t\u00e9cnicas --> <\/p>\n<div style='display: flex; flex-wrap: wrap; gap: 20px; margin-bottom: 30px;'>\n<div style='flex: 1 1 250px; border: 1px solid rgba(150&comma; 150&comma; 150&comma; 0.4); border-radius: 8px; overflow: hidden; display: flex; flex-direction: column;'>\n<div style='padding: 15px; border-bottom: 1px solid rgba(150&comma; 150&comma; 150&comma; 0.2); font-weight: bold; font-size: 18px; color: inherit;'>Detalles T\u00e9cnicos<\/div>\n<div style='padding: 15px; color: inherit;'>\n<ul style='padding-left: 20px; margin: 0; font-size: 14px; list-style-type: disc;'>\n<li style='margin-bottom: 5px;'>Dimensiones de la carcasa de la c\u00e1mara: 126.2 x 36.6 x 36.6 mm.<\/li>\n<li style='margin-bottom: 5px;'>Resoluci\u00f3n de imagen: 1280&#215;720 por defecto.<\/li>\n<li style='margin-bottom: 5px;'>Distancia de infrarrojos: 2 metros.<\/li>\n<li style='margin-bottom: 5px;'>Almacenamiento de video en tarjetas MicroSD (hasta 64 GB&comma; 40 horas de video).<\/li>\n<li style='margin-bottom: 5px;'>Adem\u00e1s: Teltonika DualCam admite tarjetas microSD de hasta 128 GB&comma; (Necesario formatearla antes de colocarla).<\/li>\n<\/ul><\/div>\n<\/p><\/div>\n<div style='flex: 1 1 250px; border: 1px solid rgba(150&comma; 150&comma; 150&comma; 0.4); border-radius: 8px; overflow: hidden; display: flex; flex-direction: column;'>\n<div style='padding: 15px; border-bottom: 1px solid rgba(150&comma; 150&comma; 150&comma; 0.2); font-weight: bold; font-size: 18px; color: inherit;'>Interfaces y Conectividad<\/div>\n<div style='padding: 15px; color: inherit;'>\n<ul style='padding-left: 20px; margin: 0; font-size: 14px; list-style-type: disc;'>\n<li style='margin-bottom: 5px;'>Conexi\u00f3n RS232 con longitud de cable de 3.5 m.<\/li>\n<li style='margin-bottom: 5px;'>Compatible con modelos FMC125&comma; FMB125&comma; FMx225&comma; FMC650.<\/li>\n<li style='margin-bottom: 5px;'>Rango de voltaje de entrada: m\u00e1x. 8.4 W (12 V\/24 V).<\/li>\n<\/ul><\/div>\n<\/p><\/div>\n<div style='flex: 1 1 250px; border: 1px solid rgba(150&comma; 150&comma; 150&comma; 0.4); border-radius: 8px; overflow: hidden; display: flex; flex-direction: column;'>\n<div style='padding: 15px; border-bottom: 1px solid rgba(150&comma; 150&comma; 150&comma; 0.2); font-weight: bold; font-size: 18px; color: inherit;'>Incluye<\/div>\n<div style='padding: 15px; color: inherit;'>\n<ul style='padding-left: 20px; margin: 0; font-size: 14px; list-style-type: disc;'>\n<li style='margin-bottom: 5px;'>Dos tarjetas MicroSD de 64G (Aproximadamente para 40 horas de video).<\/li>\n<\/ul><\/div>\n<\/p><\/div>\n<div style='flex: 1 1 250px; border: 1px solid rgba(150&comma; 150&comma; 150&comma; 0.4); border-radius: 8px; overflow: hidden; display: flex; flex-direction: column;'>\n<div style='padding: 15px; border-bottom: 1px solid rgba(150&comma; 150&comma; 150&comma; 0.2); font-weight: bold; font-size: 18px; color: inherit;'>Plataforma de compatibilidad<\/div>\n<div style='padding: 15px; color: inherit;'>\n<ul style='padding-left: 20px; margin: 0; font-size: 14px; list-style-type: disc;'>\n<li style='margin-bottom: 5px;'>EPCOMGPS.<\/li>\n<\/ul><\/div>\n<\/p><\/div>\n<\/p><\/div>\n<p> <!-- Beneficios --> <\/p>\n<div style='margin-bottom: 30px;'>\n<h3 style='font-size: 22px; border-bottom: 2px solid currentColor; padding-bottom: 5px; margin-top: 0; color: inherit; opacity: 0.8;'>BENEFICIOS<\/h3>\n<ul style='padding-left: 20px; font-size: 15px; color: inherit;'>\n<li style='margin-bottom: 5px;'><strong>Informaci\u00f3n crucial sobre los incidentes en la carretera:<\/strong> los registros de v\u00eddeo y las fotograf\u00edas permiten comprender claramente qu\u00e9 sucedi\u00f3 y por qu\u00e9.<\/li>\n<li style='margin-bottom: 5px;'><strong>Ver en ambos sentidos:<\/strong> Filmar la carretera y el interior de un veh\u00edculo&comma; incluido el conductor.<\/li>\n<li style='margin-bottom: 5px;'><strong>Medida preventiva eficaz:<\/strong> Fomenta una conducci\u00f3n segura y restringe el comportamiento disruptivo dentro del veh\u00edculo mediante el env\u00edo de im\u00e1genes peri\u00f3dicas.<\/li>\n<li style='margin-bottom: 5px;'><strong>Gesti\u00f3n eficiente de flotas:<\/strong> Utilizaci\u00f3n de las funcionalidades de los rastreadores GPS para mejorar la eficiencia empresarial.<\/li>\n<\/ul><\/div>\n<p> <!-- Aplicaciones y Casos de Uso --> <\/p>\n<div style='margin-bottom: 30px;'>\n<h3 style='font-size: 22px; border-bottom: 2px solid currentColor; padding-bottom: 5px; margin-top: 0; color: inherit; opacity: 0.8;'>Aplicaciones y Casos de Uso<\/h3>\n<p style='font-size: 15px; color: inherit;'>Monitoreo y seguridad en carretera&comma; con la ayuda el gps FMC125 o FMC650&comma; la c\u00e1mara\/dashcam se puede lograr que al momento de un evento ocurrido puede mandar la imagen a plataforma o desde plataforma solicitar una captura de imagen.<\/p>\n<p style='font-size: 15px; color: inherit;'>La c\u00e1mara siempre est\u00e1 grabando cuando el veh\u00edculo esta en ignici\u00f3n&comma; los videos se pueden ver solo extrayendo la memoria y coloc\u00e1ndolo en la pc.<\/p>\n<p style='font-size: 15px; color: inherit;'><strong>Para visualizar la grabacion almacenada en la SD&comma; se tiene que retirar la memoria de la camara&comma; colocarla en la pc y descargar el software que viene en descargas.<\/strong><\/p>\n<p style='font-size: 15px; color: inherit;'><strong>Video sin audio.<\/strong><\/p>\n<\/p><\/div>\n<p> <!-- Im\u00e1genes adicionales --> <\/p>\n<div style='display: flex; flex-wrap: wrap; gap: 20px; margin-bottom: 30px; justify-content: center;'> <img style='width: 100%; max-width: 600px; height: auto; border: 1px solid rgba(150&comma;150&comma;150&comma;0.3); border-radius: 8px;' src='https:\/\/ftp3.syscom.mx\/usuarios\/fotos\/DUALCAM\/228409-captura_de_pantalla_2025-05-06_095216.png' alt=''> <img style='width: 100%; max-width: 600px; height: auto; border: 1px solid rgba(150&comma;150&comma;150&comma;0.3); border-radius: 8px;' src='https:\/\/ftp3.syscom.mx\/usuarios\/fotos\/DUALCAM\/228409-captura_de_pantalla_2025-05-12_095544.png' alt=''> <img style='width: 100%; max-width: 600px; height: auto; border: 1px solid rgba(150&comma;150&comma;150&comma;0.3); border-radius: 8px;' src='https:\/\/ftp3.syscom.mx\/usuarios\/fotos\/DUALCAM\/228409-captura_de_pantalla_2025-05-12_095559.png' alt=''> <img style='width: 100%; max-width: 600px; height: auto; border: 1px solid rgba(150&comma;150&comma;150&comma;0.3); border-radius: 8px;' src='https:\/\/ftp3.syscom.mx\/usuarios\/fotos\/DUALCAM\/228409-captura_de_pantalla_2025-05-12_095621.png' alt=''> <img style='width: 100%; max-width: 600px; height: auto; border: 1px solid rgba(150&comma;150&comma;150&comma;0.3); border-radius: 8px;' src='https:\/\/ftp3.syscom.mx\/usuarios\/fotos\/DUALCAM\/228409-captura_de_pantalla_2025-05-12_095636.png' alt=''> <img style='width: 100%; max-width: 600px; height: auto; border: 1px solid rgba(150&comma;150&comma;150&comma;0.3); border-radius: 8px;' src='https:\/\/ftp3.syscom.mx\/usuarios\/fotos\/DUALCAM\/228409-captura_de_pantalla_2025-05-12_113732.png' alt=''> <\/div>\n<p> <!-- Videos --> <\/p>\n<div style='margin-bottom: 30px;'>\n<h3 style='font-size: 22px; border-bottom: 2px solid currentColor; padding-bottom: 5px; margin-top: 0; margin-bottom: 20px; color: inherit; opacity: 0.8; text-align: center;'>V\u00eddeos<\/h3>\n<div style='display: flex; flex-wrap: wrap; gap: 30px; justify-content: center;'>\n<div style='position: relative; padding-bottom: 56.25%; height: 0; overflow: hidden; flex: 1 1 600px; max-width: 700px;'>   <\/div>\n<div style='position: relative; padding-bottom: 56.25%; height: 0; overflow: hidden; flex: 1 1 600px; max-width: 700px;'>   <\/div>\n<\/p><\/div>\n<\/p><\/div>\n<p> <!-- Vista de grabaci\u00f3n en memoria --> <\/p>\n<div style='margin-bottom: 30px; text-align: center;'>\n<h3 style='font-size: 22px; border-bottom: 2px solid currentColor; padding-bottom: 5px; margin-top: 0; margin-bottom: 20px; color: inherit; opacity: 0.8;'>Vista de grabaci\u00f3n en memoria<\/h3>\n<\/p><\/div>\n<\/p><\/div>\n","protected":false},"excerpt":{"rendered":"<p>C\u00e1mara Dashcam, con evidencia fotogr\u00e1fica y grabaci\u00f3n con almacenamiento en memoria, Visi\u00f3n D\u00eda y Noche, Compatible con FMC125 y FMC650.<\/p>\n","protected":false},"featured_media":55920,"comment_status":"open","ping_status":"closed","template":"","meta":[],"product_brand":[],"product_cat":[1346,1388],"product_tag":[1350,1349,1430,1389],"class_list":{"0":"post-55921","1":"product","2":"type-product","3":"status-publish","4":"has-post-thumbnail","6":"product_cat-iot","7":"product_cat-trackers-gps","8":"product_tag-gps-y-telematica","9":"product_tag-iot","10":"product_tag-teltonika","11":"product_tag-trackers-gps","13":"first","14":"instock","15":"sale","16":"shipping-taxable","17":"purchasable","18":"product-type-simple"},"_links":{"self":[{"href":"https:\/\/soydeaqui.ddns.net\/pachuca\/index.php\/wp-json\/wp\/v2\/product\/55921","targetHints":{"allow":["GET"]}}],"collection":[{"href":"https:\/\/soydeaqui.ddns.net\/pachuca\/index.php\/wp-json\/wp\/v2\/product"}],"about":[{"href":"https:\/\/soydeaqui.ddns.net\/pachuca\/index.php\/wp-json\/wp\/v2\/types\/product"}],"replies":[{"embeddable":true,"href":"https:\/\/soydeaqui.ddns.net\/pachuca\/index.php\/wp-json\/wp\/v2\/comments?post=55921"}],"wp:featuredmedia":[{"embeddable":true,"href":"https:\/\/soydeaqui.ddns.net\/pachuca\/index.php\/wp-json\/wp\/v2\/media\/55920"}],"wp:attachment":[{"href":"https:\/\/soydeaqui.ddns.net\/pachuca\/index.php\/wp-json\/wp\/v2\/media?parent=55921"}],"wp:term":[{"taxonomy":"product_brand","embeddable":true,"href":"https:\/\/soydeaqui.ddns.net\/pachuca\/index.php\/wp-json\/wp\/v2\/product_brand?post=55921"},{"taxonomy":"product_cat","embeddable":true,"href":"https:\/\/soydeaqui.ddns.net\/pachuca\/index.php\/wp-json\/wp\/v2\/product_cat?post=55921"},{"taxonomy":"product_tag","embeddable":true,"href":"https:\/\/soydeaqui.ddns.net\/pachuca\/index.php\/wp-json\/wp\/v2\/product_tag?post=55921"}],"curies":[{"name":"wp","href":"https:\/\/api.w.org\/{rel}","templated":true}]}}