{"id":55897,"date":"2026-03-19T03:07:47","date_gmt":"2026-03-19T03:07:47","guid":{"rendered":"https:\/\/soydeaqui.ddns.net\/pachuca\/index.php\/producto\/sensor-inteligente-de-iluminacion-para-monitoreo-de-luz-con-lorawan\/"},"modified":"2026-03-19T03:07:53","modified_gmt":"2026-03-19T03:07:53","slug":"sensor-inteligente-de-iluminacion-para-monitoreo-de-luz-con-lorawan","status":"publish","type":"product","link":"https:\/\/soydeaqui.ddns.net\/pachuca\/index.php\/producto\/sensor-inteligente-de-iluminacion-para-monitoreo-de-luz-con-lorawan\/","title":{"rendered":"Sensor Inteligente de Iluminaci\u00f3n para Monitoreo de Luz con LoRaWAN"},"content":{"rendered":"<div style='width: 100%; max-width: 1200px; margin: 0 auto; font-family: sans-serif; line-height: 1.6; color: inherit; background-color: transparent;'> <!-- Imagen principal --> <\/p>\n<div style='width: 100%; margin-bottom: 30px;'> <img style='width: 100%; height: auto; border: 1px solid rgba(150&comma;150&comma;150&comma;0.3); border-radius: 8px;' src='https:\/\/ftp3.syscom.mx\/usuarios\/fotos\/EM500LGT915M\/228618-principal.png' alt='Sensor de Iluminaci\u00f3n EM500LGT915M'> <\/div>\n<p> <!-- Video de YouTube --> <\/p>\n<div style='position: relative; padding-bottom: 56.25%; height: 0; overflow: hidden; margin-bottom: 30px;'>   <\/div>\n<p> <!-- Secci\u00f3n de caracter\u00edsticas --> <\/p>\n<div style='display: flex; flex-wrap: wrap; gap: 30px; margin-bottom: 30px;'>\n<div style='flex: 1 1 300px; min-width: 280px;'>\n<h3 style='font-size: 22px; border-bottom: 2px solid currentColor; padding-bottom: 5px; margin-top: 0; color: inherit; opacity: 0.8;'>Sensor de luz de alta precisi\u00f3n y amplio rango<\/h3>\n<p style='font-size: 15px; color: inherit;'>EM500-LGT est\u00e1 dise\u00f1ado para la detecci\u00f3n de la intensidad de la luz ambiental en entornos hostiles. Es \u00fatil en muchas aplicaciones&comma; como control de brillo&comma; seguridad&comma; horticultura&comma; floricultura&comma; etc.<\/p>\n<\/p><\/div>\n<div style='flex: 1 1 300px; min-width: 280px;'> <img style='width: 100%; height: auto; border: 1px solid rgba(150&comma;150&comma;150&comma;0.3); border-radius: 8px;' src='https:\/\/ftp3.syscom.mx\/usuarios\/fotos\/EM500LGT915M\/228618-luz.png' alt='Sensor de luz'> <\/div>\n<\/p><\/div>\n<p> <!-- Secci\u00f3n de resistencia --> <\/p>\n<div style='display: flex; flex-wrap: wrap; gap: 30px; margin-bottom: 30px;'>\n<div style='flex: 1 1 300px; min-width: 280px;'> <img style='width: 100%; height: auto; border: 1px solid rgba(150&comma;150&comma;150&comma;0.3); border-radius: 8px;' src='https:\/\/ftp3.syscom.mx\/usuarios\/fotos\/EM500LGT915M\/228618-ip67.png' alt='Gabinete resistente'> <\/div>\n<div style='flex: 1 1 300px; min-width: 280px;'>\n<h3 style='font-size: 22px; border-bottom: 2px solid currentColor; padding-bottom: 5px; margin-top: 0; color: inherit; opacity: 0.8;'>Gabinete ultrarresistente para ambientes hostiles<\/h3>\n<p style='font-size: 15px; color: inherit;'>Este dispositivo est\u00e1 dise\u00f1ado para soportar incluso los entornos m\u00e1s exigentes. EM500-LGT puede funcionar correctamente incluso en exteriores y en entornos hostiles.<\/p>\n<\/p><\/div>\n<\/p><\/div>\n<p> <!-- Secci\u00f3n de aplicaciones t\u00edpicas --> <\/p>\n<div style='display: flex; flex-wrap: wrap; gap: 30px; margin-bottom: 30px;'>\n<div style='flex: 1 1 300px; min-width: 280px;'>\n<h3 style='font-size: 22px; border-bottom: 2px solid currentColor; padding-bottom: 5px; margin-top: 0; color: inherit; opacity: 0.8;'>Aplicaciones T\u00edpicas<\/h3>\n<p style='font-size: 15px; color: inherit;'>Iluminando el camino hacia la salud de los cultivos<\/p>\n<ul style='padding-left: 20px; font-size: 14px; color: inherit;'>\n<li style='margin-bottom: 5px;'>Hoy en d\u00eda&comma; la agricultura apenas es sostenible sin la implementaci\u00f3n de tecnolog\u00edas agr\u00edcolas modernas. Cuando se trata de cultivar&comma; es un acto de equilibrio. Necesita la cantidad justa de sol&comma; agua y composici\u00f3n del suelo para mantener las plantas felices y florecientes.<\/li>\n<\/ul><\/div>\n<div style='flex: 1 1 300px; min-width: 280px;'> <img style='width: 100%; height: auto; border: 1px solid rgba(150&comma;150&comma;150&comma;0.3); border-radius: 8px;' src='https:\/\/ftp3.syscom.mx\/usuarios\/fotos\/EM500LGT915M\/228618-tipicas.png' alt='Aplicaciones t\u00edpicas'> <\/div>\n<\/p><\/div>\n<p> <!-- Secci\u00f3n de bater\u00eda --> <\/p>\n<div style='display: flex; flex-wrap: wrap; gap: 30px; margin-bottom: 30px;'>\n<div style='flex: 1 1 300px; min-width: 280px;'> <img style='width: 100%; height: auto; border: 1px solid rgba(150&comma;150&comma;150&comma;0.3); border-radius: 8px;' src='https:\/\/ftp3.syscom.mx\/usuarios\/fotos\/EM500LGT915M\/228618-bateria.png' alt='Bater\u00eda larga duraci\u00f3n'> <\/div>\n<div style='flex: 1 1 300px; min-width: 280px;'>\n<h3 style='font-size: 22px; border-bottom: 2px solid currentColor; padding-bottom: 5px; margin-top: 0; color: inherit; opacity: 0.8;'>Bater\u00eda de larga duraci\u00f3n<\/h3>\n<p style='font-size: 15px; color: inherit;'>El EM500-LGT est\u00e1 equipado con bater\u00edas de alta capacidad y f\u00e1cilmente reemplazables. Esto facilita el proceso de instalaci\u00f3n y mantenimiento y reduce los costos de cableado.<\/p>\n<\/p><\/div>\n<\/p><\/div>\n<p> <!-- Secci\u00f3n LoRaWAN --> <\/p>\n<div style='display: flex; flex-wrap: wrap; gap: 30px; margin-bottom: 30px;'>\n<div style='flex: 1 1 300px; min-width: 280px;'>\n<h3 style='font-size: 22px; border-bottom: 2px solid currentColor; padding-bottom: 5px; margin-top: 0; color: inherit; opacity: 0.8;'>Basado en LoRaWAN<\/h3>\n<ul style='padding-left: 20px; font-size: 14px; color: inherit;'>\n<li style='margin-bottom: 5px;'>Se\u00f1ales penetrantes: alcance de transmisi\u00f3n de datos de hasta 2 km en zonas urbanas y 15 km en zonas rurales<\/li>\n<li style='margin-bottom: 5px;'>Alta compatibilidad: compatible con puertas de enlace y servidores de red LoRaWAN\u00ae est\u00e1ndar<\/li>\n<\/ul><\/div>\n<div style='flex: 1 1 300px; min-width: 280px;'> <img style='width: 100%; height: auto; border: 1px solid rgba(150&comma;150&comma;150&comma;0.3); border-radius: 8px;' src='https:\/\/ftp3.syscom.mx\/usuarios\/fotos\/EM500PP915M\/228619-lorawan.png' alt='Tecnolog\u00eda LoRaWAN'> <\/div>\n<\/p><\/div>\n<p> <!-- Imagen final --> <\/p>\n<div style='width: 100%; margin-bottom: 30px;'> <img style='width: 100%; height: auto; border: 1px solid rgba(150&comma;150&comma;150&comma;0.3); border-radius: 8px;' src='https:\/\/ftp3.syscom.mx\/usuarios\/fotos\/WS558915MPNLN\/217705-final.png' alt='Sensor final'> <\/div>\n<\/p><\/div>\n","protected":false},"excerpt":{"rendered":"<p>Sensor Inteligente de Iluminaci\u00f3n para Monitoreo de Luz con LoRaWAN<\/p>\n","protected":false},"featured_media":55896,"comment_status":"open","ping_status":"closed","template":"","meta":[],"product_brand":[],"product_cat":[1436],"product_tag":[1437,1455,1438],"class_list":{"0":"post-55897","1":"product","2":"type-product","3":"status-publish","4":"has-post-thumbnail","6":"product_cat-sensores-tags","7":"product_tag-lorawan","8":"product_tag-milesight","9":"product_tag-sensores-tags","11":"first","12":"instock","13":"sale","14":"shipping-taxable","15":"purchasable","16":"product-type-simple"},"_links":{"self":[{"href":"https:\/\/soydeaqui.ddns.net\/pachuca\/index.php\/wp-json\/wp\/v2\/product\/55897","targetHints":{"allow":["GET"]}}],"collection":[{"href":"https:\/\/soydeaqui.ddns.net\/pachuca\/index.php\/wp-json\/wp\/v2\/product"}],"about":[{"href":"https:\/\/soydeaqui.ddns.net\/pachuca\/index.php\/wp-json\/wp\/v2\/types\/product"}],"replies":[{"embeddable":true,"href":"https:\/\/soydeaqui.ddns.net\/pachuca\/index.php\/wp-json\/wp\/v2\/comments?post=55897"}],"wp:featuredmedia":[{"embeddable":true,"href":"https:\/\/soydeaqui.ddns.net\/pachuca\/index.php\/wp-json\/wp\/v2\/media\/55896"}],"wp:attachment":[{"href":"https:\/\/soydeaqui.ddns.net\/pachuca\/index.php\/wp-json\/wp\/v2\/media?parent=55897"}],"wp:term":[{"taxonomy":"product_brand","embeddable":true,"href":"https:\/\/soydeaqui.ddns.net\/pachuca\/index.php\/wp-json\/wp\/v2\/product_brand?post=55897"},{"taxonomy":"product_cat","embeddable":true,"href":"https:\/\/soydeaqui.ddns.net\/pachuca\/index.php\/wp-json\/wp\/v2\/product_cat?post=55897"},{"taxonomy":"product_tag","embeddable":true,"href":"https:\/\/soydeaqui.ddns.net\/pachuca\/index.php\/wp-json\/wp\/v2\/product_tag?post=55897"}],"curies":[{"name":"wp","href":"https:\/\/api.w.org\/{rel}","templated":true}]}}