{"id":55889,"date":"2026-03-19T03:07:32","date_gmt":"2026-03-19T03:07:32","guid":{"rendered":"https:\/\/soydeaqui.ddns.net\/pachuca\/index.php\/producto\/gateway-lorawan-de-alto-rendimiento-para-interiores-con-largo-alcance-y-seguridad-avanzada\/"},"modified":"2026-03-19T03:07:33","modified_gmt":"2026-03-19T03:07:33","slug":"gateway-lorawan-de-alto-rendimiento-para-interiores-con-largo-alcance-y-seguridad-avanzada","status":"publish","type":"product","link":"https:\/\/soydeaqui.ddns.net\/pachuca\/index.php\/producto\/gateway-lorawan-de-alto-rendimiento-para-interiores-con-largo-alcance-y-seguridad-avanzada\/","title":{"rendered":"Gateway LoRaWAN de Alto Rendimiento para Interiores con Largo Alcance y Seguridad Avanzada"},"content":{"rendered":"<div style=\"width: 100%; max-width: 1200px; margin: 0 auto; font-family: sans-serif; line-height: 1.6; color: inherit; background-color: transparent;\"><!-- Secci\u00f3n de imagen principal --><\/p>\n<div style=\"width: 100%; margin-bottom: 30px;\"><img decoding=\"async\" style=\"width: 100%; height: auto; border: 1px solid rgba(150&comma; 150&comma; 150&comma; 0.3); border-radius: 8px;\" src=\"https:\/\/ftp3.syscom.mx\/usuarios\/fotos\/UG63L08GL915M\/229924-principal.png\" alt=\"Imagen principal del producto\" class=\"fr-fic fr-dii\"><\/div>\n<p><!-- Secci\u00f3n de video --><\/p>\n<div style=\"position: relative; padding-bottom: 56.25%; height: 0; overflow: hidden; margin-bottom: 30px;\"> <\/div>\n<p><!-- Secci\u00f3n 1 --><\/p>\n<div style=\"display: flex; flex-wrap: wrap; gap: 30px; margin-bottom: 30px;\">\n<div style=\"flex: 1 1 300px; min-width: 280px;\">\n<h3 style=\"font-size: 22px; border-bottom: 2px solid currentColor; padding-bottom: 5px; margin-top: 0; color: inherit; opacity: 0.8;\">Peque&ntilde;o en tama&ntilde;o&comma; grande en conectividad<\/h3>\n<ul style=\"padding-left: 20px; font-size: 15px; color: inherit;\">\n<li style=\"margin-bottom: 5px;\">8 Canales<\/li>\n<li style=\"margin-bottom: 5px;\">Hasta 2000 nodos finales<\/li>\n<li style=\"margin-bottom: 5px;\">Hasta 2 km de alcance de comunicaci&oacute;n en zonas urbanas<\/li>\n<li style=\"margin-bottom: 5px;\">Planes de Frecuencia Global<\/li>\n<li style=\"margin-bottom: 5px;\">(RU864\/IN865\/EU868\/US915\/AU915\/KR920\/AS923)<\/li>\n<\/ul>\n<\/div>\n<div style=\"flex: 1 1 300px; min-width: 280px;\"><img decoding=\"async\" style=\"width: 100%; height: auto; border: 1px solid rgba(150&comma; 150&comma; 150&comma; 0.3); border-radius: 8px;\" src=\"https:\/\/ftp3.syscom.mx\/usuarios\/fotos\/UG63L08GL915M\/229924-peque\u00f1o.png\" alt=\"Peque\u00f1o en tama\u00f1o&comma; grande en conectividad\" class=\"fr-fic fr-dii\"><\/div>\n<\/div>\n<p><!-- Secci\u00f3n 2 --><\/p>\n<div style=\"display: flex; flex-wrap: wrap; gap: 30px; margin-bottom: 30px;\">\n<div style=\"flex: 1 1 300px; min-width: 280px;\"><img decoding=\"async\" style=\"width: 100%; height: auto; border: 1px solid rgba(150&comma; 150&comma; 150&comma; 0.3); border-radius: 8px;\" src=\"https:\/\/ftp3.syscom.mx\/usuarios\/fotos\/UG63L08GL915M\/229924-4g.png\" alt=\"Implementaci\u00f3n sin cables con 4G\" class=\"fr-fic fr-dii\"><\/div>\n<div style=\"flex: 1 1 300px; min-width: 280px;\">\n<h3 style=\"font-size: 22px; border-bottom: 2px solid currentColor; padding-bottom: 5px; margin-top: 0; color: inherit; opacity: 0.8;\">Implementaci&oacute;n sin cables con 4G<\/h3>\n<p style=\"font-size: 15px; color: inherit;\">Con 4G LTE&comma; UG63 brinda una comunicaci&oacute;n inal&aacute;mbrica&comma; lo que simplifica el proceso de configuraci&oacute;n de la red. Adem&aacute;s&comma; el UG63 garantiza opciones de conectividad vers&aacute;tiles y una conexi&oacute;n confiable al admitir Ethernet y backhaul celular.<\/p>\n<\/div>\n<\/div>\n<p><!-- Secci\u00f3n 3 --><\/p>\n<div style=\"display: flex; flex-wrap: wrap; gap: 30px; margin-bottom: 30px;\">\n<div style=\"flex: 1 1 300px; min-width: 280px;\">\n<h3 style=\"font-size: 22px; border-bottom: 2px solid currentColor; padding-bottom: 5px; margin-top: 0; color: inherit; opacity: 0.8;\">Rentable para implementaciones a peque&ntilde;a escala<\/h3>\n<p style=\"font-size: 15px; color: inherit;\">UG63 es un dispositivo rentable dise&ntilde;ado para proporcionar cobertura de red para numerosas aplicaciones a peque&ntilde;a escala dispersas donde el n&uacute;mero de nodos finales es limitado&comma; pero cada &aacute;rea requiere su propia puerta de enlace.<\/p>\n<\/div>\n<div style=\"flex: 1 1 300px; min-width: 280px;\"><img decoding=\"async\" style=\"width: 100%; height: auto; border: 1px solid rgba(150&comma; 150&comma; 150&comma; 0.3); border-radius: 8px;\" src=\"https:\/\/ftp3.syscom.mx\/usuarios\/fotos\/UG63L08GL915M\/229924-rentable.png\" alt=\"Rentable para implementaciones a peque\u00f1a escala\" class=\"fr-fic fr-dii\"><\/div>\n<\/div>\n<p><!-- Secci\u00f3n 4 --><\/p>\n<div style=\"display: flex; flex-wrap: wrap; gap: 30px; margin-bottom: 30px;\">\n<div style=\"flex: 1 1 300px; min-width: 280px;\"><img decoding=\"async\" style=\"width: 100%; height: auto; border: 1px solid rgba(150&comma; 150&comma; 150&comma; 0.3); border-radius: 8px;\" src=\"https:\/\/ftp3.syscom.mx\/usuarios\/fotos\/UG63L08GL915M\/229924-puntos.png\" alt=\"Eliminaci\u00f3n de los puntos ciegos\" class=\"fr-fic fr-dii\"><\/div>\n<div style=\"flex: 1 1 300px; min-width: 280px;\">\n<h3 style=\"font-size: 22px; border-bottom: 2px solid currentColor; padding-bottom: 5px; margin-top: 0; color: inherit; opacity: 0.8;\">Eliminaci&oacute;n de los puntos ciegos<\/h3>\n<p style=\"font-size: 15px; color: inherit;\">UG63&comma; en colaboraci&oacute;n con el servidor de red LoRaWAN&reg; remoto&comma; puede proporcionar una cobertura de red complementaria para lograr una cobertura de red LoRaWAN&reg; completa&comma; sin dejar puntos ciegos en regiones de esquina o regiones de se&ntilde;al d&eacute;bil.<\/p>\n<\/div>\n<\/div>\n<p><!-- Secci\u00f3n 5 --><\/p>\n<div style=\"display: flex; flex-wrap: wrap; gap: 30px; margin-bottom: 30px;\">\n<div style=\"flex: 1 1 300px; min-width: 280px;\">\n<h3 style=\"font-size: 22px; border-bottom: 2px solid currentColor; padding-bottom: 5px; margin-top: 0; color: inherit; opacity: 0.8;\">Antenas externas para mejorar la conectividad<\/h3>\n<p style=\"font-size: 15px; color: inherit;\">El UG63 est&aacute; equipado con antenas LoRa y celulares externas&comma; lo que mejora el alcance y la intensidad de la se&ntilde;al. Esta caracter&iacute;stica garantiza una comunicaci&oacute;n robusta entre los sensores LoRaWAN&reg; y la plataforma en la nube.<\/p>\n<\/div>\n<div style=\"flex: 1 1 300px; min-width: 280px;\"><img decoding=\"async\" style=\"width: 100%; height: auto; border: 1px solid rgba(150&comma; 150&comma; 150&comma; 0.3); border-radius: 8px;\" src=\"https:\/\/ftp3.syscom.mx\/usuarios\/fotos\/UG63L08GL915M\/229924-antenas.png\" alt=\"Antenas externas para mejorar la conectividad\" class=\"fr-fic fr-dii\"><\/div>\n<\/div>\n<p><!-- Secci\u00f3n 6 --><\/p>\n<div style=\"display: flex; flex-wrap: wrap; gap: 30px; margin-bottom: 30px;\">\n<div style=\"flex: 1 1 300px; min-width: 280px;\"><img decoding=\"async\" style=\"width: 100%; height: auto; border: 1px solid rgba(150&comma; 150&comma; 150&comma; 0.3); border-radius: 8px;\" src=\"https:\/\/ftp3.syscom.mx\/usuarios\/fotos\/UG63L08GL915M\/229924-compatible.png\" alt=\"Compatibilidad con los principales servidores de red\" class=\"fr-fic fr-dii\"><\/div>\n<div style=\"flex: 1 1 300px; min-width: 280px;\">\n<h3 style=\"font-size: 22px; border-bottom: 2px solid currentColor; padding-bottom: 5px; margin-top: 0; color: inherit; opacity: 0.8;\">Compatibilidad con los principales servidores de red<\/h3>\n<ul style=\"padding-left: 20px; font-size: 15px; color: inherit;\">\n<li style=\"margin-bottom: 5px;\">Datacake<\/li>\n<li style=\"margin-bottom: 5px;\">Loriot<\/li>\n<li style=\"margin-bottom: 5px;\">Chirpstack<\/li>\n<li style=\"margin-bottom: 5px;\">Basics Station<\/li>\n<li style=\"margin-bottom: 5px;\">The Things Network<\/li>\n<li style=\"margin-bottom: 5px;\">AWS<\/li>\n<li style=\"margin-bottom: 5px;\">Senet<\/li>\n<li style=\"margin-bottom: 5px;\">Remote Embedded NS<\/li>\n<li style=\"margin-bottom: 5px;\">Milesight DeviceHub LNS<\/li>\n<\/ul>\n<\/div>\n<\/div>\n<p><!-- Secci\u00f3n 7 --><\/p>\n<div style=\"display: flex; flex-wrap: wrap; gap: 30px; margin-bottom: 30px;\">\n<div style=\"flex: 1 1 300px; min-width: 280px;\">\n<h3 style=\"font-size: 22px; border-bottom: 2px solid currentColor; padding-bottom: 5px; margin-top: 0; color: inherit; opacity: 0.8;\">F&aacute;cil configuraci&oacute;n a trav&eacute;s de Wi-Fi<\/h3>\n<p style=\"font-size: 15px; color: inherit;\">UG63 ofrece una configuraci&oacute;n Wi-Fi sin esfuerzo dentro de un rango de 10 a 15 metros&comma; lo que elimina la necesidad de proximidad. Esta caracter&iacute;stica esencial simplifica la configuraci&oacute;n&comma; especialmente en ubicaciones dif&iacute;ciles&comma; ahorrando tiempo y mejorando la accesibilidad. Nota: Wi-Fi se utiliza &uacute;nicamente con fines de configuraci&oacute;n.<\/p>\n<\/div>\n<div style=\"flex: 1 1 300px; min-width: 280px;\"><img decoding=\"async\" style=\"width: 100%; height: auto; border: 1px solid rgba(150&comma; 150&comma; 150&comma; 0.3); border-radius: 8px;\" src=\"https:\/\/ftp3.syscom.mx\/usuarios\/fotos\/UG63L08GL915M\/229924-wifi.png\" alt=\"F\u00e1cil configuraci\u00f3n a trav\u00e9s de Wi-Fi\" class=\"fr-fic fr-dii\"><\/div>\n<\/div>\n<p><!-- Secci\u00f3n 8 --><\/p>\n<div style=\"display: flex; flex-wrap: wrap; gap: 30px; margin-bottom: 30px;\">\n<div style=\"flex: 1 1 300px; min-width: 280px;\"><img decoding=\"async\" style=\"width: 100%; height: auto; border: 1px solid rgba(150&comma; 150&comma; 150&comma; 0.3); border-radius: 8px;\" src=\"https:\/\/ftp3.syscom.mx\/usuarios\/fotos\/UG65915EA\/217696-milesight-product-portfolio.png\" alt=\"Academia LoRaWAN\" class=\"fr-fic fr-dii\"><\/div>\n<div style=\"flex: 1 1 300px; min-width: 280px;\">\n<h3 style=\"font-size: 22px; border-bottom: 2px solid currentColor; padding-bottom: 5px; margin-top: 0; color: inherit; opacity: 0.8;\">Basado en LoRaWAN<\/h3>\n<ul style=\"padding-left: 20px; font-size: 15px; color: inherit;\">\n<li style=\"margin-bottom: 5px;\">Se&ntilde;ales penetrantes: alcance de transmisi&oacute;n de datos de hasta 2 km en zonas urbanas<\/li>\n<li style=\"margin-bottom: 5px;\">Alta compatibilidad: cumple con los sensores LoRaWAN&reg; est&aacute;ndar y los servidores de red<\/li>\n<\/ul>\n<\/div>\n<\/div>\n<\/div>\n","protected":false},"excerpt":{"rendered":"<p>Gateway LoRaWAN de Alto Rendimiento para Interiores con Largo Alcance y Seguridad Avanzada<\/p>\n","protected":false},"featured_media":55888,"comment_status":"open","ping_status":"closed","template":"","meta":[],"product_brand":[],"product_cat":[1436],"product_tag":[1437,1455,1438],"class_list":{"0":"post-55889","1":"product","2":"type-product","3":"status-publish","4":"has-post-thumbnail","6":"product_cat-sensores-tags","7":"product_tag-lorawan","8":"product_tag-milesight","9":"product_tag-sensores-tags","11":"first","12":"outofstock","13":"sale","14":"shipping-taxable","15":"purchasable","16":"product-type-simple"},"_links":{"self":[{"href":"https:\/\/soydeaqui.ddns.net\/pachuca\/index.php\/wp-json\/wp\/v2\/product\/55889","targetHints":{"allow":["GET"]}}],"collection":[{"href":"https:\/\/soydeaqui.ddns.net\/pachuca\/index.php\/wp-json\/wp\/v2\/product"}],"about":[{"href":"https:\/\/soydeaqui.ddns.net\/pachuca\/index.php\/wp-json\/wp\/v2\/types\/product"}],"replies":[{"embeddable":true,"href":"https:\/\/soydeaqui.ddns.net\/pachuca\/index.php\/wp-json\/wp\/v2\/comments?post=55889"}],"wp:featuredmedia":[{"embeddable":true,"href":"https:\/\/soydeaqui.ddns.net\/pachuca\/index.php\/wp-json\/wp\/v2\/media\/55888"}],"wp:attachment":[{"href":"https:\/\/soydeaqui.ddns.net\/pachuca\/index.php\/wp-json\/wp\/v2\/media?parent=55889"}],"wp:term":[{"taxonomy":"product_brand","embeddable":true,"href":"https:\/\/soydeaqui.ddns.net\/pachuca\/index.php\/wp-json\/wp\/v2\/product_brand?post=55889"},{"taxonomy":"product_cat","embeddable":true,"href":"https:\/\/soydeaqui.ddns.net\/pachuca\/index.php\/wp-json\/wp\/v2\/product_cat?post=55889"},{"taxonomy":"product_tag","embeddable":true,"href":"https:\/\/soydeaqui.ddns.net\/pachuca\/index.php\/wp-json\/wp\/v2\/product_tag?post=55889"}],"curies":[{"name":"wp","href":"https:\/\/api.w.org\/{rel}","templated":true}]}}