{"id":55869,"date":"2026-03-19T03:06:51","date_gmt":"2026-03-19T03:06:51","guid":{"rendered":"https:\/\/soydeaqui.ddns.net\/pachuca\/index.php\/producto\/panel-digital-iot-con-sensores-de-temperatura-humedad-y-calidad-del-aire\/"},"modified":"2026-03-19T03:07:01","modified_gmt":"2026-03-19T03:07:01","slug":"panel-digital-iot-con-sensores-de-temperatura-humedad-y-calidad-del-aire","status":"publish","type":"product","link":"https:\/\/soydeaqui.ddns.net\/pachuca\/index.php\/producto\/panel-digital-iot-con-sensores-de-temperatura-humedad-y-calidad-del-aire\/","title":{"rendered":"Panel Digital IoT con Sensores de Temperatura, Humedad y Calidad del Aire"},"content":{"rendered":"<div style='width: 100%; max-width: 1200px; margin: 0 auto; font-family: sans-serif; line-height: 1.6; color: inherit; background-color: transparent;'> <!-- Imagen 1 --> <\/p>\n<div style='margin: 0 auto; max-width: 100%;'> <img style='width: 100%; height: auto; border: 1px solid rgba(150&comma;150&comma;150&comma;0.3); border-radius: 8px;' src='https:\/\/ftp3.syscom.mx\/usuarios\/fotos\/AM308915M\/229648-am308-1.png' alt=''> <\/div>\n<p> <!-- Introducci\u00f3n --> <\/p>\n<div style='display: flex; justify-content: center; align-items: center; text-align: center; margin: 30px 0;'>\n<div style='max-width: 800px;'>\n<h2 style='font-size: 24px; margin-bottom: 15px; color: inherit;'>Mejorando la eficiencia energ\u00e9tica y el confort interior<\/h2>\n<p style='font-size: 15px; color: inherit; opacity: 0.9; margin: 0 auto; max-width: 900px;'>AM308 es un sensor IAQ integral para detectar concentraci\u00f3n de CO2 &comma; temperatura&comma; humedad&comma; luz&comma; nivel de HCHO\/O3&comma; TVOC&comma; presi\u00f3n barom\u00e9trica&comma; PM2.5&comma; PM10 y movimiento.<\/p>\n<\/p><\/div>\n<\/p><\/div>\n<p> <!-- Videos --> <\/p>\n<div style='display: flex; flex-wrap: wrap; gap: 20px; margin: 30px 0;'> <!-- Video 1 --> <\/p>\n<div style='flex: 1 1 400px; min-width: 300px;'>\n<div style='position: relative; padding-bottom: 56.25%; height: 0; overflow: hidden; margin-bottom: 30px;'>   <\/div>\n<\/p><\/div>\n<p> <!-- Video 2 --> <\/p>\n<div style='flex: 1 1 400px; min-width: 300px;'>\n<div style='position: relative; padding-bottom: 56.25%; height: 0; overflow: hidden; margin-bottom: 30px;'>   <\/div>\n<\/p><\/div>\n<\/p><\/div>\n<p> <!-- Imagen 2 --> <\/p>\n<div style='margin: 0 auto; max-width: 100%;'> <img style='width: 100%; height: auto; border: 1px solid rgba(150&comma;150&comma;150&comma;0.3); border-radius: 8px;' src='https:\/\/ftp3.syscom.mx\/usuarios\/fotos\/AM308915M\/229648-am308-2.png' alt=''> <\/div>\n<p> <!-- Imagen 3 --> <\/p>\n<div style='margin: 0 auto; max-width: 100%;'> <img style='width: 100%; height: auto; border: 1px solid rgba(150&comma;150&comma;150&comma;0.3); border-radius: 8px;' src='https:\/\/ftp3.syscom.mx\/usuarios\/fotos\/AM308915M\/229648-am308-3.png' alt=''> <\/div>\n<p> <!-- Secci\u00f3n 1 con imagen y texto --> <\/p>\n<div style='display: flex; flex-wrap: wrap; gap: 30px; margin: 30px 0; align-items: center;'> <!-- Imagen --> <\/p>\n<div style='flex: 1 1 300px; min-width: 280px;'> <img style='width: 100%; height: auto; border: 1px solid rgba(150&comma;150&comma;150&comma;0.3); border-radius: 8px;' src='https:\/\/ftp3.syscom.mx\/usuarios\/fotos\/AM308915M\/229648-am308-4.png' alt=''> <\/div>\n<p> <!-- Texto --> <\/p>\n<div style='flex: 1 1 300px; min-width: 280px;'>\n<h2 style='font-size: 22px; border-bottom: 2px solid currentColor; padding-bottom: 5px; margin-top: 0; color: inherit; opacity: 0.8;'>Sensor superior con fuerte capacidad antiinterferencias<\/h2>\n<p style='font-size: 15px; color: inherit; opacity: 0.9; margin-top: 15px;'>La selecci\u00f3n del sensor HCHO est\u00e1 dedicada a una lectura estable&comma; particularmente en su resistencia al alcohol.<\/p>\n<\/p><\/div>\n<\/p><\/div>\n<p> <!-- Secci\u00f3n 2 con texto e imagen --> <\/p>\n<div style='display: flex; flex-wrap: wrap; gap: 30px; margin: 30px 0; align-items: center;'> <!-- Texto --> <\/p>\n<div style='flex: 1 1 300px; min-width: 280px;'>\n<h2 style='font-size: 22px; border-bottom: 2px solid currentColor; padding-bottom: 5px; margin-top: 0; color: inherit; opacity: 0.8;'>Nivel de confort en interiores&comma; coprenda su entorno visualmente<\/h2>\n<p style='font-size: 15px; color: inherit; opacity: 0.9; margin-top: 15px;'>Monitoree y visualice datos en tiempo real sobre lo que importa en la calidad del aire interior.<\/p>\n<\/p><\/div>\n<p> <!-- Imagen --> <\/p>\n<div style='flex: 1 1 300px; min-width: 280px;'> <img style='width: 100%; height: auto; border: 1px solid rgba(150&comma;150&comma;150&comma;0.3); border-radius: 8px;' src='https:\/\/ftp3.syscom.mx\/usuarios\/fotos\/AM308915M\/229648-intento1.gif' alt=''> <\/div>\n<\/p><\/div>\n<p> <!-- Secci\u00f3n 3 con imagen y texto --> <\/p>\n<div style='display: flex; flex-wrap: wrap; gap: 30px; margin: 30px 0; align-items: center;'> <!-- Imagen --> <\/p>\n<div style='flex: 1 1 300px; min-width: 280px;'> <img style='width: 100%; height: auto; border: 1px solid rgba(150&comma;150&comma;150&comma;0.3); border-radius: 8px;' src='https:\/\/ftp3.syscom.mx\/usuarios\/fotos\/AM308915M\/229648-am308-5.png' alt=''> <\/div>\n<p> <!-- Texto --> <\/p>\n<div style='flex: 1 1 300px; min-width: 280px;'>\n<h2 style='font-size: 22px; border-bottom: 2px solid currentColor; padding-bottom: 5px; margin-top: 0; color: inherit; opacity: 0.8;'>Modo de pantalla inteligente para operaciones de ahorro de energ\u00eda<\/h2>\n<p style='font-size: 15px; color: inherit; opacity: 0.9; margin-top: 15px;'>Cuando el valor PIR es 0 (vac\u00edo) y dura 20 minutos&comma; la pantalla dejar\u00e1 de actualizarse para ahorar energ\u00eda.<\/p>\n<\/p><\/div>\n<\/p><\/div>\n<p> <!-- Imagen 4 --> <\/p>\n<div style='margin: 0 auto; max-width: 100%;'> <img style='width: 100%; height: auto; border: 1px solid rgba(150&comma;150&comma;150&comma;0.3); border-radius: 8px;' src='https:\/\/ftp3.syscom.mx\/usuarios\/fotos\/AM308915M\/229648-am308-6.png' alt=''> <\/div>\n<p> <!-- Imagen 5 --> <\/p>\n<div style='margin: 0 auto; max-width: 100%;'> <img style='width: 100%; height: auto; border: 1px solid rgba(150&comma;150&comma;150&comma;0.3); border-radius: 8px;' src='https:\/\/ftp3.syscom.mx\/usuarios\/fotos\/AM308915M\/229648-am308-7.png' alt=''> <\/div>\n<p> <!-- Separador final --> <\/p>\n<hr style='border: 0; border-top: 1px solid rgba(150&comma; 150&comma; 150&comma; 0.3); margin: 30px 0;'> <\/div>\n","protected":false},"excerpt":{"rendered":"<p>Panel Digital IoT con Sensores de Temperatura, Humedad y Calidad del Aire<\/p>\n","protected":false},"featured_media":55868,"comment_status":"open","ping_status":"closed","template":"","meta":[],"product_brand":[],"product_cat":[1436],"product_tag":[1437,1455,1438],"class_list":{"0":"post-55869","1":"product","2":"type-product","3":"status-publish","4":"has-post-thumbnail","6":"product_cat-sensores-tags","7":"product_tag-lorawan","8":"product_tag-milesight","9":"product_tag-sensores-tags","11":"first","12":"outofstock","13":"sale","14":"shipping-taxable","15":"purchasable","16":"product-type-simple"},"_links":{"self":[{"href":"https:\/\/soydeaqui.ddns.net\/pachuca\/index.php\/wp-json\/wp\/v2\/product\/55869","targetHints":{"allow":["GET"]}}],"collection":[{"href":"https:\/\/soydeaqui.ddns.net\/pachuca\/index.php\/wp-json\/wp\/v2\/product"}],"about":[{"href":"https:\/\/soydeaqui.ddns.net\/pachuca\/index.php\/wp-json\/wp\/v2\/types\/product"}],"replies":[{"embeddable":true,"href":"https:\/\/soydeaqui.ddns.net\/pachuca\/index.php\/wp-json\/wp\/v2\/comments?post=55869"}],"wp:featuredmedia":[{"embeddable":true,"href":"https:\/\/soydeaqui.ddns.net\/pachuca\/index.php\/wp-json\/wp\/v2\/media\/55868"}],"wp:attachment":[{"href":"https:\/\/soydeaqui.ddns.net\/pachuca\/index.php\/wp-json\/wp\/v2\/media?parent=55869"}],"wp:term":[{"taxonomy":"product_brand","embeddable":true,"href":"https:\/\/soydeaqui.ddns.net\/pachuca\/index.php\/wp-json\/wp\/v2\/product_brand?post=55869"},{"taxonomy":"product_cat","embeddable":true,"href":"https:\/\/soydeaqui.ddns.net\/pachuca\/index.php\/wp-json\/wp\/v2\/product_cat?post=55869"},{"taxonomy":"product_tag","embeddable":true,"href":"https:\/\/soydeaqui.ddns.net\/pachuca\/index.php\/wp-json\/wp\/v2\/product_tag?post=55869"}],"curies":[{"name":"wp","href":"https:\/\/api.w.org\/{rel}","templated":true}]}}