{"id":55860,"date":"2026-03-19T03:06:34","date_gmt":"2026-03-19T03:06:34","guid":{"rendered":"https:\/\/soydeaqui.ddns.net\/pachuca\/index.php\/producto\/licencia-anual-de-dashboard-datacake\/"},"modified":"2026-03-19T03:06:34","modified_gmt":"2026-03-19T03:06:34","slug":"licencia-anual-de-dashboard-datacake","status":"publish","type":"product","link":"https:\/\/soydeaqui.ddns.net\/pachuca\/index.php\/producto\/licencia-anual-de-dashboard-datacake\/","title":{"rendered":"Licencia Anual de Dashboard Datacake"},"content":{"rendered":"<div style='width: 100%; max-width: 1200px; margin: 0 auto; font-family: sans-serif; line-height: 1.6; color: inherit; background-color: transparent;'> <!-- Hero Section --> <\/p>\n<section style='background-color: #007bff; color: white; padding: 3rem 0;'>\n<div style='display: flex; flex-wrap: wrap; gap: 30px; align-items: center;'>\n<div style='flex: 1 1 300px; min-width: 280px;'>\n<h1 style='font-size: 2rem; font-weight: bold; margin-top: 0; color: inherit;'>Sistema Operativo IoT de Extremo a Extremo<\/h1>\n<p style='font-size: 1.25rem; margin-bottom: 1rem; color: inherit;'>Desde sensores a paneles&comma; todo en una plataforma<\/p>\n<p style='color: inherit; margin-bottom: 1rem;'>Despliega de forma sencilla&comma; visualiza y automatiza todo lo que requiere tu negocio. Nuestro sistema totalmente integrado de aplicaciones y herramientas puede estar listo en minutos <a style='color: white; text-decoration: underline;' href='#'>sin tener que escribir c\u00f3digo<\/a> o configuraciones complejas.<\/p>\n<\/p><\/div>\n<div style='flex: 1 1 300px; min-width: 280px;'> <img style='width: 100%; height: auto; border: 1px solid rgba(150&comma;150&comma;150&comma;0.3); border-radius: 8px;' src='https:\/\/ftp3.syscom.mx\/usuarios\/ftp\/single_page\/datacake\/imagen_1.png' alt='Dashboard IoT'> <\/div>\n<\/p><\/div>\n<\/section>\n<p> <!-- Stats Section --> <\/p>\n<section style='background-color: #343a40; color: white; padding: 3rem 0; position: relative;'>\n<div style='display: flex; flex-wrap: wrap; gap: 30px;'>\n<div style='flex: 1 1 20%; min-width: 200px; text-align: center;'>\n<h3 style='font-size: 1.5rem; margin: 0 0 0.5rem 0; color: inherit;'>10+ A\u00f1os<\/h3>\n<p style='margin: 0; color: inherit;'>Historia de la Empresa<\/p>\n<\/p><\/div>\n<div style='flex: 1 1 20%; min-width: 200px; text-align: center;'>\n<h3 style='font-size: 1.5rem; margin: 0 0 0.5rem 0; color: inherit;'>22&comma;000+ Usuarios<\/h3>\n<p style='margin: 0; color: inherit;'>Registrados en la plataforma<\/p>\n<\/p><\/div>\n<div style='flex: 1 1 20%; min-width: 200px; text-align: center;'>\n<h3 style='font-size: 1.5rem; margin: 0 0 0.5rem 0; color: inherit;'>500+<\/h3>\n<p style='margin: 0; color: inherit;'>Proyectos Exitosos<\/p>\n<\/p><\/div>\n<div style='flex: 1 1 20%; min-width: 200px; text-align: center;'>\n<h3 style='font-size: 1.5rem; margin: 0 0 0.5rem 0; color: inherit;'>50+ Pa\u00edses<\/h3>\n<p style='margin: 0; color: inherit;'>Usando la plataforma<\/p>\n<\/p><\/div>\n<\/p><\/div>\n<\/section>\n<p> <!-- Services Section --> <\/p>\n<section style='padding: 3rem 0;'>\n<h2 style='text-align: center; font-size: 2rem; margin-bottom: 2rem; color: inherit;'>Servicios que Ofrecemos<\/h2>\n<div style='display: flex; flex-wrap: wrap; justify-content: center; gap: 20px;'>\n<div style='flex: 1 1 200px; max-width: 250px; text-align: center;'>\n<div style='border: none; display: flex; flex-direction: column; height: 100%;'>\n<div style='padding: 15px;'> <img style='width: 100%; height: auto; border: 1px solid rgba(150&comma;150&comma;150&comma;0.3); border-radius: 8px;' src='https:\/\/ftp3.syscom.mx\/usuarios\/ftp\/single_page\/datacake\/imagen_2.png' alt='Seguimiento de Activos'> <\/p>\n<h5 style='margin-top: 1rem; font-size: 1.1rem; color: inherit;'>Seguimiento de Activos<\/h5>\n<\/p><\/div>\n<\/p><\/div>\n<\/p><\/div>\n<div style='flex: 1 1 200px; max-width: 250px; text-align: center;'>\n<div style='border: none; display: flex; flex-direction: column; height: 100%;'>\n<div style='padding: 15px;'> <img style='width: 100%; height: auto; border: 1px solid rgba(150&comma;150&comma;150&comma;0.3); border-radius: 8px;' src='https:\/\/ftp3.syscom.mx\/usuarios\/ftp\/single_page\/datacake\/imagen_3.png' alt='Monitoreo de Edificios'> <\/p>\n<h5 style='margin-top: 1rem; font-size: 1.1rem; color: inherit;'>Monitoreo de Edificios<\/h5>\n<\/p><\/div>\n<\/p><\/div>\n<\/p><\/div>\n<div style='flex: 1 1 200px; max-width: 250px; text-align: center;'>\n<div style='border: none; display: flex; flex-direction: column; height: 100%;'>\n<div style='padding: 15px;'> <img style='width: 100%; height: auto; border: 1px solid rgba(150&comma;150&comma;150&comma;0.3); border-radius: 8px;' src='https:\/\/ftp3.syscom.mx\/usuarios\/ftp\/single_page\/datacake\/imagen_4.png' alt='Monitoreo Industrial'> <\/p>\n<h5 style='margin-top: 1rem; font-size: 1.1rem; color: inherit;'>Monitoreo Industrial<\/h5>\n<\/p><\/div>\n<\/p><\/div>\n<\/p><\/div>\n<div style='flex: 1 1 200px; max-width: 250px; text-align: center;'>\n<div style='border: none; display: flex; flex-direction: column; height: 100%;'>\n<div style='padding: 15px;'> <img style='width: 100%; height: auto; border: 1px solid rgba(150&comma;150&comma;150&comma;0.3); border-radius: 8px;' src='https:\/\/ftp3.syscom.mx\/usuarios\/ftp\/single_page\/datacake\/imagen_5.png' alt='Servidor de Red LoRaWAN'> <\/p>\n<h5 style='margin-top: 1rem; font-size: 1.1rem; color: inherit;'>Servidor de Red LoRaWAN<\/h5>\n<\/p><\/div>\n<\/p><\/div>\n<\/p><\/div>\n<\/p><\/div>\n<\/section>\n<p> <!-- LoRaWAN Section --> <\/p>\n<section style='background-color: #343a40; color: white; padding: 3rem 0;'>\n<div style='display: flex; flex-wrap: wrap; gap: 30px; align-items: center;'>\n<div style='flex: 1 1 300px; min-width: 280px;'> <img style='width: 100%; height: auto; border: 1px solid rgba(150&comma;150&comma;150&comma;0.3); border-radius: 8px;' src='https:\/\/ftp3.syscom.mx\/usuarios\/ftp\/single_page\/datacake\/imagen_6.png' alt='Dashboard LoRaWAN'> <\/div>\n<div style='flex: 1 1 300px; min-width: 280px;'>\n<h2 style='font-size: 1.75rem; margin-bottom: 1.5rem; color: inherit;'>Plataforma IoT LoRaWAN\u00ae de Extremo a Extremo<\/h2>\n<p style='color: inherit; margin-bottom: 1.5rem;'>La plataforma escalable de IoT incluye un servidor de aplicaciones gratuito&comma; un servidor de red LoRaWAN y herramientas de administraci\u00f3n para el aprovisionamiento r\u00e1pido y seguro de dispositivos&comma; as\u00ed como la administraci\u00f3n de toda su flota de sensores de red.<\/p>\n<ul style='padding-left: 20px; color: inherit; list-style-type: none; padding-left: 0;'>\n<li style='margin-bottom: 10px; color: inherit;'><span style='color: inherit;'>\u00b7 F\u00e1cil integraci\u00f3n<\/span><\/li>\n<li style='margin-bottom: 10px; color: inherit;'><span style='color: inherit;'>\u00b7 Sin c\u00f3digo ni configuraci\u00f3n avanzada<\/span><\/li>\n<li style='margin-bottom: 10px; color: inherit;'><span style='color: inherit;'>\u00b7 Aprovisionamiento con seguridad<\/span><\/li>\n<\/ul><\/div>\n<\/p><\/div>\n<\/section>\n<p> <!-- Industrial IoT Section --> <\/p>\n<section style='background-color: #f8f9fa; padding: 3rem 0;'>\n<div style='display: flex; flex-wrap: wrap; gap: 30px; align-items: center;'>\n<div style='flex: 1 1 300px; min-width: 280px;'> <img style='width: 100%; height: auto; border: 1px solid rgba(150&comma;150&comma;150&comma;0.3); border-radius: 8px;' src='https:\/\/ftp3.syscom.mx\/usuarios\/ftp\/single_page\/datacake\/imagen_7.png' alt='Soluciones IoT Industrial'> <\/div>\n<div style='flex: 1 1 300px; min-width: 280px;'>\n<h2 style='font-size: 1.75rem; margin-bottom: 1.5rem; color: inherit;'>Soluciones IoT Industrial<\/h2>\n<p style='color: inherit; margin-bottom: 1.5rem;'>Con la plataforma IoT industrial&comma; ahora puede estar informado de las condiciones de sus equipos en tiempo real. Las se\u00f1ales ambientales y operativas cr\u00edticas est\u00e1n disponibles para ti y tu equipo en cualquier momento y lugar.<\/p>\n<ul style='padding-left: 20px; color: inherit; list-style-type: none; padding-left: 0;'>\n<li style='margin-bottom: 10px; color: inherit;'><span style='color: inherit;'>\u00b7 Monitoreo Industrial<\/span><\/li>\n<li style='margin-bottom: 10px; color: inherit;'><span style='color: inherit;'>\u00b7 Datos en Tiempo Real con M\u00faltiples Sensores<\/span><\/li>\n<li style='margin-bottom: 10px; color: inherit;'><span style='color: inherit;'>\u00b7 Integre Fuentes Usando MQTT&comma; LoRaWAN o REST API<\/span><\/li>\n<li style='margin-bottom: 10px; color: inherit;'><span style='color: inherit;'>\u00b7 Acceso desde Cualquier Dispositivo<\/span><\/li>\n<\/ul><\/div>\n<\/p><\/div>\n<\/section>\n<p> <!-- Fill Level Monitoring Section --> <\/p>\n<section style='background-color: white; padding: 3rem 0;'>\n<div style='display: flex; flex-wrap: wrap; gap: 30px; align-items: center;'>\n<div style='flex: 1 1 300px; min-width: 280px;'>\n<h2 style='font-size: 1.75rem; margin-bottom: 1.5rem; color: inherit;'>Monitoreo de Nivel de Llenado<\/h2>\n<p style='color: inherit; margin-bottom: 1.5rem;'>Supervise f\u00e1cilmente el nivel de llenado para aumentar la eficiencia operativa&comma; reducir costos y mejorar el servicio al cliente.<\/p>\n<ul style='padding-left: 20px; color: inherit; list-style-type: none; padding-left: 0;'>\n<li style='margin-bottom: 10px; color: inherit;'><span style='color: inherit;'>\u00b7 F\u00e1cil Despliegue de Sensores<\/span><\/li>\n<li style='margin-bottom: 10px; color: inherit;'><span style='color: inherit;'>\u00b7 Alarmas y Notificaciones<\/span><\/li>\n<li style='margin-bottom: 10px; color: inherit;'><span style='color: inherit;'>\u00b7 Alertas basadas en Niveles<\/span><\/li>\n<li style='margin-bottom: 10px; color: inherit;'><span style='color: inherit;'>\u00b7 Integraci\u00f3n con LoRaWAN<\/span><\/li>\n<\/ul><\/div>\n<div style='flex: 1 1 300px; min-width: 280px;'> <img style='width: 100%; height: auto; border: 1px solid rgba(150&comma;150&comma;150&comma;0.3); border-radius: 8px;' src='https:\/\/ftp3.syscom.mx\/usuarios\/ftp\/single_page\/datacake\/imagen_8.png' alt='Monitoreo de Nivel de Llenado'> <\/div>\n<\/p><\/div>\n<\/section>\n<p> <!-- Features Grid Section --> <\/p>\n<section style='background-color: #f8f9fa; padding: 3rem 0;'>\n<h2 style='text-align: center; font-size: 2rem; margin-bottom: 2rem; color: inherit;'>Caracter\u00edsticas<\/h2>\n<div style='display: flex; flex-wrap: wrap; gap: 20px;'>\n<div style='flex: 1 1 250px; border: 1px solid rgba(150&comma; 150&comma; 150&comma; 0.4); border-radius: 8px; overflow: hidden; display: flex; flex-direction: column;'>\n<div style='padding: 15px; border-bottom: 1px solid rgba(150&comma; 150&comma; 150&comma; 0.2); font-weight: bold; font-size: 18px; color: inherit;'>Gesti\u00f3n de Edificios<\/div>\n<div style='padding: 15px; color: inherit; flex: 1 1 auto;'> <img style='width: 100%; height: auto; border: 1px solid rgba(150&comma;150&comma;150&comma;0.3); border-radius: 8px; margin-bottom: 15px;' src='https:\/\/ftp3.syscom.mx\/usuarios\/ftp\/single_page\/datacake\/imagen_9.png' alt='Gesti\u00f3n de Edificios'> <\/p>\n<p style='margin: 0; color: inherit;'>Vigila el uso de energ\u00eda y datos ambientales para mejor toma de decisiones y ahorro de costos. Supervisa la temperatura&comma; humedad y calidad del aire con reportes detallados para optimizar tu negocio.<\/p>\n<\/p><\/div>\n<\/p><\/div>\n<div style='flex: 1 1 250px; border: 1px solid rgba(150&comma; 150&comma; 150&comma; 0.4); border-radius: 8px; overflow: hidden; display: flex; flex-direction: column;'>\n<div style='padding: 15px; border-bottom: 1px solid rgba(150&comma; 150&comma; 150&comma; 0.2); font-weight: bold; font-size: 18px; color: inherit;'>Medici\u00f3n<\/div>\n<div style='padding: 15px; color: inherit; flex: 1 1 auto;'> <img style='width: 100%; height: auto; border: 1px solid rgba(150&comma;150&comma;150&comma;0.3); border-radius: 8px; margin-bottom: 15px;' src='https:\/\/ftp3.syscom.mx\/usuarios\/ftp\/single_page\/datacake\/imagen_10.png' alt='Medici\u00f3n'> <\/p>\n<p style='margin: 0; color: inherit;'>Mide y monitorea valores como temperatura&comma; humedad y presi\u00f3n con incre\u00edble precisi\u00f3n. Los datos se pueden pronosticar y alertar&comma; ayud\u00e1ndote a gestionar tu negocio de forma m\u00e1s eficiente.<\/p>\n<\/p><\/div>\n<\/p><\/div>\n<div style='flex: 1 1 250px; border: 1px solid rgba(150&comma; 150&comma; 150&comma; 0.4); border-radius: 8px; overflow: hidden; display: flex; flex-direction: column;'>\n<div style='padding: 15px; border-bottom: 1px solid rgba(150&comma; 150&comma; 150&comma; 0.2); font-weight: bold; font-size: 18px; color: inherit;'>Seguimiento de Activos<\/div>\n<div style='padding: 15px; color: inherit; flex: 1 1 auto;'> <img style='width: 100%; height: auto; border: 1px solid rgba(150&comma;150&comma;150&comma;0.3); border-radius: 8px; margin-bottom: 15px;' src='https:\/\/ftp3.syscom.mx\/usuarios\/ftp\/single_page\/datacake\/imagen_11.png' alt='Seguimiento de Activos'> <\/p>\n<p style='margin: 0; color: inherit;'>Este servicio permite rastrear y ubicar tus propiedades digitales y f\u00edsicas en tiempo real&comma; mejorar la toma de decisiones&comma; optimizar el uso de recursos y aumentar la satisfacci\u00f3n del cliente con alertas personalizadas.<\/p>\n<\/p><\/div>\n<\/p><\/div>\n<\/p><\/div>\n<\/section>\n<p> <!-- Alerting Section --> <\/p>\n<section style='background-color: white; padding: 3rem 0;'>\n<div style='display: flex; flex-wrap: wrap; gap: 30px; align-items: center;'>\n<div style='flex: 1 1 300px; min-width: 280px;'> <img style='width: 100%; height: auto; border: 1px solid rgba(150&comma;150&comma;150&comma;0.3); border-radius: 8px;' src='https:\/\/ftp3.syscom.mx\/usuarios\/ftp\/single_page\/datacake\/imagen_12.png' alt='Alertas y Automatizaci\u00f3n'> <\/div>\n<div style='flex: 1 1 300px; min-width: 280px;'>\n<h2 style='font-size: 1.75rem; margin-bottom: 1.5rem; color: inherit;'>Alertas y Automatizaci\u00f3n<\/h2>\n<p style='color: inherit; margin-bottom: 1.5rem;'>Las alertas pueden enviar notificaciones cuando algo necesita atenci\u00f3n y pueden activar acciones automatizadas para solucionar problemas&comma; mientras te mantienen informado. Configura alertas basadas en umbrales&comma; dispositivos&comma; condiciones o ubicaciones. La plataforma te permite crear f\u00e1cilmente flujos&comma; scripts&comma; disparadores y conexiones entre servicios. Todo est\u00e1 en una interfaz intuitiva sin necesidad de programaci\u00f3n.<\/p>\n<\/p><\/div>\n<\/p><\/div>\n<\/section>\n<p> <!-- Connect Devices Section --> <\/p>\n<section style='background-color: #f8f9fa; padding: 3rem 0;'>\n<h2 style='text-align: center; font-size: 2rem; margin-bottom: 1rem; color: inherit;'>Conecta cualquier Dispositivo IoT<\/h2>\n<p style='text-align: center; font-size: 1.1rem; margin-bottom: 2rem; color: inherit;'>Gracias a la integraci\u00f3n LoRaWAN de pr\u00f3ximo nivel&comma; puedes conectar cualquier dispositivo IoT utilizando las siguientes integraciones<\/p>\n<div style='display: flex; flex-wrap: wrap; gap: 20px; justify-content: center;'>\n<div style='flex: 1 1 250px; max-width: 300px; text-align: center;'>\n<div style='border: 1px solid rgba(150&comma; 150&comma; 150&comma; 0.4); border-radius: 8px; overflow: hidden; display: flex; flex-direction: column; height: 100%;'>\n<div style='padding: 15px;'>\n<div style='background-color: #ffc107; border-radius: 50%; width: 80px; height: 80px; display: inline-flex; align-items: center; justify-content: center; margin-bottom: 15px;'> <\/div>\n<h4 style='margin-bottom: 1rem; font-size: 1.25rem; color: inherit;'>MQTT<\/h4>\n<p style='margin: 0; color: inherit;'>Conecta tus dispositivos MQTT directamente con nuestra plataforma. Utiliza tus credenciales de acceso para proteger y autenticar el acceso a tus temas MQTT.<\/p>\n<\/p><\/div>\n<\/p><\/div>\n<\/p><\/div>\n<div style='flex: 1 1 250px; max-width: 300px; text-align: center;'>\n<div style='border: 1px solid rgba(150&comma; 150&comma; 150&comma; 0.4); border-radius: 8px; overflow: hidden; display: flex; flex-direction: column; height: 100%;'>\n<div style='padding: 15px;'>\n<div style='background-color: #ffc107; border-radius: 50%; width: 80px; height: 80px; display: inline-flex; align-items: center; justify-content: center; margin-bottom: 15px;'> <\/div>\n<h4 style='margin-bottom: 1rem; font-size: 1.25rem; color: inherit;'>Webhook<\/h4>\n<p style='margin: 0; color: inherit;'>Env\u00eda datos usando solicitudes HTTP. Una soluci\u00f3n sencilla para recopilar datos desde cualquier fuente que pueda realizar solicitudes web.<\/p>\n<\/p><\/div>\n<\/p><\/div>\n<\/p><\/div>\n<div style='flex: 1 1 250px; max-width: 300px; text-align: center;'>\n<div style='border: 1px solid rgba(150&comma; 150&comma; 150&comma; 0.4); border-radius: 8px; overflow: hidden; display: flex; flex-direction: column; height: 100%;'>\n<div style='padding: 15px;'>\n<div style='background-color: #ffc107; border-radius: 50%; width: 80px; height: 80px; display: inline-flex; align-items: center; justify-content: center; margin-bottom: 15px;'> <\/div>\n<h4 style='margin-bottom: 1rem; font-size: 1.25rem; color: inherit;'>GraphQL<\/h4>\n<p style='margin: 0; color: inherit;'>Utiliza solicitudes GraphQL para extraer o modificar exactamente los datos que necesitas. Una manera eficiente de interactuar con tus datos.<\/p>\n<\/p><\/div>\n<\/p><\/div>\n<\/p><\/div>\n<\/p><\/div>\n<\/section><\/div>\n","protected":false},"excerpt":{"rendered":"<p>Licencia Anual de Dashboard Datacake<\/p>\n","protected":false},"featured_media":55859,"comment_status":"open","ping_status":"closed","template":"","meta":[],"product_brand":[],"product_cat":[1456],"product_tag":[1489,1437,1457],"class_list":{"0":"post-55860","1":"product","2":"type-product","3":"status-publish","4":"has-post-thumbnail","6":"product_cat-software-de-gestion","7":"product_tag-datacake","8":"product_tag-lorawan","9":"product_tag-software-de-gestion","11":"first","12":"instock","13":"sale","14":"shipping-taxable","15":"purchasable","16":"product-type-simple"},"_links":{"self":[{"href":"https:\/\/soydeaqui.ddns.net\/pachuca\/index.php\/wp-json\/wp\/v2\/product\/55860","targetHints":{"allow":["GET"]}}],"collection":[{"href":"https:\/\/soydeaqui.ddns.net\/pachuca\/index.php\/wp-json\/wp\/v2\/product"}],"about":[{"href":"https:\/\/soydeaqui.ddns.net\/pachuca\/index.php\/wp-json\/wp\/v2\/types\/product"}],"replies":[{"embeddable":true,"href":"https:\/\/soydeaqui.ddns.net\/pachuca\/index.php\/wp-json\/wp\/v2\/comments?post=55860"}],"wp:featuredmedia":[{"embeddable":true,"href":"https:\/\/soydeaqui.ddns.net\/pachuca\/index.php\/wp-json\/wp\/v2\/media\/55859"}],"wp:attachment":[{"href":"https:\/\/soydeaqui.ddns.net\/pachuca\/index.php\/wp-json\/wp\/v2\/media?parent=55860"}],"wp:term":[{"taxonomy":"product_brand","embeddable":true,"href":"https:\/\/soydeaqui.ddns.net\/pachuca\/index.php\/wp-json\/wp\/v2\/product_brand?post=55860"},{"taxonomy":"product_cat","embeddable":true,"href":"https:\/\/soydeaqui.ddns.net\/pachuca\/index.php\/wp-json\/wp\/v2\/product_cat?post=55860"},{"taxonomy":"product_tag","embeddable":true,"href":"https:\/\/soydeaqui.ddns.net\/pachuca\/index.php\/wp-json\/wp\/v2\/product_tag?post=55860"}],"curies":[{"name":"wp","href":"https:\/\/api.w.org\/{rel}","templated":true}]}}