{"id":55856,"date":"2026-03-19T03:06:29","date_gmt":"2026-03-19T03:06:29","guid":{"rendered":"https:\/\/soydeaqui.ddns.net\/pachuca\/index.php\/producto\/sirena-electronica-a-prueba-de-explosiones-max-120-db-grado-de-proteccion-ex-db-iic-t6-gb-voltaje-24-vcd\/"},"modified":"2026-03-19T03:06:30","modified_gmt":"2026-03-19T03:06:30","slug":"sirena-electronica-a-prueba-de-explosiones-max-120-db-grado-de-proteccion-ex-db-iic-t6-gb-voltaje-24-vcd","status":"publish","type":"product","link":"https:\/\/soydeaqui.ddns.net\/pachuca\/index.php\/producto\/sirena-electronica-a-prueba-de-explosiones-max-120-db-grado-de-proteccion-ex-db-iic-t6-gb-voltaje-24-vcd\/","title":{"rendered":"Sirena electr\u00f3nica a prueba de explosiones M\u00e1x. 120 dB, Grado de protecci\u00f3n Ex db IIC T6 Gb voltaje: 24 VCD"},"content":{"rendered":"<div style='width: 100%; max-width: 1200px; margin: 0 auto; font-family: sans-serif; line-height: 1.6; color: inherit; background-color: transparent;'>\n<div style='display: flex; flex-direction: column; align-items: center; margin-bottom: 30px;'> <img style='width: 100%; max-width: 200px; height: auto; border: 1px solid rgba(150&comma;150&comma;150&comma;0.3); border-radius: 8px;' src='http:\/\/ftp3.syscom.mx\/usuarios\/srodriguez\/QLIGHT\/SPNA-WS-LOG.png' alt=''> <img style='width: 100%; max-width: 550px; height: auto; border: 1px solid rgba(150&comma;150&comma;150&comma;0.3); border-radius: 8px; margin-top: 20px;' src='http:\/\/ftp3.syscom.mx\/usuarios\/srodriguez\/QLIGHT\/SPNA-WS-LOGOS.png' alt=''> <\/div>\n<div style='display: flex; flex-wrap: wrap; gap: 30px; margin-bottom: 30px;'>\n<div style='flex: 1 1 300px; min-width: 280px;'>\n<h3 style='font-size: 22px; border-bottom: 2px solid currentColor; padding-bottom: 5px; margin-top: 0; color: inherit; opacity: 0.8;'>Caracter\u00edsticas principales<\/h3>\n<ul style='padding-left: 20px; font-size: 15px; color: inherit;'>\n<li style='margin-bottom: 5px;'>Rango de operaci\u00f3n de voltaje: 24 VCD&comma; 120 VCA o 230 VCA<\/li>\n<li style='margin-bottom: 5px;'>Sirena de alarma a prueba de explosiones<\/li>\n<li style='margin-bottom: 5px;'>Selecci\u00f3n de varios tonos de sonido: sonido de advertencia&comma; alarma&comma; melod\u00eda<\/li>\n<li style='margin-bottom: 5px;'>Carcasa de aluminio para excelente durabilidad<\/li>\n<li style='margin-bottom: 5px;'>Volumen de sonido: m\u00e1x. 120 dB a 1 m (volumen ajustable)<\/li>\n<li style='margin-bottom: 5px;'>Color de carcasa est\u00e1ndar: MUNSELL No. 7.5BG 7\/2<\/li>\n<li style='margin-bottom: 5px;'>Entrada de cable: 1\/2\u2033 NPT<\/li>\n<li style='margin-bottom: 5px;'>Materiales: Carcasa-Al&comma; Jaula de protecci\u00f3n-STS316L<\/li>\n<li style='margin-bottom: 5px;'>Certificados: IECEx&comma; ATEX&comma; NEPSI&comma; KC&comma; CCS&comma; CCC&comma; TS<\/li>\n<\/ul><\/div>\n<div style='flex: 1 1 300px; min-width: 280px;'>\n<h3 style='font-size: 22px; border-bottom: 2px solid currentColor; padding-bottom: 5px; margin-top: 0; color: inherit; opacity: 0.8;'>Grado de protecci\u00f3n<\/h3>\n<ul style='padding-left: 20px; font-size: 15px; color: inherit;'>\n<li style='margin-bottom: 5px;'>IECEx &#8211; Ex db IIC T6 Gb&comma; IP66<\/li>\n<li style='margin-bottom: 5px;'>ATEX &#8211; II2G Ex db IIC T6 Gb&comma; IP66<\/li>\n<li style='margin-bottom: 5px;'>NEPSI&comma; CCC &#8211; Ex db IIC T6 Gb&comma; IP66<\/li>\n<li style='margin-bottom: 5px;'>KC &#8211; Ex d IIB+H2 IP66 T6(SPNA)<\/li>\n<li style='margin-bottom: 5px;'>Ex db IIC T6 Gb(SPNAKC)<\/li>\n<li style='margin-bottom: 5px;'>Ex tD A21 IP65 T85\u00b0C(SPNAKC)<\/li>\n<li style='margin-bottom: 5px;'>TS &#8211; Ex db IIC T6 IP66 Gb<\/li>\n<\/ul><\/div>\n<div style='flex: 1 1 300px; min-width: 280px;'>\n<h3 style='font-size: 22px; border-bottom: 2px solid currentColor; padding-bottom: 5px; margin-top: 0; color: inherit; opacity: 0.8;'>Temperatura de operaci\u00f3n<\/h3>\n<ul style='padding-left: 20px; font-size: 15px; color: inherit;'>\n<li style='margin-bottom: 5px;'>-20\u00b0C \u2264 Tamb \u2264 +60\u00b0C (TS)<\/li>\n<li style='margin-bottom: 5px;'>-40\u00b0C \u2264 Tamb \u2264 +55\u00b0C (KC)<\/li>\n<li style='margin-bottom: 5px;'>-40\u00b0C \u2264 Tamb \u2264 +60\u00b0C<\/li>\n<\/ul><\/div>\n<\/p><\/div>\n<div style='display: flex; flex-wrap: wrap; gap: 20px; margin-bottom: 30px;'>\n<div style='flex: 1 1 250px; border: 1px solid rgba(150&comma; 150&comma; 150&comma; 0.4); border-radius: 8px; overflow: hidden; display: flex; flex-direction: column;'>\n<div style='padding: 15px; border-bottom: 1px solid rgba(150&comma; 150&comma; 150&comma; 0.2); font-weight: bold; font-size: 18px; color: inherit;'>Especificaciones t\u00e9cnicas<\/div>\n<div style='padding: 15px; color: inherit;'>\n<ul style='padding-left: 20px; margin: 0; font-size: 14px; list-style-type: disc;'>\n<li style='margin-bottom: 5px;'><strong>N\u00famero de modelo:<\/strong> SPNA<\/li>\n<li style='margin-bottom: 5px;'><strong>Rango de operaci\u00f3n de voltaje:<\/strong> 24VCD&comma; 120VCA o 230VCA<\/li>\n<li style='margin-bottom: 5px;'><strong>Grado de protecci\u00f3n:<\/strong> IP66<\/li>\n<\/ul><\/div>\n<\/p><\/div>\n<div style='flex: 1 1 250px; border: 1px solid rgba(150&comma; 150&comma; 150&comma; 0.4); border-radius: 8px; overflow: hidden; display: flex; flex-direction: column;'>\n<div style='padding: 15px; border-bottom: 1px solid rgba(150&comma; 150&comma; 150&comma; 0.2); font-weight: bold; font-size: 18px; color: inherit;'>Zonas de uso<\/div>\n<div style='padding: 15px; color: inherit;'>\n<ul style='padding-left: 20px; margin: 0; font-size: 14px; list-style-type: disc;'>\n<li style='margin-bottom: 5px;'>Zona 1<\/li>\n<li style='margin-bottom: 5px;'>Zona 2<\/li>\n<li style='margin-bottom: 5px;'>Zona 21<\/li>\n<li style='margin-bottom: 5px;'>Zona 22<\/li>\n<\/ul><\/div>\n<\/p><\/div>\n<\/p><\/div>\n<\/p><\/div>\n","protected":false},"excerpt":{"rendered":"<p>Sirena electr\u00f3nica a prueba de explosiones M\u00e1x. 120 dB, Grado de protecci\u00f3n Ex db IIC T6 Gb voltaje: 24 VCD<\/p>\n","protected":false},"featured_media":55855,"comment_status":"open","ping_status":"closed","template":"","meta":[],"product_brand":[],"product_cat":[1413],"product_tag":[1415,1414,1468],"class_list":{"0":"post-55856","1":"product","2":"type-product","3":"status-publish","4":"has-post-thumbnail","6":"product_cat-bocinas-de-alerta-y-notificacion-masiva","7":"product_tag-bocinas-de-alerta-y-notificacion-masiva","8":"product_tag-luces-bocinas-para-la-industria-y-edificios","9":"product_tag-qlight","11":"first","12":"instock","13":"sale","14":"shipping-taxable","15":"purchasable","16":"product-type-simple"},"_links":{"self":[{"href":"https:\/\/soydeaqui.ddns.net\/pachuca\/index.php\/wp-json\/wp\/v2\/product\/55856","targetHints":{"allow":["GET"]}}],"collection":[{"href":"https:\/\/soydeaqui.ddns.net\/pachuca\/index.php\/wp-json\/wp\/v2\/product"}],"about":[{"href":"https:\/\/soydeaqui.ddns.net\/pachuca\/index.php\/wp-json\/wp\/v2\/types\/product"}],"replies":[{"embeddable":true,"href":"https:\/\/soydeaqui.ddns.net\/pachuca\/index.php\/wp-json\/wp\/v2\/comments?post=55856"}],"wp:featuredmedia":[{"embeddable":true,"href":"https:\/\/soydeaqui.ddns.net\/pachuca\/index.php\/wp-json\/wp\/v2\/media\/55855"}],"wp:attachment":[{"href":"https:\/\/soydeaqui.ddns.net\/pachuca\/index.php\/wp-json\/wp\/v2\/media?parent=55856"}],"wp:term":[{"taxonomy":"product_brand","embeddable":true,"href":"https:\/\/soydeaqui.ddns.net\/pachuca\/index.php\/wp-json\/wp\/v2\/product_brand?post=55856"},{"taxonomy":"product_cat","embeddable":true,"href":"https:\/\/soydeaqui.ddns.net\/pachuca\/index.php\/wp-json\/wp\/v2\/product_cat?post=55856"},{"taxonomy":"product_tag","embeddable":true,"href":"https:\/\/soydeaqui.ddns.net\/pachuca\/index.php\/wp-json\/wp\/v2\/product_tag?post=55856"}],"curies":[{"name":"wp","href":"https:\/\/api.w.org\/{rel}","templated":true}]}}